{"id":579,"date":"2024-09-23T13:41:56","date_gmt":"2024-09-23T13:41:56","guid":{"rendered":"https:\/\/melbet.plus\/lt\/?page_id=579"},"modified":"2025-07-06T10:53:33","modified_gmt":"2025-07-06T10:53:33","slug":"login","status":"publish","type":"page","link":"https:\/\/melbet.plus\/lt\/login\/","title":{"rendered":"Prisijungimas"},"content":{"rendered":"","protected":false},"excerpt":{"rendered":"","protected":false},"author":1,"featured_media":0,"parent":0,"menu_order":0,"comment_status":"closed","ping_status":"closed","template":"","meta":{"inline_featured_image":false,"footnotes":""},"class_list":["post-579","page","type-page","status-publish","hentry"],"yoast_head":"<!-- This site is optimized with the Yoast SEO plugin v27.3 - https:\/\/yoast.com\/product\/yoast-seo-wordpress\/ -->\n<title>MelBet prisijungimas | Oficiali la\u017eyb\u0173 svetain\u0117<\/title>\n<meta name=\"description\" content=\"Prisijunkite prie savo MelBet paskyros internetu. Prisijungimui naudokite telefon\u0105 arba el. pa\u0161t\u0105. Kaip prisijungti prie savo MelBet asmenin\u0117s paskyros. Apsilankykite MelBet prisijungimo puslapyje ir prad\u0117kite la\u017eintis dabar!\" \/>\n<meta name=\"robots\" content=\"index, follow, max-snippet:-1, max-image-preview:large, max-video-preview:-1\" \/>\n<meta property=\"og:locale\" content=\"lt_LT\" \/>\n<meta property=\"og:type\" content=\"article\" \/>\n<meta property=\"og:title\" content=\"MelBet prisijungimas | Oficiali la\u017eyb\u0173 svetain\u0117\" \/>\n<meta property=\"og:description\" content=\"Prisijunkite prie savo MelBet paskyros internetu. Prisijungimui naudokite telefon\u0105 arba el. pa\u0161t\u0105. Kaip prisijungti prie savo MelBet asmenin\u0117s paskyros. Apsilankykite MelBet prisijungimo puslapyje ir prad\u0117kite la\u017eintis dabar!\" \/>\n<meta property=\"og:url\" content=\"https:\/\/melbet.plus\/lt\/login\/\" \/>\n<meta property=\"og:site_name\" content=\"Melbet lt\" \/>\n<meta property=\"article:modified_time\" content=\"2025-07-06T10:53:33+00:00\" \/>\n<meta name=\"twitter:card\" content=\"summary_large_image\" \/>\n<script type=\"application\/ld+json\" class=\"yoast-schema-graph\">{\"@context\":\"https:\\\/\\\/schema.org\",\"@graph\":[{\"@type\":\"WebPage\",\"@id\":\"https:\\\/\\\/melbet.plus\\\/lt\\\/login\\\/\",\"url\":\"https:\\\/\\\/melbet.plus\\\/lt\\\/login\\\/\",\"name\":\"MelBet prisijungimas | Oficiali la\u017eyb\u0173 svetain\u0117\",\"isPartOf\":{\"@id\":\"https:\\\/\\\/melbet.plus\\\/lt\\\/#website\"},\"datePublished\":\"2024-09-23T13:41:56+00:00\",\"dateModified\":\"2025-07-06T10:53:33+00:00\",\"description\":\"Prisijunkite prie savo MelBet paskyros internetu. Prisijungimui naudokite telefon\u0105 arba el. pa\u0161t\u0105. Kaip prisijungti prie savo MelBet asmenin\u0117s paskyros. Apsilankykite MelBet prisijungimo puslapyje ir prad\u0117kite la\u017eintis dabar!\",\"breadcrumb\":{\"@id\":\"https:\\\/\\\/melbet.plus\\\/lt\\\/login\\\/#breadcrumb\"},\"inLanguage\":\"lt-LT\",\"potentialAction\":[{\"@type\":\"ReadAction\",\"target\":[\"https:\\\/\\\/melbet.plus\\\/lt\\\/login\\\/\"]}]},{\"@type\":\"BreadcrumbList\",\"@id\":\"https:\\\/\\\/melbet.plus\\\/lt\\\/login\\\/#breadcrumb\",\"itemListElement\":[{\"@type\":\"ListItem\",\"position\":1,\"name\":\"Home\",\"item\":\"https:\\\/\\\/melbet.plus\\\/lt\\\/\"},{\"@type\":\"ListItem\",\"position\":2,\"name\":\"Prisijungimas\"}]},{\"@type\":\"WebSite\",\"@id\":\"https:\\\/\\\/melbet.plus\\\/lt\\\/#website\",\"url\":\"https:\\\/\\\/melbet.plus\\\/lt\\\/\",\"name\":\"Melbet lt\",\"description\":\"My WordPress Blog\",\"potentialAction\":[{\"@type\":\"SearchAction\",\"target\":{\"@type\":\"EntryPoint\",\"urlTemplate\":\"https:\\\/\\\/melbet.plus\\\/lt\\\/?s={search_term_string}\"},\"query-input\":{\"@type\":\"PropertyValueSpecification\",\"valueRequired\":true,\"valueName\":\"search_term_string\"}}],\"inLanguage\":\"lt-LT\"}]}<\/script>\n<!-- \/ Yoast SEO plugin. -->","yoast_head_json":{"title":"MelBet prisijungimas | Oficiali la\u017eyb\u0173 svetain\u0117","description":"Prisijunkite prie savo MelBet paskyros internetu. Prisijungimui naudokite telefon\u0105 arba el. pa\u0161t\u0105. Kaip prisijungti prie savo MelBet asmenin\u0117s paskyros. Apsilankykite MelBet prisijungimo puslapyje ir prad\u0117kite la\u017eintis dabar!","robots":{"index":"index","follow":"follow","max-snippet":"max-snippet:-1","max-image-preview":"max-image-preview:large","max-video-preview":"max-video-preview:-1"},"og_locale":"lt_LT","og_type":"article","og_title":"MelBet prisijungimas | Oficiali la\u017eyb\u0173 svetain\u0117","og_description":"Prisijunkite prie savo MelBet paskyros internetu. Prisijungimui naudokite telefon\u0105 arba el. pa\u0161t\u0105. Kaip prisijungti prie savo MelBet asmenin\u0117s paskyros. Apsilankykite MelBet prisijungimo puslapyje ir prad\u0117kite la\u017eintis dabar!","og_url":"https:\/\/melbet.plus\/lt\/login\/","og_site_name":"Melbet lt","article_modified_time":"2025-07-06T10:53:33+00:00","twitter_card":"summary_large_image","schema":{"@context":"https:\/\/schema.org","@graph":[{"@type":"WebPage","@id":"https:\/\/melbet.plus\/lt\/login\/","url":"https:\/\/melbet.plus\/lt\/login\/","name":"MelBet prisijungimas | Oficiali la\u017eyb\u0173 svetain\u0117","isPartOf":{"@id":"https:\/\/melbet.plus\/lt\/#website"},"datePublished":"2024-09-23T13:41:56+00:00","dateModified":"2025-07-06T10:53:33+00:00","description":"Prisijunkite prie savo MelBet paskyros internetu. Prisijungimui naudokite telefon\u0105 arba el. pa\u0161t\u0105. Kaip prisijungti prie savo MelBet asmenin\u0117s paskyros. Apsilankykite MelBet prisijungimo puslapyje ir prad\u0117kite la\u017eintis dabar!","breadcrumb":{"@id":"https:\/\/melbet.plus\/lt\/login\/#breadcrumb"},"inLanguage":"lt-LT","potentialAction":[{"@type":"ReadAction","target":["https:\/\/melbet.plus\/lt\/login\/"]}]},{"@type":"BreadcrumbList","@id":"https:\/\/melbet.plus\/lt\/login\/#breadcrumb","itemListElement":[{"@type":"ListItem","position":1,"name":"Home","item":"https:\/\/melbet.plus\/lt\/"},{"@type":"ListItem","position":2,"name":"Prisijungimas"}]},{"@type":"WebSite","@id":"https:\/\/melbet.plus\/lt\/#website","url":"https:\/\/melbet.plus\/lt\/","name":"Melbet lt","description":"My WordPress Blog","potentialAction":[{"@type":"SearchAction","target":{"@type":"EntryPoint","urlTemplate":"https:\/\/melbet.plus\/lt\/?s={search_term_string}"},"query-input":{"@type":"PropertyValueSpecification","valueRequired":true,"valueName":"search_term_string"}}],"inLanguage":"lt-LT"}]}},"_links":{"self":[{"href":"https:\/\/melbet.plus\/lt\/wp-json\/wp\/v2\/pages\/579","targetHints":{"allow":["GET"]}}],"collection":[{"href":"https:\/\/melbet.plus\/lt\/wp-json\/wp\/v2\/pages"}],"about":[{"href":"https:\/\/melbet.plus\/lt\/wp-json\/wp\/v2\/types\/page"}],"author":[{"embeddable":true,"href":"https:\/\/melbet.plus\/lt\/wp-json\/wp\/v2\/users\/1"}],"replies":[{"embeddable":true,"href":"https:\/\/melbet.plus\/lt\/wp-json\/wp\/v2\/comments?post=579"}],"version-history":[{"count":18,"href":"https:\/\/melbet.plus\/lt\/wp-json\/wp\/v2\/pages\/579\/revisions"}],"predecessor-version":[{"id":869,"href":"https:\/\/melbet.plus\/lt\/wp-json\/wp\/v2\/pages\/579\/revisions\/869"}],"wp:attachment":[{"href":"https:\/\/melbet.plus\/lt\/wp-json\/wp\/v2\/media?parent=579"}],"curies":[{"name":"wp","href":"https:\/\/api.w.org\/{rel}","templated":true}]}}