{"id":330,"date":"2024-07-15T09:36:21","date_gmt":"2024-07-15T09:36:21","guid":{"rendered":"https:\/\/melbet.plus\/lt\/?page_id=330"},"modified":"2025-07-17T17:55:28","modified_gmt":"2025-07-17T17:55:28","slug":"casino","status":"publish","type":"page","link":"https:\/\/melbet.plus\/lt\/casino\/","title":{"rendered":"Kazino"},"content":{"rendered":"","protected":false},"excerpt":{"rendered":"","protected":false},"author":1,"featured_media":0,"parent":0,"menu_order":0,"comment_status":"closed","ping_status":"closed","template":"","meta":{"inline_featured_image":false,"footnotes":""},"class_list":["post-330","page","type-page","status-publish","hentry"],"yoast_head":"<!-- This site is optimized with the Yoast SEO plugin v27.3 - https:\/\/yoast.com\/product\/yoast-seo-wordpress\/ -->\n<title>Melbet kazino: \u017daidimai, gyvasis kazino, sveikinimo premija<\/title>\n<meta name=\"description\" content=\"Oficiali Melbet kazino svetain\u0117: Prad\u0117kite \u017eaisti Melbet kazino \u017eaidimus ir gaukite sveikinimo premijas dabar\" \/>\n<meta name=\"robots\" content=\"index, follow, max-snippet:-1, max-image-preview:large, max-video-preview:-1\" \/>\n<meta property=\"og:locale\" content=\"lt_LT\" \/>\n<meta property=\"og:type\" content=\"article\" \/>\n<meta property=\"og:title\" content=\"Melbet kazino: \u017daidimai, gyvasis kazino, sveikinimo premija\" \/>\n<meta property=\"og:description\" content=\"Oficiali Melbet kazino svetain\u0117: Prad\u0117kite \u017eaisti Melbet kazino \u017eaidimus ir gaukite sveikinimo premijas dabar\" \/>\n<meta property=\"og:url\" content=\"https:\/\/melbet.plus\/lt\/casino\/\" \/>\n<meta property=\"og:site_name\" content=\"Melbet lt\" \/>\n<meta property=\"article:modified_time\" content=\"2025-07-17T17:55:28+00:00\" \/>\n<meta name=\"twitter:card\" content=\"summary_large_image\" \/>\n<script type=\"application\/ld+json\" class=\"yoast-schema-graph\">{\"@context\":\"https:\\\/\\\/schema.org\",\"@graph\":[{\"@type\":\"WebPage\",\"@id\":\"https:\\\/\\\/melbet.plus\\\/lt\\\/casino\\\/\",\"url\":\"https:\\\/\\\/melbet.plus\\\/lt\\\/casino\\\/\",\"name\":\"Melbet kazino: \u017daidimai, gyvasis kazino, sveikinimo premija\",\"isPartOf\":{\"@id\":\"https:\\\/\\\/melbet.plus\\\/lt\\\/#website\"},\"datePublished\":\"2024-07-15T09:36:21+00:00\",\"dateModified\":\"2025-07-17T17:55:28+00:00\",\"description\":\"Oficiali Melbet kazino svetain\u0117: Prad\u0117kite \u017eaisti Melbet kazino \u017eaidimus ir gaukite sveikinimo premijas dabar\",\"breadcrumb\":{\"@id\":\"https:\\\/\\\/melbet.plus\\\/lt\\\/casino\\\/#breadcrumb\"},\"inLanguage\":\"lt-LT\",\"potentialAction\":[{\"@type\":\"ReadAction\",\"target\":[\"https:\\\/\\\/melbet.plus\\\/lt\\\/casino\\\/\"]}]},{\"@type\":\"BreadcrumbList\",\"@id\":\"https:\\\/\\\/melbet.plus\\\/lt\\\/casino\\\/#breadcrumb\",\"itemListElement\":[{\"@type\":\"ListItem\",\"position\":1,\"name\":\"Home\",\"item\":\"https:\\\/\\\/melbet.plus\\\/lt\\\/\"},{\"@type\":\"ListItem\",\"position\":2,\"name\":\"Kazino\"}]},{\"@type\":\"WebSite\",\"@id\":\"https:\\\/\\\/melbet.plus\\\/lt\\\/#website\",\"url\":\"https:\\\/\\\/melbet.plus\\\/lt\\\/\",\"name\":\"Melbet lt\",\"description\":\"My WordPress Blog\",\"potentialAction\":[{\"@type\":\"SearchAction\",\"target\":{\"@type\":\"EntryPoint\",\"urlTemplate\":\"https:\\\/\\\/melbet.plus\\\/lt\\\/?s={search_term_string}\"},\"query-input\":{\"@type\":\"PropertyValueSpecification\",\"valueRequired\":true,\"valueName\":\"search_term_string\"}}],\"inLanguage\":\"lt-LT\"}]}<\/script>\n<!-- \/ Yoast SEO plugin. -->","yoast_head_json":{"title":"Melbet kazino: \u017daidimai, gyvasis kazino, sveikinimo premija","description":"Oficiali Melbet kazino svetain\u0117: Prad\u0117kite \u017eaisti Melbet kazino \u017eaidimus ir gaukite sveikinimo premijas dabar","robots":{"index":"index","follow":"follow","max-snippet":"max-snippet:-1","max-image-preview":"max-image-preview:large","max-video-preview":"max-video-preview:-1"},"og_locale":"lt_LT","og_type":"article","og_title":"Melbet kazino: \u017daidimai, gyvasis kazino, sveikinimo premija","og_description":"Oficiali Melbet kazino svetain\u0117: Prad\u0117kite \u017eaisti Melbet kazino \u017eaidimus ir gaukite sveikinimo premijas dabar","og_url":"https:\/\/melbet.plus\/lt\/casino\/","og_site_name":"Melbet lt","article_modified_time":"2025-07-17T17:55:28+00:00","twitter_card":"summary_large_image","schema":{"@context":"https:\/\/schema.org","@graph":[{"@type":"WebPage","@id":"https:\/\/melbet.plus\/lt\/casino\/","url":"https:\/\/melbet.plus\/lt\/casino\/","name":"Melbet kazino: \u017daidimai, gyvasis kazino, sveikinimo premija","isPartOf":{"@id":"https:\/\/melbet.plus\/lt\/#website"},"datePublished":"2024-07-15T09:36:21+00:00","dateModified":"2025-07-17T17:55:28+00:00","description":"Oficiali Melbet kazino svetain\u0117: Prad\u0117kite \u017eaisti Melbet kazino \u017eaidimus ir gaukite sveikinimo premijas dabar","breadcrumb":{"@id":"https:\/\/melbet.plus\/lt\/casino\/#breadcrumb"},"inLanguage":"lt-LT","potentialAction":[{"@type":"ReadAction","target":["https:\/\/melbet.plus\/lt\/casino\/"]}]},{"@type":"BreadcrumbList","@id":"https:\/\/melbet.plus\/lt\/casino\/#breadcrumb","itemListElement":[{"@type":"ListItem","position":1,"name":"Home","item":"https:\/\/melbet.plus\/lt\/"},{"@type":"ListItem","position":2,"name":"Kazino"}]},{"@type":"WebSite","@id":"https:\/\/melbet.plus\/lt\/#website","url":"https:\/\/melbet.plus\/lt\/","name":"Melbet lt","description":"My WordPress Blog","potentialAction":[{"@type":"SearchAction","target":{"@type":"EntryPoint","urlTemplate":"https:\/\/melbet.plus\/lt\/?s={search_term_string}"},"query-input":{"@type":"PropertyValueSpecification","valueRequired":true,"valueName":"search_term_string"}}],"inLanguage":"lt-LT"}]}},"_links":{"self":[{"href":"https:\/\/melbet.plus\/lt\/wp-json\/wp\/v2\/pages\/330","targetHints":{"allow":["GET"]}}],"collection":[{"href":"https:\/\/melbet.plus\/lt\/wp-json\/wp\/v2\/pages"}],"about":[{"href":"https:\/\/melbet.plus\/lt\/wp-json\/wp\/v2\/types\/page"}],"author":[{"embeddable":true,"href":"https:\/\/melbet.plus\/lt\/wp-json\/wp\/v2\/users\/1"}],"replies":[{"embeddable":true,"href":"https:\/\/melbet.plus\/lt\/wp-json\/wp\/v2\/comments?post=330"}],"version-history":[{"count":42,"href":"https:\/\/melbet.plus\/lt\/wp-json\/wp\/v2\/pages\/330\/revisions"}],"predecessor-version":[{"id":892,"href":"https:\/\/melbet.plus\/lt\/wp-json\/wp\/v2\/pages\/330\/revisions\/892"}],"wp:attachment":[{"href":"https:\/\/melbet.plus\/lt\/wp-json\/wp\/v2\/media?parent=330"}],"curies":[{"name":"wp","href":"https:\/\/api.w.org\/{rel}","templated":true}]}}