{"id":271,"date":"2024-07-11T15:04:21","date_gmt":"2024-07-11T15:04:21","guid":{"rendered":"https:\/\/melbet.plus\/lt\/?page_id=271"},"modified":"2025-07-17T17:56:16","modified_gmt":"2025-07-17T17:56:16","slug":"app","status":"publish","type":"page","link":"https:\/\/melbet.plus\/lt\/app\/","title":{"rendered":"Program\u0117l\u0117"},"content":{"rendered":"","protected":false},"excerpt":{"rendered":"","protected":false},"author":1,"featured_media":0,"parent":0,"menu_order":0,"comment_status":"closed","ping_status":"closed","template":"","meta":{"inline_featured_image":false,"footnotes":""},"class_list":["post-271","page","type-page","status-publish","hentry"],"yoast_head":"<!-- This site is optimized with the Yoast SEO plugin v27.3 - https:\/\/yoast.com\/product\/yoast-seo-wordpress\/ -->\n<title>Melbet program\u0117l\u0117s atsisiuntimas Android ir iOS 2025<\/title>\n<meta name=\"description\" content=\"Atsisi\u0173skite oficiali\u0105 Melbet program\u0117l\u0119 \ud83d\udcf1 Android ir iOS (iPhone ir iPad) nemokamai 2025 \u2705 Naujausia Melbet program\u0117l\u0117s versija \u26a1 Gaukite 100 % sveikinimo premij\u0105 u\u017e pirm\u0105j\u012f ind\u0117l\u012f\" \/>\n<meta name=\"robots\" content=\"index, follow, max-snippet:-1, max-image-preview:large, max-video-preview:-1\" \/>\n<meta property=\"og:locale\" content=\"lt_LT\" \/>\n<meta property=\"og:type\" content=\"article\" \/>\n<meta property=\"og:title\" content=\"Melbet program\u0117l\u0117s atsisiuntimas Android ir iOS 2025\" \/>\n<meta property=\"og:description\" content=\"Atsisi\u0173skite oficiali\u0105 Melbet program\u0117l\u0119 \ud83d\udcf1 Android ir iOS (iPhone ir iPad) nemokamai 2025 \u2705 Naujausia Melbet program\u0117l\u0117s versija \u26a1 Gaukite 100 % sveikinimo premij\u0105 u\u017e pirm\u0105j\u012f ind\u0117l\u012f\" \/>\n<meta property=\"og:url\" content=\"https:\/\/melbet.plus\/lt\/app\/\" \/>\n<meta property=\"og:site_name\" content=\"Melbet lt\" \/>\n<meta property=\"article:modified_time\" content=\"2025-07-17T17:56:16+00:00\" \/>\n<meta name=\"twitter:card\" content=\"summary_large_image\" \/>\n<script type=\"application\/ld+json\" class=\"yoast-schema-graph\">{\"@context\":\"https:\\\/\\\/schema.org\",\"@graph\":[{\"@type\":\"WebPage\",\"@id\":\"https:\\\/\\\/melbet.plus\\\/lt\\\/app\\\/\",\"url\":\"https:\\\/\\\/melbet.plus\\\/lt\\\/app\\\/\",\"name\":\"Melbet program\u0117l\u0117s atsisiuntimas Android ir iOS 2025\",\"isPartOf\":{\"@id\":\"https:\\\/\\\/melbet.plus\\\/lt\\\/#website\"},\"datePublished\":\"2024-07-11T15:04:21+00:00\",\"dateModified\":\"2025-07-17T17:56:16+00:00\",\"description\":\"Atsisi\u0173skite oficiali\u0105 Melbet program\u0117l\u0119 \ud83d\udcf1 Android ir iOS (iPhone ir iPad) nemokamai 2025 \u2705 Naujausia Melbet program\u0117l\u0117s versija \u26a1 Gaukite 100 % sveikinimo premij\u0105 u\u017e pirm\u0105j\u012f ind\u0117l\u012f\",\"breadcrumb\":{\"@id\":\"https:\\\/\\\/melbet.plus\\\/lt\\\/app\\\/#breadcrumb\"},\"inLanguage\":\"lt-LT\",\"potentialAction\":[{\"@type\":\"ReadAction\",\"target\":[\"https:\\\/\\\/melbet.plus\\\/lt\\\/app\\\/\"]}]},{\"@type\":\"BreadcrumbList\",\"@id\":\"https:\\\/\\\/melbet.plus\\\/lt\\\/app\\\/#breadcrumb\",\"itemListElement\":[{\"@type\":\"ListItem\",\"position\":1,\"name\":\"Home\",\"item\":\"https:\\\/\\\/melbet.plus\\\/lt\\\/\"},{\"@type\":\"ListItem\",\"position\":2,\"name\":\"Program\u0117l\u0117\"}]},{\"@type\":\"WebSite\",\"@id\":\"https:\\\/\\\/melbet.plus\\\/lt\\\/#website\",\"url\":\"https:\\\/\\\/melbet.plus\\\/lt\\\/\",\"name\":\"Melbet lt\",\"description\":\"My WordPress Blog\",\"potentialAction\":[{\"@type\":\"SearchAction\",\"target\":{\"@type\":\"EntryPoint\",\"urlTemplate\":\"https:\\\/\\\/melbet.plus\\\/lt\\\/?s={search_term_string}\"},\"query-input\":{\"@type\":\"PropertyValueSpecification\",\"valueRequired\":true,\"valueName\":\"search_term_string\"}}],\"inLanguage\":\"lt-LT\"}]}<\/script>\n<!-- \/ Yoast SEO plugin. -->","yoast_head_json":{"title":"Melbet program\u0117l\u0117s atsisiuntimas Android ir iOS 2025","description":"Atsisi\u0173skite oficiali\u0105 Melbet program\u0117l\u0119 \ud83d\udcf1 Android ir iOS (iPhone ir iPad) nemokamai 2025 \u2705 Naujausia Melbet program\u0117l\u0117s versija \u26a1 Gaukite 100 % sveikinimo premij\u0105 u\u017e pirm\u0105j\u012f ind\u0117l\u012f","robots":{"index":"index","follow":"follow","max-snippet":"max-snippet:-1","max-image-preview":"max-image-preview:large","max-video-preview":"max-video-preview:-1"},"og_locale":"lt_LT","og_type":"article","og_title":"Melbet program\u0117l\u0117s atsisiuntimas Android ir iOS 2025","og_description":"Atsisi\u0173skite oficiali\u0105 Melbet program\u0117l\u0119 \ud83d\udcf1 Android ir iOS (iPhone ir iPad) nemokamai 2025 \u2705 Naujausia Melbet program\u0117l\u0117s versija \u26a1 Gaukite 100 % sveikinimo premij\u0105 u\u017e pirm\u0105j\u012f ind\u0117l\u012f","og_url":"https:\/\/melbet.plus\/lt\/app\/","og_site_name":"Melbet lt","article_modified_time":"2025-07-17T17:56:16+00:00","twitter_card":"summary_large_image","schema":{"@context":"https:\/\/schema.org","@graph":[{"@type":"WebPage","@id":"https:\/\/melbet.plus\/lt\/app\/","url":"https:\/\/melbet.plus\/lt\/app\/","name":"Melbet program\u0117l\u0117s atsisiuntimas Android ir iOS 2025","isPartOf":{"@id":"https:\/\/melbet.plus\/lt\/#website"},"datePublished":"2024-07-11T15:04:21+00:00","dateModified":"2025-07-17T17:56:16+00:00","description":"Atsisi\u0173skite oficiali\u0105 Melbet program\u0117l\u0119 \ud83d\udcf1 Android ir iOS (iPhone ir iPad) nemokamai 2025 \u2705 Naujausia Melbet program\u0117l\u0117s versija \u26a1 Gaukite 100 % sveikinimo premij\u0105 u\u017e pirm\u0105j\u012f ind\u0117l\u012f","breadcrumb":{"@id":"https:\/\/melbet.plus\/lt\/app\/#breadcrumb"},"inLanguage":"lt-LT","potentialAction":[{"@type":"ReadAction","target":["https:\/\/melbet.plus\/lt\/app\/"]}]},{"@type":"BreadcrumbList","@id":"https:\/\/melbet.plus\/lt\/app\/#breadcrumb","itemListElement":[{"@type":"ListItem","position":1,"name":"Home","item":"https:\/\/melbet.plus\/lt\/"},{"@type":"ListItem","position":2,"name":"Program\u0117l\u0117"}]},{"@type":"WebSite","@id":"https:\/\/melbet.plus\/lt\/#website","url":"https:\/\/melbet.plus\/lt\/","name":"Melbet lt","description":"My WordPress Blog","potentialAction":[{"@type":"SearchAction","target":{"@type":"EntryPoint","urlTemplate":"https:\/\/melbet.plus\/lt\/?s={search_term_string}"},"query-input":{"@type":"PropertyValueSpecification","valueRequired":true,"valueName":"search_term_string"}}],"inLanguage":"lt-LT"}]}},"_links":{"self":[{"href":"https:\/\/melbet.plus\/lt\/wp-json\/wp\/v2\/pages\/271","targetHints":{"allow":["GET"]}}],"collection":[{"href":"https:\/\/melbet.plus\/lt\/wp-json\/wp\/v2\/pages"}],"about":[{"href":"https:\/\/melbet.plus\/lt\/wp-json\/wp\/v2\/types\/page"}],"author":[{"embeddable":true,"href":"https:\/\/melbet.plus\/lt\/wp-json\/wp\/v2\/users\/1"}],"replies":[{"embeddable":true,"href":"https:\/\/melbet.plus\/lt\/wp-json\/wp\/v2\/comments?post=271"}],"version-history":[{"count":48,"href":"https:\/\/melbet.plus\/lt\/wp-json\/wp\/v2\/pages\/271\/revisions"}],"predecessor-version":[{"id":853,"href":"https:\/\/melbet.plus\/lt\/wp-json\/wp\/v2\/pages\/271\/revisions\/853"}],"wp:attachment":[{"href":"https:\/\/melbet.plus\/lt\/wp-json\/wp\/v2\/media?parent=271"}],"curies":[{"name":"wp","href":"https:\/\/api.w.org\/{rel}","templated":true}]}}