{"id":826,"date":"2025-06-04T14:47:16","date_gmt":"2025-06-04T14:47:16","guid":{"rendered":"https:\/\/melbet.plus\/kn\/?page_id=826"},"modified":"2025-06-18T09:17:29","modified_gmt":"2025-06-18T09:17:29","slug":"safe-bet","status":"publish","type":"page","link":"https:\/\/melbet.plus\/kn\/bonus\/safe-bet\/","title":{"rendered":"Un pari s\u00fbr"},"content":{"rendered":"","protected":false},"excerpt":{"rendered":"","protected":false},"author":1,"featured_media":0,"parent":152,"menu_order":0,"comment_status":"closed","ping_status":"closed","template":"","meta":{"inline_featured_image":false,"footnotes":""},"class_list":["post-826","page","type-page","status-publish","hentry"],"yoast_head":"<!-- This site is optimized with the Yoast SEO plugin v27.3 - https:\/\/yoast.com\/product\/yoast-seo-wordpress\/ -->\n<title>Pari prot\u00e9g\u00e9 Melbet \u1409 Obtenir des paris gratuits en cas de perte<\/title>\n<meta name=\"description\" content=\"Ne prenez pas de risques sans assurance ! Le pari prot\u00e9g\u00e9 de Melbet vous permet d&#039;obtenir des paris gratuits m\u00eame si vous perdez. Placez des paris sur les meilleurs matchs et pr\u00e9parez-vous \u00e0 recevoir de g\u00e9n\u00e9reuses r\u00e9compenses ! Rejoignez-nous et jouez en toute confiance !\" \/>\n<meta name=\"robots\" content=\"index, follow, max-snippet:-1, max-image-preview:large, max-video-preview:-1\" \/>\n<meta property=\"og:locale\" content=\"en_US\" \/>\n<meta property=\"og:type\" content=\"article\" \/>\n<meta property=\"og:title\" content=\"Pari prot\u00e9g\u00e9 Melbet \u1409 Obtenir des paris gratuits en cas de perte\" \/>\n<meta property=\"og:description\" content=\"Ne prenez pas de risques sans assurance ! Le pari prot\u00e9g\u00e9 de Melbet vous permet d&#039;obtenir des paris gratuits m\u00eame si vous perdez. Placez des paris sur les meilleurs matchs et pr\u00e9parez-vous \u00e0 recevoir de g\u00e9n\u00e9reuses r\u00e9compenses ! Rejoignez-nous et jouez en toute confiance !\" \/>\n<meta property=\"og:url\" content=\"https:\/\/melbet.plus\/kn\/bonus\/safe-bet\/\" \/>\n<meta property=\"og:site_name\" content=\"Melbet km\" \/>\n<meta property=\"article:modified_time\" content=\"2025-06-18T09:17:29+00:00\" \/>\n<meta name=\"twitter:card\" content=\"summary_large_image\" \/>\n<script type=\"application\/ld+json\" class=\"yoast-schema-graph\">{\"@context\":\"https:\\\/\\\/schema.org\",\"@graph\":[{\"@type\":\"WebPage\",\"@id\":\"https:\\\/\\\/melbet.plus\\\/kn\\\/bonus\\\/safe-bet\\\/\",\"url\":\"https:\\\/\\\/melbet.plus\\\/kn\\\/bonus\\\/safe-bet\\\/\",\"name\":\"Pari prot\u00e9g\u00e9 Melbet \u1409 Obtenir des paris gratuits en cas de perte\",\"isPartOf\":{\"@id\":\"https:\\\/\\\/melbet.plus\\\/kn\\\/#website\"},\"datePublished\":\"2025-06-04T14:47:16+00:00\",\"dateModified\":\"2025-06-18T09:17:29+00:00\",\"description\":\"Ne prenez pas de risques sans assurance ! Le pari prot\u00e9g\u00e9 de Melbet vous permet d'obtenir des paris gratuits m\u00eame si vous perdez. Placez des paris sur les meilleurs matchs et pr\u00e9parez-vous \u00e0 recevoir de g\u00e9n\u00e9reuses r\u00e9compenses ! Rejoignez-nous et jouez en toute confiance !\",\"breadcrumb\":{\"@id\":\"https:\\\/\\\/melbet.plus\\\/kn\\\/bonus\\\/safe-bet\\\/#breadcrumb\"},\"inLanguage\":\"km\",\"potentialAction\":[{\"@type\":\"ReadAction\",\"target\":[\"https:\\\/\\\/melbet.plus\\\/kn\\\/bonus\\\/safe-bet\\\/\"]}]},{\"@type\":\"BreadcrumbList\",\"@id\":\"https:\\\/\\\/melbet.plus\\\/kn\\\/bonus\\\/safe-bet\\\/#breadcrumb\",\"itemListElement\":[{\"@type\":\"ListItem\",\"position\":1,\"name\":\"Home\",\"item\":\"https:\\\/\\\/melbet.plus\\\/kn\\\/\"},{\"@type\":\"ListItem\",\"position\":2,\"name\":\"Bonus\",\"item\":\"https:\\\/\\\/melbet.plus\\\/kn\\\/bonus\\\/\"},{\"@type\":\"ListItem\",\"position\":3,\"name\":\"Un pari s\u00fbr\"}]},{\"@type\":\"WebSite\",\"@id\":\"https:\\\/\\\/melbet.plus\\\/kn\\\/#website\",\"url\":\"https:\\\/\\\/melbet.plus\\\/kn\\\/\",\"name\":\"Melbet km\",\"description\":\"My WordPress Blog\",\"potentialAction\":[{\"@type\":\"SearchAction\",\"target\":{\"@type\":\"EntryPoint\",\"urlTemplate\":\"https:\\\/\\\/melbet.plus\\\/kn\\\/?s={search_term_string}\"},\"query-input\":{\"@type\":\"PropertyValueSpecification\",\"valueRequired\":true,\"valueName\":\"search_term_string\"}}],\"inLanguage\":\"km\"}]}<\/script>\n<!-- \/ Yoast SEO plugin. -->","yoast_head_json":{"title":"Pari prot\u00e9g\u00e9 Melbet \u1409 Obtenir des paris gratuits en cas de perte","description":"Ne prenez pas de risques sans assurance ! Le pari prot\u00e9g\u00e9 de Melbet vous permet d'obtenir des paris gratuits m\u00eame si vous perdez. Placez des paris sur les meilleurs matchs et pr\u00e9parez-vous \u00e0 recevoir de g\u00e9n\u00e9reuses r\u00e9compenses ! Rejoignez-nous et jouez en toute confiance !","robots":{"index":"index","follow":"follow","max-snippet":"max-snippet:-1","max-image-preview":"max-image-preview:large","max-video-preview":"max-video-preview:-1"},"og_locale":"en_US","og_type":"article","og_title":"Pari prot\u00e9g\u00e9 Melbet \u1409 Obtenir des paris gratuits en cas de perte","og_description":"Ne prenez pas de risques sans assurance ! Le pari prot\u00e9g\u00e9 de Melbet vous permet d'obtenir des paris gratuits m\u00eame si vous perdez. Placez des paris sur les meilleurs matchs et pr\u00e9parez-vous \u00e0 recevoir de g\u00e9n\u00e9reuses r\u00e9compenses ! Rejoignez-nous et jouez en toute confiance !","og_url":"https:\/\/melbet.plus\/kn\/bonus\/safe-bet\/","og_site_name":"Melbet km","article_modified_time":"2025-06-18T09:17:29+00:00","twitter_card":"summary_large_image","schema":{"@context":"https:\/\/schema.org","@graph":[{"@type":"WebPage","@id":"https:\/\/melbet.plus\/kn\/bonus\/safe-bet\/","url":"https:\/\/melbet.plus\/kn\/bonus\/safe-bet\/","name":"Pari prot\u00e9g\u00e9 Melbet \u1409 Obtenir des paris gratuits en cas de perte","isPartOf":{"@id":"https:\/\/melbet.plus\/kn\/#website"},"datePublished":"2025-06-04T14:47:16+00:00","dateModified":"2025-06-18T09:17:29+00:00","description":"Ne prenez pas de risques sans assurance ! Le pari prot\u00e9g\u00e9 de Melbet vous permet d'obtenir des paris gratuits m\u00eame si vous perdez. Placez des paris sur les meilleurs matchs et pr\u00e9parez-vous \u00e0 recevoir de g\u00e9n\u00e9reuses r\u00e9compenses ! Rejoignez-nous et jouez en toute confiance !","breadcrumb":{"@id":"https:\/\/melbet.plus\/kn\/bonus\/safe-bet\/#breadcrumb"},"inLanguage":"km","potentialAction":[{"@type":"ReadAction","target":["https:\/\/melbet.plus\/kn\/bonus\/safe-bet\/"]}]},{"@type":"BreadcrumbList","@id":"https:\/\/melbet.plus\/kn\/bonus\/safe-bet\/#breadcrumb","itemListElement":[{"@type":"ListItem","position":1,"name":"Home","item":"https:\/\/melbet.plus\/kn\/"},{"@type":"ListItem","position":2,"name":"Bonus","item":"https:\/\/melbet.plus\/kn\/bonus\/"},{"@type":"ListItem","position":3,"name":"Un pari s\u00fbr"}]},{"@type":"WebSite","@id":"https:\/\/melbet.plus\/kn\/#website","url":"https:\/\/melbet.plus\/kn\/","name":"Melbet km","description":"My WordPress Blog","potentialAction":[{"@type":"SearchAction","target":{"@type":"EntryPoint","urlTemplate":"https:\/\/melbet.plus\/kn\/?s={search_term_string}"},"query-input":{"@type":"PropertyValueSpecification","valueRequired":true,"valueName":"search_term_string"}}],"inLanguage":"km"}]}},"_links":{"self":[{"href":"https:\/\/melbet.plus\/kn\/wp-json\/wp\/v2\/pages\/826","targetHints":{"allow":["GET"]}}],"collection":[{"href":"https:\/\/melbet.plus\/kn\/wp-json\/wp\/v2\/pages"}],"about":[{"href":"https:\/\/melbet.plus\/kn\/wp-json\/wp\/v2\/types\/page"}],"author":[{"embeddable":true,"href":"https:\/\/melbet.plus\/kn\/wp-json\/wp\/v2\/users\/1"}],"replies":[{"embeddable":true,"href":"https:\/\/melbet.plus\/kn\/wp-json\/wp\/v2\/comments?post=826"}],"version-history":[{"count":5,"href":"https:\/\/melbet.plus\/kn\/wp-json\/wp\/v2\/pages\/826\/revisions"}],"predecessor-version":[{"id":856,"href":"https:\/\/melbet.plus\/kn\/wp-json\/wp\/v2\/pages\/826\/revisions\/856"}],"up":[{"embeddable":true,"href":"https:\/\/melbet.plus\/kn\/wp-json\/wp\/v2\/pages\/152"}],"wp:attachment":[{"href":"https:\/\/melbet.plus\/kn\/wp-json\/wp\/v2\/media?parent=826"}],"curies":[{"name":"wp","href":"https:\/\/api.w.org\/{rel}","templated":true}]}}