{"id":740,"date":"2025-04-25T07:11:44","date_gmt":"2025-04-25T07:11:44","guid":{"rendered":"https:\/\/melbet.plus\/kn\/?page_id=740"},"modified":"2025-07-05T08:36:15","modified_gmt":"2025-07-05T08:36:15","slug":"cashback","status":"publish","type":"page","link":"https:\/\/melbet.plus\/kn\/bonus\/cashback\/","title":{"rendered":"Remise en esp\u00e8ces"},"content":{"rendered":"","protected":false},"excerpt":{"rendered":"","protected":false},"author":1,"featured_media":0,"parent":152,"menu_order":0,"comment_status":"closed","ping_status":"closed","template":"","meta":{"inline_featured_image":false,"footnotes":""},"class_list":["post-740","page","type-page","status-publish","hentry"],"yoast_head":"<!-- This site is optimized with the Yoast SEO plugin v27.3 - https:\/\/yoast.com\/product\/yoast-seo-wordpress\/ -->\n<title>Melbet 10% cashback dans l&#039;application mobile<\/title>\n<meta name=\"description\" content=\"Vous voulez r\u00e9cup\u00e9rer 10 % de vos paris ? Utilisez l&#039;application mobile Melbet et b\u00e9n\u00e9ficiez d&#039;un cashback hebdomadaire ! Connectez-vous \u00e0 votre compte, activez la promotion et placez des paris \u00e0 partir de 4 000 KHR avec les bonnes cotes - le profit est directement revers\u00e9 sur votre compte.\" \/>\n<meta name=\"robots\" content=\"index, follow, max-snippet:-1, max-image-preview:large, max-video-preview:-1\" \/>\n<meta property=\"og:locale\" content=\"en_US\" \/>\n<meta property=\"og:type\" content=\"article\" \/>\n<meta property=\"og:title\" content=\"Melbet 10% cashback dans l&#039;application mobile\" \/>\n<meta property=\"og:description\" content=\"Vous voulez r\u00e9cup\u00e9rer 10 % de vos paris ? Utilisez l&#039;application mobile Melbet et b\u00e9n\u00e9ficiez d&#039;un cashback hebdomadaire ! Connectez-vous \u00e0 votre compte, activez la promotion et placez des paris \u00e0 partir de 4 000 KHR avec les bonnes cotes - le profit est directement revers\u00e9 sur votre compte.\" \/>\n<meta property=\"og:url\" content=\"https:\/\/melbet.plus\/kn\/bonus\/cashback\/\" \/>\n<meta property=\"og:site_name\" content=\"Melbet km\" \/>\n<meta property=\"article:modified_time\" content=\"2025-07-05T08:36:15+00:00\" \/>\n<meta name=\"twitter:card\" content=\"summary_large_image\" \/>\n<script type=\"application\/ld+json\" class=\"yoast-schema-graph\">{\"@context\":\"https:\\\/\\\/schema.org\",\"@graph\":[{\"@type\":\"WebPage\",\"@id\":\"https:\\\/\\\/melbet.plus\\\/kn\\\/bonus\\\/cashback\\\/\",\"url\":\"https:\\\/\\\/melbet.plus\\\/kn\\\/bonus\\\/cashback\\\/\",\"name\":\"Melbet 10% cashback dans l'application mobile\",\"isPartOf\":{\"@id\":\"https:\\\/\\\/melbet.plus\\\/kn\\\/#website\"},\"datePublished\":\"2025-04-25T07:11:44+00:00\",\"dateModified\":\"2025-07-05T08:36:15+00:00\",\"description\":\"Vous voulez r\u00e9cup\u00e9rer 10 % de vos paris ? Utilisez l'application mobile Melbet et b\u00e9n\u00e9ficiez d'un cashback hebdomadaire ! Connectez-vous \u00e0 votre compte, activez la promotion et placez des paris \u00e0 partir de 4 000 KHR avec les bonnes cotes - le profit est directement revers\u00e9 sur votre compte.\",\"breadcrumb\":{\"@id\":\"https:\\\/\\\/melbet.plus\\\/kn\\\/bonus\\\/cashback\\\/#breadcrumb\"},\"inLanguage\":\"km\",\"potentialAction\":[{\"@type\":\"ReadAction\",\"target\":[\"https:\\\/\\\/melbet.plus\\\/kn\\\/bonus\\\/cashback\\\/\"]}]},{\"@type\":\"BreadcrumbList\",\"@id\":\"https:\\\/\\\/melbet.plus\\\/kn\\\/bonus\\\/cashback\\\/#breadcrumb\",\"itemListElement\":[{\"@type\":\"ListItem\",\"position\":1,\"name\":\"Home\",\"item\":\"https:\\\/\\\/melbet.plus\\\/kn\\\/\"},{\"@type\":\"ListItem\",\"position\":2,\"name\":\"Bonus\",\"item\":\"https:\\\/\\\/melbet.plus\\\/kn\\\/bonus\\\/\"},{\"@type\":\"ListItem\",\"position\":3,\"name\":\"Remise en esp\u00e8ces\"}]},{\"@type\":\"WebSite\",\"@id\":\"https:\\\/\\\/melbet.plus\\\/kn\\\/#website\",\"url\":\"https:\\\/\\\/melbet.plus\\\/kn\\\/\",\"name\":\"Melbet km\",\"description\":\"My WordPress Blog\",\"potentialAction\":[{\"@type\":\"SearchAction\",\"target\":{\"@type\":\"EntryPoint\",\"urlTemplate\":\"https:\\\/\\\/melbet.plus\\\/kn\\\/?s={search_term_string}\"},\"query-input\":{\"@type\":\"PropertyValueSpecification\",\"valueRequired\":true,\"valueName\":\"search_term_string\"}}],\"inLanguage\":\"km\"}]}<\/script>\n<!-- \/ Yoast SEO plugin. -->","yoast_head_json":{"title":"Melbet 10% cashback dans l'application mobile","description":"Vous voulez r\u00e9cup\u00e9rer 10 % de vos paris ? Utilisez l'application mobile Melbet et b\u00e9n\u00e9ficiez d'un cashback hebdomadaire ! Connectez-vous \u00e0 votre compte, activez la promotion et placez des paris \u00e0 partir de 4 000 KHR avec les bonnes cotes - le profit est directement revers\u00e9 sur votre compte.","robots":{"index":"index","follow":"follow","max-snippet":"max-snippet:-1","max-image-preview":"max-image-preview:large","max-video-preview":"max-video-preview:-1"},"og_locale":"en_US","og_type":"article","og_title":"Melbet 10% cashback dans l'application mobile","og_description":"Vous voulez r\u00e9cup\u00e9rer 10 % de vos paris ? Utilisez l'application mobile Melbet et b\u00e9n\u00e9ficiez d'un cashback hebdomadaire ! Connectez-vous \u00e0 votre compte, activez la promotion et placez des paris \u00e0 partir de 4 000 KHR avec les bonnes cotes - le profit est directement revers\u00e9 sur votre compte.","og_url":"https:\/\/melbet.plus\/kn\/bonus\/cashback\/","og_site_name":"Melbet km","article_modified_time":"2025-07-05T08:36:15+00:00","twitter_card":"summary_large_image","schema":{"@context":"https:\/\/schema.org","@graph":[{"@type":"WebPage","@id":"https:\/\/melbet.plus\/kn\/bonus\/cashback\/","url":"https:\/\/melbet.plus\/kn\/bonus\/cashback\/","name":"Melbet 10% cashback dans l'application mobile","isPartOf":{"@id":"https:\/\/melbet.plus\/kn\/#website"},"datePublished":"2025-04-25T07:11:44+00:00","dateModified":"2025-07-05T08:36:15+00:00","description":"Vous voulez r\u00e9cup\u00e9rer 10 % de vos paris ? Utilisez l'application mobile Melbet et b\u00e9n\u00e9ficiez d'un cashback hebdomadaire ! Connectez-vous \u00e0 votre compte, activez la promotion et placez des paris \u00e0 partir de 4 000 KHR avec les bonnes cotes - le profit est directement revers\u00e9 sur votre compte.","breadcrumb":{"@id":"https:\/\/melbet.plus\/kn\/bonus\/cashback\/#breadcrumb"},"inLanguage":"km","potentialAction":[{"@type":"ReadAction","target":["https:\/\/melbet.plus\/kn\/bonus\/cashback\/"]}]},{"@type":"BreadcrumbList","@id":"https:\/\/melbet.plus\/kn\/bonus\/cashback\/#breadcrumb","itemListElement":[{"@type":"ListItem","position":1,"name":"Home","item":"https:\/\/melbet.plus\/kn\/"},{"@type":"ListItem","position":2,"name":"Bonus","item":"https:\/\/melbet.plus\/kn\/bonus\/"},{"@type":"ListItem","position":3,"name":"Remise en esp\u00e8ces"}]},{"@type":"WebSite","@id":"https:\/\/melbet.plus\/kn\/#website","url":"https:\/\/melbet.plus\/kn\/","name":"Melbet km","description":"My WordPress Blog","potentialAction":[{"@type":"SearchAction","target":{"@type":"EntryPoint","urlTemplate":"https:\/\/melbet.plus\/kn\/?s={search_term_string}"},"query-input":{"@type":"PropertyValueSpecification","valueRequired":true,"valueName":"search_term_string"}}],"inLanguage":"km"}]}},"_links":{"self":[{"href":"https:\/\/melbet.plus\/kn\/wp-json\/wp\/v2\/pages\/740","targetHints":{"allow":["GET"]}}],"collection":[{"href":"https:\/\/melbet.plus\/kn\/wp-json\/wp\/v2\/pages"}],"about":[{"href":"https:\/\/melbet.plus\/kn\/wp-json\/wp\/v2\/types\/page"}],"author":[{"embeddable":true,"href":"https:\/\/melbet.plus\/kn\/wp-json\/wp\/v2\/users\/1"}],"replies":[{"embeddable":true,"href":"https:\/\/melbet.plus\/kn\/wp-json\/wp\/v2\/comments?post=740"}],"version-history":[{"count":6,"href":"https:\/\/melbet.plus\/kn\/wp-json\/wp\/v2\/pages\/740\/revisions"}],"predecessor-version":[{"id":850,"href":"https:\/\/melbet.plus\/kn\/wp-json\/wp\/v2\/pages\/740\/revisions\/850"}],"up":[{"embeddable":true,"href":"https:\/\/melbet.plus\/kn\/wp-json\/wp\/v2\/pages\/152"}],"wp:attachment":[{"href":"https:\/\/melbet.plus\/kn\/wp-json\/wp\/v2\/media?parent=740"}],"curies":[{"name":"wp","href":"https:\/\/api.w.org\/{rel}","templated":true}]}}