{"id":554,"date":"2024-09-11T06:32:09","date_gmt":"2024-09-11T06:32:09","guid":{"rendered":"https:\/\/melbet.plus\/kn\/?page_id=554"},"modified":"2025-06-18T07:45:16","modified_gmt":"2025-06-18T07:45:16","slug":"apk","status":"publish","type":"page","link":"https:\/\/melbet.plus\/kn\/apk\/","title":{"rendered":"Apk"},"content":{"rendered":"","protected":false},"excerpt":{"rendered":"","protected":false},"author":1,"featured_media":0,"parent":0,"menu_order":0,"comment_status":"closed","ping_status":"closed","template":"","meta":{"inline_featured_image":false,"footnotes":""},"class_list":["post-554","page","type-page","status-publish","hentry"],"yoast_head":"<!-- This site is optimized with the Yoast SEO plugin v27.5 - https:\/\/yoast.com\/product\/yoast-seo-wordpress\/ -->\n<title>Melbet Apk T\u00e9l\u00e9charger pour Android | Derni\u00e8re version APK<\/title>\n<meta name=\"description\" content=\"Melbet Cambodge Apk propose des paris sportifs et des jeux de casino. T\u00e9l\u00e9charger l&#039;apk officielle de Melbet gratuitement. Instructions pas \u00e0 pas et description de l&#039;apk. Installer l&#039;apk Melbet pour un acc\u00e8s rapide au site Melbet\" \/>\n<meta name=\"robots\" content=\"index, follow, max-snippet:-1, max-image-preview:large, max-video-preview:-1\" \/>\n<meta property=\"og:locale\" content=\"en_US\" \/>\n<meta property=\"og:type\" content=\"article\" \/>\n<meta property=\"og:title\" content=\"Melbet Apk T\u00e9l\u00e9charger pour Android | Derni\u00e8re version APK\" \/>\n<meta property=\"og:description\" content=\"Melbet Cambodge Apk propose des paris sportifs et des jeux de casino. T\u00e9l\u00e9charger l&#039;apk officielle de Melbet gratuitement. Instructions pas \u00e0 pas et description de l&#039;apk. Installer l&#039;apk Melbet pour un acc\u00e8s rapide au site Melbet\" \/>\n<meta property=\"og:url\" content=\"https:\/\/melbet.plus\/kn\/apk\/\" \/>\n<meta property=\"og:site_name\" content=\"Melbet km\" \/>\n<meta property=\"article:modified_time\" content=\"2025-06-18T07:45:16+00:00\" \/>\n<meta name=\"twitter:card\" content=\"summary_large_image\" \/>\n<script type=\"application\/ld+json\" class=\"yoast-schema-graph\">{\"@context\":\"https:\\\/\\\/schema.org\",\"@graph\":[{\"@type\":\"WebPage\",\"@id\":\"https:\\\/\\\/melbet.plus\\\/kn\\\/apk\\\/\",\"url\":\"https:\\\/\\\/melbet.plus\\\/kn\\\/apk\\\/\",\"name\":\"Melbet Apk T\u00e9l\u00e9charger pour Android | Derni\u00e8re version APK\",\"isPartOf\":{\"@id\":\"https:\\\/\\\/melbet.plus\\\/kn\\\/#website\"},\"datePublished\":\"2024-09-11T06:32:09+00:00\",\"dateModified\":\"2025-06-18T07:45:16+00:00\",\"description\":\"Melbet Cambodge Apk propose des paris sportifs et des jeux de casino. T\u00e9l\u00e9charger l'apk officielle de Melbet gratuitement. Instructions pas \u00e0 pas et description de l'apk. Installer l'apk Melbet pour un acc\u00e8s rapide au site Melbet\",\"breadcrumb\":{\"@id\":\"https:\\\/\\\/melbet.plus\\\/kn\\\/apk\\\/#breadcrumb\"},\"inLanguage\":\"km\",\"potentialAction\":[{\"@type\":\"ReadAction\",\"target\":[\"https:\\\/\\\/melbet.plus\\\/kn\\\/apk\\\/\"]}]},{\"@type\":\"BreadcrumbList\",\"@id\":\"https:\\\/\\\/melbet.plus\\\/kn\\\/apk\\\/#breadcrumb\",\"itemListElement\":[{\"@type\":\"ListItem\",\"position\":1,\"name\":\"Home\",\"item\":\"https:\\\/\\\/melbet.plus\\\/kn\\\/\"},{\"@type\":\"ListItem\",\"position\":2,\"name\":\"Apk\"}]},{\"@type\":\"WebSite\",\"@id\":\"https:\\\/\\\/melbet.plus\\\/kn\\\/#website\",\"url\":\"https:\\\/\\\/melbet.plus\\\/kn\\\/\",\"name\":\"Melbet km\",\"description\":\"My WordPress Blog\",\"potentialAction\":[{\"@type\":\"SearchAction\",\"target\":{\"@type\":\"EntryPoint\",\"urlTemplate\":\"https:\\\/\\\/melbet.plus\\\/kn\\\/?s={search_term_string}\"},\"query-input\":{\"@type\":\"PropertyValueSpecification\",\"valueRequired\":true,\"valueName\":\"search_term_string\"}}],\"inLanguage\":\"km\"}]}<\/script>\n<!-- \/ Yoast SEO plugin. -->","yoast_head_json":{"title":"Melbet Apk T\u00e9l\u00e9charger pour Android | Derni\u00e8re version APK","description":"Melbet Cambodge Apk propose des paris sportifs et des jeux de casino. T\u00e9l\u00e9charger l'apk officielle de Melbet gratuitement. Instructions pas \u00e0 pas et description de l'apk. Installer l'apk Melbet pour un acc\u00e8s rapide au site Melbet","robots":{"index":"index","follow":"follow","max-snippet":"max-snippet:-1","max-image-preview":"max-image-preview:large","max-video-preview":"max-video-preview:-1"},"og_locale":"en_US","og_type":"article","og_title":"Melbet Apk T\u00e9l\u00e9charger pour Android | Derni\u00e8re version APK","og_description":"Melbet Cambodge Apk propose des paris sportifs et des jeux de casino. T\u00e9l\u00e9charger l'apk officielle de Melbet gratuitement. Instructions pas \u00e0 pas et description de l'apk. Installer l'apk Melbet pour un acc\u00e8s rapide au site Melbet","og_url":"https:\/\/melbet.plus\/kn\/apk\/","og_site_name":"Melbet km","article_modified_time":"2025-06-18T07:45:16+00:00","twitter_card":"summary_large_image","schema":{"@context":"https:\/\/schema.org","@graph":[{"@type":"WebPage","@id":"https:\/\/melbet.plus\/kn\/apk\/","url":"https:\/\/melbet.plus\/kn\/apk\/","name":"Melbet Apk T\u00e9l\u00e9charger pour Android | Derni\u00e8re version APK","isPartOf":{"@id":"https:\/\/melbet.plus\/kn\/#website"},"datePublished":"2024-09-11T06:32:09+00:00","dateModified":"2025-06-18T07:45:16+00:00","description":"Melbet Cambodge Apk propose des paris sportifs et des jeux de casino. T\u00e9l\u00e9charger l'apk officielle de Melbet gratuitement. Instructions pas \u00e0 pas et description de l'apk. Installer l'apk Melbet pour un acc\u00e8s rapide au site Melbet","breadcrumb":{"@id":"https:\/\/melbet.plus\/kn\/apk\/#breadcrumb"},"inLanguage":"km","potentialAction":[{"@type":"ReadAction","target":["https:\/\/melbet.plus\/kn\/apk\/"]}]},{"@type":"BreadcrumbList","@id":"https:\/\/melbet.plus\/kn\/apk\/#breadcrumb","itemListElement":[{"@type":"ListItem","position":1,"name":"Home","item":"https:\/\/melbet.plus\/kn\/"},{"@type":"ListItem","position":2,"name":"Apk"}]},{"@type":"WebSite","@id":"https:\/\/melbet.plus\/kn\/#website","url":"https:\/\/melbet.plus\/kn\/","name":"Melbet km","description":"My WordPress Blog","potentialAction":[{"@type":"SearchAction","target":{"@type":"EntryPoint","urlTemplate":"https:\/\/melbet.plus\/kn\/?s={search_term_string}"},"query-input":{"@type":"PropertyValueSpecification","valueRequired":true,"valueName":"search_term_string"}}],"inLanguage":"km"}]}},"_links":{"self":[{"href":"https:\/\/melbet.plus\/kn\/wp-json\/wp\/v2\/pages\/554","targetHints":{"allow":["GET"]}}],"collection":[{"href":"https:\/\/melbet.plus\/kn\/wp-json\/wp\/v2\/pages"}],"about":[{"href":"https:\/\/melbet.plus\/kn\/wp-json\/wp\/v2\/types\/page"}],"author":[{"embeddable":true,"href":"https:\/\/melbet.plus\/kn\/wp-json\/wp\/v2\/users\/1"}],"replies":[{"embeddable":true,"href":"https:\/\/melbet.plus\/kn\/wp-json\/wp\/v2\/comments?post=554"}],"version-history":[{"count":18,"href":"https:\/\/melbet.plus\/kn\/wp-json\/wp\/v2\/pages\/554\/revisions"}],"predecessor-version":[{"id":845,"href":"https:\/\/melbet.plus\/kn\/wp-json\/wp\/v2\/pages\/554\/revisions\/845"}],"wp:attachment":[{"href":"https:\/\/melbet.plus\/kn\/wp-json\/wp\/v2\/media?parent=554"}],"curies":[{"name":"wp","href":"https:\/\/api.w.org\/{rel}","templated":true}]}}