{"id":328,"date":"2024-08-15T09:32:52","date_gmt":"2024-08-15T09:32:52","guid":{"rendered":"https:\/\/melbet.plus\/kn\/?page_id=328"},"modified":"2025-06-18T11:21:15","modified_gmt":"2025-06-18T11:21:15","slug":"registration","status":"publish","type":"page","link":"https:\/\/melbet.plus\/kn\/registration\/","title":{"rendered":"Inscription"},"content":{"rendered":"","protected":false},"excerpt":{"rendered":"","protected":false},"author":1,"featured_media":0,"parent":0,"menu_order":0,"comment_status":"closed","ping_status":"closed","template":"","meta":{"inline_featured_image":false,"footnotes":""},"class_list":["post-328","page","type-page","status-publish","hentry"],"yoast_head":"<!-- This site is optimized with the Yoast SEO plugin v27.3 - https:\/\/yoast.com\/product\/yoast-seo-wordpress\/ -->\n<title>Enregistrement et v\u00e9rification du compte Melbet Cambodge<\/title>\n<meta name=\"description\" content=\"Le processus d&#039;enregistrement d&#039;un compte Melbet est tr\u00e8s simple et direct, et vous pouvez le faire de quatre fa\u00e7ons : par e-mail, par num\u00e9ro de t\u00e9l\u00e9phone, en un clic ou par le biais d&#039;un r\u00e9seau social.\" \/>\n<meta name=\"robots\" content=\"index, follow, max-snippet:-1, max-image-preview:large, max-video-preview:-1\" \/>\n<meta property=\"og:locale\" content=\"en_US\" \/>\n<meta property=\"og:type\" content=\"article\" \/>\n<meta property=\"og:title\" content=\"Enregistrement et v\u00e9rification du compte Melbet Cambodge\" \/>\n<meta property=\"og:description\" content=\"Le processus d&#039;enregistrement d&#039;un compte Melbet est tr\u00e8s simple et direct, et vous pouvez le faire de quatre fa\u00e7ons : par e-mail, par num\u00e9ro de t\u00e9l\u00e9phone, en un clic ou par le biais d&#039;un r\u00e9seau social.\" \/>\n<meta property=\"og:url\" content=\"https:\/\/melbet.plus\/kn\/registration\/\" \/>\n<meta property=\"og:site_name\" content=\"Melbet km\" \/>\n<meta property=\"article:modified_time\" content=\"2025-06-18T11:21:15+00:00\" \/>\n<meta name=\"twitter:card\" content=\"summary_large_image\" \/>\n<script type=\"application\/ld+json\" class=\"yoast-schema-graph\">{\"@context\":\"https:\\\/\\\/schema.org\",\"@graph\":[{\"@type\":\"WebPage\",\"@id\":\"https:\\\/\\\/melbet.plus\\\/kn\\\/registration\\\/\",\"url\":\"https:\\\/\\\/melbet.plus\\\/kn\\\/registration\\\/\",\"name\":\"Enregistrement et v\u00e9rification du compte Melbet Cambodge\",\"isPartOf\":{\"@id\":\"https:\\\/\\\/melbet.plus\\\/kn\\\/#website\"},\"datePublished\":\"2024-08-15T09:32:52+00:00\",\"dateModified\":\"2025-06-18T11:21:15+00:00\",\"description\":\"Le processus d'enregistrement d'un compte Melbet est tr\u00e8s simple et direct, et vous pouvez le faire de quatre fa\u00e7ons : par e-mail, par num\u00e9ro de t\u00e9l\u00e9phone, en un clic ou par le biais d'un r\u00e9seau social.\",\"breadcrumb\":{\"@id\":\"https:\\\/\\\/melbet.plus\\\/kn\\\/registration\\\/#breadcrumb\"},\"inLanguage\":\"km\",\"potentialAction\":[{\"@type\":\"ReadAction\",\"target\":[\"https:\\\/\\\/melbet.plus\\\/kn\\\/registration\\\/\"]}]},{\"@type\":\"BreadcrumbList\",\"@id\":\"https:\\\/\\\/melbet.plus\\\/kn\\\/registration\\\/#breadcrumb\",\"itemListElement\":[{\"@type\":\"ListItem\",\"position\":1,\"name\":\"Home\",\"item\":\"https:\\\/\\\/melbet.plus\\\/kn\\\/\"},{\"@type\":\"ListItem\",\"position\":2,\"name\":\"Inscription\"}]},{\"@type\":\"WebSite\",\"@id\":\"https:\\\/\\\/melbet.plus\\\/kn\\\/#website\",\"url\":\"https:\\\/\\\/melbet.plus\\\/kn\\\/\",\"name\":\"Melbet km\",\"description\":\"My WordPress Blog\",\"potentialAction\":[{\"@type\":\"SearchAction\",\"target\":{\"@type\":\"EntryPoint\",\"urlTemplate\":\"https:\\\/\\\/melbet.plus\\\/kn\\\/?s={search_term_string}\"},\"query-input\":{\"@type\":\"PropertyValueSpecification\",\"valueRequired\":true,\"valueName\":\"search_term_string\"}}],\"inLanguage\":\"km\"}]}<\/script>\n<!-- \/ Yoast SEO plugin. -->","yoast_head_json":{"title":"Enregistrement et v\u00e9rification du compte Melbet Cambodge","description":"Le processus d'enregistrement d'un compte Melbet est tr\u00e8s simple et direct, et vous pouvez le faire de quatre fa\u00e7ons : par e-mail, par num\u00e9ro de t\u00e9l\u00e9phone, en un clic ou par le biais d'un r\u00e9seau social.","robots":{"index":"index","follow":"follow","max-snippet":"max-snippet:-1","max-image-preview":"max-image-preview:large","max-video-preview":"max-video-preview:-1"},"og_locale":"en_US","og_type":"article","og_title":"Enregistrement et v\u00e9rification du compte Melbet Cambodge","og_description":"Le processus d'enregistrement d'un compte Melbet est tr\u00e8s simple et direct, et vous pouvez le faire de quatre fa\u00e7ons : par e-mail, par num\u00e9ro de t\u00e9l\u00e9phone, en un clic ou par le biais d'un r\u00e9seau social.","og_url":"https:\/\/melbet.plus\/kn\/registration\/","og_site_name":"Melbet km","article_modified_time":"2025-06-18T11:21:15+00:00","twitter_card":"summary_large_image","schema":{"@context":"https:\/\/schema.org","@graph":[{"@type":"WebPage","@id":"https:\/\/melbet.plus\/kn\/registration\/","url":"https:\/\/melbet.plus\/kn\/registration\/","name":"Enregistrement et v\u00e9rification du compte Melbet Cambodge","isPartOf":{"@id":"https:\/\/melbet.plus\/kn\/#website"},"datePublished":"2024-08-15T09:32:52+00:00","dateModified":"2025-06-18T11:21:15+00:00","description":"Le processus d'enregistrement d'un compte Melbet est tr\u00e8s simple et direct, et vous pouvez le faire de quatre fa\u00e7ons : par e-mail, par num\u00e9ro de t\u00e9l\u00e9phone, en un clic ou par le biais d'un r\u00e9seau social.","breadcrumb":{"@id":"https:\/\/melbet.plus\/kn\/registration\/#breadcrumb"},"inLanguage":"km","potentialAction":[{"@type":"ReadAction","target":["https:\/\/melbet.plus\/kn\/registration\/"]}]},{"@type":"BreadcrumbList","@id":"https:\/\/melbet.plus\/kn\/registration\/#breadcrumb","itemListElement":[{"@type":"ListItem","position":1,"name":"Home","item":"https:\/\/melbet.plus\/kn\/"},{"@type":"ListItem","position":2,"name":"Inscription"}]},{"@type":"WebSite","@id":"https:\/\/melbet.plus\/kn\/#website","url":"https:\/\/melbet.plus\/kn\/","name":"Melbet km","description":"My WordPress Blog","potentialAction":[{"@type":"SearchAction","target":{"@type":"EntryPoint","urlTemplate":"https:\/\/melbet.plus\/kn\/?s={search_term_string}"},"query-input":{"@type":"PropertyValueSpecification","valueRequired":true,"valueName":"search_term_string"}}],"inLanguage":"km"}]}},"_links":{"self":[{"href":"https:\/\/melbet.plus\/kn\/wp-json\/wp\/v2\/pages\/328","targetHints":{"allow":["GET"]}}],"collection":[{"href":"https:\/\/melbet.plus\/kn\/wp-json\/wp\/v2\/pages"}],"about":[{"href":"https:\/\/melbet.plus\/kn\/wp-json\/wp\/v2\/types\/page"}],"author":[{"embeddable":true,"href":"https:\/\/melbet.plus\/kn\/wp-json\/wp\/v2\/users\/1"}],"replies":[{"embeddable":true,"href":"https:\/\/melbet.plus\/kn\/wp-json\/wp\/v2\/comments?post=328"}],"version-history":[{"count":30,"href":"https:\/\/melbet.plus\/kn\/wp-json\/wp\/v2\/pages\/328\/revisions"}],"predecessor-version":[{"id":867,"href":"https:\/\/melbet.plus\/kn\/wp-json\/wp\/v2\/pages\/328\/revisions\/867"}],"wp:attachment":[{"href":"https:\/\/melbet.plus\/kn\/wp-json\/wp\/v2\/media?parent=328"}],"curies":[{"name":"wp","href":"https:\/\/api.w.org\/{rel}","templated":true}]}}