{"id":271,"date":"2024-07-11T15:04:21","date_gmt":"2024-07-11T15:04:21","guid":{"rendered":"https:\/\/melbet.plus\/kn\/?page_id=271"},"modified":"2025-07-05T08:38:38","modified_gmt":"2025-07-05T08:38:38","slug":"app","status":"publish","type":"page","link":"https:\/\/melbet.plus\/kn\/app\/","title":{"rendered":"Application"},"content":{"rendered":"","protected":false},"excerpt":{"rendered":"","protected":false},"author":1,"featured_media":0,"parent":0,"menu_order":0,"comment_status":"closed","ping_status":"closed","template":"","meta":{"inline_featured_image":false,"footnotes":""},"class_list":["post-271","page","type-page","status-publish","hentry"],"yoast_head":"<!-- This site is optimized with the Yoast SEO plugin v27.3 - https:\/\/yoast.com\/product\/yoast-seo-wordpress\/ -->\n<title>T\u00e9l\u00e9chargement de application Melbet pour Android et iOS<\/title>\n<meta name=\"description\" content=\"T\u00e9l\u00e9charger l&#039;application officielle Melbet Cambodge\ud83d\udcf1 pour Android et iOS (iPhone et iPad) gratuitement en 2025 \u2705 Derni\u00e8re version de l&#039;application Melbet \u26a1 Obtenir 100% de bonus de bienvenue pour le premier d\u00e9p\u00f4t.\" \/>\n<meta name=\"robots\" content=\"index, follow, max-snippet:-1, max-image-preview:large, max-video-preview:-1\" \/>\n<meta property=\"og:locale\" content=\"en_US\" \/>\n<meta property=\"og:type\" content=\"article\" \/>\n<meta property=\"og:title\" content=\"T\u00e9l\u00e9chargement de application Melbet pour Android et iOS\" \/>\n<meta property=\"og:description\" content=\"T\u00e9l\u00e9charger l&#039;application officielle Melbet Cambodge\ud83d\udcf1 pour Android et iOS (iPhone et iPad) gratuitement en 2025 \u2705 Derni\u00e8re version de l&#039;application Melbet \u26a1 Obtenir 100% de bonus de bienvenue pour le premier d\u00e9p\u00f4t.\" \/>\n<meta property=\"og:url\" content=\"https:\/\/melbet.plus\/kn\/app\/\" \/>\n<meta property=\"og:site_name\" content=\"Melbet km\" \/>\n<meta property=\"article:modified_time\" content=\"2025-07-05T08:38:38+00:00\" \/>\n<meta name=\"twitter:card\" content=\"summary_large_image\" \/>\n<script type=\"application\/ld+json\" class=\"yoast-schema-graph\">{\"@context\":\"https:\\\/\\\/schema.org\",\"@graph\":[{\"@type\":\"WebPage\",\"@id\":\"https:\\\/\\\/melbet.plus\\\/kn\\\/app\\\/\",\"url\":\"https:\\\/\\\/melbet.plus\\\/kn\\\/app\\\/\",\"name\":\"T\u00e9l\u00e9chargement de application Melbet pour Android et iOS\",\"isPartOf\":{\"@id\":\"https:\\\/\\\/melbet.plus\\\/kn\\\/#website\"},\"datePublished\":\"2024-07-11T15:04:21+00:00\",\"dateModified\":\"2025-07-05T08:38:38+00:00\",\"description\":\"T\u00e9l\u00e9charger l'application officielle Melbet Cambodge\ud83d\udcf1 pour Android et iOS (iPhone et iPad) gratuitement en 2025 \u2705 Derni\u00e8re version de l'application Melbet \u26a1 Obtenir 100% de bonus de bienvenue pour le premier d\u00e9p\u00f4t.\",\"breadcrumb\":{\"@id\":\"https:\\\/\\\/melbet.plus\\\/kn\\\/app\\\/#breadcrumb\"},\"inLanguage\":\"km\",\"potentialAction\":[{\"@type\":\"ReadAction\",\"target\":[\"https:\\\/\\\/melbet.plus\\\/kn\\\/app\\\/\"]}]},{\"@type\":\"BreadcrumbList\",\"@id\":\"https:\\\/\\\/melbet.plus\\\/kn\\\/app\\\/#breadcrumb\",\"itemListElement\":[{\"@type\":\"ListItem\",\"position\":1,\"name\":\"Home\",\"item\":\"https:\\\/\\\/melbet.plus\\\/kn\\\/\"},{\"@type\":\"ListItem\",\"position\":2,\"name\":\"Application\"}]},{\"@type\":\"WebSite\",\"@id\":\"https:\\\/\\\/melbet.plus\\\/kn\\\/#website\",\"url\":\"https:\\\/\\\/melbet.plus\\\/kn\\\/\",\"name\":\"Melbet km\",\"description\":\"My WordPress Blog\",\"potentialAction\":[{\"@type\":\"SearchAction\",\"target\":{\"@type\":\"EntryPoint\",\"urlTemplate\":\"https:\\\/\\\/melbet.plus\\\/kn\\\/?s={search_term_string}\"},\"query-input\":{\"@type\":\"PropertyValueSpecification\",\"valueRequired\":true,\"valueName\":\"search_term_string\"}}],\"inLanguage\":\"km\"}]}<\/script>\n<!-- \/ Yoast SEO plugin. -->","yoast_head_json":{"title":"T\u00e9l\u00e9chargement de application Melbet pour Android et iOS","description":"T\u00e9l\u00e9charger l'application officielle Melbet Cambodge\ud83d\udcf1 pour Android et iOS (iPhone et iPad) gratuitement en 2025 \u2705 Derni\u00e8re version de l'application Melbet \u26a1 Obtenir 100% de bonus de bienvenue pour le premier d\u00e9p\u00f4t.","robots":{"index":"index","follow":"follow","max-snippet":"max-snippet:-1","max-image-preview":"max-image-preview:large","max-video-preview":"max-video-preview:-1"},"og_locale":"en_US","og_type":"article","og_title":"T\u00e9l\u00e9chargement de application Melbet pour Android et iOS","og_description":"T\u00e9l\u00e9charger l'application officielle Melbet Cambodge\ud83d\udcf1 pour Android et iOS (iPhone et iPad) gratuitement en 2025 \u2705 Derni\u00e8re version de l'application Melbet \u26a1 Obtenir 100% de bonus de bienvenue pour le premier d\u00e9p\u00f4t.","og_url":"https:\/\/melbet.plus\/kn\/app\/","og_site_name":"Melbet km","article_modified_time":"2025-07-05T08:38:38+00:00","twitter_card":"summary_large_image","schema":{"@context":"https:\/\/schema.org","@graph":[{"@type":"WebPage","@id":"https:\/\/melbet.plus\/kn\/app\/","url":"https:\/\/melbet.plus\/kn\/app\/","name":"T\u00e9l\u00e9chargement de application Melbet pour Android et iOS","isPartOf":{"@id":"https:\/\/melbet.plus\/kn\/#website"},"datePublished":"2024-07-11T15:04:21+00:00","dateModified":"2025-07-05T08:38:38+00:00","description":"T\u00e9l\u00e9charger l'application officielle Melbet Cambodge\ud83d\udcf1 pour Android et iOS (iPhone et iPad) gratuitement en 2025 \u2705 Derni\u00e8re version de l'application Melbet \u26a1 Obtenir 100% de bonus de bienvenue pour le premier d\u00e9p\u00f4t.","breadcrumb":{"@id":"https:\/\/melbet.plus\/kn\/app\/#breadcrumb"},"inLanguage":"km","potentialAction":[{"@type":"ReadAction","target":["https:\/\/melbet.plus\/kn\/app\/"]}]},{"@type":"BreadcrumbList","@id":"https:\/\/melbet.plus\/kn\/app\/#breadcrumb","itemListElement":[{"@type":"ListItem","position":1,"name":"Home","item":"https:\/\/melbet.plus\/kn\/"},{"@type":"ListItem","position":2,"name":"Application"}]},{"@type":"WebSite","@id":"https:\/\/melbet.plus\/kn\/#website","url":"https:\/\/melbet.plus\/kn\/","name":"Melbet km","description":"My WordPress Blog","potentialAction":[{"@type":"SearchAction","target":{"@type":"EntryPoint","urlTemplate":"https:\/\/melbet.plus\/kn\/?s={search_term_string}"},"query-input":{"@type":"PropertyValueSpecification","valueRequired":true,"valueName":"search_term_string"}}],"inLanguage":"km"}]}},"_links":{"self":[{"href":"https:\/\/melbet.plus\/kn\/wp-json\/wp\/v2\/pages\/271","targetHints":{"allow":["GET"]}}],"collection":[{"href":"https:\/\/melbet.plus\/kn\/wp-json\/wp\/v2\/pages"}],"about":[{"href":"https:\/\/melbet.plus\/kn\/wp-json\/wp\/v2\/types\/page"}],"author":[{"embeddable":true,"href":"https:\/\/melbet.plus\/kn\/wp-json\/wp\/v2\/users\/1"}],"replies":[{"embeddable":true,"href":"https:\/\/melbet.plus\/kn\/wp-json\/wp\/v2\/comments?post=271"}],"version-history":[{"count":47,"href":"https:\/\/melbet.plus\/kn\/wp-json\/wp\/v2\/pages\/271\/revisions"}],"predecessor-version":[{"id":846,"href":"https:\/\/melbet.plus\/kn\/wp-json\/wp\/v2\/pages\/271\/revisions\/846"}],"wp:attachment":[{"href":"https:\/\/melbet.plus\/kn\/wp-json\/wp\/v2\/media?parent=271"}],"curies":[{"name":"wp","href":"https:\/\/api.w.org\/{rel}","templated":true}]}}