{"id":330,"date":"2024-07-15T09:36:21","date_gmt":"2024-07-15T09:36:21","guid":{"rendered":"https:\/\/melbet.plus\/it\/?page_id=330"},"modified":"2025-06-05T13:09:46","modified_gmt":"2025-06-05T13:09:46","slug":"casino","status":"publish","type":"page","link":"https:\/\/melbet.plus\/it\/casino\/","title":{"rendered":"Casin\u00f2"},"content":{"rendered":"","protected":false},"excerpt":{"rendered":"","protected":false},"author":1,"featured_media":0,"parent":0,"menu_order":0,"comment_status":"closed","ping_status":"closed","template":"","meta":{"inline_featured_image":false,"footnotes":""},"class_list":["post-330","page","type-page","status-publish","hentry"],"yoast_head":"<!-- This site is optimized with the Yoast SEO plugin v27.5 - https:\/\/yoast.com\/product\/yoast-seo-wordpress\/ -->\n<title>Casin\u00f2 Melbet: Giochi, Casin\u00f2 dal vivo, Bonus di benvenuto<\/title>\n<meta name=\"description\" content=\"Sito ufficiale del casin\u00f2 Melbet: oltre 40 tipi di giochi, casin\u00f2 dal vivo, bonus per tutti i nuovi giocatori \u26a1 Inizia subito a giocare ai giochi del casin\u00f2 Melbet e ottieni i bonus di benvenuto\" \/>\n<meta name=\"robots\" content=\"index, follow, max-snippet:-1, max-image-preview:large, max-video-preview:-1\" \/>\n<meta property=\"og:locale\" content=\"it_IT\" \/>\n<meta property=\"og:type\" content=\"article\" \/>\n<meta property=\"og:title\" content=\"Casin\u00f2 Melbet: Giochi, Casin\u00f2 dal vivo, Bonus di benvenuto\" \/>\n<meta property=\"og:description\" content=\"Sito ufficiale del casin\u00f2 Melbet: oltre 40 tipi di giochi, casin\u00f2 dal vivo, bonus per tutti i nuovi giocatori \u26a1 Inizia subito a giocare ai giochi del casin\u00f2 Melbet e ottieni i bonus di benvenuto\" \/>\n<meta property=\"og:url\" content=\"https:\/\/melbet.plus\/it\/casino\/\" \/>\n<meta property=\"og:site_name\" content=\"Melbet\" \/>\n<meta property=\"article:modified_time\" content=\"2025-06-05T13:09:46+00:00\" \/>\n<meta name=\"twitter:card\" content=\"summary_large_image\" \/>\n<script type=\"application\/ld+json\" class=\"yoast-schema-graph\">{\"@context\":\"https:\\\/\\\/schema.org\",\"@graph\":[{\"@type\":\"WebPage\",\"@id\":\"https:\\\/\\\/melbet.plus\\\/it\\\/casino\\\/\",\"url\":\"https:\\\/\\\/melbet.plus\\\/it\\\/casino\\\/\",\"name\":\"Casin\u00f2 Melbet: Giochi, Casin\u00f2 dal vivo, Bonus di benvenuto\",\"isPartOf\":{\"@id\":\"https:\\\/\\\/melbet.plus\\\/it\\\/#website\"},\"datePublished\":\"2024-07-15T09:36:21+00:00\",\"dateModified\":\"2025-06-05T13:09:46+00:00\",\"description\":\"Sito ufficiale del casin\u00f2 Melbet: oltre 40 tipi di giochi, casin\u00f2 dal vivo, bonus per tutti i nuovi giocatori \u26a1 Inizia subito a giocare ai giochi del casin\u00f2 Melbet e ottieni i bonus di benvenuto\",\"breadcrumb\":{\"@id\":\"https:\\\/\\\/melbet.plus\\\/it\\\/casino\\\/#breadcrumb\"},\"inLanguage\":\"it-IT\",\"potentialAction\":[{\"@type\":\"ReadAction\",\"target\":[\"https:\\\/\\\/melbet.plus\\\/it\\\/casino\\\/\"]}]},{\"@type\":\"BreadcrumbList\",\"@id\":\"https:\\\/\\\/melbet.plus\\\/it\\\/casino\\\/#breadcrumb\",\"itemListElement\":[{\"@type\":\"ListItem\",\"position\":1,\"name\":\"Home\",\"item\":\"https:\\\/\\\/melbet.plus\\\/it\\\/\"},{\"@type\":\"ListItem\",\"position\":2,\"name\":\"Casin\u00f2\"}]},{\"@type\":\"WebSite\",\"@id\":\"https:\\\/\\\/melbet.plus\\\/it\\\/#website\",\"url\":\"https:\\\/\\\/melbet.plus\\\/it\\\/\",\"name\":\"Melbet\",\"description\":\"My WordPress Blog\",\"potentialAction\":[{\"@type\":\"SearchAction\",\"target\":{\"@type\":\"EntryPoint\",\"urlTemplate\":\"https:\\\/\\\/melbet.plus\\\/it\\\/?s={search_term_string}\"},\"query-input\":{\"@type\":\"PropertyValueSpecification\",\"valueRequired\":true,\"valueName\":\"search_term_string\"}}],\"inLanguage\":\"it-IT\"}]}<\/script>\n<!-- \/ Yoast SEO plugin. -->","yoast_head_json":{"title":"Casin\u00f2 Melbet: Giochi, Casin\u00f2 dal vivo, Bonus di benvenuto","description":"Sito ufficiale del casin\u00f2 Melbet: oltre 40 tipi di giochi, casin\u00f2 dal vivo, bonus per tutti i nuovi giocatori \u26a1 Inizia subito a giocare ai giochi del casin\u00f2 Melbet e ottieni i bonus di benvenuto","robots":{"index":"index","follow":"follow","max-snippet":"max-snippet:-1","max-image-preview":"max-image-preview:large","max-video-preview":"max-video-preview:-1"},"og_locale":"it_IT","og_type":"article","og_title":"Casin\u00f2 Melbet: Giochi, Casin\u00f2 dal vivo, Bonus di benvenuto","og_description":"Sito ufficiale del casin\u00f2 Melbet: oltre 40 tipi di giochi, casin\u00f2 dal vivo, bonus per tutti i nuovi giocatori \u26a1 Inizia subito a giocare ai giochi del casin\u00f2 Melbet e ottieni i bonus di benvenuto","og_url":"https:\/\/melbet.plus\/it\/casino\/","og_site_name":"Melbet","article_modified_time":"2025-06-05T13:09:46+00:00","twitter_card":"summary_large_image","schema":{"@context":"https:\/\/schema.org","@graph":[{"@type":"WebPage","@id":"https:\/\/melbet.plus\/it\/casino\/","url":"https:\/\/melbet.plus\/it\/casino\/","name":"Casin\u00f2 Melbet: Giochi, Casin\u00f2 dal vivo, Bonus di benvenuto","isPartOf":{"@id":"https:\/\/melbet.plus\/it\/#website"},"datePublished":"2024-07-15T09:36:21+00:00","dateModified":"2025-06-05T13:09:46+00:00","description":"Sito ufficiale del casin\u00f2 Melbet: oltre 40 tipi di giochi, casin\u00f2 dal vivo, bonus per tutti i nuovi giocatori \u26a1 Inizia subito a giocare ai giochi del casin\u00f2 Melbet e ottieni i bonus di benvenuto","breadcrumb":{"@id":"https:\/\/melbet.plus\/it\/casino\/#breadcrumb"},"inLanguage":"it-IT","potentialAction":[{"@type":"ReadAction","target":["https:\/\/melbet.plus\/it\/casino\/"]}]},{"@type":"BreadcrumbList","@id":"https:\/\/melbet.plus\/it\/casino\/#breadcrumb","itemListElement":[{"@type":"ListItem","position":1,"name":"Home","item":"https:\/\/melbet.plus\/it\/"},{"@type":"ListItem","position":2,"name":"Casin\u00f2"}]},{"@type":"WebSite","@id":"https:\/\/melbet.plus\/it\/#website","url":"https:\/\/melbet.plus\/it\/","name":"Melbet","description":"My WordPress Blog","potentialAction":[{"@type":"SearchAction","target":{"@type":"EntryPoint","urlTemplate":"https:\/\/melbet.plus\/it\/?s={search_term_string}"},"query-input":{"@type":"PropertyValueSpecification","valueRequired":true,"valueName":"search_term_string"}}],"inLanguage":"it-IT"}]}},"_links":{"self":[{"href":"https:\/\/melbet.plus\/it\/wp-json\/wp\/v2\/pages\/330","targetHints":{"allow":["GET"]}}],"collection":[{"href":"https:\/\/melbet.plus\/it\/wp-json\/wp\/v2\/pages"}],"about":[{"href":"https:\/\/melbet.plus\/it\/wp-json\/wp\/v2\/types\/page"}],"author":[{"embeddable":true,"href":"https:\/\/melbet.plus\/it\/wp-json\/wp\/v2\/users\/1"}],"replies":[{"embeddable":true,"href":"https:\/\/melbet.plus\/it\/wp-json\/wp\/v2\/comments?post=330"}],"version-history":[{"count":41,"href":"https:\/\/melbet.plus\/it\/wp-json\/wp\/v2\/pages\/330\/revisions"}],"predecessor-version":[{"id":848,"href":"https:\/\/melbet.plus\/it\/wp-json\/wp\/v2\/pages\/330\/revisions\/848"}],"wp:attachment":[{"href":"https:\/\/melbet.plus\/it\/wp-json\/wp\/v2\/media?parent=330"}],"curies":[{"name":"wp","href":"https:\/\/api.w.org\/{rel}","templated":true}]}}