{"id":826,"date":"2025-06-04T14:47:16","date_gmt":"2025-06-04T14:47:16","guid":{"rendered":"https:\/\/melbet.plus\/hu\/?page_id=826"},"modified":"2025-07-19T07:25:25","modified_gmt":"2025-07-19T07:25:25","slug":"safe-bet","status":"publish","type":"page","link":"https:\/\/melbet.plus\/hu\/bonus\/safe-bet\/","title":{"rendered":"Biztons\u00e1gos fogad\u00e1s"},"content":{"rendered":"","protected":false},"excerpt":{"rendered":"","protected":false},"author":1,"featured_media":0,"parent":152,"menu_order":0,"comment_status":"closed","ping_status":"closed","template":"","meta":{"inline_featured_image":false,"footnotes":""},"class_list":["post-826","page","type-page","status-publish","hentry"],"yoast_head":"<!-- This site is optimized with the Yoast SEO plugin v27.4 - https:\/\/yoast.com\/product\/yoast-seo-wordpress\/ -->\n<title>Melbet v\u00e9dett fogad\u00e1s \u1409 Ingyenes fogad\u00e1sok<\/title>\n<meta name=\"description\" content=\"Ne v\u00e1llaljon kock\u00e1zatot biztos\u00edt\u00e1s n\u00e9lk\u00fcl! A Melbet v\u00e9dett fogad\u00e1ssal es\u00e9lyed van arra, hogy ingyenes fogad\u00e1sokat kapj m\u00e9g akkor is, ha vesz\u00edtesz. Fogadjon a legjobb m\u00e9rk\u0151z\u00e9sekre, \u00e9s k\u00e9sz\u00fclj\u00f6n fel a nagylelk\u0171 jutalmakra! Csatlakozzon hozz\u00e1nk \u00e9s j\u00e1tsszon magabiztosan!\" \/>\n<meta name=\"robots\" content=\"index, follow, max-snippet:-1, max-image-preview:large, max-video-preview:-1\" \/>\n<meta property=\"og:locale\" content=\"hu_HU\" \/>\n<meta property=\"og:type\" content=\"article\" \/>\n<meta property=\"og:title\" content=\"Melbet v\u00e9dett fogad\u00e1s \u1409 Ingyenes fogad\u00e1sok\" \/>\n<meta property=\"og:description\" content=\"Ne v\u00e1llaljon kock\u00e1zatot biztos\u00edt\u00e1s n\u00e9lk\u00fcl! A Melbet v\u00e9dett fogad\u00e1ssal es\u00e9lyed van arra, hogy ingyenes fogad\u00e1sokat kapj m\u00e9g akkor is, ha vesz\u00edtesz. Fogadjon a legjobb m\u00e9rk\u0151z\u00e9sekre, \u00e9s k\u00e9sz\u00fclj\u00f6n fel a nagylelk\u0171 jutalmakra! Csatlakozzon hozz\u00e1nk \u00e9s j\u00e1tsszon magabiztosan!\" \/>\n<meta property=\"og:url\" content=\"https:\/\/melbet.plus\/hu\/bonus\/safe-bet\/\" \/>\n<meta property=\"og:site_name\" content=\"Melbet hu\" \/>\n<meta property=\"article:modified_time\" content=\"2025-07-19T07:25:25+00:00\" \/>\n<meta name=\"twitter:card\" content=\"summary_large_image\" \/>\n<script type=\"application\/ld+json\" class=\"yoast-schema-graph\">{\"@context\":\"https:\\\/\\\/schema.org\",\"@graph\":[{\"@type\":\"WebPage\",\"@id\":\"https:\\\/\\\/melbet.plus\\\/hu\\\/bonus\\\/safe-bet\\\/\",\"url\":\"https:\\\/\\\/melbet.plus\\\/hu\\\/bonus\\\/safe-bet\\\/\",\"name\":\"Melbet v\u00e9dett fogad\u00e1s \u1409 Ingyenes fogad\u00e1sok\",\"isPartOf\":{\"@id\":\"https:\\\/\\\/melbet.plus\\\/hu\\\/#website\"},\"datePublished\":\"2025-06-04T14:47:16+00:00\",\"dateModified\":\"2025-07-19T07:25:25+00:00\",\"description\":\"Ne v\u00e1llaljon kock\u00e1zatot biztos\u00edt\u00e1s n\u00e9lk\u00fcl! A Melbet v\u00e9dett fogad\u00e1ssal es\u00e9lyed van arra, hogy ingyenes fogad\u00e1sokat kapj m\u00e9g akkor is, ha vesz\u00edtesz. Fogadjon a legjobb m\u00e9rk\u0151z\u00e9sekre, \u00e9s k\u00e9sz\u00fclj\u00f6n fel a nagylelk\u0171 jutalmakra! Csatlakozzon hozz\u00e1nk \u00e9s j\u00e1tsszon magabiztosan!\",\"breadcrumb\":{\"@id\":\"https:\\\/\\\/melbet.plus\\\/hu\\\/bonus\\\/safe-bet\\\/#breadcrumb\"},\"inLanguage\":\"hu\",\"potentialAction\":[{\"@type\":\"ReadAction\",\"target\":[\"https:\\\/\\\/melbet.plus\\\/hu\\\/bonus\\\/safe-bet\\\/\"]}]},{\"@type\":\"BreadcrumbList\",\"@id\":\"https:\\\/\\\/melbet.plus\\\/hu\\\/bonus\\\/safe-bet\\\/#breadcrumb\",\"itemListElement\":[{\"@type\":\"ListItem\",\"position\":1,\"name\":\"Home\",\"item\":\"https:\\\/\\\/melbet.plus\\\/hu\\\/\"},{\"@type\":\"ListItem\",\"position\":2,\"name\":\"B\u00f3nuszok\",\"item\":\"https:\\\/\\\/melbet.plus\\\/hu\\\/bonus\\\/\"},{\"@type\":\"ListItem\",\"position\":3,\"name\":\"Biztons\u00e1gos fogad\u00e1s\"}]},{\"@type\":\"WebSite\",\"@id\":\"https:\\\/\\\/melbet.plus\\\/hu\\\/#website\",\"url\":\"https:\\\/\\\/melbet.plus\\\/hu\\\/\",\"name\":\"Melbet hu\",\"description\":\"My WordPress Blog\",\"potentialAction\":[{\"@type\":\"SearchAction\",\"target\":{\"@type\":\"EntryPoint\",\"urlTemplate\":\"https:\\\/\\\/melbet.plus\\\/hu\\\/?s={search_term_string}\"},\"query-input\":{\"@type\":\"PropertyValueSpecification\",\"valueRequired\":true,\"valueName\":\"search_term_string\"}}],\"inLanguage\":\"hu\"}]}<\/script>\n<!-- \/ Yoast SEO plugin. -->","yoast_head_json":{"title":"Melbet v\u00e9dett fogad\u00e1s \u1409 Ingyenes fogad\u00e1sok","description":"Ne v\u00e1llaljon kock\u00e1zatot biztos\u00edt\u00e1s n\u00e9lk\u00fcl! A Melbet v\u00e9dett fogad\u00e1ssal es\u00e9lyed van arra, hogy ingyenes fogad\u00e1sokat kapj m\u00e9g akkor is, ha vesz\u00edtesz. Fogadjon a legjobb m\u00e9rk\u0151z\u00e9sekre, \u00e9s k\u00e9sz\u00fclj\u00f6n fel a nagylelk\u0171 jutalmakra! Csatlakozzon hozz\u00e1nk \u00e9s j\u00e1tsszon magabiztosan!","robots":{"index":"index","follow":"follow","max-snippet":"max-snippet:-1","max-image-preview":"max-image-preview:large","max-video-preview":"max-video-preview:-1"},"og_locale":"hu_HU","og_type":"article","og_title":"Melbet v\u00e9dett fogad\u00e1s \u1409 Ingyenes fogad\u00e1sok","og_description":"Ne v\u00e1llaljon kock\u00e1zatot biztos\u00edt\u00e1s n\u00e9lk\u00fcl! A Melbet v\u00e9dett fogad\u00e1ssal es\u00e9lyed van arra, hogy ingyenes fogad\u00e1sokat kapj m\u00e9g akkor is, ha vesz\u00edtesz. Fogadjon a legjobb m\u00e9rk\u0151z\u00e9sekre, \u00e9s k\u00e9sz\u00fclj\u00f6n fel a nagylelk\u0171 jutalmakra! Csatlakozzon hozz\u00e1nk \u00e9s j\u00e1tsszon magabiztosan!","og_url":"https:\/\/melbet.plus\/hu\/bonus\/safe-bet\/","og_site_name":"Melbet hu","article_modified_time":"2025-07-19T07:25:25+00:00","twitter_card":"summary_large_image","schema":{"@context":"https:\/\/schema.org","@graph":[{"@type":"WebPage","@id":"https:\/\/melbet.plus\/hu\/bonus\/safe-bet\/","url":"https:\/\/melbet.plus\/hu\/bonus\/safe-bet\/","name":"Melbet v\u00e9dett fogad\u00e1s \u1409 Ingyenes fogad\u00e1sok","isPartOf":{"@id":"https:\/\/melbet.plus\/hu\/#website"},"datePublished":"2025-06-04T14:47:16+00:00","dateModified":"2025-07-19T07:25:25+00:00","description":"Ne v\u00e1llaljon kock\u00e1zatot biztos\u00edt\u00e1s n\u00e9lk\u00fcl! A Melbet v\u00e9dett fogad\u00e1ssal es\u00e9lyed van arra, hogy ingyenes fogad\u00e1sokat kapj m\u00e9g akkor is, ha vesz\u00edtesz. Fogadjon a legjobb m\u00e9rk\u0151z\u00e9sekre, \u00e9s k\u00e9sz\u00fclj\u00f6n fel a nagylelk\u0171 jutalmakra! Csatlakozzon hozz\u00e1nk \u00e9s j\u00e1tsszon magabiztosan!","breadcrumb":{"@id":"https:\/\/melbet.plus\/hu\/bonus\/safe-bet\/#breadcrumb"},"inLanguage":"hu","potentialAction":[{"@type":"ReadAction","target":["https:\/\/melbet.plus\/hu\/bonus\/safe-bet\/"]}]},{"@type":"BreadcrumbList","@id":"https:\/\/melbet.plus\/hu\/bonus\/safe-bet\/#breadcrumb","itemListElement":[{"@type":"ListItem","position":1,"name":"Home","item":"https:\/\/melbet.plus\/hu\/"},{"@type":"ListItem","position":2,"name":"B\u00f3nuszok","item":"https:\/\/melbet.plus\/hu\/bonus\/"},{"@type":"ListItem","position":3,"name":"Biztons\u00e1gos fogad\u00e1s"}]},{"@type":"WebSite","@id":"https:\/\/melbet.plus\/hu\/#website","url":"https:\/\/melbet.plus\/hu\/","name":"Melbet hu","description":"My WordPress Blog","potentialAction":[{"@type":"SearchAction","target":{"@type":"EntryPoint","urlTemplate":"https:\/\/melbet.plus\/hu\/?s={search_term_string}"},"query-input":{"@type":"PropertyValueSpecification","valueRequired":true,"valueName":"search_term_string"}}],"inLanguage":"hu"}]}},"_links":{"self":[{"href":"https:\/\/melbet.plus\/hu\/wp-json\/wp\/v2\/pages\/826","targetHints":{"allow":["GET"]}}],"collection":[{"href":"https:\/\/melbet.plus\/hu\/wp-json\/wp\/v2\/pages"}],"about":[{"href":"https:\/\/melbet.plus\/hu\/wp-json\/wp\/v2\/types\/page"}],"author":[{"embeddable":true,"href":"https:\/\/melbet.plus\/hu\/wp-json\/wp\/v2\/users\/1"}],"replies":[{"embeddable":true,"href":"https:\/\/melbet.plus\/hu\/wp-json\/wp\/v2\/comments?post=826"}],"version-history":[{"count":5,"href":"https:\/\/melbet.plus\/hu\/wp-json\/wp\/v2\/pages\/826\/revisions"}],"predecessor-version":[{"id":881,"href":"https:\/\/melbet.plus\/hu\/wp-json\/wp\/v2\/pages\/826\/revisions\/881"}],"up":[{"embeddable":true,"href":"https:\/\/melbet.plus\/hu\/wp-json\/wp\/v2\/pages\/152"}],"wp:attachment":[{"href":"https:\/\/melbet.plus\/hu\/wp-json\/wp\/v2\/media?parent=826"}],"curies":[{"name":"wp","href":"https:\/\/api.w.org\/{rel}","templated":true}]}}