{"id":751,"date":"2025-04-25T07:51:03","date_gmt":"2025-04-25T07:51:03","guid":{"rendered":"https:\/\/melbet.plus\/hu\/?page_id=751"},"modified":"2025-07-19T07:26:16","modified_gmt":"2025-07-19T07:26:16","slug":"deposit-series","status":"publish","type":"page","link":"https:\/\/melbet.plus\/hu\/bonus\/deposit-series\/","title":{"rendered":"Bet\u00e9tsorozat"},"content":{"rendered":"","protected":false},"excerpt":{"rendered":"","protected":false},"author":1,"featured_media":0,"parent":152,"menu_order":0,"comment_status":"closed","ping_status":"closed","template":"","meta":{"inline_featured_image":false,"footnotes":""},"class_list":["post-751","page","type-page","status-publish","hentry"],"yoast_head":"<!-- This site is optimized with the Yoast SEO plugin v27.4 - https:\/\/yoast.com\/product\/yoast-seo-wordpress\/ -->\n<title>Melbet bet\u00e9tsorozat: Kapj 40 000 Ft-ot a 3. \u00e9s 4. befizet\u00e9sre<\/title>\n<meta name=\"description\" content=\"Fizess be 2000 Ft-t\u00f3l a Melbetn\u00e9l \u00e9s kapj ak\u00e1r 40000 Ft b\u00f3nuszt a m\u00e1sodik, harmadik \u00e9s negyedik befizet\u00e9sedre! Automatikus felhalmoz\u00e1s, val\u00f3di kamat \u00e9s maxim\u00e1lis el\u0151ny\u00f6k - fogadj a nyeres\u00e9gedre, \u00e9s ne hagyd ki a lehet\u0151s\u00e9get!\" \/>\n<meta name=\"robots\" content=\"index, follow, max-snippet:-1, max-image-preview:large, max-video-preview:-1\" \/>\n<meta property=\"og:locale\" content=\"hu_HU\" \/>\n<meta property=\"og:type\" content=\"article\" \/>\n<meta property=\"og:title\" content=\"Melbet bet\u00e9tsorozat: Kapj 40 000 Ft-ot a 3. \u00e9s 4. befizet\u00e9sre\" \/>\n<meta property=\"og:description\" content=\"Fizess be 2000 Ft-t\u00f3l a Melbetn\u00e9l \u00e9s kapj ak\u00e1r 40000 Ft b\u00f3nuszt a m\u00e1sodik, harmadik \u00e9s negyedik befizet\u00e9sedre! Automatikus felhalmoz\u00e1s, val\u00f3di kamat \u00e9s maxim\u00e1lis el\u0151ny\u00f6k - fogadj a nyeres\u00e9gedre, \u00e9s ne hagyd ki a lehet\u0151s\u00e9get!\" \/>\n<meta property=\"og:url\" content=\"https:\/\/melbet.plus\/hu\/bonus\/deposit-series\/\" \/>\n<meta property=\"og:site_name\" content=\"Melbet hu\" \/>\n<meta property=\"article:modified_time\" content=\"2025-07-19T07:26:16+00:00\" \/>\n<meta name=\"twitter:card\" content=\"summary_large_image\" \/>\n<script type=\"application\/ld+json\" class=\"yoast-schema-graph\">{\"@context\":\"https:\\\/\\\/schema.org\",\"@graph\":[{\"@type\":\"WebPage\",\"@id\":\"https:\\\/\\\/melbet.plus\\\/hu\\\/bonus\\\/deposit-series\\\/\",\"url\":\"https:\\\/\\\/melbet.plus\\\/hu\\\/bonus\\\/deposit-series\\\/\",\"name\":\"Melbet bet\u00e9tsorozat: Kapj 40 000 Ft-ot a 3. \u00e9s 4. befizet\u00e9sre\",\"isPartOf\":{\"@id\":\"https:\\\/\\\/melbet.plus\\\/hu\\\/#website\"},\"datePublished\":\"2025-04-25T07:51:03+00:00\",\"dateModified\":\"2025-07-19T07:26:16+00:00\",\"description\":\"Fizess be 2000 Ft-t\u00f3l a Melbetn\u00e9l \u00e9s kapj ak\u00e1r 40000 Ft b\u00f3nuszt a m\u00e1sodik, harmadik \u00e9s negyedik befizet\u00e9sedre! Automatikus felhalmoz\u00e1s, val\u00f3di kamat \u00e9s maxim\u00e1lis el\u0151ny\u00f6k - fogadj a nyeres\u00e9gedre, \u00e9s ne hagyd ki a lehet\u0151s\u00e9get!\",\"breadcrumb\":{\"@id\":\"https:\\\/\\\/melbet.plus\\\/hu\\\/bonus\\\/deposit-series\\\/#breadcrumb\"},\"inLanguage\":\"hu\",\"potentialAction\":[{\"@type\":\"ReadAction\",\"target\":[\"https:\\\/\\\/melbet.plus\\\/hu\\\/bonus\\\/deposit-series\\\/\"]}]},{\"@type\":\"BreadcrumbList\",\"@id\":\"https:\\\/\\\/melbet.plus\\\/hu\\\/bonus\\\/deposit-series\\\/#breadcrumb\",\"itemListElement\":[{\"@type\":\"ListItem\",\"position\":1,\"name\":\"Home\",\"item\":\"https:\\\/\\\/melbet.plus\\\/hu\\\/\"},{\"@type\":\"ListItem\",\"position\":2,\"name\":\"B\u00f3nuszok\",\"item\":\"https:\\\/\\\/melbet.plus\\\/hu\\\/bonus\\\/\"},{\"@type\":\"ListItem\",\"position\":3,\"name\":\"Bet\u00e9tsorozat\"}]},{\"@type\":\"WebSite\",\"@id\":\"https:\\\/\\\/melbet.plus\\\/hu\\\/#website\",\"url\":\"https:\\\/\\\/melbet.plus\\\/hu\\\/\",\"name\":\"Melbet hu\",\"description\":\"My WordPress Blog\",\"potentialAction\":[{\"@type\":\"SearchAction\",\"target\":{\"@type\":\"EntryPoint\",\"urlTemplate\":\"https:\\\/\\\/melbet.plus\\\/hu\\\/?s={search_term_string}\"},\"query-input\":{\"@type\":\"PropertyValueSpecification\",\"valueRequired\":true,\"valueName\":\"search_term_string\"}}],\"inLanguage\":\"hu\"}]}<\/script>\n<!-- \/ Yoast SEO plugin. -->","yoast_head_json":{"title":"Melbet bet\u00e9tsorozat: Kapj 40 000 Ft-ot a 3. \u00e9s 4. befizet\u00e9sre","description":"Fizess be 2000 Ft-t\u00f3l a Melbetn\u00e9l \u00e9s kapj ak\u00e1r 40000 Ft b\u00f3nuszt a m\u00e1sodik, harmadik \u00e9s negyedik befizet\u00e9sedre! Automatikus felhalmoz\u00e1s, val\u00f3di kamat \u00e9s maxim\u00e1lis el\u0151ny\u00f6k - fogadj a nyeres\u00e9gedre, \u00e9s ne hagyd ki a lehet\u0151s\u00e9get!","robots":{"index":"index","follow":"follow","max-snippet":"max-snippet:-1","max-image-preview":"max-image-preview:large","max-video-preview":"max-video-preview:-1"},"og_locale":"hu_HU","og_type":"article","og_title":"Melbet bet\u00e9tsorozat: Kapj 40 000 Ft-ot a 3. \u00e9s 4. befizet\u00e9sre","og_description":"Fizess be 2000 Ft-t\u00f3l a Melbetn\u00e9l \u00e9s kapj ak\u00e1r 40000 Ft b\u00f3nuszt a m\u00e1sodik, harmadik \u00e9s negyedik befizet\u00e9sedre! Automatikus felhalmoz\u00e1s, val\u00f3di kamat \u00e9s maxim\u00e1lis el\u0151ny\u00f6k - fogadj a nyeres\u00e9gedre, \u00e9s ne hagyd ki a lehet\u0151s\u00e9get!","og_url":"https:\/\/melbet.plus\/hu\/bonus\/deposit-series\/","og_site_name":"Melbet hu","article_modified_time":"2025-07-19T07:26:16+00:00","twitter_card":"summary_large_image","schema":{"@context":"https:\/\/schema.org","@graph":[{"@type":"WebPage","@id":"https:\/\/melbet.plus\/hu\/bonus\/deposit-series\/","url":"https:\/\/melbet.plus\/hu\/bonus\/deposit-series\/","name":"Melbet bet\u00e9tsorozat: Kapj 40 000 Ft-ot a 3. \u00e9s 4. befizet\u00e9sre","isPartOf":{"@id":"https:\/\/melbet.plus\/hu\/#website"},"datePublished":"2025-04-25T07:51:03+00:00","dateModified":"2025-07-19T07:26:16+00:00","description":"Fizess be 2000 Ft-t\u00f3l a Melbetn\u00e9l \u00e9s kapj ak\u00e1r 40000 Ft b\u00f3nuszt a m\u00e1sodik, harmadik \u00e9s negyedik befizet\u00e9sedre! Automatikus felhalmoz\u00e1s, val\u00f3di kamat \u00e9s maxim\u00e1lis el\u0151ny\u00f6k - fogadj a nyeres\u00e9gedre, \u00e9s ne hagyd ki a lehet\u0151s\u00e9get!","breadcrumb":{"@id":"https:\/\/melbet.plus\/hu\/bonus\/deposit-series\/#breadcrumb"},"inLanguage":"hu","potentialAction":[{"@type":"ReadAction","target":["https:\/\/melbet.plus\/hu\/bonus\/deposit-series\/"]}]},{"@type":"BreadcrumbList","@id":"https:\/\/melbet.plus\/hu\/bonus\/deposit-series\/#breadcrumb","itemListElement":[{"@type":"ListItem","position":1,"name":"Home","item":"https:\/\/melbet.plus\/hu\/"},{"@type":"ListItem","position":2,"name":"B\u00f3nuszok","item":"https:\/\/melbet.plus\/hu\/bonus\/"},{"@type":"ListItem","position":3,"name":"Bet\u00e9tsorozat"}]},{"@type":"WebSite","@id":"https:\/\/melbet.plus\/hu\/#website","url":"https:\/\/melbet.plus\/hu\/","name":"Melbet hu","description":"My WordPress Blog","potentialAction":[{"@type":"SearchAction","target":{"@type":"EntryPoint","urlTemplate":"https:\/\/melbet.plus\/hu\/?s={search_term_string}"},"query-input":{"@type":"PropertyValueSpecification","valueRequired":true,"valueName":"search_term_string"}}],"inLanguage":"hu"}]}},"_links":{"self":[{"href":"https:\/\/melbet.plus\/hu\/wp-json\/wp\/v2\/pages\/751","targetHints":{"allow":["GET"]}}],"collection":[{"href":"https:\/\/melbet.plus\/hu\/wp-json\/wp\/v2\/pages"}],"about":[{"href":"https:\/\/melbet.plus\/hu\/wp-json\/wp\/v2\/types\/page"}],"author":[{"embeddable":true,"href":"https:\/\/melbet.plus\/hu\/wp-json\/wp\/v2\/users\/1"}],"replies":[{"embeddable":true,"href":"https:\/\/melbet.plus\/hu\/wp-json\/wp\/v2\/comments?post=751"}],"version-history":[{"count":6,"href":"https:\/\/melbet.plus\/hu\/wp-json\/wp\/v2\/pages\/751\/revisions"}],"predecessor-version":[{"id":879,"href":"https:\/\/melbet.plus\/hu\/wp-json\/wp\/v2\/pages\/751\/revisions\/879"}],"up":[{"embeddable":true,"href":"https:\/\/melbet.plus\/hu\/wp-json\/wp\/v2\/pages\/152"}],"wp:attachment":[{"href":"https:\/\/melbet.plus\/hu\/wp-json\/wp\/v2\/media?parent=751"}],"curies":[{"name":"wp","href":"https:\/\/api.w.org\/{rel}","templated":true}]}}