{"id":746,"date":"2025-04-25T07:31:56","date_gmt":"2025-04-25T07:31:56","guid":{"rendered":"https:\/\/melbet.plus\/hu\/?page_id=746"},"modified":"2025-07-19T07:26:53","modified_gmt":"2025-07-19T07:26:53","slug":"casino-welcome-package","status":"publish","type":"page","link":"https:\/\/melbet.plus\/hu\/bonus\/casino-welcome-package\/","title":{"rendered":"Kaszin\u00f3 \u00fcdv\u00f6zl\u0151 csomag"},"content":{"rendered":"","protected":false},"excerpt":{"rendered":"","protected":false},"author":1,"featured_media":0,"parent":152,"menu_order":0,"comment_status":"closed","ping_status":"closed","template":"","meta":{"inline_featured_image":false,"footnotes":""},"class_list":["post-746","page","type-page","status-publish","hentry"],"yoast_head":"<!-- This site is optimized with the Yoast SEO plugin v27.4 - https:\/\/yoast.com\/product\/yoast-seo-wordpress\/ -->\n<title>Melbet Casino \u00fcdv\u00f6zl\u0151 csomag: Ak\u00e1r 700000 HUF + 290 FS<\/title>\n<meta name=\"description\" content=\"K\u00e9szen \u00e1llsz a f\u0151nyerem\u00e9nyre? Szerezzen ak\u00e1r 700000 Ft-ot \u00e9s 290 ingyenes p\u00f6rget\u00e9st az els\u0151 \u00f6t befizet\u00e9s\u00e9vel a Melbet Casino-ban! Regisztr\u00e1lj, fizess be p\u00e9nzt, \u00e9s vedd fel a maxim\u00e1lis b\u00f3nuszokat \u00e9s ingyenes p\u00f6rget\u00e9seket - j\u00e1tssz nyeres\u00e9ggel, \u00e9s minden t\u00e9tb\u0151l nagyot kasz\u00e1lj!\" \/>\n<meta name=\"robots\" content=\"index, follow, max-snippet:-1, max-image-preview:large, max-video-preview:-1\" \/>\n<meta property=\"og:locale\" content=\"hu_HU\" \/>\n<meta property=\"og:type\" content=\"article\" \/>\n<meta property=\"og:title\" content=\"Melbet Casino \u00fcdv\u00f6zl\u0151 csomag: Ak\u00e1r 700000 HUF + 290 FS\" \/>\n<meta property=\"og:description\" content=\"K\u00e9szen \u00e1llsz a f\u0151nyerem\u00e9nyre? Szerezzen ak\u00e1r 700000 Ft-ot \u00e9s 290 ingyenes p\u00f6rget\u00e9st az els\u0151 \u00f6t befizet\u00e9s\u00e9vel a Melbet Casino-ban! Regisztr\u00e1lj, fizess be p\u00e9nzt, \u00e9s vedd fel a maxim\u00e1lis b\u00f3nuszokat \u00e9s ingyenes p\u00f6rget\u00e9seket - j\u00e1tssz nyeres\u00e9ggel, \u00e9s minden t\u00e9tb\u0151l nagyot kasz\u00e1lj!\" \/>\n<meta property=\"og:url\" content=\"https:\/\/melbet.plus\/hu\/bonus\/casino-welcome-package\/\" \/>\n<meta property=\"og:site_name\" content=\"Melbet hu\" \/>\n<meta property=\"article:modified_time\" content=\"2025-07-19T07:26:53+00:00\" \/>\n<meta name=\"twitter:card\" content=\"summary_large_image\" \/>\n<script type=\"application\/ld+json\" class=\"yoast-schema-graph\">{\"@context\":\"https:\\\/\\\/schema.org\",\"@graph\":[{\"@type\":\"WebPage\",\"@id\":\"https:\\\/\\\/melbet.plus\\\/hu\\\/bonus\\\/casino-welcome-package\\\/\",\"url\":\"https:\\\/\\\/melbet.plus\\\/hu\\\/bonus\\\/casino-welcome-package\\\/\",\"name\":\"Melbet Casino \u00fcdv\u00f6zl\u0151 csomag: Ak\u00e1r 700000 HUF + 290 FS\",\"isPartOf\":{\"@id\":\"https:\\\/\\\/melbet.plus\\\/hu\\\/#website\"},\"datePublished\":\"2025-04-25T07:31:56+00:00\",\"dateModified\":\"2025-07-19T07:26:53+00:00\",\"description\":\"K\u00e9szen \u00e1llsz a f\u0151nyerem\u00e9nyre? Szerezzen ak\u00e1r 700000 Ft-ot \u00e9s 290 ingyenes p\u00f6rget\u00e9st az els\u0151 \u00f6t befizet\u00e9s\u00e9vel a Melbet Casino-ban! Regisztr\u00e1lj, fizess be p\u00e9nzt, \u00e9s vedd fel a maxim\u00e1lis b\u00f3nuszokat \u00e9s ingyenes p\u00f6rget\u00e9seket - j\u00e1tssz nyeres\u00e9ggel, \u00e9s minden t\u00e9tb\u0151l nagyot kasz\u00e1lj!\",\"breadcrumb\":{\"@id\":\"https:\\\/\\\/melbet.plus\\\/hu\\\/bonus\\\/casino-welcome-package\\\/#breadcrumb\"},\"inLanguage\":\"hu\",\"potentialAction\":[{\"@type\":\"ReadAction\",\"target\":[\"https:\\\/\\\/melbet.plus\\\/hu\\\/bonus\\\/casino-welcome-package\\\/\"]}]},{\"@type\":\"BreadcrumbList\",\"@id\":\"https:\\\/\\\/melbet.plus\\\/hu\\\/bonus\\\/casino-welcome-package\\\/#breadcrumb\",\"itemListElement\":[{\"@type\":\"ListItem\",\"position\":1,\"name\":\"Home\",\"item\":\"https:\\\/\\\/melbet.plus\\\/hu\\\/\"},{\"@type\":\"ListItem\",\"position\":2,\"name\":\"B\u00f3nuszok\",\"item\":\"https:\\\/\\\/melbet.plus\\\/hu\\\/bonus\\\/\"},{\"@type\":\"ListItem\",\"position\":3,\"name\":\"Kaszin\u00f3 \u00fcdv\u00f6zl\u0151 csomag\"}]},{\"@type\":\"WebSite\",\"@id\":\"https:\\\/\\\/melbet.plus\\\/hu\\\/#website\",\"url\":\"https:\\\/\\\/melbet.plus\\\/hu\\\/\",\"name\":\"Melbet hu\",\"description\":\"My WordPress Blog\",\"potentialAction\":[{\"@type\":\"SearchAction\",\"target\":{\"@type\":\"EntryPoint\",\"urlTemplate\":\"https:\\\/\\\/melbet.plus\\\/hu\\\/?s={search_term_string}\"},\"query-input\":{\"@type\":\"PropertyValueSpecification\",\"valueRequired\":true,\"valueName\":\"search_term_string\"}}],\"inLanguage\":\"hu\"}]}<\/script>\n<!-- \/ Yoast SEO plugin. -->","yoast_head_json":{"title":"Melbet Casino \u00fcdv\u00f6zl\u0151 csomag: Ak\u00e1r 700000 HUF + 290 FS","description":"K\u00e9szen \u00e1llsz a f\u0151nyerem\u00e9nyre? Szerezzen ak\u00e1r 700000 Ft-ot \u00e9s 290 ingyenes p\u00f6rget\u00e9st az els\u0151 \u00f6t befizet\u00e9s\u00e9vel a Melbet Casino-ban! Regisztr\u00e1lj, fizess be p\u00e9nzt, \u00e9s vedd fel a maxim\u00e1lis b\u00f3nuszokat \u00e9s ingyenes p\u00f6rget\u00e9seket - j\u00e1tssz nyeres\u00e9ggel, \u00e9s minden t\u00e9tb\u0151l nagyot kasz\u00e1lj!","robots":{"index":"index","follow":"follow","max-snippet":"max-snippet:-1","max-image-preview":"max-image-preview:large","max-video-preview":"max-video-preview:-1"},"og_locale":"hu_HU","og_type":"article","og_title":"Melbet Casino \u00fcdv\u00f6zl\u0151 csomag: Ak\u00e1r 700000 HUF + 290 FS","og_description":"K\u00e9szen \u00e1llsz a f\u0151nyerem\u00e9nyre? Szerezzen ak\u00e1r 700000 Ft-ot \u00e9s 290 ingyenes p\u00f6rget\u00e9st az els\u0151 \u00f6t befizet\u00e9s\u00e9vel a Melbet Casino-ban! Regisztr\u00e1lj, fizess be p\u00e9nzt, \u00e9s vedd fel a maxim\u00e1lis b\u00f3nuszokat \u00e9s ingyenes p\u00f6rget\u00e9seket - j\u00e1tssz nyeres\u00e9ggel, \u00e9s minden t\u00e9tb\u0151l nagyot kasz\u00e1lj!","og_url":"https:\/\/melbet.plus\/hu\/bonus\/casino-welcome-package\/","og_site_name":"Melbet hu","article_modified_time":"2025-07-19T07:26:53+00:00","twitter_card":"summary_large_image","schema":{"@context":"https:\/\/schema.org","@graph":[{"@type":"WebPage","@id":"https:\/\/melbet.plus\/hu\/bonus\/casino-welcome-package\/","url":"https:\/\/melbet.plus\/hu\/bonus\/casino-welcome-package\/","name":"Melbet Casino \u00fcdv\u00f6zl\u0151 csomag: Ak\u00e1r 700000 HUF + 290 FS","isPartOf":{"@id":"https:\/\/melbet.plus\/hu\/#website"},"datePublished":"2025-04-25T07:31:56+00:00","dateModified":"2025-07-19T07:26:53+00:00","description":"K\u00e9szen \u00e1llsz a f\u0151nyerem\u00e9nyre? Szerezzen ak\u00e1r 700000 Ft-ot \u00e9s 290 ingyenes p\u00f6rget\u00e9st az els\u0151 \u00f6t befizet\u00e9s\u00e9vel a Melbet Casino-ban! Regisztr\u00e1lj, fizess be p\u00e9nzt, \u00e9s vedd fel a maxim\u00e1lis b\u00f3nuszokat \u00e9s ingyenes p\u00f6rget\u00e9seket - j\u00e1tssz nyeres\u00e9ggel, \u00e9s minden t\u00e9tb\u0151l nagyot kasz\u00e1lj!","breadcrumb":{"@id":"https:\/\/melbet.plus\/hu\/bonus\/casino-welcome-package\/#breadcrumb"},"inLanguage":"hu","potentialAction":[{"@type":"ReadAction","target":["https:\/\/melbet.plus\/hu\/bonus\/casino-welcome-package\/"]}]},{"@type":"BreadcrumbList","@id":"https:\/\/melbet.plus\/hu\/bonus\/casino-welcome-package\/#breadcrumb","itemListElement":[{"@type":"ListItem","position":1,"name":"Home","item":"https:\/\/melbet.plus\/hu\/"},{"@type":"ListItem","position":2,"name":"B\u00f3nuszok","item":"https:\/\/melbet.plus\/hu\/bonus\/"},{"@type":"ListItem","position":3,"name":"Kaszin\u00f3 \u00fcdv\u00f6zl\u0151 csomag"}]},{"@type":"WebSite","@id":"https:\/\/melbet.plus\/hu\/#website","url":"https:\/\/melbet.plus\/hu\/","name":"Melbet hu","description":"My WordPress Blog","potentialAction":[{"@type":"SearchAction","target":{"@type":"EntryPoint","urlTemplate":"https:\/\/melbet.plus\/hu\/?s={search_term_string}"},"query-input":{"@type":"PropertyValueSpecification","valueRequired":true,"valueName":"search_term_string"}}],"inLanguage":"hu"}]}},"_links":{"self":[{"href":"https:\/\/melbet.plus\/hu\/wp-json\/wp\/v2\/pages\/746","targetHints":{"allow":["GET"]}}],"collection":[{"href":"https:\/\/melbet.plus\/hu\/wp-json\/wp\/v2\/pages"}],"about":[{"href":"https:\/\/melbet.plus\/hu\/wp-json\/wp\/v2\/types\/page"}],"author":[{"embeddable":true,"href":"https:\/\/melbet.plus\/hu\/wp-json\/wp\/v2\/users\/1"}],"replies":[{"embeddable":true,"href":"https:\/\/melbet.plus\/hu\/wp-json\/wp\/v2\/comments?post=746"}],"version-history":[{"count":6,"href":"https:\/\/melbet.plus\/hu\/wp-json\/wp\/v2\/pages\/746\/revisions"}],"predecessor-version":[{"id":877,"href":"https:\/\/melbet.plus\/hu\/wp-json\/wp\/v2\/pages\/746\/revisions\/877"}],"up":[{"embeddable":true,"href":"https:\/\/melbet.plus\/hu\/wp-json\/wp\/v2\/pages\/152"}],"wp:attachment":[{"href":"https:\/\/melbet.plus\/hu\/wp-json\/wp\/v2\/media?parent=746"}],"curies":[{"name":"wp","href":"https:\/\/api.w.org\/{rel}","templated":true}]}}