{"id":387,"date":"2024-08-16T14:55:48","date_gmt":"2024-08-16T14:55:48","guid":{"rendered":"https:\/\/melbet.plus\/hu\/?page_id=387"},"modified":"2025-07-09T07:30:33","modified_gmt":"2025-07-09T07:30:33","slug":"promo-code","status":"publish","type":"page","link":"https:\/\/melbet.plus\/hu\/promo-code\/","title":{"rendered":"Promo k\u00f3d"},"content":{"rendered":"","protected":false},"excerpt":{"rendered":"","protected":false},"author":1,"featured_media":0,"parent":0,"menu_order":0,"comment_status":"closed","ping_status":"closed","template":"","meta":{"inline_featured_image":false,"footnotes":""},"class_list":["post-387","page","type-page","status-publish","hentry"],"yoast_head":"<!-- This site is optimized with the Yoast SEO plugin v27.3 - https:\/\/yoast.com\/product\/yoast-seo-wordpress\/ -->\n<title>Melbet Promo k\u00f3d regisztr\u00e1ci\u00f3hoz \u00e9s App 2025<\/title>\n<meta name=\"description\" content=\"Ismerje meg a jelenlegi Melbet prom\u00f3ci\u00f3s k\u00f3dok el\u00e9rhet\u0151 sport \u00e9s kaszin\u00f3 fogad\u00e1sok 2025 \ud83d\uddf8 Ismerje meg, hogyan kell haszn\u00e1lni Melbet prom\u00f3ci\u00f3s k\u00f3d \u00e9s kap +100% az \u00f6sszeg az els\u0151 befizet\u00e9s!\" \/>\n<meta name=\"robots\" content=\"index, follow, max-snippet:-1, max-image-preview:large, max-video-preview:-1\" \/>\n<meta property=\"og:locale\" content=\"hu_HU\" \/>\n<meta property=\"og:type\" content=\"article\" \/>\n<meta property=\"og:title\" content=\"Melbet Promo k\u00f3d regisztr\u00e1ci\u00f3hoz \u00e9s App 2025\" \/>\n<meta property=\"og:description\" content=\"Ismerje meg a jelenlegi Melbet prom\u00f3ci\u00f3s k\u00f3dok el\u00e9rhet\u0151 sport \u00e9s kaszin\u00f3 fogad\u00e1sok 2025 \ud83d\uddf8 Ismerje meg, hogyan kell haszn\u00e1lni Melbet prom\u00f3ci\u00f3s k\u00f3d \u00e9s kap +100% az \u00f6sszeg az els\u0151 befizet\u00e9s!\" \/>\n<meta property=\"og:url\" content=\"https:\/\/melbet.plus\/hu\/promo-code\/\" \/>\n<meta property=\"og:site_name\" content=\"Melbet hu\" \/>\n<meta property=\"article:modified_time\" content=\"2025-07-09T07:30:33+00:00\" \/>\n<meta name=\"twitter:card\" content=\"summary_large_image\" \/>\n<script type=\"application\/ld+json\" class=\"yoast-schema-graph\">{\"@context\":\"https:\\\/\\\/schema.org\",\"@graph\":[{\"@type\":\"WebPage\",\"@id\":\"https:\\\/\\\/melbet.plus\\\/hu\\\/promo-code\\\/\",\"url\":\"https:\\\/\\\/melbet.plus\\\/hu\\\/promo-code\\\/\",\"name\":\"Melbet Promo k\u00f3d regisztr\u00e1ci\u00f3hoz \u00e9s App 2025\",\"isPartOf\":{\"@id\":\"https:\\\/\\\/melbet.plus\\\/hu\\\/#website\"},\"datePublished\":\"2024-08-16T14:55:48+00:00\",\"dateModified\":\"2025-07-09T07:30:33+00:00\",\"description\":\"Ismerje meg a jelenlegi Melbet prom\u00f3ci\u00f3s k\u00f3dok el\u00e9rhet\u0151 sport \u00e9s kaszin\u00f3 fogad\u00e1sok 2025 \ud83d\uddf8 Ismerje meg, hogyan kell haszn\u00e1lni Melbet prom\u00f3ci\u00f3s k\u00f3d \u00e9s kap +100% az \u00f6sszeg az els\u0151 befizet\u00e9s!\",\"breadcrumb\":{\"@id\":\"https:\\\/\\\/melbet.plus\\\/hu\\\/promo-code\\\/#breadcrumb\"},\"inLanguage\":\"hu\",\"potentialAction\":[{\"@type\":\"ReadAction\",\"target\":[\"https:\\\/\\\/melbet.plus\\\/hu\\\/promo-code\\\/\"]}]},{\"@type\":\"BreadcrumbList\",\"@id\":\"https:\\\/\\\/melbet.plus\\\/hu\\\/promo-code\\\/#breadcrumb\",\"itemListElement\":[{\"@type\":\"ListItem\",\"position\":1,\"name\":\"Home\",\"item\":\"https:\\\/\\\/melbet.plus\\\/hu\\\/\"},{\"@type\":\"ListItem\",\"position\":2,\"name\":\"Promo k\u00f3d\"}]},{\"@type\":\"WebSite\",\"@id\":\"https:\\\/\\\/melbet.plus\\\/hu\\\/#website\",\"url\":\"https:\\\/\\\/melbet.plus\\\/hu\\\/\",\"name\":\"Melbet hu\",\"description\":\"My WordPress Blog\",\"potentialAction\":[{\"@type\":\"SearchAction\",\"target\":{\"@type\":\"EntryPoint\",\"urlTemplate\":\"https:\\\/\\\/melbet.plus\\\/hu\\\/?s={search_term_string}\"},\"query-input\":{\"@type\":\"PropertyValueSpecification\",\"valueRequired\":true,\"valueName\":\"search_term_string\"}}],\"inLanguage\":\"hu\"}]}<\/script>\n<!-- \/ Yoast SEO plugin. -->","yoast_head_json":{"title":"Melbet Promo k\u00f3d regisztr\u00e1ci\u00f3hoz \u00e9s App 2025","description":"Ismerje meg a jelenlegi Melbet prom\u00f3ci\u00f3s k\u00f3dok el\u00e9rhet\u0151 sport \u00e9s kaszin\u00f3 fogad\u00e1sok 2025 \ud83d\uddf8 Ismerje meg, hogyan kell haszn\u00e1lni Melbet prom\u00f3ci\u00f3s k\u00f3d \u00e9s kap +100% az \u00f6sszeg az els\u0151 befizet\u00e9s!","robots":{"index":"index","follow":"follow","max-snippet":"max-snippet:-1","max-image-preview":"max-image-preview:large","max-video-preview":"max-video-preview:-1"},"og_locale":"hu_HU","og_type":"article","og_title":"Melbet Promo k\u00f3d regisztr\u00e1ci\u00f3hoz \u00e9s App 2025","og_description":"Ismerje meg a jelenlegi Melbet prom\u00f3ci\u00f3s k\u00f3dok el\u00e9rhet\u0151 sport \u00e9s kaszin\u00f3 fogad\u00e1sok 2025 \ud83d\uddf8 Ismerje meg, hogyan kell haszn\u00e1lni Melbet prom\u00f3ci\u00f3s k\u00f3d \u00e9s kap +100% az \u00f6sszeg az els\u0151 befizet\u00e9s!","og_url":"https:\/\/melbet.plus\/hu\/promo-code\/","og_site_name":"Melbet hu","article_modified_time":"2025-07-09T07:30:33+00:00","twitter_card":"summary_large_image","schema":{"@context":"https:\/\/schema.org","@graph":[{"@type":"WebPage","@id":"https:\/\/melbet.plus\/hu\/promo-code\/","url":"https:\/\/melbet.plus\/hu\/promo-code\/","name":"Melbet Promo k\u00f3d regisztr\u00e1ci\u00f3hoz \u00e9s App 2025","isPartOf":{"@id":"https:\/\/melbet.plus\/hu\/#website"},"datePublished":"2024-08-16T14:55:48+00:00","dateModified":"2025-07-09T07:30:33+00:00","description":"Ismerje meg a jelenlegi Melbet prom\u00f3ci\u00f3s k\u00f3dok el\u00e9rhet\u0151 sport \u00e9s kaszin\u00f3 fogad\u00e1sok 2025 \ud83d\uddf8 Ismerje meg, hogyan kell haszn\u00e1lni Melbet prom\u00f3ci\u00f3s k\u00f3d \u00e9s kap +100% az \u00f6sszeg az els\u0151 befizet\u00e9s!","breadcrumb":{"@id":"https:\/\/melbet.plus\/hu\/promo-code\/#breadcrumb"},"inLanguage":"hu","potentialAction":[{"@type":"ReadAction","target":["https:\/\/melbet.plus\/hu\/promo-code\/"]}]},{"@type":"BreadcrumbList","@id":"https:\/\/melbet.plus\/hu\/promo-code\/#breadcrumb","itemListElement":[{"@type":"ListItem","position":1,"name":"Home","item":"https:\/\/melbet.plus\/hu\/"},{"@type":"ListItem","position":2,"name":"Promo k\u00f3d"}]},{"@type":"WebSite","@id":"https:\/\/melbet.plus\/hu\/#website","url":"https:\/\/melbet.plus\/hu\/","name":"Melbet hu","description":"My WordPress Blog","potentialAction":[{"@type":"SearchAction","target":{"@type":"EntryPoint","urlTemplate":"https:\/\/melbet.plus\/hu\/?s={search_term_string}"},"query-input":{"@type":"PropertyValueSpecification","valueRequired":true,"valueName":"search_term_string"}}],"inLanguage":"hu"}]}},"_links":{"self":[{"href":"https:\/\/melbet.plus\/hu\/wp-json\/wp\/v2\/pages\/387","targetHints":{"allow":["GET"]}}],"collection":[{"href":"https:\/\/melbet.plus\/hu\/wp-json\/wp\/v2\/pages"}],"about":[{"href":"https:\/\/melbet.plus\/hu\/wp-json\/wp\/v2\/types\/page"}],"author":[{"embeddable":true,"href":"https:\/\/melbet.plus\/hu\/wp-json\/wp\/v2\/users\/1"}],"replies":[{"embeddable":true,"href":"https:\/\/melbet.plus\/hu\/wp-json\/wp\/v2\/comments?post=387"}],"version-history":[{"count":35,"href":"https:\/\/melbet.plus\/hu\/wp-json\/wp\/v2\/pages\/387\/revisions"}],"predecessor-version":[{"id":895,"href":"https:\/\/melbet.plus\/hu\/wp-json\/wp\/v2\/pages\/387\/revisions\/895"}],"wp:attachment":[{"href":"https:\/\/melbet.plus\/hu\/wp-json\/wp\/v2\/media?parent=387"}],"curies":[{"name":"wp","href":"https:\/\/api.w.org\/{rel}","templated":true}]}}