{"id":328,"date":"2024-08-15T09:32:52","date_gmt":"2024-08-15T09:32:52","guid":{"rendered":"https:\/\/melbet.plus\/hu\/?page_id=328"},"modified":"2025-07-09T07:38:24","modified_gmt":"2025-07-09T07:38:24","slug":"registration","status":"publish","type":"page","link":"https:\/\/melbet.plus\/hu\/registration\/","title":{"rendered":"Regisztr\u00e1ci\u00f3"},"content":{"rendered":"","protected":false},"excerpt":{"rendered":"","protected":false},"author":1,"featured_media":0,"parent":0,"menu_order":0,"comment_status":"closed","ping_status":"closed","template":"","meta":{"inline_featured_image":false,"footnotes":""},"class_list":["post-328","page","type-page","status-publish","hentry"],"yoast_head":"<!-- This site is optimized with the Yoast SEO plugin v27.3 - https:\/\/yoast.com\/product\/yoast-seo-wordpress\/ -->\n<title>Melbet sz\u00e1mla regisztr\u00e1ci\u00f3 \u00e9s ellen\u0151rz\u00e9s<\/title>\n<meta name=\"description\" content=\"A Melbet-fi\u00f3k regisztr\u00e1ci\u00f3ja nagyon egyszer\u0171 \u00e9s egy\u00e9rtelm\u0171, \u00e9s ezt n\u00e9gyf\u00e9lek\u00e9ppen teheti meg: e-mailben, telefonsz\u00e1mon, egy kattint\u00e1ssal vagy egy k\u00f6z\u00f6ss\u00e9gi h\u00e1l\u00f3zaton kereszt\u00fcl.\" \/>\n<meta name=\"robots\" content=\"index, follow, max-snippet:-1, max-image-preview:large, max-video-preview:-1\" \/>\n<meta property=\"og:locale\" content=\"hu_HU\" \/>\n<meta property=\"og:type\" content=\"article\" \/>\n<meta property=\"og:title\" content=\"Melbet sz\u00e1mla regisztr\u00e1ci\u00f3 \u00e9s ellen\u0151rz\u00e9s\" \/>\n<meta property=\"og:description\" content=\"A Melbet-fi\u00f3k regisztr\u00e1ci\u00f3ja nagyon egyszer\u0171 \u00e9s egy\u00e9rtelm\u0171, \u00e9s ezt n\u00e9gyf\u00e9lek\u00e9ppen teheti meg: e-mailben, telefonsz\u00e1mon, egy kattint\u00e1ssal vagy egy k\u00f6z\u00f6ss\u00e9gi h\u00e1l\u00f3zaton kereszt\u00fcl.\" \/>\n<meta property=\"og:url\" content=\"https:\/\/melbet.plus\/hu\/registration\/\" \/>\n<meta property=\"og:site_name\" content=\"Melbet hu\" \/>\n<meta property=\"article:modified_time\" content=\"2025-07-09T07:38:24+00:00\" \/>\n<meta name=\"twitter:card\" content=\"summary_large_image\" \/>\n<script type=\"application\/ld+json\" class=\"yoast-schema-graph\">{\"@context\":\"https:\\\/\\\/schema.org\",\"@graph\":[{\"@type\":\"WebPage\",\"@id\":\"https:\\\/\\\/melbet.plus\\\/hu\\\/registration\\\/\",\"url\":\"https:\\\/\\\/melbet.plus\\\/hu\\\/registration\\\/\",\"name\":\"Melbet sz\u00e1mla regisztr\u00e1ci\u00f3 \u00e9s ellen\u0151rz\u00e9s\",\"isPartOf\":{\"@id\":\"https:\\\/\\\/melbet.plus\\\/hu\\\/#website\"},\"datePublished\":\"2024-08-15T09:32:52+00:00\",\"dateModified\":\"2025-07-09T07:38:24+00:00\",\"description\":\"A Melbet-fi\u00f3k regisztr\u00e1ci\u00f3ja nagyon egyszer\u0171 \u00e9s egy\u00e9rtelm\u0171, \u00e9s ezt n\u00e9gyf\u00e9lek\u00e9ppen teheti meg: e-mailben, telefonsz\u00e1mon, egy kattint\u00e1ssal vagy egy k\u00f6z\u00f6ss\u00e9gi h\u00e1l\u00f3zaton kereszt\u00fcl.\",\"breadcrumb\":{\"@id\":\"https:\\\/\\\/melbet.plus\\\/hu\\\/registration\\\/#breadcrumb\"},\"inLanguage\":\"hu\",\"potentialAction\":[{\"@type\":\"ReadAction\",\"target\":[\"https:\\\/\\\/melbet.plus\\\/hu\\\/registration\\\/\"]}]},{\"@type\":\"BreadcrumbList\",\"@id\":\"https:\\\/\\\/melbet.plus\\\/hu\\\/registration\\\/#breadcrumb\",\"itemListElement\":[{\"@type\":\"ListItem\",\"position\":1,\"name\":\"Home\",\"item\":\"https:\\\/\\\/melbet.plus\\\/hu\\\/\"},{\"@type\":\"ListItem\",\"position\":2,\"name\":\"Regisztr\u00e1ci\u00f3\"}]},{\"@type\":\"WebSite\",\"@id\":\"https:\\\/\\\/melbet.plus\\\/hu\\\/#website\",\"url\":\"https:\\\/\\\/melbet.plus\\\/hu\\\/\",\"name\":\"Melbet hu\",\"description\":\"My WordPress Blog\",\"potentialAction\":[{\"@type\":\"SearchAction\",\"target\":{\"@type\":\"EntryPoint\",\"urlTemplate\":\"https:\\\/\\\/melbet.plus\\\/hu\\\/?s={search_term_string}\"},\"query-input\":{\"@type\":\"PropertyValueSpecification\",\"valueRequired\":true,\"valueName\":\"search_term_string\"}}],\"inLanguage\":\"hu\"}]}<\/script>\n<!-- \/ Yoast SEO plugin. -->","yoast_head_json":{"title":"Melbet sz\u00e1mla regisztr\u00e1ci\u00f3 \u00e9s ellen\u0151rz\u00e9s","description":"A Melbet-fi\u00f3k regisztr\u00e1ci\u00f3ja nagyon egyszer\u0171 \u00e9s egy\u00e9rtelm\u0171, \u00e9s ezt n\u00e9gyf\u00e9lek\u00e9ppen teheti meg: e-mailben, telefonsz\u00e1mon, egy kattint\u00e1ssal vagy egy k\u00f6z\u00f6ss\u00e9gi h\u00e1l\u00f3zaton kereszt\u00fcl.","robots":{"index":"index","follow":"follow","max-snippet":"max-snippet:-1","max-image-preview":"max-image-preview:large","max-video-preview":"max-video-preview:-1"},"og_locale":"hu_HU","og_type":"article","og_title":"Melbet sz\u00e1mla regisztr\u00e1ci\u00f3 \u00e9s ellen\u0151rz\u00e9s","og_description":"A Melbet-fi\u00f3k regisztr\u00e1ci\u00f3ja nagyon egyszer\u0171 \u00e9s egy\u00e9rtelm\u0171, \u00e9s ezt n\u00e9gyf\u00e9lek\u00e9ppen teheti meg: e-mailben, telefonsz\u00e1mon, egy kattint\u00e1ssal vagy egy k\u00f6z\u00f6ss\u00e9gi h\u00e1l\u00f3zaton kereszt\u00fcl.","og_url":"https:\/\/melbet.plus\/hu\/registration\/","og_site_name":"Melbet hu","article_modified_time":"2025-07-09T07:38:24+00:00","twitter_card":"summary_large_image","schema":{"@context":"https:\/\/schema.org","@graph":[{"@type":"WebPage","@id":"https:\/\/melbet.plus\/hu\/registration\/","url":"https:\/\/melbet.plus\/hu\/registration\/","name":"Melbet sz\u00e1mla regisztr\u00e1ci\u00f3 \u00e9s ellen\u0151rz\u00e9s","isPartOf":{"@id":"https:\/\/melbet.plus\/hu\/#website"},"datePublished":"2024-08-15T09:32:52+00:00","dateModified":"2025-07-09T07:38:24+00:00","description":"A Melbet-fi\u00f3k regisztr\u00e1ci\u00f3ja nagyon egyszer\u0171 \u00e9s egy\u00e9rtelm\u0171, \u00e9s ezt n\u00e9gyf\u00e9lek\u00e9ppen teheti meg: e-mailben, telefonsz\u00e1mon, egy kattint\u00e1ssal vagy egy k\u00f6z\u00f6ss\u00e9gi h\u00e1l\u00f3zaton kereszt\u00fcl.","breadcrumb":{"@id":"https:\/\/melbet.plus\/hu\/registration\/#breadcrumb"},"inLanguage":"hu","potentialAction":[{"@type":"ReadAction","target":["https:\/\/melbet.plus\/hu\/registration\/"]}]},{"@type":"BreadcrumbList","@id":"https:\/\/melbet.plus\/hu\/registration\/#breadcrumb","itemListElement":[{"@type":"ListItem","position":1,"name":"Home","item":"https:\/\/melbet.plus\/hu\/"},{"@type":"ListItem","position":2,"name":"Regisztr\u00e1ci\u00f3"}]},{"@type":"WebSite","@id":"https:\/\/melbet.plus\/hu\/#website","url":"https:\/\/melbet.plus\/hu\/","name":"Melbet hu","description":"My WordPress Blog","potentialAction":[{"@type":"SearchAction","target":{"@type":"EntryPoint","urlTemplate":"https:\/\/melbet.plus\/hu\/?s={search_term_string}"},"query-input":{"@type":"PropertyValueSpecification","valueRequired":true,"valueName":"search_term_string"}}],"inLanguage":"hu"}]}},"_links":{"self":[{"href":"https:\/\/melbet.plus\/hu\/wp-json\/wp\/v2\/pages\/328","targetHints":{"allow":["GET"]}}],"collection":[{"href":"https:\/\/melbet.plus\/hu\/wp-json\/wp\/v2\/pages"}],"about":[{"href":"https:\/\/melbet.plus\/hu\/wp-json\/wp\/v2\/types\/page"}],"author":[{"embeddable":true,"href":"https:\/\/melbet.plus\/hu\/wp-json\/wp\/v2\/users\/1"}],"replies":[{"embeddable":true,"href":"https:\/\/melbet.plus\/hu\/wp-json\/wp\/v2\/comments?post=328"}],"version-history":[{"count":30,"href":"https:\/\/melbet.plus\/hu\/wp-json\/wp\/v2\/pages\/328\/revisions"}],"predecessor-version":[{"id":897,"href":"https:\/\/melbet.plus\/hu\/wp-json\/wp\/v2\/pages\/328\/revisions\/897"}],"wp:attachment":[{"href":"https:\/\/melbet.plus\/hu\/wp-json\/wp\/v2\/media?parent=328"}],"curies":[{"name":"wp","href":"https:\/\/api.w.org\/{rel}","templated":true}]}}