{"id":271,"date":"2024-07-11T15:04:21","date_gmt":"2024-07-11T15:04:21","guid":{"rendered":"https:\/\/melbet.plus\/hu\/?page_id=271"},"modified":"2025-07-09T05:12:37","modified_gmt":"2025-07-09T05:12:37","slug":"app","status":"publish","type":"page","link":"https:\/\/melbet.plus\/hu\/app\/","title":{"rendered":"App"},"content":{"rendered":"","protected":false},"excerpt":{"rendered":"","protected":false},"author":1,"featured_media":0,"parent":0,"menu_order":0,"comment_status":"closed","ping_status":"closed","template":"","meta":{"inline_featured_image":false,"footnotes":""},"class_list":["post-271","page","type-page","status-publish","hentry"],"yoast_head":"<!-- This site is optimized with the Yoast SEO plugin v27.3 - https:\/\/yoast.com\/product\/yoast-seo-wordpress\/ -->\n<title>Melbet App let\u00f6lt\u00e9se Androidra \u00e9s iOS-re 2025-ben INGYENESEN<\/title>\n<meta name=\"description\" content=\"T\u00f6ltse le a hivatalos Melbet alkalmaz\u00e1st \ud83d\udcf1 Androidra \u00e9s iOS-re (iPhone \u00e9s iPad) ingyenesen 2025-ben \u2705 Leg\u00fajabb Melbet App verzi\u00f3 \u26a1 100% \u00fcdv\u00f6zl\u0151 b\u00f3nusz az els\u0151 befizet\u00e9shez\" \/>\n<meta name=\"robots\" content=\"index, follow, max-snippet:-1, max-image-preview:large, max-video-preview:-1\" \/>\n<meta property=\"og:locale\" content=\"hu_HU\" \/>\n<meta property=\"og:type\" content=\"article\" \/>\n<meta property=\"og:title\" content=\"Melbet App let\u00f6lt\u00e9se Androidra \u00e9s iOS-re 2025-ben INGYENESEN\" \/>\n<meta property=\"og:description\" content=\"T\u00f6ltse le a hivatalos Melbet alkalmaz\u00e1st \ud83d\udcf1 Androidra \u00e9s iOS-re (iPhone \u00e9s iPad) ingyenesen 2025-ben \u2705 Leg\u00fajabb Melbet App verzi\u00f3 \u26a1 100% \u00fcdv\u00f6zl\u0151 b\u00f3nusz az els\u0151 befizet\u00e9shez\" \/>\n<meta property=\"og:url\" content=\"https:\/\/melbet.plus\/hu\/app\/\" \/>\n<meta property=\"og:site_name\" content=\"Melbet hu\" \/>\n<meta property=\"article:modified_time\" content=\"2025-07-09T05:12:37+00:00\" \/>\n<meta name=\"twitter:card\" content=\"summary_large_image\" \/>\n<script type=\"application\/ld+json\" class=\"yoast-schema-graph\">{\"@context\":\"https:\\\/\\\/schema.org\",\"@graph\":[{\"@type\":\"WebPage\",\"@id\":\"https:\\\/\\\/melbet.plus\\\/hu\\\/app\\\/\",\"url\":\"https:\\\/\\\/melbet.plus\\\/hu\\\/app\\\/\",\"name\":\"Melbet App let\u00f6lt\u00e9se Androidra \u00e9s iOS-re 2025-ben INGYENESEN\",\"isPartOf\":{\"@id\":\"https:\\\/\\\/melbet.plus\\\/hu\\\/#website\"},\"datePublished\":\"2024-07-11T15:04:21+00:00\",\"dateModified\":\"2025-07-09T05:12:37+00:00\",\"description\":\"T\u00f6ltse le a hivatalos Melbet alkalmaz\u00e1st \ud83d\udcf1 Androidra \u00e9s iOS-re (iPhone \u00e9s iPad) ingyenesen 2025-ben \u2705 Leg\u00fajabb Melbet App verzi\u00f3 \u26a1 100% \u00fcdv\u00f6zl\u0151 b\u00f3nusz az els\u0151 befizet\u00e9shez\",\"breadcrumb\":{\"@id\":\"https:\\\/\\\/melbet.plus\\\/hu\\\/app\\\/#breadcrumb\"},\"inLanguage\":\"hu\",\"potentialAction\":[{\"@type\":\"ReadAction\",\"target\":[\"https:\\\/\\\/melbet.plus\\\/hu\\\/app\\\/\"]}]},{\"@type\":\"BreadcrumbList\",\"@id\":\"https:\\\/\\\/melbet.plus\\\/hu\\\/app\\\/#breadcrumb\",\"itemListElement\":[{\"@type\":\"ListItem\",\"position\":1,\"name\":\"Home\",\"item\":\"https:\\\/\\\/melbet.plus\\\/hu\\\/\"},{\"@type\":\"ListItem\",\"position\":2,\"name\":\"App\"}]},{\"@type\":\"WebSite\",\"@id\":\"https:\\\/\\\/melbet.plus\\\/hu\\\/#website\",\"url\":\"https:\\\/\\\/melbet.plus\\\/hu\\\/\",\"name\":\"Melbet hu\",\"description\":\"My WordPress Blog\",\"potentialAction\":[{\"@type\":\"SearchAction\",\"target\":{\"@type\":\"EntryPoint\",\"urlTemplate\":\"https:\\\/\\\/melbet.plus\\\/hu\\\/?s={search_term_string}\"},\"query-input\":{\"@type\":\"PropertyValueSpecification\",\"valueRequired\":true,\"valueName\":\"search_term_string\"}}],\"inLanguage\":\"hu\"}]}<\/script>\n<!-- \/ Yoast SEO plugin. -->","yoast_head_json":{"title":"Melbet App let\u00f6lt\u00e9se Androidra \u00e9s iOS-re 2025-ben INGYENESEN","description":"T\u00f6ltse le a hivatalos Melbet alkalmaz\u00e1st \ud83d\udcf1 Androidra \u00e9s iOS-re (iPhone \u00e9s iPad) ingyenesen 2025-ben \u2705 Leg\u00fajabb Melbet App verzi\u00f3 \u26a1 100% \u00fcdv\u00f6zl\u0151 b\u00f3nusz az els\u0151 befizet\u00e9shez","robots":{"index":"index","follow":"follow","max-snippet":"max-snippet:-1","max-image-preview":"max-image-preview:large","max-video-preview":"max-video-preview:-1"},"og_locale":"hu_HU","og_type":"article","og_title":"Melbet App let\u00f6lt\u00e9se Androidra \u00e9s iOS-re 2025-ben INGYENESEN","og_description":"T\u00f6ltse le a hivatalos Melbet alkalmaz\u00e1st \ud83d\udcf1 Androidra \u00e9s iOS-re (iPhone \u00e9s iPad) ingyenesen 2025-ben \u2705 Leg\u00fajabb Melbet App verzi\u00f3 \u26a1 100% \u00fcdv\u00f6zl\u0151 b\u00f3nusz az els\u0151 befizet\u00e9shez","og_url":"https:\/\/melbet.plus\/hu\/app\/","og_site_name":"Melbet hu","article_modified_time":"2025-07-09T05:12:37+00:00","twitter_card":"summary_large_image","schema":{"@context":"https:\/\/schema.org","@graph":[{"@type":"WebPage","@id":"https:\/\/melbet.plus\/hu\/app\/","url":"https:\/\/melbet.plus\/hu\/app\/","name":"Melbet App let\u00f6lt\u00e9se Androidra \u00e9s iOS-re 2025-ben INGYENESEN","isPartOf":{"@id":"https:\/\/melbet.plus\/hu\/#website"},"datePublished":"2024-07-11T15:04:21+00:00","dateModified":"2025-07-09T05:12:37+00:00","description":"T\u00f6ltse le a hivatalos Melbet alkalmaz\u00e1st \ud83d\udcf1 Androidra \u00e9s iOS-re (iPhone \u00e9s iPad) ingyenesen 2025-ben \u2705 Leg\u00fajabb Melbet App verzi\u00f3 \u26a1 100% \u00fcdv\u00f6zl\u0151 b\u00f3nusz az els\u0151 befizet\u00e9shez","breadcrumb":{"@id":"https:\/\/melbet.plus\/hu\/app\/#breadcrumb"},"inLanguage":"hu","potentialAction":[{"@type":"ReadAction","target":["https:\/\/melbet.plus\/hu\/app\/"]}]},{"@type":"BreadcrumbList","@id":"https:\/\/melbet.plus\/hu\/app\/#breadcrumb","itemListElement":[{"@type":"ListItem","position":1,"name":"Home","item":"https:\/\/melbet.plus\/hu\/"},{"@type":"ListItem","position":2,"name":"App"}]},{"@type":"WebSite","@id":"https:\/\/melbet.plus\/hu\/#website","url":"https:\/\/melbet.plus\/hu\/","name":"Melbet hu","description":"My WordPress Blog","potentialAction":[{"@type":"SearchAction","target":{"@type":"EntryPoint","urlTemplate":"https:\/\/melbet.plus\/hu\/?s={search_term_string}"},"query-input":{"@type":"PropertyValueSpecification","valueRequired":true,"valueName":"search_term_string"}}],"inLanguage":"hu"}]}},"_links":{"self":[{"href":"https:\/\/melbet.plus\/hu\/wp-json\/wp\/v2\/pages\/271","targetHints":{"allow":["GET"]}}],"collection":[{"href":"https:\/\/melbet.plus\/hu\/wp-json\/wp\/v2\/pages"}],"about":[{"href":"https:\/\/melbet.plus\/hu\/wp-json\/wp\/v2\/types\/page"}],"author":[{"embeddable":true,"href":"https:\/\/melbet.plus\/hu\/wp-json\/wp\/v2\/users\/1"}],"replies":[{"embeddable":true,"href":"https:\/\/melbet.plus\/hu\/wp-json\/wp\/v2\/comments?post=271"}],"version-history":[{"count":49,"href":"https:\/\/melbet.plus\/hu\/wp-json\/wp\/v2\/pages\/271\/revisions"}],"predecessor-version":[{"id":872,"href":"https:\/\/melbet.plus\/hu\/wp-json\/wp\/v2\/pages\/271\/revisions\/872"}],"wp:attachment":[{"href":"https:\/\/melbet.plus\/hu\/wp-json\/wp\/v2\/media?parent=271"}],"curies":[{"name":"wp","href":"https:\/\/api.w.org\/{rel}","templated":true}]}}