{"id":826,"date":"2025-06-04T14:47:16","date_gmt":"2025-06-04T14:47:16","guid":{"rendered":"https:\/\/melbet.plus\/et\/?page_id=826"},"modified":"2025-07-08T14:12:09","modified_gmt":"2025-07-08T14:12:09","slug":"safe-bet","status":"publish","type":"page","link":"https:\/\/melbet.plus\/et\/bonus\/safe-bet\/","title":{"rendered":"Kindel panus"},"content":{"rendered":"","protected":false},"excerpt":{"rendered":"","protected":false},"author":1,"featured_media":0,"parent":152,"menu_order":0,"comment_status":"closed","ping_status":"closed","template":"","meta":{"inline_featured_image":false,"footnotes":""},"class_list":["post-826","page","type-page","status-publish","hentry"],"yoast_head":"<!-- This site is optimized with the Yoast SEO plugin v27.4 - https:\/\/yoast.com\/product\/yoast-seo-wordpress\/ -->\n<title>Melbet kaitstud panus \u1409 Saate tasuta panuseid kaotuse korral<\/title>\n<meta name=\"description\" content=\"\u00c4rge v\u00f5tke riske ilma kindlustuseta! Melbeti kaitstud panus on sinu v\u00f5imalus saada tasuta panuseid isegi siis, kui sa kaotad. Tee panused tippm\u00e4ngudele ja ole valmis heldeks preemiateks! Liitu meiega ja m\u00e4ngi enesekindlalt!\" \/>\n<meta name=\"robots\" content=\"index, follow, max-snippet:-1, max-image-preview:large, max-video-preview:-1\" \/>\n<meta property=\"og:locale\" content=\"et_EE\" \/>\n<meta property=\"og:type\" content=\"article\" \/>\n<meta property=\"og:title\" content=\"Melbet kaitstud panus \u1409 Saate tasuta panuseid kaotuse korral\" \/>\n<meta property=\"og:description\" content=\"\u00c4rge v\u00f5tke riske ilma kindlustuseta! Melbeti kaitstud panus on sinu v\u00f5imalus saada tasuta panuseid isegi siis, kui sa kaotad. Tee panused tippm\u00e4ngudele ja ole valmis heldeks preemiateks! Liitu meiega ja m\u00e4ngi enesekindlalt!\" \/>\n<meta property=\"og:url\" content=\"https:\/\/melbet.plus\/et\/bonus\/safe-bet\/\" \/>\n<meta property=\"og:site_name\" content=\"Melbet et\" \/>\n<meta property=\"article:modified_time\" content=\"2025-07-08T14:12:09+00:00\" \/>\n<meta name=\"twitter:card\" content=\"summary_large_image\" \/>\n<script type=\"application\/ld+json\" class=\"yoast-schema-graph\">{\"@context\":\"https:\\\/\\\/schema.org\",\"@graph\":[{\"@type\":\"WebPage\",\"@id\":\"https:\\\/\\\/melbet.plus\\\/et\\\/bonus\\\/safe-bet\\\/\",\"url\":\"https:\\\/\\\/melbet.plus\\\/et\\\/bonus\\\/safe-bet\\\/\",\"name\":\"Melbet kaitstud panus \u1409 Saate tasuta panuseid kaotuse korral\",\"isPartOf\":{\"@id\":\"https:\\\/\\\/melbet.plus\\\/et\\\/#website\"},\"datePublished\":\"2025-06-04T14:47:16+00:00\",\"dateModified\":\"2025-07-08T14:12:09+00:00\",\"description\":\"\u00c4rge v\u00f5tke riske ilma kindlustuseta! Melbeti kaitstud panus on sinu v\u00f5imalus saada tasuta panuseid isegi siis, kui sa kaotad. Tee panused tippm\u00e4ngudele ja ole valmis heldeks preemiateks! Liitu meiega ja m\u00e4ngi enesekindlalt!\",\"breadcrumb\":{\"@id\":\"https:\\\/\\\/melbet.plus\\\/et\\\/bonus\\\/safe-bet\\\/#breadcrumb\"},\"inLanguage\":\"et\",\"potentialAction\":[{\"@type\":\"ReadAction\",\"target\":[\"https:\\\/\\\/melbet.plus\\\/et\\\/bonus\\\/safe-bet\\\/\"]}]},{\"@type\":\"BreadcrumbList\",\"@id\":\"https:\\\/\\\/melbet.plus\\\/et\\\/bonus\\\/safe-bet\\\/#breadcrumb\",\"itemListElement\":[{\"@type\":\"ListItem\",\"position\":1,\"name\":\"Home\",\"item\":\"https:\\\/\\\/melbet.plus\\\/et\\\/\"},{\"@type\":\"ListItem\",\"position\":2,\"name\":\"Bonusi\",\"item\":\"https:\\\/\\\/melbet.plus\\\/et\\\/bonus\\\/\"},{\"@type\":\"ListItem\",\"position\":3,\"name\":\"Kindel panus\"}]},{\"@type\":\"WebSite\",\"@id\":\"https:\\\/\\\/melbet.plus\\\/et\\\/#website\",\"url\":\"https:\\\/\\\/melbet.plus\\\/et\\\/\",\"name\":\"Melbet et\",\"description\":\"My WordPress Blog\",\"potentialAction\":[{\"@type\":\"SearchAction\",\"target\":{\"@type\":\"EntryPoint\",\"urlTemplate\":\"https:\\\/\\\/melbet.plus\\\/et\\\/?s={search_term_string}\"},\"query-input\":{\"@type\":\"PropertyValueSpecification\",\"valueRequired\":true,\"valueName\":\"search_term_string\"}}],\"inLanguage\":\"et\"}]}<\/script>\n<!-- \/ Yoast SEO plugin. -->","yoast_head_json":{"title":"Melbet kaitstud panus \u1409 Saate tasuta panuseid kaotuse korral","description":"\u00c4rge v\u00f5tke riske ilma kindlustuseta! Melbeti kaitstud panus on sinu v\u00f5imalus saada tasuta panuseid isegi siis, kui sa kaotad. Tee panused tippm\u00e4ngudele ja ole valmis heldeks preemiateks! Liitu meiega ja m\u00e4ngi enesekindlalt!","robots":{"index":"index","follow":"follow","max-snippet":"max-snippet:-1","max-image-preview":"max-image-preview:large","max-video-preview":"max-video-preview:-1"},"og_locale":"et_EE","og_type":"article","og_title":"Melbet kaitstud panus \u1409 Saate tasuta panuseid kaotuse korral","og_description":"\u00c4rge v\u00f5tke riske ilma kindlustuseta! Melbeti kaitstud panus on sinu v\u00f5imalus saada tasuta panuseid isegi siis, kui sa kaotad. Tee panused tippm\u00e4ngudele ja ole valmis heldeks preemiateks! Liitu meiega ja m\u00e4ngi enesekindlalt!","og_url":"https:\/\/melbet.plus\/et\/bonus\/safe-bet\/","og_site_name":"Melbet et","article_modified_time":"2025-07-08T14:12:09+00:00","twitter_card":"summary_large_image","schema":{"@context":"https:\/\/schema.org","@graph":[{"@type":"WebPage","@id":"https:\/\/melbet.plus\/et\/bonus\/safe-bet\/","url":"https:\/\/melbet.plus\/et\/bonus\/safe-bet\/","name":"Melbet kaitstud panus \u1409 Saate tasuta panuseid kaotuse korral","isPartOf":{"@id":"https:\/\/melbet.plus\/et\/#website"},"datePublished":"2025-06-04T14:47:16+00:00","dateModified":"2025-07-08T14:12:09+00:00","description":"\u00c4rge v\u00f5tke riske ilma kindlustuseta! Melbeti kaitstud panus on sinu v\u00f5imalus saada tasuta panuseid isegi siis, kui sa kaotad. Tee panused tippm\u00e4ngudele ja ole valmis heldeks preemiateks! Liitu meiega ja m\u00e4ngi enesekindlalt!","breadcrumb":{"@id":"https:\/\/melbet.plus\/et\/bonus\/safe-bet\/#breadcrumb"},"inLanguage":"et","potentialAction":[{"@type":"ReadAction","target":["https:\/\/melbet.plus\/et\/bonus\/safe-bet\/"]}]},{"@type":"BreadcrumbList","@id":"https:\/\/melbet.plus\/et\/bonus\/safe-bet\/#breadcrumb","itemListElement":[{"@type":"ListItem","position":1,"name":"Home","item":"https:\/\/melbet.plus\/et\/"},{"@type":"ListItem","position":2,"name":"Bonusi","item":"https:\/\/melbet.plus\/et\/bonus\/"},{"@type":"ListItem","position":3,"name":"Kindel panus"}]},{"@type":"WebSite","@id":"https:\/\/melbet.plus\/et\/#website","url":"https:\/\/melbet.plus\/et\/","name":"Melbet et","description":"My WordPress Blog","potentialAction":[{"@type":"SearchAction","target":{"@type":"EntryPoint","urlTemplate":"https:\/\/melbet.plus\/et\/?s={search_term_string}"},"query-input":{"@type":"PropertyValueSpecification","valueRequired":true,"valueName":"search_term_string"}}],"inLanguage":"et"}]}},"_links":{"self":[{"href":"https:\/\/melbet.plus\/et\/wp-json\/wp\/v2\/pages\/826","targetHints":{"allow":["GET"]}}],"collection":[{"href":"https:\/\/melbet.plus\/et\/wp-json\/wp\/v2\/pages"}],"about":[{"href":"https:\/\/melbet.plus\/et\/wp-json\/wp\/v2\/types\/page"}],"author":[{"embeddable":true,"href":"https:\/\/melbet.plus\/et\/wp-json\/wp\/v2\/users\/1"}],"replies":[{"embeddable":true,"href":"https:\/\/melbet.plus\/et\/wp-json\/wp\/v2\/comments?post=826"}],"version-history":[{"count":5,"href":"https:\/\/melbet.plus\/et\/wp-json\/wp\/v2\/pages\/826\/revisions"}],"predecessor-version":[{"id":881,"href":"https:\/\/melbet.plus\/et\/wp-json\/wp\/v2\/pages\/826\/revisions\/881"}],"up":[{"embeddable":true,"href":"https:\/\/melbet.plus\/et\/wp-json\/wp\/v2\/pages\/152"}],"wp:attachment":[{"href":"https:\/\/melbet.plus\/et\/wp-json\/wp\/v2\/media?parent=826"}],"curies":[{"name":"wp","href":"https:\/\/api.w.org\/{rel}","templated":true}]}}