{"id":751,"date":"2025-04-25T07:51:03","date_gmt":"2025-04-25T07:51:03","guid":{"rendered":"https:\/\/melbet.plus\/et\/?page_id=751"},"modified":"2025-07-19T07:10:56","modified_gmt":"2025-07-19T07:10:56","slug":"deposit-series","status":"publish","type":"page","link":"https:\/\/melbet.plus\/et\/bonus\/deposit-series\/","title":{"rendered":"Hoiuste seeria"},"content":{"rendered":"","protected":false},"excerpt":{"rendered":"","protected":false},"author":1,"featured_media":0,"parent":152,"menu_order":0,"comment_status":"closed","ping_status":"closed","template":"","meta":{"inline_featured_image":false,"footnotes":""},"class_list":["post-751","page","type-page","status-publish","hentry"],"yoast_head":"<!-- This site is optimized with the Yoast SEO plugin v27.4 - https:\/\/yoast.com\/product\/yoast-seo-wordpress\/ -->\n<title>Melbet hoiuste seeria: 3. ja 4. sissemakse eest kuni 100 EUR.<\/title>\n<meta name=\"description\" content=\"Tehke Melbetis sissemakse alates 5 eurost ja saate kuni 100 eurot boonust oma teisele, kolmandale ja neljandale sissemaksele! Automaatne kogunemine, reaalne intress ja maksimaalne kasu - panusta oma kasumile ja \u00e4ra j\u00e4ta v\u00f5imalust kasutamata!\" \/>\n<meta name=\"robots\" content=\"index, follow, max-snippet:-1, max-image-preview:large, max-video-preview:-1\" \/>\n<meta property=\"og:locale\" content=\"et_EE\" \/>\n<meta property=\"og:type\" content=\"article\" \/>\n<meta property=\"og:title\" content=\"Melbet hoiuste seeria: 3. ja 4. sissemakse eest kuni 100 EUR.\" \/>\n<meta property=\"og:description\" content=\"Tehke Melbetis sissemakse alates 5 eurost ja saate kuni 100 eurot boonust oma teisele, kolmandale ja neljandale sissemaksele! Automaatne kogunemine, reaalne intress ja maksimaalne kasu - panusta oma kasumile ja \u00e4ra j\u00e4ta v\u00f5imalust kasutamata!\" \/>\n<meta property=\"og:url\" content=\"https:\/\/melbet.plus\/et\/bonus\/deposit-series\/\" \/>\n<meta property=\"og:site_name\" content=\"Melbet et\" \/>\n<meta property=\"article:modified_time\" content=\"2025-07-19T07:10:56+00:00\" \/>\n<meta name=\"twitter:card\" content=\"summary_large_image\" \/>\n<script type=\"application\/ld+json\" class=\"yoast-schema-graph\">{\"@context\":\"https:\\\/\\\/schema.org\",\"@graph\":[{\"@type\":\"WebPage\",\"@id\":\"https:\\\/\\\/melbet.plus\\\/et\\\/bonus\\\/deposit-series\\\/\",\"url\":\"https:\\\/\\\/melbet.plus\\\/et\\\/bonus\\\/deposit-series\\\/\",\"name\":\"Melbet hoiuste seeria: 3. ja 4. sissemakse eest kuni 100 EUR.\",\"isPartOf\":{\"@id\":\"https:\\\/\\\/melbet.plus\\\/et\\\/#website\"},\"datePublished\":\"2025-04-25T07:51:03+00:00\",\"dateModified\":\"2025-07-19T07:10:56+00:00\",\"description\":\"Tehke Melbetis sissemakse alates 5 eurost ja saate kuni 100 eurot boonust oma teisele, kolmandale ja neljandale sissemaksele! Automaatne kogunemine, reaalne intress ja maksimaalne kasu - panusta oma kasumile ja \u00e4ra j\u00e4ta v\u00f5imalust kasutamata!\",\"breadcrumb\":{\"@id\":\"https:\\\/\\\/melbet.plus\\\/et\\\/bonus\\\/deposit-series\\\/#breadcrumb\"},\"inLanguage\":\"et\",\"potentialAction\":[{\"@type\":\"ReadAction\",\"target\":[\"https:\\\/\\\/melbet.plus\\\/et\\\/bonus\\\/deposit-series\\\/\"]}]},{\"@type\":\"BreadcrumbList\",\"@id\":\"https:\\\/\\\/melbet.plus\\\/et\\\/bonus\\\/deposit-series\\\/#breadcrumb\",\"itemListElement\":[{\"@type\":\"ListItem\",\"position\":1,\"name\":\"Home\",\"item\":\"https:\\\/\\\/melbet.plus\\\/et\\\/\"},{\"@type\":\"ListItem\",\"position\":2,\"name\":\"Bonusi\",\"item\":\"https:\\\/\\\/melbet.plus\\\/et\\\/bonus\\\/\"},{\"@type\":\"ListItem\",\"position\":3,\"name\":\"Hoiuste seeria\"}]},{\"@type\":\"WebSite\",\"@id\":\"https:\\\/\\\/melbet.plus\\\/et\\\/#website\",\"url\":\"https:\\\/\\\/melbet.plus\\\/et\\\/\",\"name\":\"Melbet et\",\"description\":\"My WordPress Blog\",\"potentialAction\":[{\"@type\":\"SearchAction\",\"target\":{\"@type\":\"EntryPoint\",\"urlTemplate\":\"https:\\\/\\\/melbet.plus\\\/et\\\/?s={search_term_string}\"},\"query-input\":{\"@type\":\"PropertyValueSpecification\",\"valueRequired\":true,\"valueName\":\"search_term_string\"}}],\"inLanguage\":\"et\"}]}<\/script>\n<!-- \/ Yoast SEO plugin. -->","yoast_head_json":{"title":"Melbet hoiuste seeria: 3. ja 4. sissemakse eest kuni 100 EUR.","description":"Tehke Melbetis sissemakse alates 5 eurost ja saate kuni 100 eurot boonust oma teisele, kolmandale ja neljandale sissemaksele! Automaatne kogunemine, reaalne intress ja maksimaalne kasu - panusta oma kasumile ja \u00e4ra j\u00e4ta v\u00f5imalust kasutamata!","robots":{"index":"index","follow":"follow","max-snippet":"max-snippet:-1","max-image-preview":"max-image-preview:large","max-video-preview":"max-video-preview:-1"},"og_locale":"et_EE","og_type":"article","og_title":"Melbet hoiuste seeria: 3. ja 4. sissemakse eest kuni 100 EUR.","og_description":"Tehke Melbetis sissemakse alates 5 eurost ja saate kuni 100 eurot boonust oma teisele, kolmandale ja neljandale sissemaksele! Automaatne kogunemine, reaalne intress ja maksimaalne kasu - panusta oma kasumile ja \u00e4ra j\u00e4ta v\u00f5imalust kasutamata!","og_url":"https:\/\/melbet.plus\/et\/bonus\/deposit-series\/","og_site_name":"Melbet et","article_modified_time":"2025-07-19T07:10:56+00:00","twitter_card":"summary_large_image","schema":{"@context":"https:\/\/schema.org","@graph":[{"@type":"WebPage","@id":"https:\/\/melbet.plus\/et\/bonus\/deposit-series\/","url":"https:\/\/melbet.plus\/et\/bonus\/deposit-series\/","name":"Melbet hoiuste seeria: 3. ja 4. sissemakse eest kuni 100 EUR.","isPartOf":{"@id":"https:\/\/melbet.plus\/et\/#website"},"datePublished":"2025-04-25T07:51:03+00:00","dateModified":"2025-07-19T07:10:56+00:00","description":"Tehke Melbetis sissemakse alates 5 eurost ja saate kuni 100 eurot boonust oma teisele, kolmandale ja neljandale sissemaksele! Automaatne kogunemine, reaalne intress ja maksimaalne kasu - panusta oma kasumile ja \u00e4ra j\u00e4ta v\u00f5imalust kasutamata!","breadcrumb":{"@id":"https:\/\/melbet.plus\/et\/bonus\/deposit-series\/#breadcrumb"},"inLanguage":"et","potentialAction":[{"@type":"ReadAction","target":["https:\/\/melbet.plus\/et\/bonus\/deposit-series\/"]}]},{"@type":"BreadcrumbList","@id":"https:\/\/melbet.plus\/et\/bonus\/deposit-series\/#breadcrumb","itemListElement":[{"@type":"ListItem","position":1,"name":"Home","item":"https:\/\/melbet.plus\/et\/"},{"@type":"ListItem","position":2,"name":"Bonusi","item":"https:\/\/melbet.plus\/et\/bonus\/"},{"@type":"ListItem","position":3,"name":"Hoiuste seeria"}]},{"@type":"WebSite","@id":"https:\/\/melbet.plus\/et\/#website","url":"https:\/\/melbet.plus\/et\/","name":"Melbet et","description":"My WordPress Blog","potentialAction":[{"@type":"SearchAction","target":{"@type":"EntryPoint","urlTemplate":"https:\/\/melbet.plus\/et\/?s={search_term_string}"},"query-input":{"@type":"PropertyValueSpecification","valueRequired":true,"valueName":"search_term_string"}}],"inLanguage":"et"}]}},"_links":{"self":[{"href":"https:\/\/melbet.plus\/et\/wp-json\/wp\/v2\/pages\/751","targetHints":{"allow":["GET"]}}],"collection":[{"href":"https:\/\/melbet.plus\/et\/wp-json\/wp\/v2\/pages"}],"about":[{"href":"https:\/\/melbet.plus\/et\/wp-json\/wp\/v2\/types\/page"}],"author":[{"embeddable":true,"href":"https:\/\/melbet.plus\/et\/wp-json\/wp\/v2\/users\/1"}],"replies":[{"embeddable":true,"href":"https:\/\/melbet.plus\/et\/wp-json\/wp\/v2\/comments?post=751"}],"version-history":[{"count":6,"href":"https:\/\/melbet.plus\/et\/wp-json\/wp\/v2\/pages\/751\/revisions"}],"predecessor-version":[{"id":878,"href":"https:\/\/melbet.plus\/et\/wp-json\/wp\/v2\/pages\/751\/revisions\/878"}],"up":[{"embeddable":true,"href":"https:\/\/melbet.plus\/et\/wp-json\/wp\/v2\/pages\/152"}],"wp:attachment":[{"href":"https:\/\/melbet.plus\/et\/wp-json\/wp\/v2\/media?parent=751"}],"curies":[{"name":"wp","href":"https:\/\/api.w.org\/{rel}","templated":true}]}}