{"id":152,"date":"2024-05-18T17:39:43","date_gmt":"2024-05-18T17:39:43","guid":{"rendered":"https:\/\/melbet.plus\/et\/?page_id=152"},"modified":"2025-07-08T12:56:55","modified_gmt":"2025-07-08T12:56:55","slug":"bonus","status":"publish","type":"page","link":"https:\/\/melbet.plus\/et\/bonus\/","title":{"rendered":"Bonusi"},"content":{"rendered":"","protected":false},"excerpt":{"rendered":"","protected":false},"author":1,"featured_media":0,"parent":0,"menu_order":0,"comment_status":"closed","ping_status":"closed","template":"","meta":{"inline_featured_image":false,"footnotes":""},"class_list":["post-152","page","type-page","status-publish","hentry"],"yoast_head":"<!-- This site is optimized with the Yoast SEO plugin v27.3 - https:\/\/yoast.com\/product\/yoast-seo-wordpress\/ -->\n<title>Melbet boonus | Esimese sissemakse ja registreerimise boonused<\/title>\n<meta name=\"description\" content=\"Melbet pakub tervitusboonust kuni 100% k\u00f5igile uutele m\u00e4ngijatele, kes soovivad proovida kihlveokontori teenuseid ja kasiinom\u00e4nge \ud83d\uddf8 K\u00f5ik tegelikud Melbeti kampaaniad\" \/>\n<meta name=\"robots\" content=\"index, follow, max-snippet:-1, max-image-preview:large, max-video-preview:-1\" \/>\n<meta property=\"og:locale\" content=\"et_EE\" \/>\n<meta property=\"og:type\" content=\"article\" \/>\n<meta property=\"og:title\" content=\"Melbet boonus | Esimese sissemakse ja registreerimise boonused\" \/>\n<meta property=\"og:description\" content=\"Melbet pakub tervitusboonust kuni 100% k\u00f5igile uutele m\u00e4ngijatele, kes soovivad proovida kihlveokontori teenuseid ja kasiinom\u00e4nge \ud83d\uddf8 K\u00f5ik tegelikud Melbeti kampaaniad\" \/>\n<meta property=\"og:url\" content=\"https:\/\/melbet.plus\/et\/bonus\/\" \/>\n<meta property=\"og:site_name\" content=\"Melbet et\" \/>\n<meta property=\"article:modified_time\" content=\"2025-07-08T12:56:55+00:00\" \/>\n<meta name=\"twitter:card\" content=\"summary_large_image\" \/>\n<script type=\"application\/ld+json\" class=\"yoast-schema-graph\">{\"@context\":\"https:\\\/\\\/schema.org\",\"@graph\":[{\"@type\":\"WebPage\",\"@id\":\"https:\\\/\\\/melbet.plus\\\/et\\\/bonus\\\/\",\"url\":\"https:\\\/\\\/melbet.plus\\\/et\\\/bonus\\\/\",\"name\":\"Melbet boonus | Esimese sissemakse ja registreerimise boonused\",\"isPartOf\":{\"@id\":\"https:\\\/\\\/melbet.plus\\\/et\\\/#website\"},\"datePublished\":\"2024-05-18T17:39:43+00:00\",\"dateModified\":\"2025-07-08T12:56:55+00:00\",\"description\":\"Melbet pakub tervitusboonust kuni 100% k\u00f5igile uutele m\u00e4ngijatele, kes soovivad proovida kihlveokontori teenuseid ja kasiinom\u00e4nge \ud83d\uddf8 K\u00f5ik tegelikud Melbeti kampaaniad\",\"breadcrumb\":{\"@id\":\"https:\\\/\\\/melbet.plus\\\/et\\\/bonus\\\/#breadcrumb\"},\"inLanguage\":\"et\",\"potentialAction\":[{\"@type\":\"ReadAction\",\"target\":[\"https:\\\/\\\/melbet.plus\\\/et\\\/bonus\\\/\"]}]},{\"@type\":\"BreadcrumbList\",\"@id\":\"https:\\\/\\\/melbet.plus\\\/et\\\/bonus\\\/#breadcrumb\",\"itemListElement\":[{\"@type\":\"ListItem\",\"position\":1,\"name\":\"Home\",\"item\":\"https:\\\/\\\/melbet.plus\\\/et\\\/\"},{\"@type\":\"ListItem\",\"position\":2,\"name\":\"Bonusi\"}]},{\"@type\":\"WebSite\",\"@id\":\"https:\\\/\\\/melbet.plus\\\/et\\\/#website\",\"url\":\"https:\\\/\\\/melbet.plus\\\/et\\\/\",\"name\":\"Melbet et\",\"description\":\"My WordPress Blog\",\"potentialAction\":[{\"@type\":\"SearchAction\",\"target\":{\"@type\":\"EntryPoint\",\"urlTemplate\":\"https:\\\/\\\/melbet.plus\\\/et\\\/?s={search_term_string}\"},\"query-input\":{\"@type\":\"PropertyValueSpecification\",\"valueRequired\":true,\"valueName\":\"search_term_string\"}}],\"inLanguage\":\"et\"}]}<\/script>\n<!-- \/ Yoast SEO plugin. -->","yoast_head_json":{"title":"Melbet boonus | Esimese sissemakse ja registreerimise boonused","description":"Melbet pakub tervitusboonust kuni 100% k\u00f5igile uutele m\u00e4ngijatele, kes soovivad proovida kihlveokontori teenuseid ja kasiinom\u00e4nge \ud83d\uddf8 K\u00f5ik tegelikud Melbeti kampaaniad","robots":{"index":"index","follow":"follow","max-snippet":"max-snippet:-1","max-image-preview":"max-image-preview:large","max-video-preview":"max-video-preview:-1"},"og_locale":"et_EE","og_type":"article","og_title":"Melbet boonus | Esimese sissemakse ja registreerimise boonused","og_description":"Melbet pakub tervitusboonust kuni 100% k\u00f5igile uutele m\u00e4ngijatele, kes soovivad proovida kihlveokontori teenuseid ja kasiinom\u00e4nge \ud83d\uddf8 K\u00f5ik tegelikud Melbeti kampaaniad","og_url":"https:\/\/melbet.plus\/et\/bonus\/","og_site_name":"Melbet et","article_modified_time":"2025-07-08T12:56:55+00:00","twitter_card":"summary_large_image","schema":{"@context":"https:\/\/schema.org","@graph":[{"@type":"WebPage","@id":"https:\/\/melbet.plus\/et\/bonus\/","url":"https:\/\/melbet.plus\/et\/bonus\/","name":"Melbet boonus | Esimese sissemakse ja registreerimise boonused","isPartOf":{"@id":"https:\/\/melbet.plus\/et\/#website"},"datePublished":"2024-05-18T17:39:43+00:00","dateModified":"2025-07-08T12:56:55+00:00","description":"Melbet pakub tervitusboonust kuni 100% k\u00f5igile uutele m\u00e4ngijatele, kes soovivad proovida kihlveokontori teenuseid ja kasiinom\u00e4nge \ud83d\uddf8 K\u00f5ik tegelikud Melbeti kampaaniad","breadcrumb":{"@id":"https:\/\/melbet.plus\/et\/bonus\/#breadcrumb"},"inLanguage":"et","potentialAction":[{"@type":"ReadAction","target":["https:\/\/melbet.plus\/et\/bonus\/"]}]},{"@type":"BreadcrumbList","@id":"https:\/\/melbet.plus\/et\/bonus\/#breadcrumb","itemListElement":[{"@type":"ListItem","position":1,"name":"Home","item":"https:\/\/melbet.plus\/et\/"},{"@type":"ListItem","position":2,"name":"Bonusi"}]},{"@type":"WebSite","@id":"https:\/\/melbet.plus\/et\/#website","url":"https:\/\/melbet.plus\/et\/","name":"Melbet et","description":"My WordPress Blog","potentialAction":[{"@type":"SearchAction","target":{"@type":"EntryPoint","urlTemplate":"https:\/\/melbet.plus\/et\/?s={search_term_string}"},"query-input":{"@type":"PropertyValueSpecification","valueRequired":true,"valueName":"search_term_string"}}],"inLanguage":"et"}]}},"_links":{"self":[{"href":"https:\/\/melbet.plus\/et\/wp-json\/wp\/v2\/pages\/152","targetHints":{"allow":["GET"]}}],"collection":[{"href":"https:\/\/melbet.plus\/et\/wp-json\/wp\/v2\/pages"}],"about":[{"href":"https:\/\/melbet.plus\/et\/wp-json\/wp\/v2\/types\/page"}],"author":[{"embeddable":true,"href":"https:\/\/melbet.plus\/et\/wp-json\/wp\/v2\/users\/1"}],"replies":[{"embeddable":true,"href":"https:\/\/melbet.plus\/et\/wp-json\/wp\/v2\/comments?post=152"}],"version-history":[{"count":56,"href":"https:\/\/melbet.plus\/et\/wp-json\/wp\/v2\/pages\/152\/revisions"}],"predecessor-version":[{"id":873,"href":"https:\/\/melbet.plus\/et\/wp-json\/wp\/v2\/pages\/152\/revisions\/873"}],"wp:attachment":[{"href":"https:\/\/melbet.plus\/et\/wp-json\/wp\/v2\/media?parent=152"}],"curies":[{"name":"wp","href":"https:\/\/api.w.org\/{rel}","templated":true}]}}