{"id":579,"date":"2024-09-23T13:41:56","date_gmt":"2024-09-23T13:41:56","guid":{"rendered":"https:\/\/melbet.plus\/cs\/?page_id=579"},"modified":"2025-02-26T11:07:31","modified_gmt":"2025-02-26T11:07:31","slug":"login","status":"publish","type":"page","link":"https:\/\/melbet.plus\/cs\/login\/","title":{"rendered":"P\u0159ihl\u00e1\u0161en\u00ed"},"content":{"rendered":"","protected":false},"excerpt":{"rendered":"","protected":false},"author":1,"featured_media":0,"parent":0,"menu_order":0,"comment_status":"closed","ping_status":"closed","template":"","meta":{"inline_featured_image":false,"footnotes":""},"class_list":["post-579","page","type-page","status-publish","hentry"],"yoast_head":"<!-- This site is optimized with the Yoast SEO plugin v27.4 - https:\/\/yoast.com\/product\/yoast-seo-wordpress\/ -->\n<title>MelBet \u010cesk\u00e1 republika P\u0159ihl\u00e1\u0161en\u00ed | Ofici\u00e1ln\u00ed s\u00e1zkov\u00e9 str\u00e1nky<\/title>\n<meta name=\"description\" content=\"P\u0159ihlaste se ke sv\u00e9mu \u00fa\u010dtu MelBet online. Pro p\u0159ihl\u00e1\u0161en\u00ed pou\u017eijte sv\u016fj telefon nebo e-mail. Jak se p\u0159ihl\u00e1sit k osobn\u00edmu \u00fa\u010dtu MelBet. Nav\u0161tivte p\u0159ihla\u0161ovac\u00ed str\u00e1nku MelBet a za\u010dn\u011bte s\u00e1zet!\" \/>\n<meta name=\"robots\" content=\"index, follow, max-snippet:-1, max-image-preview:large, max-video-preview:-1\" \/>\n<meta property=\"og:locale\" content=\"cs_CZ\" \/>\n<meta property=\"og:type\" content=\"article\" \/>\n<meta property=\"og:title\" content=\"MelBet \u010cesk\u00e1 republika P\u0159ihl\u00e1\u0161en\u00ed | Ofici\u00e1ln\u00ed s\u00e1zkov\u00e9 str\u00e1nky\" \/>\n<meta property=\"og:description\" content=\"P\u0159ihlaste se ke sv\u00e9mu \u00fa\u010dtu MelBet online. Pro p\u0159ihl\u00e1\u0161en\u00ed pou\u017eijte sv\u016fj telefon nebo e-mail. Jak se p\u0159ihl\u00e1sit k osobn\u00edmu \u00fa\u010dtu MelBet. Nav\u0161tivte p\u0159ihla\u0161ovac\u00ed str\u00e1nku MelBet a za\u010dn\u011bte s\u00e1zet!\" \/>\n<meta property=\"og:url\" content=\"https:\/\/melbet.plus\/cs\/login\/\" \/>\n<meta property=\"og:site_name\" content=\"Melbet cs\" \/>\n<meta property=\"article:modified_time\" content=\"2025-02-26T11:07:31+00:00\" \/>\n<meta name=\"twitter:card\" content=\"summary_large_image\" \/>\n<script type=\"application\/ld+json\" class=\"yoast-schema-graph\">{\"@context\":\"https:\\\/\\\/schema.org\",\"@graph\":[{\"@type\":\"WebPage\",\"@id\":\"https:\\\/\\\/melbet.plus\\\/cs\\\/login\\\/\",\"url\":\"https:\\\/\\\/melbet.plus\\\/cs\\\/login\\\/\",\"name\":\"MelBet \u010cesk\u00e1 republika P\u0159ihl\u00e1\u0161en\u00ed | Ofici\u00e1ln\u00ed s\u00e1zkov\u00e9 str\u00e1nky\",\"isPartOf\":{\"@id\":\"https:\\\/\\\/melbet.plus\\\/cs\\\/#website\"},\"datePublished\":\"2024-09-23T13:41:56+00:00\",\"dateModified\":\"2025-02-26T11:07:31+00:00\",\"description\":\"P\u0159ihlaste se ke sv\u00e9mu \u00fa\u010dtu MelBet online. Pro p\u0159ihl\u00e1\u0161en\u00ed pou\u017eijte sv\u016fj telefon nebo e-mail. Jak se p\u0159ihl\u00e1sit k osobn\u00edmu \u00fa\u010dtu MelBet. Nav\u0161tivte p\u0159ihla\u0161ovac\u00ed str\u00e1nku MelBet a za\u010dn\u011bte s\u00e1zet!\",\"breadcrumb\":{\"@id\":\"https:\\\/\\\/melbet.plus\\\/cs\\\/login\\\/#breadcrumb\"},\"inLanguage\":\"cs\",\"potentialAction\":[{\"@type\":\"ReadAction\",\"target\":[\"https:\\\/\\\/melbet.plus\\\/cs\\\/login\\\/\"]}]},{\"@type\":\"BreadcrumbList\",\"@id\":\"https:\\\/\\\/melbet.plus\\\/cs\\\/login\\\/#breadcrumb\",\"itemListElement\":[{\"@type\":\"ListItem\",\"position\":1,\"name\":\"Home\",\"item\":\"https:\\\/\\\/melbet.plus\\\/cs\\\/\"},{\"@type\":\"ListItem\",\"position\":2,\"name\":\"P\u0159ihl\u00e1\u0161en\u00ed\"}]},{\"@type\":\"WebSite\",\"@id\":\"https:\\\/\\\/melbet.plus\\\/cs\\\/#website\",\"url\":\"https:\\\/\\\/melbet.plus\\\/cs\\\/\",\"name\":\"Melbet cs\",\"description\":\"My WordPress Blog\",\"potentialAction\":[{\"@type\":\"SearchAction\",\"target\":{\"@type\":\"EntryPoint\",\"urlTemplate\":\"https:\\\/\\\/melbet.plus\\\/cs\\\/?s={search_term_string}\"},\"query-input\":{\"@type\":\"PropertyValueSpecification\",\"valueRequired\":true,\"valueName\":\"search_term_string\"}}],\"inLanguage\":\"cs\"}]}<\/script>\n<!-- \/ Yoast SEO plugin. -->","yoast_head_json":{"title":"MelBet \u010cesk\u00e1 republika P\u0159ihl\u00e1\u0161en\u00ed | Ofici\u00e1ln\u00ed s\u00e1zkov\u00e9 str\u00e1nky","description":"P\u0159ihlaste se ke sv\u00e9mu \u00fa\u010dtu MelBet online. Pro p\u0159ihl\u00e1\u0161en\u00ed pou\u017eijte sv\u016fj telefon nebo e-mail. Jak se p\u0159ihl\u00e1sit k osobn\u00edmu \u00fa\u010dtu MelBet. Nav\u0161tivte p\u0159ihla\u0161ovac\u00ed str\u00e1nku MelBet a za\u010dn\u011bte s\u00e1zet!","robots":{"index":"index","follow":"follow","max-snippet":"max-snippet:-1","max-image-preview":"max-image-preview:large","max-video-preview":"max-video-preview:-1"},"og_locale":"cs_CZ","og_type":"article","og_title":"MelBet \u010cesk\u00e1 republika P\u0159ihl\u00e1\u0161en\u00ed | Ofici\u00e1ln\u00ed s\u00e1zkov\u00e9 str\u00e1nky","og_description":"P\u0159ihlaste se ke sv\u00e9mu \u00fa\u010dtu MelBet online. Pro p\u0159ihl\u00e1\u0161en\u00ed pou\u017eijte sv\u016fj telefon nebo e-mail. Jak se p\u0159ihl\u00e1sit k osobn\u00edmu \u00fa\u010dtu MelBet. Nav\u0161tivte p\u0159ihla\u0161ovac\u00ed str\u00e1nku MelBet a za\u010dn\u011bte s\u00e1zet!","og_url":"https:\/\/melbet.plus\/cs\/login\/","og_site_name":"Melbet cs","article_modified_time":"2025-02-26T11:07:31+00:00","twitter_card":"summary_large_image","schema":{"@context":"https:\/\/schema.org","@graph":[{"@type":"WebPage","@id":"https:\/\/melbet.plus\/cs\/login\/","url":"https:\/\/melbet.plus\/cs\/login\/","name":"MelBet \u010cesk\u00e1 republika P\u0159ihl\u00e1\u0161en\u00ed | Ofici\u00e1ln\u00ed s\u00e1zkov\u00e9 str\u00e1nky","isPartOf":{"@id":"https:\/\/melbet.plus\/cs\/#website"},"datePublished":"2024-09-23T13:41:56+00:00","dateModified":"2025-02-26T11:07:31+00:00","description":"P\u0159ihlaste se ke sv\u00e9mu \u00fa\u010dtu MelBet online. Pro p\u0159ihl\u00e1\u0161en\u00ed pou\u017eijte sv\u016fj telefon nebo e-mail. Jak se p\u0159ihl\u00e1sit k osobn\u00edmu \u00fa\u010dtu MelBet. Nav\u0161tivte p\u0159ihla\u0161ovac\u00ed str\u00e1nku MelBet a za\u010dn\u011bte s\u00e1zet!","breadcrumb":{"@id":"https:\/\/melbet.plus\/cs\/login\/#breadcrumb"},"inLanguage":"cs","potentialAction":[{"@type":"ReadAction","target":["https:\/\/melbet.plus\/cs\/login\/"]}]},{"@type":"BreadcrumbList","@id":"https:\/\/melbet.plus\/cs\/login\/#breadcrumb","itemListElement":[{"@type":"ListItem","position":1,"name":"Home","item":"https:\/\/melbet.plus\/cs\/"},{"@type":"ListItem","position":2,"name":"P\u0159ihl\u00e1\u0161en\u00ed"}]},{"@type":"WebSite","@id":"https:\/\/melbet.plus\/cs\/#website","url":"https:\/\/melbet.plus\/cs\/","name":"Melbet cs","description":"My WordPress Blog","potentialAction":[{"@type":"SearchAction","target":{"@type":"EntryPoint","urlTemplate":"https:\/\/melbet.plus\/cs\/?s={search_term_string}"},"query-input":{"@type":"PropertyValueSpecification","valueRequired":true,"valueName":"search_term_string"}}],"inLanguage":"cs"}]}},"_links":{"self":[{"href":"https:\/\/melbet.plus\/cs\/wp-json\/wp\/v2\/pages\/579","targetHints":{"allow":["GET"]}}],"collection":[{"href":"https:\/\/melbet.plus\/cs\/wp-json\/wp\/v2\/pages"}],"about":[{"href":"https:\/\/melbet.plus\/cs\/wp-json\/wp\/v2\/types\/page"}],"author":[{"embeddable":true,"href":"https:\/\/melbet.plus\/cs\/wp-json\/wp\/v2\/users\/1"}],"replies":[{"embeddable":true,"href":"https:\/\/melbet.plus\/cs\/wp-json\/wp\/v2\/comments?post=579"}],"version-history":[{"count":16,"href":"https:\/\/melbet.plus\/cs\/wp-json\/wp\/v2\/pages\/579\/revisions"}],"predecessor-version":[{"id":733,"href":"https:\/\/melbet.plus\/cs\/wp-json\/wp\/v2\/pages\/579\/revisions\/733"}],"wp:attachment":[{"href":"https:\/\/melbet.plus\/cs\/wp-json\/wp\/v2\/media?parent=579"}],"curies":[{"name":"wp","href":"https:\/\/api.w.org\/{rel}","templated":true}]}}