{"id":2,"date":"2023-05-18T17:18:34","date_gmt":"2023-05-18T17:18:34","guid":{"rendered":"https:\/\/melbet.plus\/cs\/?page_id=2"},"modified":"2025-02-26T10:23:55","modified_gmt":"2025-02-26T10:23:55","slug":"sample-page","status":"publish","type":"page","link":"https:\/\/melbet.plus\/cs\/","title":{"rendered":"Home"},"content":{"rendered":"","protected":false},"excerpt":{"rendered":"","protected":false},"author":1,"featured_media":0,"parent":0,"menu_order":0,"comment_status":"closed","ping_status":"open","template":"","meta":{"inline_featured_image":false,"footnotes":""},"class_list":["post-2","page","type-page","status-publish","hentry"],"yoast_head":"<!-- This site is optimized with the Yoast SEO plugin v27.3 - https:\/\/yoast.com\/product\/yoast-seo-wordpress\/ -->\n<title>Sportovn\u00ed s\u00e1zky a kasino Melbet \u010cesk\u00e1 republika | Registrace<\/title>\n<meta name=\"description\" content=\"Ofici\u00e1ln\u00ed webov\u00e9 str\u00e1nky Melbet Sportsbook a online kasina \u2714\ufe0f Z\u00edskejte aktu\u00e1ln\u00ed bonusy a propaga\u010dn\u00ed akce | Mobiln\u00ed aplikace pro iOS a Android\" \/>\n<meta name=\"robots\" content=\"index, follow, max-snippet:-1, max-image-preview:large, max-video-preview:-1\" \/>\n<meta property=\"og:locale\" content=\"cs_CZ\" \/>\n<meta property=\"og:type\" content=\"article\" \/>\n<meta property=\"og:title\" content=\"Sportovn\u00ed s\u00e1zky a kasino Melbet \u010cesk\u00e1 republika | Registrace\" \/>\n<meta property=\"og:description\" content=\"Ofici\u00e1ln\u00ed webov\u00e9 str\u00e1nky Melbet Sportsbook a online kasina \u2714\ufe0f Z\u00edskejte aktu\u00e1ln\u00ed bonusy a propaga\u010dn\u00ed akce | Mobiln\u00ed aplikace pro iOS a Android\" \/>\n<meta property=\"og:url\" content=\"https:\/\/melbet.plus\/cs\/\" \/>\n<meta property=\"og:site_name\" content=\"Melbet cs\" \/>\n<meta property=\"article:modified_time\" content=\"2025-02-26T10:23:55+00:00\" \/>\n<meta name=\"twitter:card\" content=\"summary_large_image\" \/>\n<script type=\"application\/ld+json\" class=\"yoast-schema-graph\">{\"@context\":\"https:\\\/\\\/schema.org\",\"@graph\":[{\"@type\":\"WebPage\",\"@id\":\"https:\\\/\\\/melbet.plus\\\/cs\\\/\",\"url\":\"https:\\\/\\\/melbet.plus\\\/cs\\\/\",\"name\":\"Sportovn\u00ed s\u00e1zky a kasino Melbet \u010cesk\u00e1 republika | Registrace\",\"isPartOf\":{\"@id\":\"https:\\\/\\\/melbet.plus\\\/cs\\\/#website\"},\"datePublished\":\"2023-05-18T17:18:34+00:00\",\"dateModified\":\"2025-02-26T10:23:55+00:00\",\"description\":\"Ofici\u00e1ln\u00ed webov\u00e9 str\u00e1nky Melbet Sportsbook a online kasina \u2714\ufe0f Z\u00edskejte aktu\u00e1ln\u00ed bonusy a propaga\u010dn\u00ed akce | Mobiln\u00ed aplikace pro iOS a Android\",\"breadcrumb\":{\"@id\":\"https:\\\/\\\/melbet.plus\\\/cs\\\/#breadcrumb\"},\"inLanguage\":\"cs\",\"potentialAction\":[{\"@type\":\"ReadAction\",\"target\":[\"https:\\\/\\\/melbet.plus\\\/cs\\\/\"]}]},{\"@type\":\"BreadcrumbList\",\"@id\":\"https:\\\/\\\/melbet.plus\\\/cs\\\/#breadcrumb\",\"itemListElement\":[{\"@type\":\"ListItem\",\"position\":1,\"name\":\"Home\",\"item\":\"https:\\\/\\\/melbet.plus\\\/cs\\\/\"},{\"@type\":\"ListItem\",\"position\":2,\"name\":\"Home\"}]},{\"@type\":\"WebSite\",\"@id\":\"https:\\\/\\\/melbet.plus\\\/cs\\\/#website\",\"url\":\"https:\\\/\\\/melbet.plus\\\/cs\\\/\",\"name\":\"Melbet cs\",\"description\":\"My WordPress Blog\",\"potentialAction\":[{\"@type\":\"SearchAction\",\"target\":{\"@type\":\"EntryPoint\",\"urlTemplate\":\"https:\\\/\\\/melbet.plus\\\/cs\\\/?s={search_term_string}\"},\"query-input\":{\"@type\":\"PropertyValueSpecification\",\"valueRequired\":true,\"valueName\":\"search_term_string\"}}],\"inLanguage\":\"cs\"}]}<\/script>\n<!-- \/ Yoast SEO plugin. -->","yoast_head_json":{"title":"Sportovn\u00ed s\u00e1zky a kasino Melbet \u010cesk\u00e1 republika | Registrace","description":"Ofici\u00e1ln\u00ed webov\u00e9 str\u00e1nky Melbet Sportsbook a online kasina \u2714\ufe0f Z\u00edskejte aktu\u00e1ln\u00ed bonusy a propaga\u010dn\u00ed akce | Mobiln\u00ed aplikace pro iOS a Android","robots":{"index":"index","follow":"follow","max-snippet":"max-snippet:-1","max-image-preview":"max-image-preview:large","max-video-preview":"max-video-preview:-1"},"og_locale":"cs_CZ","og_type":"article","og_title":"Sportovn\u00ed s\u00e1zky a kasino Melbet \u010cesk\u00e1 republika | Registrace","og_description":"Ofici\u00e1ln\u00ed webov\u00e9 str\u00e1nky Melbet Sportsbook a online kasina \u2714\ufe0f Z\u00edskejte aktu\u00e1ln\u00ed bonusy a propaga\u010dn\u00ed akce | Mobiln\u00ed aplikace pro iOS a Android","og_url":"https:\/\/melbet.plus\/cs\/","og_site_name":"Melbet cs","article_modified_time":"2025-02-26T10:23:55+00:00","twitter_card":"summary_large_image","schema":{"@context":"https:\/\/schema.org","@graph":[{"@type":"WebPage","@id":"https:\/\/melbet.plus\/cs\/","url":"https:\/\/melbet.plus\/cs\/","name":"Sportovn\u00ed s\u00e1zky a kasino Melbet \u010cesk\u00e1 republika | Registrace","isPartOf":{"@id":"https:\/\/melbet.plus\/cs\/#website"},"datePublished":"2023-05-18T17:18:34+00:00","dateModified":"2025-02-26T10:23:55+00:00","description":"Ofici\u00e1ln\u00ed webov\u00e9 str\u00e1nky Melbet Sportsbook a online kasina \u2714\ufe0f Z\u00edskejte aktu\u00e1ln\u00ed bonusy a propaga\u010dn\u00ed akce | Mobiln\u00ed aplikace pro iOS a Android","breadcrumb":{"@id":"https:\/\/melbet.plus\/cs\/#breadcrumb"},"inLanguage":"cs","potentialAction":[{"@type":"ReadAction","target":["https:\/\/melbet.plus\/cs\/"]}]},{"@type":"BreadcrumbList","@id":"https:\/\/melbet.plus\/cs\/#breadcrumb","itemListElement":[{"@type":"ListItem","position":1,"name":"Home","item":"https:\/\/melbet.plus\/cs\/"},{"@type":"ListItem","position":2,"name":"Home"}]},{"@type":"WebSite","@id":"https:\/\/melbet.plus\/cs\/#website","url":"https:\/\/melbet.plus\/cs\/","name":"Melbet cs","description":"My WordPress Blog","potentialAction":[{"@type":"SearchAction","target":{"@type":"EntryPoint","urlTemplate":"https:\/\/melbet.plus\/cs\/?s={search_term_string}"},"query-input":{"@type":"PropertyValueSpecification","valueRequired":true,"valueName":"search_term_string"}}],"inLanguage":"cs"}]}},"_links":{"self":[{"href":"https:\/\/melbet.plus\/cs\/wp-json\/wp\/v2\/pages\/2","targetHints":{"allow":["GET"]}}],"collection":[{"href":"https:\/\/melbet.plus\/cs\/wp-json\/wp\/v2\/pages"}],"about":[{"href":"https:\/\/melbet.plus\/cs\/wp-json\/wp\/v2\/types\/page"}],"author":[{"embeddable":true,"href":"https:\/\/melbet.plus\/cs\/wp-json\/wp\/v2\/users\/1"}],"replies":[{"embeddable":true,"href":"https:\/\/melbet.plus\/cs\/wp-json\/wp\/v2\/comments?post=2"}],"version-history":[{"count":79,"href":"https:\/\/melbet.plus\/cs\/wp-json\/wp\/v2\/pages\/2\/revisions"}],"predecessor-version":[{"id":731,"href":"https:\/\/melbet.plus\/cs\/wp-json\/wp\/v2\/pages\/2\/revisions\/731"}],"wp:attachment":[{"href":"https:\/\/melbet.plus\/cs\/wp-json\/wp\/v2\/media?parent=2"}],"curies":[{"name":"wp","href":"https:\/\/api.w.org\/{rel}","templated":true}]}}