{"id":879,"date":"2025-09-04T11:17:17","date_gmt":"2025-09-04T11:17:17","guid":{"rendered":"https:\/\/melbet.plus\/congo\/?page_id=879"},"modified":"2026-02-10T18:12:14","modified_gmt":"2026-02-10T18:12:14","slug":"aviator","status":"publish","type":"page","link":"https:\/\/melbet.plus\/congo\/aviator\/","title":{"rendered":"Aviateur"},"content":{"rendered":"","protected":false},"excerpt":{"rendered":"","protected":false},"author":1,"featured_media":0,"parent":0,"menu_order":0,"comment_status":"closed","ping_status":"closed","template":"","meta":{"inline_featured_image":false,"footnotes":""},"class_list":["post-879","page","type-page","status-publish","hentry"],"yoast_head":"<!-- This site is optimized with the Yoast SEO plugin v27.5 - https:\/\/yoast.com\/product\/yoast-seo-wordpress\/ -->\n<title>Jouez \u00e0 Melbet Aviator \u1409 D\u00e9collez et gagnez !<\/title>\n<meta name=\"description\" content=\"Plongez dans un monde d&#039;aventures passionnantes avec Melbet Congo Aviator ! Ressentez la mont\u00e9e d&#039;adr\u00e9naline, pariez \u00e0 partir de 270 F et gagnez jusqu&#039;\u00e0 10 000 fois votre mise ! Saisissez votre chance et attrapez la chance par la queue.\" \/>\n<meta name=\"robots\" content=\"index, follow, max-snippet:-1, max-image-preview:large, max-video-preview:-1\" \/>\n<meta property=\"og:locale\" content=\"fr_FR\" \/>\n<meta property=\"og:type\" content=\"article\" \/>\n<meta property=\"og:title\" content=\"Jouez \u00e0 Melbet Aviator \u1409 D\u00e9collez et gagnez !\" \/>\n<meta property=\"og:description\" content=\"Plongez dans un monde d&#039;aventures passionnantes avec Melbet Congo Aviator ! Ressentez la mont\u00e9e d&#039;adr\u00e9naline, pariez \u00e0 partir de 270 F et gagnez jusqu&#039;\u00e0 10 000 fois votre mise ! Saisissez votre chance et attrapez la chance par la queue.\" \/>\n<meta property=\"og:url\" content=\"https:\/\/melbet.plus\/congo\/aviator\/\" \/>\n<meta property=\"og:site_name\" content=\"Melbet CD\" \/>\n<meta property=\"article:modified_time\" content=\"2026-02-10T18:12:14+00:00\" \/>\n<meta name=\"twitter:card\" content=\"summary_large_image\" \/>\n<script type=\"application\/ld+json\" class=\"yoast-schema-graph\">{\"@context\":\"https:\\\/\\\/schema.org\",\"@graph\":[{\"@type\":\"WebPage\",\"@id\":\"https:\\\/\\\/melbet.plus\\\/congo\\\/aviator\\\/\",\"url\":\"https:\\\/\\\/melbet.plus\\\/congo\\\/aviator\\\/\",\"name\":\"Jouez \u00e0 Melbet Aviator \u1409 D\u00e9collez et gagnez !\",\"isPartOf\":{\"@id\":\"https:\\\/\\\/melbet.plus\\\/congo\\\/#website\"},\"datePublished\":\"2025-09-04T11:17:17+00:00\",\"dateModified\":\"2026-02-10T18:12:14+00:00\",\"description\":\"Plongez dans un monde d'aventures passionnantes avec Melbet Congo Aviator ! Ressentez la mont\u00e9e d'adr\u00e9naline, pariez \u00e0 partir de 270 F et gagnez jusqu'\u00e0 10 000 fois votre mise ! Saisissez votre chance et attrapez la chance par la queue.\",\"breadcrumb\":{\"@id\":\"https:\\\/\\\/melbet.plus\\\/congo\\\/aviator\\\/#breadcrumb\"},\"inLanguage\":\"fr-CD\",\"potentialAction\":[{\"@type\":\"ReadAction\",\"target\":[\"https:\\\/\\\/melbet.plus\\\/congo\\\/aviator\\\/\"]}]},{\"@type\":\"BreadcrumbList\",\"@id\":\"https:\\\/\\\/melbet.plus\\\/congo\\\/aviator\\\/#breadcrumb\",\"itemListElement\":[{\"@type\":\"ListItem\",\"position\":1,\"name\":\"Home\",\"item\":\"https:\\\/\\\/melbet.plus\\\/congo\\\/\"},{\"@type\":\"ListItem\",\"position\":2,\"name\":\"Aviateur\"}]},{\"@type\":\"WebSite\",\"@id\":\"https:\\\/\\\/melbet.plus\\\/congo\\\/#website\",\"url\":\"https:\\\/\\\/melbet.plus\\\/congo\\\/\",\"name\":\"Melbet CD\",\"description\":\"My WordPress Blog\",\"potentialAction\":[{\"@type\":\"SearchAction\",\"target\":{\"@type\":\"EntryPoint\",\"urlTemplate\":\"https:\\\/\\\/melbet.plus\\\/congo\\\/?s={search_term_string}\"},\"query-input\":{\"@type\":\"PropertyValueSpecification\",\"valueRequired\":true,\"valueName\":\"search_term_string\"}}],\"inLanguage\":\"fr-CD\"}]}<\/script>\n<!-- \/ Yoast SEO plugin. -->","yoast_head_json":{"title":"Jouez \u00e0 Melbet Aviator \u1409 D\u00e9collez et gagnez !","description":"Plongez dans un monde d'aventures passionnantes avec Melbet Congo Aviator ! Ressentez la mont\u00e9e d'adr\u00e9naline, pariez \u00e0 partir de 270 F et gagnez jusqu'\u00e0 10 000 fois votre mise ! Saisissez votre chance et attrapez la chance par la queue.","robots":{"index":"index","follow":"follow","max-snippet":"max-snippet:-1","max-image-preview":"max-image-preview:large","max-video-preview":"max-video-preview:-1"},"og_locale":"fr_FR","og_type":"article","og_title":"Jouez \u00e0 Melbet Aviator \u1409 D\u00e9collez et gagnez !","og_description":"Plongez dans un monde d'aventures passionnantes avec Melbet Congo Aviator ! Ressentez la mont\u00e9e d'adr\u00e9naline, pariez \u00e0 partir de 270 F et gagnez jusqu'\u00e0 10 000 fois votre mise ! Saisissez votre chance et attrapez la chance par la queue.","og_url":"https:\/\/melbet.plus\/congo\/aviator\/","og_site_name":"Melbet CD","article_modified_time":"2026-02-10T18:12:14+00:00","twitter_card":"summary_large_image","schema":{"@context":"https:\/\/schema.org","@graph":[{"@type":"WebPage","@id":"https:\/\/melbet.plus\/congo\/aviator\/","url":"https:\/\/melbet.plus\/congo\/aviator\/","name":"Jouez \u00e0 Melbet Aviator \u1409 D\u00e9collez et gagnez !","isPartOf":{"@id":"https:\/\/melbet.plus\/congo\/#website"},"datePublished":"2025-09-04T11:17:17+00:00","dateModified":"2026-02-10T18:12:14+00:00","description":"Plongez dans un monde d'aventures passionnantes avec Melbet Congo Aviator ! Ressentez la mont\u00e9e d'adr\u00e9naline, pariez \u00e0 partir de 270 F et gagnez jusqu'\u00e0 10 000 fois votre mise ! Saisissez votre chance et attrapez la chance par la queue.","breadcrumb":{"@id":"https:\/\/melbet.plus\/congo\/aviator\/#breadcrumb"},"inLanguage":"fr-CD","potentialAction":[{"@type":"ReadAction","target":["https:\/\/melbet.plus\/congo\/aviator\/"]}]},{"@type":"BreadcrumbList","@id":"https:\/\/melbet.plus\/congo\/aviator\/#breadcrumb","itemListElement":[{"@type":"ListItem","position":1,"name":"Home","item":"https:\/\/melbet.plus\/congo\/"},{"@type":"ListItem","position":2,"name":"Aviateur"}]},{"@type":"WebSite","@id":"https:\/\/melbet.plus\/congo\/#website","url":"https:\/\/melbet.plus\/congo\/","name":"Melbet CD","description":"My WordPress Blog","potentialAction":[{"@type":"SearchAction","target":{"@type":"EntryPoint","urlTemplate":"https:\/\/melbet.plus\/congo\/?s={search_term_string}"},"query-input":{"@type":"PropertyValueSpecification","valueRequired":true,"valueName":"search_term_string"}}],"inLanguage":"fr-CD"}]}},"_links":{"self":[{"href":"https:\/\/melbet.plus\/congo\/wp-json\/wp\/v2\/pages\/879","targetHints":{"allow":["GET"]}}],"collection":[{"href":"https:\/\/melbet.plus\/congo\/wp-json\/wp\/v2\/pages"}],"about":[{"href":"https:\/\/melbet.plus\/congo\/wp-json\/wp\/v2\/types\/page"}],"author":[{"embeddable":true,"href":"https:\/\/melbet.plus\/congo\/wp-json\/wp\/v2\/users\/1"}],"replies":[{"embeddable":true,"href":"https:\/\/melbet.plus\/congo\/wp-json\/wp\/v2\/comments?post=879"}],"version-history":[{"count":5,"href":"https:\/\/melbet.plus\/congo\/wp-json\/wp\/v2\/pages\/879\/revisions"}],"predecessor-version":[{"id":1004,"href":"https:\/\/melbet.plus\/congo\/wp-json\/wp\/v2\/pages\/879\/revisions\/1004"}],"wp:attachment":[{"href":"https:\/\/melbet.plus\/congo\/wp-json\/wp\/v2\/media?parent=879"}],"curies":[{"name":"wp","href":"https:\/\/api.w.org\/{rel}","templated":true}]}}