{"id":727,"date":"2025-04-25T06:27:44","date_gmt":"2025-04-25T06:27:44","guid":{"rendered":"https:\/\/melbet.plus\/congo\/?page_id=727"},"modified":"2026-02-10T18:07:30","modified_gmt":"2026-02-10T18:07:30","slug":"welcome-bonus","status":"publish","type":"page","link":"https:\/\/melbet.plus\/congo\/bonus\/welcome-bonus\/","title":{"rendered":"Bonus de bienvenue"},"content":{"rendered":"","protected":false},"excerpt":{"rendered":"","protected":false},"author":1,"featured_media":0,"parent":152,"menu_order":0,"comment_status":"closed","ping_status":"closed","template":"","meta":{"inline_featured_image":false,"footnotes":""},"class_list":["post-727","page","type-page","status-publish","hentry"],"yoast_head":"<!-- This site is optimized with the Yoast SEO plugin v27.5 - https:\/\/yoast.com\/product\/yoast-seo-wordpress\/ -->\n<title>Bonus de bienvenue Melbet jusqu&#039;\u00e0 300\u00a0000 F<\/title>\n<meta name=\"description\" content=\"Obtenez vos 300 000 F chez Melbet Congo : il vous suffit de d\u00e9poser 2 700 F apr\u00e8s votre inscription et nous doublerons votre d\u00e9p\u00f4t ! Ne manquez pas cette occasion d&#039;augmenter votre mise et commencez \u00e0 jouer avec le bonus maximum. Un bonus qui fonctionne vraiment : pr\u00eat \u00e0 encaisser vos gains ?\" \/>\n<meta name=\"robots\" content=\"index, follow, max-snippet:-1, max-image-preview:large, max-video-preview:-1\" \/>\n<meta property=\"og:locale\" content=\"fr_FR\" \/>\n<meta property=\"og:type\" content=\"article\" \/>\n<meta property=\"og:title\" content=\"Bonus de bienvenue Melbet jusqu&#039;\u00e0 300\u00a0000 F\" \/>\n<meta property=\"og:description\" content=\"Obtenez vos 300 000 F chez Melbet Congo : il vous suffit de d\u00e9poser 2 700 F apr\u00e8s votre inscription et nous doublerons votre d\u00e9p\u00f4t ! Ne manquez pas cette occasion d&#039;augmenter votre mise et commencez \u00e0 jouer avec le bonus maximum. Un bonus qui fonctionne vraiment : pr\u00eat \u00e0 encaisser vos gains ?\" \/>\n<meta property=\"og:url\" content=\"https:\/\/melbet.plus\/congo\/bonus\/welcome-bonus\/\" \/>\n<meta property=\"og:site_name\" content=\"Melbet CD\" \/>\n<meta property=\"article:modified_time\" content=\"2026-02-10T18:07:30+00:00\" \/>\n<meta name=\"twitter:card\" content=\"summary_large_image\" \/>\n<script type=\"application\/ld+json\" class=\"yoast-schema-graph\">{\"@context\":\"https:\\\/\\\/schema.org\",\"@graph\":[{\"@type\":\"WebPage\",\"@id\":\"https:\\\/\\\/melbet.plus\\\/congo\\\/bonus\\\/welcome-bonus\\\/\",\"url\":\"https:\\\/\\\/melbet.plus\\\/congo\\\/bonus\\\/welcome-bonus\\\/\",\"name\":\"Bonus de bienvenue Melbet jusqu'\u00e0 300\u00a0000 F\",\"isPartOf\":{\"@id\":\"https:\\\/\\\/melbet.plus\\\/congo\\\/#website\"},\"datePublished\":\"2025-04-25T06:27:44+00:00\",\"dateModified\":\"2026-02-10T18:07:30+00:00\",\"description\":\"Obtenez vos 300 000 F chez Melbet Congo : il vous suffit de d\u00e9poser 2 700 F apr\u00e8s votre inscription et nous doublerons votre d\u00e9p\u00f4t ! Ne manquez pas cette occasion d'augmenter votre mise et commencez \u00e0 jouer avec le bonus maximum. Un bonus qui fonctionne vraiment : pr\u00eat \u00e0 encaisser vos gains ?\",\"breadcrumb\":{\"@id\":\"https:\\\/\\\/melbet.plus\\\/congo\\\/bonus\\\/welcome-bonus\\\/#breadcrumb\"},\"inLanguage\":\"fr-CD\",\"potentialAction\":[{\"@type\":\"ReadAction\",\"target\":[\"https:\\\/\\\/melbet.plus\\\/congo\\\/bonus\\\/welcome-bonus\\\/\"]}]},{\"@type\":\"BreadcrumbList\",\"@id\":\"https:\\\/\\\/melbet.plus\\\/congo\\\/bonus\\\/welcome-bonus\\\/#breadcrumb\",\"itemListElement\":[{\"@type\":\"ListItem\",\"position\":1,\"name\":\"Home\",\"item\":\"https:\\\/\\\/melbet.plus\\\/congo\\\/\"},{\"@type\":\"ListItem\",\"position\":2,\"name\":\"Bonus\",\"item\":\"https:\\\/\\\/melbet.plus\\\/congo\\\/bonus\\\/\"},{\"@type\":\"ListItem\",\"position\":3,\"name\":\"Bonus de bienvenue\"}]},{\"@type\":\"WebSite\",\"@id\":\"https:\\\/\\\/melbet.plus\\\/congo\\\/#website\",\"url\":\"https:\\\/\\\/melbet.plus\\\/congo\\\/\",\"name\":\"Melbet CD\",\"description\":\"My WordPress Blog\",\"potentialAction\":[{\"@type\":\"SearchAction\",\"target\":{\"@type\":\"EntryPoint\",\"urlTemplate\":\"https:\\\/\\\/melbet.plus\\\/congo\\\/?s={search_term_string}\"},\"query-input\":{\"@type\":\"PropertyValueSpecification\",\"valueRequired\":true,\"valueName\":\"search_term_string\"}}],\"inLanguage\":\"fr-CD\"}]}<\/script>\n<!-- \/ Yoast SEO plugin. -->","yoast_head_json":{"title":"Bonus de bienvenue Melbet jusqu'\u00e0 300\u00a0000 F","description":"Obtenez vos 300 000 F chez Melbet Congo : il vous suffit de d\u00e9poser 2 700 F apr\u00e8s votre inscription et nous doublerons votre d\u00e9p\u00f4t ! Ne manquez pas cette occasion d'augmenter votre mise et commencez \u00e0 jouer avec le bonus maximum. Un bonus qui fonctionne vraiment : pr\u00eat \u00e0 encaisser vos gains ?","robots":{"index":"index","follow":"follow","max-snippet":"max-snippet:-1","max-image-preview":"max-image-preview:large","max-video-preview":"max-video-preview:-1"},"og_locale":"fr_FR","og_type":"article","og_title":"Bonus de bienvenue Melbet jusqu'\u00e0 300\u00a0000 F","og_description":"Obtenez vos 300 000 F chez Melbet Congo : il vous suffit de d\u00e9poser 2 700 F apr\u00e8s votre inscription et nous doublerons votre d\u00e9p\u00f4t ! Ne manquez pas cette occasion d'augmenter votre mise et commencez \u00e0 jouer avec le bonus maximum. Un bonus qui fonctionne vraiment : pr\u00eat \u00e0 encaisser vos gains ?","og_url":"https:\/\/melbet.plus\/congo\/bonus\/welcome-bonus\/","og_site_name":"Melbet CD","article_modified_time":"2026-02-10T18:07:30+00:00","twitter_card":"summary_large_image","schema":{"@context":"https:\/\/schema.org","@graph":[{"@type":"WebPage","@id":"https:\/\/melbet.plus\/congo\/bonus\/welcome-bonus\/","url":"https:\/\/melbet.plus\/congo\/bonus\/welcome-bonus\/","name":"Bonus de bienvenue Melbet jusqu'\u00e0 300\u00a0000 F","isPartOf":{"@id":"https:\/\/melbet.plus\/congo\/#website"},"datePublished":"2025-04-25T06:27:44+00:00","dateModified":"2026-02-10T18:07:30+00:00","description":"Obtenez vos 300 000 F chez Melbet Congo : il vous suffit de d\u00e9poser 2 700 F apr\u00e8s votre inscription et nous doublerons votre d\u00e9p\u00f4t ! Ne manquez pas cette occasion d'augmenter votre mise et commencez \u00e0 jouer avec le bonus maximum. Un bonus qui fonctionne vraiment : pr\u00eat \u00e0 encaisser vos gains ?","breadcrumb":{"@id":"https:\/\/melbet.plus\/congo\/bonus\/welcome-bonus\/#breadcrumb"},"inLanguage":"fr-CD","potentialAction":[{"@type":"ReadAction","target":["https:\/\/melbet.plus\/congo\/bonus\/welcome-bonus\/"]}]},{"@type":"BreadcrumbList","@id":"https:\/\/melbet.plus\/congo\/bonus\/welcome-bonus\/#breadcrumb","itemListElement":[{"@type":"ListItem","position":1,"name":"Home","item":"https:\/\/melbet.plus\/congo\/"},{"@type":"ListItem","position":2,"name":"Bonus","item":"https:\/\/melbet.plus\/congo\/bonus\/"},{"@type":"ListItem","position":3,"name":"Bonus de bienvenue"}]},{"@type":"WebSite","@id":"https:\/\/melbet.plus\/congo\/#website","url":"https:\/\/melbet.plus\/congo\/","name":"Melbet CD","description":"My WordPress Blog","potentialAction":[{"@type":"SearchAction","target":{"@type":"EntryPoint","urlTemplate":"https:\/\/melbet.plus\/congo\/?s={search_term_string}"},"query-input":{"@type":"PropertyValueSpecification","valueRequired":true,"valueName":"search_term_string"}}],"inLanguage":"fr-CD"}]}},"_links":{"self":[{"href":"https:\/\/melbet.plus\/congo\/wp-json\/wp\/v2\/pages\/727","targetHints":{"allow":["GET"]}}],"collection":[{"href":"https:\/\/melbet.plus\/congo\/wp-json\/wp\/v2\/pages"}],"about":[{"href":"https:\/\/melbet.plus\/congo\/wp-json\/wp\/v2\/types\/page"}],"author":[{"embeddable":true,"href":"https:\/\/melbet.plus\/congo\/wp-json\/wp\/v2\/users\/1"}],"replies":[{"embeddable":true,"href":"https:\/\/melbet.plus\/congo\/wp-json\/wp\/v2\/comments?post=727"}],"version-history":[{"count":5,"href":"https:\/\/melbet.plus\/congo\/wp-json\/wp\/v2\/pages\/727\/revisions"}],"predecessor-version":[{"id":1003,"href":"https:\/\/melbet.plus\/congo\/wp-json\/wp\/v2\/pages\/727\/revisions\/1003"}],"up":[{"embeddable":true,"href":"https:\/\/melbet.plus\/congo\/wp-json\/wp\/v2\/pages\/152"}],"wp:attachment":[{"href":"https:\/\/melbet.plus\/congo\/wp-json\/wp\/v2\/media?parent=727"}],"curies":[{"name":"wp","href":"https:\/\/api.w.org\/{rel}","templated":true}]}}