{"id":554,"date":"2024-09-11T06:32:09","date_gmt":"2024-09-11T06:32:09","guid":{"rendered":"https:\/\/melbet.plus\/congo\/?page_id=554"},"modified":"2026-01-29T12:30:06","modified_gmt":"2026-01-29T12:30:06","slug":"apk","status":"publish","type":"page","link":"https:\/\/melbet.plus\/congo\/apk\/","title":{"rendered":"Apk"},"content":{"rendered":"","protected":false},"excerpt":{"rendered":"","protected":false},"author":1,"featured_media":0,"parent":0,"menu_order":0,"comment_status":"closed","ping_status":"closed","template":"","meta":{"inline_featured_image":false,"footnotes":""},"class_list":["post-554","page","type-page","status-publish","hentry"],"yoast_head":"<!-- This site is optimized with the Yoast SEO plugin v27.5 - https:\/\/yoast.com\/product\/yoast-seo-wordpress\/ -->\n<title>Melbet Apk T\u00e9l\u00e9charger pour Android | Derni\u00e8re version APK<\/title>\n<meta name=\"description\" content=\"Melbet Congo Apk propose des paris sportifs et des jeux de casino. T\u00e9l\u00e9chargez gratuitement l&#039;apk officiel Melbet. Instructions \u00e9tape par \u00e9tape et description de l&#039;apk. Installez l&#039;apk Melbet pour acc\u00e9der rapidement au site Melbet.\" \/>\n<meta name=\"robots\" content=\"index, follow, max-snippet:-1, max-image-preview:large, max-video-preview:-1\" \/>\n<meta property=\"og:locale\" content=\"fr_FR\" \/>\n<meta property=\"og:type\" content=\"article\" \/>\n<meta property=\"og:title\" content=\"Melbet Apk T\u00e9l\u00e9charger pour Android | Derni\u00e8re version APK\" \/>\n<meta property=\"og:description\" content=\"Melbet Congo Apk propose des paris sportifs et des jeux de casino. T\u00e9l\u00e9chargez gratuitement l&#039;apk officiel Melbet. Instructions \u00e9tape par \u00e9tape et description de l&#039;apk. Installez l&#039;apk Melbet pour acc\u00e9der rapidement au site Melbet.\" \/>\n<meta property=\"og:url\" content=\"https:\/\/melbet.plus\/congo\/apk\/\" \/>\n<meta property=\"og:site_name\" content=\"Melbet CD\" \/>\n<meta property=\"article:modified_time\" content=\"2026-01-29T12:30:06+00:00\" \/>\n<meta name=\"twitter:card\" content=\"summary_large_image\" \/>\n<script type=\"application\/ld+json\" class=\"yoast-schema-graph\">{\"@context\":\"https:\\\/\\\/schema.org\",\"@graph\":[{\"@type\":\"WebPage\",\"@id\":\"https:\\\/\\\/melbet.plus\\\/congo\\\/apk\\\/\",\"url\":\"https:\\\/\\\/melbet.plus\\\/congo\\\/apk\\\/\",\"name\":\"Melbet Apk T\u00e9l\u00e9charger pour Android | Derni\u00e8re version APK\",\"isPartOf\":{\"@id\":\"https:\\\/\\\/melbet.plus\\\/congo\\\/#website\"},\"datePublished\":\"2024-09-11T06:32:09+00:00\",\"dateModified\":\"2026-01-29T12:30:06+00:00\",\"description\":\"Melbet Congo Apk propose des paris sportifs et des jeux de casino. T\u00e9l\u00e9chargez gratuitement l'apk officiel Melbet. Instructions \u00e9tape par \u00e9tape et description de l'apk. Installez l'apk Melbet pour acc\u00e9der rapidement au site Melbet.\",\"breadcrumb\":{\"@id\":\"https:\\\/\\\/melbet.plus\\\/congo\\\/apk\\\/#breadcrumb\"},\"inLanguage\":\"fr-CD\",\"potentialAction\":[{\"@type\":\"ReadAction\",\"target\":[\"https:\\\/\\\/melbet.plus\\\/congo\\\/apk\\\/\"]}]},{\"@type\":\"BreadcrumbList\",\"@id\":\"https:\\\/\\\/melbet.plus\\\/congo\\\/apk\\\/#breadcrumb\",\"itemListElement\":[{\"@type\":\"ListItem\",\"position\":1,\"name\":\"Home\",\"item\":\"https:\\\/\\\/melbet.plus\\\/congo\\\/\"},{\"@type\":\"ListItem\",\"position\":2,\"name\":\"Apk\"}]},{\"@type\":\"WebSite\",\"@id\":\"https:\\\/\\\/melbet.plus\\\/congo\\\/#website\",\"url\":\"https:\\\/\\\/melbet.plus\\\/congo\\\/\",\"name\":\"Melbet CD\",\"description\":\"My WordPress Blog\",\"potentialAction\":[{\"@type\":\"SearchAction\",\"target\":{\"@type\":\"EntryPoint\",\"urlTemplate\":\"https:\\\/\\\/melbet.plus\\\/congo\\\/?s={search_term_string}\"},\"query-input\":{\"@type\":\"PropertyValueSpecification\",\"valueRequired\":true,\"valueName\":\"search_term_string\"}}],\"inLanguage\":\"fr-CD\"}]}<\/script>\n<!-- \/ Yoast SEO plugin. -->","yoast_head_json":{"title":"Melbet Apk T\u00e9l\u00e9charger pour Android | Derni\u00e8re version APK","description":"Melbet Congo Apk propose des paris sportifs et des jeux de casino. T\u00e9l\u00e9chargez gratuitement l'apk officiel Melbet. Instructions \u00e9tape par \u00e9tape et description de l'apk. Installez l'apk Melbet pour acc\u00e9der rapidement au site Melbet.","robots":{"index":"index","follow":"follow","max-snippet":"max-snippet:-1","max-image-preview":"max-image-preview:large","max-video-preview":"max-video-preview:-1"},"og_locale":"fr_FR","og_type":"article","og_title":"Melbet Apk T\u00e9l\u00e9charger pour Android | Derni\u00e8re version APK","og_description":"Melbet Congo Apk propose des paris sportifs et des jeux de casino. T\u00e9l\u00e9chargez gratuitement l'apk officiel Melbet. Instructions \u00e9tape par \u00e9tape et description de l'apk. Installez l'apk Melbet pour acc\u00e9der rapidement au site Melbet.","og_url":"https:\/\/melbet.plus\/congo\/apk\/","og_site_name":"Melbet CD","article_modified_time":"2026-01-29T12:30:06+00:00","twitter_card":"summary_large_image","schema":{"@context":"https:\/\/schema.org","@graph":[{"@type":"WebPage","@id":"https:\/\/melbet.plus\/congo\/apk\/","url":"https:\/\/melbet.plus\/congo\/apk\/","name":"Melbet Apk T\u00e9l\u00e9charger pour Android | Derni\u00e8re version APK","isPartOf":{"@id":"https:\/\/melbet.plus\/congo\/#website"},"datePublished":"2024-09-11T06:32:09+00:00","dateModified":"2026-01-29T12:30:06+00:00","description":"Melbet Congo Apk propose des paris sportifs et des jeux de casino. T\u00e9l\u00e9chargez gratuitement l'apk officiel Melbet. Instructions \u00e9tape par \u00e9tape et description de l'apk. Installez l'apk Melbet pour acc\u00e9der rapidement au site Melbet.","breadcrumb":{"@id":"https:\/\/melbet.plus\/congo\/apk\/#breadcrumb"},"inLanguage":"fr-CD","potentialAction":[{"@type":"ReadAction","target":["https:\/\/melbet.plus\/congo\/apk\/"]}]},{"@type":"BreadcrumbList","@id":"https:\/\/melbet.plus\/congo\/apk\/#breadcrumb","itemListElement":[{"@type":"ListItem","position":1,"name":"Home","item":"https:\/\/melbet.plus\/congo\/"},{"@type":"ListItem","position":2,"name":"Apk"}]},{"@type":"WebSite","@id":"https:\/\/melbet.plus\/congo\/#website","url":"https:\/\/melbet.plus\/congo\/","name":"Melbet CD","description":"My WordPress Blog","potentialAction":[{"@type":"SearchAction","target":{"@type":"EntryPoint","urlTemplate":"https:\/\/melbet.plus\/congo\/?s={search_term_string}"},"query-input":{"@type":"PropertyValueSpecification","valueRequired":true,"valueName":"search_term_string"}}],"inLanguage":"fr-CD"}]}},"_links":{"self":[{"href":"https:\/\/melbet.plus\/congo\/wp-json\/wp\/v2\/pages\/554","targetHints":{"allow":["GET"]}}],"collection":[{"href":"https:\/\/melbet.plus\/congo\/wp-json\/wp\/v2\/pages"}],"about":[{"href":"https:\/\/melbet.plus\/congo\/wp-json\/wp\/v2\/types\/page"}],"author":[{"embeddable":true,"href":"https:\/\/melbet.plus\/congo\/wp-json\/wp\/v2\/users\/1"}],"replies":[{"embeddable":true,"href":"https:\/\/melbet.plus\/congo\/wp-json\/wp\/v2\/comments?post=554"}],"version-history":[{"count":5,"href":"https:\/\/melbet.plus\/congo\/wp-json\/wp\/v2\/pages\/554\/revisions"}],"predecessor-version":[{"id":962,"href":"https:\/\/melbet.plus\/congo\/wp-json\/wp\/v2\/pages\/554\/revisions\/962"}],"wp:attachment":[{"href":"https:\/\/melbet.plus\/congo\/wp-json\/wp\/v2\/media?parent=554"}],"curies":[{"name":"wp","href":"https:\/\/api.w.org\/{rel}","templated":true}]}}