{"id":572,"date":"2024-11-06T08:28:07","date_gmt":"2024-11-06T08:28:07","guid":{"rendered":"https:\/\/melbet.plus\/cm\/?page_id=572"},"modified":"2024-11-06T16:01:34","modified_gmt":"2024-11-06T16:01:34","slug":"apk","status":"publish","type":"page","link":"https:\/\/melbet.plus\/cm\/apk\/","title":{"rendered":"Apk"},"content":{"rendered":"","protected":false},"excerpt":{"rendered":"","protected":false},"author":1,"featured_media":0,"parent":0,"menu_order":0,"comment_status":"closed","ping_status":"closed","template":"","meta":{"inline_featured_image":false,"footnotes":""},"class_list":["post-572","page","type-page","status-publish","hentry"],"yoast_head":"<!-- This site is optimized with the Yoast SEO plugin v27.4 - https:\/\/yoast.com\/product\/yoast-seo-wordpress\/ -->\n<title>Melbet Apk T\u00e9l\u00e9charger pour Android | Derni\u00e8re version APK<\/title>\n<meta name=\"description\" content=\"Melbet Apk propose des paris sportifs et des jeux de casino. T\u00e9l\u00e9charger l&#039;apk officielle de Melbet Cameroun gratuitement. Instructions pas \u00e0 pas et description de l&#039;apk. Installer l&#039;apk Melbet pour un acc\u00e8s rapide au site de Melbet.\" \/>\n<meta name=\"robots\" content=\"index, follow, max-snippet:-1, max-image-preview:large, max-video-preview:-1\" \/>\n<meta property=\"og:locale\" content=\"fr_FR\" \/>\n<meta property=\"og:type\" content=\"article\" \/>\n<meta property=\"og:title\" content=\"Melbet Apk T\u00e9l\u00e9charger pour Android | Derni\u00e8re version APK\" \/>\n<meta property=\"og:description\" content=\"Melbet Apk propose des paris sportifs et des jeux de casino. T\u00e9l\u00e9charger l&#039;apk officielle de Melbet Cameroun gratuitement. Instructions pas \u00e0 pas et description de l&#039;apk. Installer l&#039;apk Melbet pour un acc\u00e8s rapide au site de Melbet.\" \/>\n<meta property=\"og:url\" content=\"https:\/\/melbet.plus\/cm\/apk\/\" \/>\n<meta property=\"og:site_name\" content=\"Melbet cm\" \/>\n<meta property=\"article:modified_time\" content=\"2024-11-06T16:01:34+00:00\" \/>\n<meta name=\"twitter:card\" content=\"summary_large_image\" \/>\n<script type=\"application\/ld+json\" class=\"yoast-schema-graph\">{\"@context\":\"https:\\\/\\\/schema.org\",\"@graph\":[{\"@type\":\"WebPage\",\"@id\":\"https:\\\/\\\/melbet.plus\\\/cm\\\/apk\\\/\",\"url\":\"https:\\\/\\\/melbet.plus\\\/cm\\\/apk\\\/\",\"name\":\"Melbet Apk T\u00e9l\u00e9charger pour Android | Derni\u00e8re version APK\",\"isPartOf\":{\"@id\":\"https:\\\/\\\/melbet.plus\\\/cm\\\/#website\"},\"datePublished\":\"2024-11-06T08:28:07+00:00\",\"dateModified\":\"2024-11-06T16:01:34+00:00\",\"description\":\"Melbet Apk propose des paris sportifs et des jeux de casino. T\u00e9l\u00e9charger l'apk officielle de Melbet Cameroun gratuitement. Instructions pas \u00e0 pas et description de l'apk. Installer l'apk Melbet pour un acc\u00e8s rapide au site de Melbet.\",\"breadcrumb\":{\"@id\":\"https:\\\/\\\/melbet.plus\\\/cm\\\/apk\\\/#breadcrumb\"},\"inLanguage\":\"fr-CM\",\"potentialAction\":[{\"@type\":\"ReadAction\",\"target\":[\"https:\\\/\\\/melbet.plus\\\/cm\\\/apk\\\/\"]}]},{\"@type\":\"BreadcrumbList\",\"@id\":\"https:\\\/\\\/melbet.plus\\\/cm\\\/apk\\\/#breadcrumb\",\"itemListElement\":[{\"@type\":\"ListItem\",\"position\":1,\"name\":\"Home\",\"item\":\"https:\\\/\\\/melbet.plus\\\/cm\\\/\"},{\"@type\":\"ListItem\",\"position\":2,\"name\":\"Apk\"}]},{\"@type\":\"WebSite\",\"@id\":\"https:\\\/\\\/melbet.plus\\\/cm\\\/#website\",\"url\":\"https:\\\/\\\/melbet.plus\\\/cm\\\/\",\"name\":\"Melbet cm\",\"description\":\"My WordPress Blog\",\"potentialAction\":[{\"@type\":\"SearchAction\",\"target\":{\"@type\":\"EntryPoint\",\"urlTemplate\":\"https:\\\/\\\/melbet.plus\\\/cm\\\/?s={search_term_string}\"},\"query-input\":{\"@type\":\"PropertyValueSpecification\",\"valueRequired\":true,\"valueName\":\"search_term_string\"}}],\"inLanguage\":\"fr-CM\"}]}<\/script>\n<!-- \/ Yoast SEO plugin. -->","yoast_head_json":{"title":"Melbet Apk T\u00e9l\u00e9charger pour Android | Derni\u00e8re version APK","description":"Melbet Apk propose des paris sportifs et des jeux de casino. T\u00e9l\u00e9charger l'apk officielle de Melbet Cameroun gratuitement. Instructions pas \u00e0 pas et description de l'apk. Installer l'apk Melbet pour un acc\u00e8s rapide au site de Melbet.","robots":{"index":"index","follow":"follow","max-snippet":"max-snippet:-1","max-image-preview":"max-image-preview:large","max-video-preview":"max-video-preview:-1"},"og_locale":"fr_FR","og_type":"article","og_title":"Melbet Apk T\u00e9l\u00e9charger pour Android | Derni\u00e8re version APK","og_description":"Melbet Apk propose des paris sportifs et des jeux de casino. T\u00e9l\u00e9charger l'apk officielle de Melbet Cameroun gratuitement. Instructions pas \u00e0 pas et description de l'apk. Installer l'apk Melbet pour un acc\u00e8s rapide au site de Melbet.","og_url":"https:\/\/melbet.plus\/cm\/apk\/","og_site_name":"Melbet cm","article_modified_time":"2024-11-06T16:01:34+00:00","twitter_card":"summary_large_image","schema":{"@context":"https:\/\/schema.org","@graph":[{"@type":"WebPage","@id":"https:\/\/melbet.plus\/cm\/apk\/","url":"https:\/\/melbet.plus\/cm\/apk\/","name":"Melbet Apk T\u00e9l\u00e9charger pour Android | Derni\u00e8re version APK","isPartOf":{"@id":"https:\/\/melbet.plus\/cm\/#website"},"datePublished":"2024-11-06T08:28:07+00:00","dateModified":"2024-11-06T16:01:34+00:00","description":"Melbet Apk propose des paris sportifs et des jeux de casino. T\u00e9l\u00e9charger l'apk officielle de Melbet Cameroun gratuitement. Instructions pas \u00e0 pas et description de l'apk. Installer l'apk Melbet pour un acc\u00e8s rapide au site de Melbet.","breadcrumb":{"@id":"https:\/\/melbet.plus\/cm\/apk\/#breadcrumb"},"inLanguage":"fr-CM","potentialAction":[{"@type":"ReadAction","target":["https:\/\/melbet.plus\/cm\/apk\/"]}]},{"@type":"BreadcrumbList","@id":"https:\/\/melbet.plus\/cm\/apk\/#breadcrumb","itemListElement":[{"@type":"ListItem","position":1,"name":"Home","item":"https:\/\/melbet.plus\/cm\/"},{"@type":"ListItem","position":2,"name":"Apk"}]},{"@type":"WebSite","@id":"https:\/\/melbet.plus\/cm\/#website","url":"https:\/\/melbet.plus\/cm\/","name":"Melbet cm","description":"My WordPress Blog","potentialAction":[{"@type":"SearchAction","target":{"@type":"EntryPoint","urlTemplate":"https:\/\/melbet.plus\/cm\/?s={search_term_string}"},"query-input":{"@type":"PropertyValueSpecification","valueRequired":true,"valueName":"search_term_string"}}],"inLanguage":"fr-CM"}]}},"_links":{"self":[{"href":"https:\/\/melbet.plus\/cm\/wp-json\/wp\/v2\/pages\/572","targetHints":{"allow":["GET"]}}],"collection":[{"href":"https:\/\/melbet.plus\/cm\/wp-json\/wp\/v2\/pages"}],"about":[{"href":"https:\/\/melbet.plus\/cm\/wp-json\/wp\/v2\/types\/page"}],"author":[{"embeddable":true,"href":"https:\/\/melbet.plus\/cm\/wp-json\/wp\/v2\/users\/1"}],"replies":[{"embeddable":true,"href":"https:\/\/melbet.plus\/cm\/wp-json\/wp\/v2\/comments?post=572"}],"version-history":[{"count":4,"href":"https:\/\/melbet.plus\/cm\/wp-json\/wp\/v2\/pages\/572\/revisions"}],"predecessor-version":[{"id":670,"href":"https:\/\/melbet.plus\/cm\/wp-json\/wp\/v2\/pages\/572\/revisions\/670"}],"wp:attachment":[{"href":"https:\/\/melbet.plus\/cm\/wp-json\/wp\/v2\/media?parent=572"}],"curies":[{"name":"wp","href":"https:\/\/api.w.org\/{rel}","templated":true}]}}