{"id":879,"date":"2025-09-04T11:17:17","date_gmt":"2025-09-04T11:17:17","guid":{"rendered":"https:\/\/melbet.plus\/ci\/?page_id=879"},"modified":"2026-04-28T10:08:07","modified_gmt":"2026-04-28T10:08:07","slug":"aviator","status":"publish","type":"page","link":"https:\/\/melbet.plus\/ci\/aviator\/","title":{"rendered":"Aviator"},"content":{"rendered":"","protected":false},"excerpt":{"rendered":"","protected":false},"author":1,"featured_media":0,"parent":0,"menu_order":0,"comment_status":"closed","ping_status":"closed","template":"","meta":{"inline_featured_image":false,"footnotes":""},"class_list":["post-879","page","type-page","status-publish","hentry"],"yoast_head":"<!-- This site is optimized with the Yoast SEO plugin v27.4 - https:\/\/yoast.com\/product\/yoast-seo-wordpress\/ -->\n<title>Jouer \u00e0 Melbet Aviator \u1409 Gagnez jusqu&#039;\u00e0 10 000x | 2026<\/title>\n<meta name=\"description\" content=\"Plongez dans un monde d&#039;aventures passionnantes avec Melbet C\u00f4te d&#039;Ivoire Aviator ! Ressentez la mont\u00e9e d&#039;adr\u00e9naline, pariez \u00e0 partir de 100 XOF et gagnez jusqu&#039;\u00e0 10 000x votre mise ! Saisissez votre chance de saisir la chance par la queue.\" \/>\n<meta name=\"robots\" content=\"index, follow, max-snippet:-1, max-image-preview:large, max-video-preview:-1\" \/>\n<meta property=\"og:locale\" content=\"fr_FR\" \/>\n<meta property=\"og:type\" content=\"article\" \/>\n<meta property=\"og:title\" content=\"Jouer \u00e0 Melbet Aviator \u1409 Gagnez jusqu&#039;\u00e0 10 000x | 2026\" \/>\n<meta property=\"og:description\" content=\"Plongez dans un monde d&#039;aventures passionnantes avec Melbet C\u00f4te d&#039;Ivoire Aviator ! Ressentez la mont\u00e9e d&#039;adr\u00e9naline, pariez \u00e0 partir de 100 XOF et gagnez jusqu&#039;\u00e0 10 000x votre mise ! Saisissez votre chance de saisir la chance par la queue.\" \/>\n<meta property=\"og:url\" content=\"https:\/\/melbet.plus\/ci\/aviator\/\" \/>\n<meta property=\"og:site_name\" content=\"Melbet ci\" \/>\n<meta property=\"article:modified_time\" content=\"2026-04-28T10:08:07+00:00\" \/>\n<meta name=\"twitter:card\" content=\"summary_large_image\" \/>\n<script type=\"application\/ld+json\" class=\"yoast-schema-graph\">{\"@context\":\"https:\\\/\\\/schema.org\",\"@graph\":[{\"@type\":\"WebPage\",\"@id\":\"https:\\\/\\\/melbet.plus\\\/ci\\\/aviator\\\/\",\"url\":\"https:\\\/\\\/melbet.plus\\\/ci\\\/aviator\\\/\",\"name\":\"Jouer \u00e0 Melbet Aviator \u1409 Gagnez jusqu'\u00e0 10 000x | 2026\",\"isPartOf\":{\"@id\":\"https:\\\/\\\/melbet.plus\\\/ci\\\/#website\"},\"datePublished\":\"2025-09-04T11:17:17+00:00\",\"dateModified\":\"2026-04-28T10:08:07+00:00\",\"description\":\"Plongez dans un monde d'aventures passionnantes avec Melbet C\u00f4te d'Ivoire Aviator ! Ressentez la mont\u00e9e d'adr\u00e9naline, pariez \u00e0 partir de 100 XOF et gagnez jusqu'\u00e0 10 000x votre mise ! Saisissez votre chance de saisir la chance par la queue.\",\"breadcrumb\":{\"@id\":\"https:\\\/\\\/melbet.plus\\\/ci\\\/aviator\\\/#breadcrumb\"},\"inLanguage\":\"fr-CI\",\"potentialAction\":[{\"@type\":\"ReadAction\",\"target\":[\"https:\\\/\\\/melbet.plus\\\/ci\\\/aviator\\\/\"]}]},{\"@type\":\"BreadcrumbList\",\"@id\":\"https:\\\/\\\/melbet.plus\\\/ci\\\/aviator\\\/#breadcrumb\",\"itemListElement\":[{\"@type\":\"ListItem\",\"position\":1,\"name\":\"Home\",\"item\":\"https:\\\/\\\/melbet.plus\\\/ci\\\/\"},{\"@type\":\"ListItem\",\"position\":2,\"name\":\"Aviator\"}]},{\"@type\":\"WebSite\",\"@id\":\"https:\\\/\\\/melbet.plus\\\/ci\\\/#website\",\"url\":\"https:\\\/\\\/melbet.plus\\\/ci\\\/\",\"name\":\"Melbet ci\",\"description\":\"My WordPress Blog\",\"potentialAction\":[{\"@type\":\"SearchAction\",\"target\":{\"@type\":\"EntryPoint\",\"urlTemplate\":\"https:\\\/\\\/melbet.plus\\\/ci\\\/?s={search_term_string}\"},\"query-input\":{\"@type\":\"PropertyValueSpecification\",\"valueRequired\":true,\"valueName\":\"search_term_string\"}}],\"inLanguage\":\"fr-CI\"}]}<\/script>\n<!-- \/ Yoast SEO plugin. -->","yoast_head_json":{"title":"Jouer \u00e0 Melbet Aviator \u1409 Gagnez jusqu'\u00e0 10 000x | 2026","description":"Plongez dans un monde d'aventures passionnantes avec Melbet C\u00f4te d'Ivoire Aviator ! Ressentez la mont\u00e9e d'adr\u00e9naline, pariez \u00e0 partir de 100 XOF et gagnez jusqu'\u00e0 10 000x votre mise ! Saisissez votre chance de saisir la chance par la queue.","robots":{"index":"index","follow":"follow","max-snippet":"max-snippet:-1","max-image-preview":"max-image-preview:large","max-video-preview":"max-video-preview:-1"},"og_locale":"fr_FR","og_type":"article","og_title":"Jouer \u00e0 Melbet Aviator \u1409 Gagnez jusqu'\u00e0 10 000x | 2026","og_description":"Plongez dans un monde d'aventures passionnantes avec Melbet C\u00f4te d'Ivoire Aviator ! Ressentez la mont\u00e9e d'adr\u00e9naline, pariez \u00e0 partir de 100 XOF et gagnez jusqu'\u00e0 10 000x votre mise ! Saisissez votre chance de saisir la chance par la queue.","og_url":"https:\/\/melbet.plus\/ci\/aviator\/","og_site_name":"Melbet ci","article_modified_time":"2026-04-28T10:08:07+00:00","twitter_card":"summary_large_image","schema":{"@context":"https:\/\/schema.org","@graph":[{"@type":"WebPage","@id":"https:\/\/melbet.plus\/ci\/aviator\/","url":"https:\/\/melbet.plus\/ci\/aviator\/","name":"Jouer \u00e0 Melbet Aviator \u1409 Gagnez jusqu'\u00e0 10 000x | 2026","isPartOf":{"@id":"https:\/\/melbet.plus\/ci\/#website"},"datePublished":"2025-09-04T11:17:17+00:00","dateModified":"2026-04-28T10:08:07+00:00","description":"Plongez dans un monde d'aventures passionnantes avec Melbet C\u00f4te d'Ivoire Aviator ! Ressentez la mont\u00e9e d'adr\u00e9naline, pariez \u00e0 partir de 100 XOF et gagnez jusqu'\u00e0 10 000x votre mise ! Saisissez votre chance de saisir la chance par la queue.","breadcrumb":{"@id":"https:\/\/melbet.plus\/ci\/aviator\/#breadcrumb"},"inLanguage":"fr-CI","potentialAction":[{"@type":"ReadAction","target":["https:\/\/melbet.plus\/ci\/aviator\/"]}]},{"@type":"BreadcrumbList","@id":"https:\/\/melbet.plus\/ci\/aviator\/#breadcrumb","itemListElement":[{"@type":"ListItem","position":1,"name":"Home","item":"https:\/\/melbet.plus\/ci\/"},{"@type":"ListItem","position":2,"name":"Aviator"}]},{"@type":"WebSite","@id":"https:\/\/melbet.plus\/ci\/#website","url":"https:\/\/melbet.plus\/ci\/","name":"Melbet ci","description":"My WordPress Blog","potentialAction":[{"@type":"SearchAction","target":{"@type":"EntryPoint","urlTemplate":"https:\/\/melbet.plus\/ci\/?s={search_term_string}"},"query-input":{"@type":"PropertyValueSpecification","valueRequired":true,"valueName":"search_term_string"}}],"inLanguage":"fr-CI"}]}},"_links":{"self":[{"href":"https:\/\/melbet.plus\/ci\/wp-json\/wp\/v2\/pages\/879","targetHints":{"allow":["GET"]}}],"collection":[{"href":"https:\/\/melbet.plus\/ci\/wp-json\/wp\/v2\/pages"}],"about":[{"href":"https:\/\/melbet.plus\/ci\/wp-json\/wp\/v2\/types\/page"}],"author":[{"embeddable":true,"href":"https:\/\/melbet.plus\/ci\/wp-json\/wp\/v2\/users\/1"}],"replies":[{"embeddable":true,"href":"https:\/\/melbet.plus\/ci\/wp-json\/wp\/v2\/comments?post=879"}],"version-history":[{"count":5,"href":"https:\/\/melbet.plus\/ci\/wp-json\/wp\/v2\/pages\/879\/revisions"}],"predecessor-version":[{"id":1351,"href":"https:\/\/melbet.plus\/ci\/wp-json\/wp\/v2\/pages\/879\/revisions\/1351"}],"wp:attachment":[{"href":"https:\/\/melbet.plus\/ci\/wp-json\/wp\/v2\/media?parent=879"}],"curies":[{"name":"wp","href":"https:\/\/api.w.org\/{rel}","templated":true}]}}