{"id":554,"date":"2024-09-11T06:32:09","date_gmt":"2024-09-11T06:32:09","guid":{"rendered":"https:\/\/melbet.plus\/ci\/?page_id=554"},"modified":"2026-04-28T08:26:18","modified_gmt":"2026-04-28T08:26:18","slug":"apk","status":"publish","type":"page","link":"https:\/\/melbet.plus\/ci\/apk\/","title":{"rendered":"APK"},"content":{"rendered":"","protected":false},"excerpt":{"rendered":"","protected":false},"author":1,"featured_media":0,"parent":0,"menu_order":0,"comment_status":"closed","ping_status":"closed","template":"","meta":{"inline_featured_image":false,"footnotes":""},"class_list":["post-554","page","type-page","status-publish","hentry"],"yoast_head":"<!-- This site is optimized with the Yoast SEO plugin v27.5 - https:\/\/yoast.com\/product\/yoast-seo-wordpress\/ -->\n<title>T\u00e9l\u00e9charger Melbet APK pour Android | Derni\u00e8re Version<\/title>\n<meta name=\"description\" content=\"L&#039;application Melbet C\u00f4te d&#039;Ivoire propose des paris sportifs et des jeux de casino. T\u00e9l\u00e9chargez gratuitement l&#039;application officielle Melbet. Instructions \u00e9tape par \u00e9tape et description de l&#039;application. Installez l&#039;application Melbet pour acc\u00e9der rapidement au site Melbet\" \/>\n<meta name=\"robots\" content=\"index, follow, max-snippet:-1, max-image-preview:large, max-video-preview:-1\" \/>\n<meta property=\"og:locale\" content=\"fr_FR\" \/>\n<meta property=\"og:type\" content=\"article\" \/>\n<meta property=\"og:title\" content=\"T\u00e9l\u00e9charger Melbet APK pour Android | Derni\u00e8re Version\" \/>\n<meta property=\"og:description\" content=\"L&#039;application Melbet C\u00f4te d&#039;Ivoire propose des paris sportifs et des jeux de casino. T\u00e9l\u00e9chargez gratuitement l&#039;application officielle Melbet. Instructions \u00e9tape par \u00e9tape et description de l&#039;application. Installez l&#039;application Melbet pour acc\u00e9der rapidement au site Melbet\" \/>\n<meta property=\"og:url\" content=\"https:\/\/melbet.plus\/ci\/apk\/\" \/>\n<meta property=\"og:site_name\" content=\"Melbet ci\" \/>\n<meta property=\"article:modified_time\" content=\"2026-04-28T08:26:18+00:00\" \/>\n<meta name=\"twitter:card\" content=\"summary_large_image\" \/>\n<script type=\"application\/ld+json\" class=\"yoast-schema-graph\">{\"@context\":\"https:\\\/\\\/schema.org\",\"@graph\":[{\"@type\":\"WebPage\",\"@id\":\"https:\\\/\\\/melbet.plus\\\/ci\\\/apk\\\/\",\"url\":\"https:\\\/\\\/melbet.plus\\\/ci\\\/apk\\\/\",\"name\":\"T\u00e9l\u00e9charger Melbet APK pour Android | Derni\u00e8re Version\",\"isPartOf\":{\"@id\":\"https:\\\/\\\/melbet.plus\\\/ci\\\/#website\"},\"datePublished\":\"2024-09-11T06:32:09+00:00\",\"dateModified\":\"2026-04-28T08:26:18+00:00\",\"description\":\"L'application Melbet C\u00f4te d'Ivoire propose des paris sportifs et des jeux de casino. T\u00e9l\u00e9chargez gratuitement l'application officielle Melbet. Instructions \u00e9tape par \u00e9tape et description de l'application. Installez l'application Melbet pour acc\u00e9der rapidement au site Melbet\",\"breadcrumb\":{\"@id\":\"https:\\\/\\\/melbet.plus\\\/ci\\\/apk\\\/#breadcrumb\"},\"inLanguage\":\"fr-CI\",\"potentialAction\":[{\"@type\":\"ReadAction\",\"target\":[\"https:\\\/\\\/melbet.plus\\\/ci\\\/apk\\\/\"]}]},{\"@type\":\"BreadcrumbList\",\"@id\":\"https:\\\/\\\/melbet.plus\\\/ci\\\/apk\\\/#breadcrumb\",\"itemListElement\":[{\"@type\":\"ListItem\",\"position\":1,\"name\":\"Home\",\"item\":\"https:\\\/\\\/melbet.plus\\\/ci\\\/\"},{\"@type\":\"ListItem\",\"position\":2,\"name\":\"APK\"}]},{\"@type\":\"WebSite\",\"@id\":\"https:\\\/\\\/melbet.plus\\\/ci\\\/#website\",\"url\":\"https:\\\/\\\/melbet.plus\\\/ci\\\/\",\"name\":\"Melbet ci\",\"description\":\"My WordPress Blog\",\"potentialAction\":[{\"@type\":\"SearchAction\",\"target\":{\"@type\":\"EntryPoint\",\"urlTemplate\":\"https:\\\/\\\/melbet.plus\\\/ci\\\/?s={search_term_string}\"},\"query-input\":{\"@type\":\"PropertyValueSpecification\",\"valueRequired\":true,\"valueName\":\"search_term_string\"}}],\"inLanguage\":\"fr-CI\"}]}<\/script>\n<!-- \/ Yoast SEO plugin. -->","yoast_head_json":{"title":"T\u00e9l\u00e9charger Melbet APK pour Android | Derni\u00e8re Version","description":"L'application Melbet C\u00f4te d'Ivoire propose des paris sportifs et des jeux de casino. T\u00e9l\u00e9chargez gratuitement l'application officielle Melbet. Instructions \u00e9tape par \u00e9tape et description de l'application. Installez l'application Melbet pour acc\u00e9der rapidement au site Melbet","robots":{"index":"index","follow":"follow","max-snippet":"max-snippet:-1","max-image-preview":"max-image-preview:large","max-video-preview":"max-video-preview:-1"},"og_locale":"fr_FR","og_type":"article","og_title":"T\u00e9l\u00e9charger Melbet APK pour Android | Derni\u00e8re Version","og_description":"L'application Melbet C\u00f4te d'Ivoire propose des paris sportifs et des jeux de casino. T\u00e9l\u00e9chargez gratuitement l'application officielle Melbet. Instructions \u00e9tape par \u00e9tape et description de l'application. Installez l'application Melbet pour acc\u00e9der rapidement au site Melbet","og_url":"https:\/\/melbet.plus\/ci\/apk\/","og_site_name":"Melbet ci","article_modified_time":"2026-04-28T08:26:18+00:00","twitter_card":"summary_large_image","schema":{"@context":"https:\/\/schema.org","@graph":[{"@type":"WebPage","@id":"https:\/\/melbet.plus\/ci\/apk\/","url":"https:\/\/melbet.plus\/ci\/apk\/","name":"T\u00e9l\u00e9charger Melbet APK pour Android | Derni\u00e8re Version","isPartOf":{"@id":"https:\/\/melbet.plus\/ci\/#website"},"datePublished":"2024-09-11T06:32:09+00:00","dateModified":"2026-04-28T08:26:18+00:00","description":"L'application Melbet C\u00f4te d'Ivoire propose des paris sportifs et des jeux de casino. T\u00e9l\u00e9chargez gratuitement l'application officielle Melbet. Instructions \u00e9tape par \u00e9tape et description de l'application. Installez l'application Melbet pour acc\u00e9der rapidement au site Melbet","breadcrumb":{"@id":"https:\/\/melbet.plus\/ci\/apk\/#breadcrumb"},"inLanguage":"fr-CI","potentialAction":[{"@type":"ReadAction","target":["https:\/\/melbet.plus\/ci\/apk\/"]}]},{"@type":"BreadcrumbList","@id":"https:\/\/melbet.plus\/ci\/apk\/#breadcrumb","itemListElement":[{"@type":"ListItem","position":1,"name":"Home","item":"https:\/\/melbet.plus\/ci\/"},{"@type":"ListItem","position":2,"name":"APK"}]},{"@type":"WebSite","@id":"https:\/\/melbet.plus\/ci\/#website","url":"https:\/\/melbet.plus\/ci\/","name":"Melbet ci","description":"My WordPress Blog","potentialAction":[{"@type":"SearchAction","target":{"@type":"EntryPoint","urlTemplate":"https:\/\/melbet.plus\/ci\/?s={search_term_string}"},"query-input":{"@type":"PropertyValueSpecification","valueRequired":true,"valueName":"search_term_string"}}],"inLanguage":"fr-CI"}]}},"_links":{"self":[{"href":"https:\/\/melbet.plus\/ci\/wp-json\/wp\/v2\/pages\/554","targetHints":{"allow":["GET"]}}],"collection":[{"href":"https:\/\/melbet.plus\/ci\/wp-json\/wp\/v2\/pages"}],"about":[{"href":"https:\/\/melbet.plus\/ci\/wp-json\/wp\/v2\/types\/page"}],"author":[{"embeddable":true,"href":"https:\/\/melbet.plus\/ci\/wp-json\/wp\/v2\/users\/1"}],"replies":[{"embeddable":true,"href":"https:\/\/melbet.plus\/ci\/wp-json\/wp\/v2\/comments?post=554"}],"version-history":[{"count":5,"href":"https:\/\/melbet.plus\/ci\/wp-json\/wp\/v2\/pages\/554\/revisions"}],"predecessor-version":[{"id":1346,"href":"https:\/\/melbet.plus\/ci\/wp-json\/wp\/v2\/pages\/554\/revisions\/1346"}],"wp:attachment":[{"href":"https:\/\/melbet.plus\/ci\/wp-json\/wp\/v2\/media?parent=554"}],"curies":[{"name":"wp","href":"https:\/\/api.w.org\/{rel}","templated":true}]}}