{"id":152,"date":"2024-05-18T17:39:43","date_gmt":"2024-05-18T17:39:43","guid":{"rendered":"https:\/\/melbet.plus\/ci\/?page_id=152"},"modified":"2025-03-15T17:13:42","modified_gmt":"2025-03-15T17:13:42","slug":"bonus","status":"publish","type":"page","link":"https:\/\/melbet.plus\/ci\/bonus\/","title":{"rendered":"Bonus"},"content":{"rendered":"","protected":false},"excerpt":{"rendered":"","protected":false},"author":1,"featured_media":0,"parent":0,"menu_order":0,"comment_status":"closed","ping_status":"closed","template":"","meta":{"inline_featured_image":false,"footnotes":""},"class_list":["post-152","page","type-page","status-publish","hentry"],"yoast_head":"<!-- This site is optimized with the Yoast SEO plugin v27.4 - https:\/\/yoast.com\/product\/yoast-seo-wordpress\/ -->\n<title>Melbet Bonus - Bonus de premier d\u00e9p\u00f4t et d&#039;inscription<\/title>\n<meta name=\"description\" content=\"Melbet C\u00f4te d&#039;Ivoire offre un bonus de bienvenue jusqu&#039;\u00e0 100% \u00e0 tous les nouveaux joueurs qui veulent essayer les services du bookmaker et les jeux de casino \ud83d\uddf8 Toutes les promotions actuelles de Melbet\" \/>\n<meta name=\"robots\" content=\"index, follow, max-snippet:-1, max-image-preview:large, max-video-preview:-1\" \/>\n<meta property=\"og:locale\" content=\"fr_FR\" \/>\n<meta property=\"og:type\" content=\"article\" \/>\n<meta property=\"og:title\" content=\"Melbet Bonus - Bonus de premier d\u00e9p\u00f4t et d&#039;inscription\" \/>\n<meta property=\"og:description\" content=\"Melbet C\u00f4te d&#039;Ivoire offre un bonus de bienvenue jusqu&#039;\u00e0 100% \u00e0 tous les nouveaux joueurs qui veulent essayer les services du bookmaker et les jeux de casino \ud83d\uddf8 Toutes les promotions actuelles de Melbet\" \/>\n<meta property=\"og:url\" content=\"https:\/\/melbet.plus\/ci\/bonus\/\" \/>\n<meta property=\"og:site_name\" content=\"Melbet ci\" \/>\n<meta property=\"article:modified_time\" content=\"2025-03-15T17:13:42+00:00\" \/>\n<meta name=\"twitter:card\" content=\"summary_large_image\" \/>\n<script type=\"application\/ld+json\" class=\"yoast-schema-graph\">{\"@context\":\"https:\\\/\\\/schema.org\",\"@graph\":[{\"@type\":\"WebPage\",\"@id\":\"https:\\\/\\\/melbet.plus\\\/ci\\\/bonus\\\/\",\"url\":\"https:\\\/\\\/melbet.plus\\\/ci\\\/bonus\\\/\",\"name\":\"Melbet Bonus - Bonus de premier d\u00e9p\u00f4t et d'inscription\",\"isPartOf\":{\"@id\":\"https:\\\/\\\/melbet.plus\\\/ci\\\/#website\"},\"datePublished\":\"2024-05-18T17:39:43+00:00\",\"dateModified\":\"2025-03-15T17:13:42+00:00\",\"description\":\"Melbet C\u00f4te d'Ivoire offre un bonus de bienvenue jusqu'\u00e0 100% \u00e0 tous les nouveaux joueurs qui veulent essayer les services du bookmaker et les jeux de casino \ud83d\uddf8 Toutes les promotions actuelles de Melbet\",\"breadcrumb\":{\"@id\":\"https:\\\/\\\/melbet.plus\\\/ci\\\/bonus\\\/#breadcrumb\"},\"inLanguage\":\"fr-CI\",\"potentialAction\":[{\"@type\":\"ReadAction\",\"target\":[\"https:\\\/\\\/melbet.plus\\\/ci\\\/bonus\\\/\"]}]},{\"@type\":\"BreadcrumbList\",\"@id\":\"https:\\\/\\\/melbet.plus\\\/ci\\\/bonus\\\/#breadcrumb\",\"itemListElement\":[{\"@type\":\"ListItem\",\"position\":1,\"name\":\"Home\",\"item\":\"https:\\\/\\\/melbet.plus\\\/ci\\\/\"},{\"@type\":\"ListItem\",\"position\":2,\"name\":\"Bonus\"}]},{\"@type\":\"WebSite\",\"@id\":\"https:\\\/\\\/melbet.plus\\\/ci\\\/#website\",\"url\":\"https:\\\/\\\/melbet.plus\\\/ci\\\/\",\"name\":\"Melbet ci\",\"description\":\"My WordPress Blog\",\"potentialAction\":[{\"@type\":\"SearchAction\",\"target\":{\"@type\":\"EntryPoint\",\"urlTemplate\":\"https:\\\/\\\/melbet.plus\\\/ci\\\/?s={search_term_string}\"},\"query-input\":{\"@type\":\"PropertyValueSpecification\",\"valueRequired\":true,\"valueName\":\"search_term_string\"}}],\"inLanguage\":\"fr-CI\"}]}<\/script>\n<!-- \/ Yoast SEO plugin. -->","yoast_head_json":{"title":"Melbet Bonus - Bonus de premier d\u00e9p\u00f4t et d'inscription","description":"Melbet C\u00f4te d'Ivoire offre un bonus de bienvenue jusqu'\u00e0 100% \u00e0 tous les nouveaux joueurs qui veulent essayer les services du bookmaker et les jeux de casino \ud83d\uddf8 Toutes les promotions actuelles de Melbet","robots":{"index":"index","follow":"follow","max-snippet":"max-snippet:-1","max-image-preview":"max-image-preview:large","max-video-preview":"max-video-preview:-1"},"og_locale":"fr_FR","og_type":"article","og_title":"Melbet Bonus - Bonus de premier d\u00e9p\u00f4t et d'inscription","og_description":"Melbet C\u00f4te d'Ivoire offre un bonus de bienvenue jusqu'\u00e0 100% \u00e0 tous les nouveaux joueurs qui veulent essayer les services du bookmaker et les jeux de casino \ud83d\uddf8 Toutes les promotions actuelles de Melbet","og_url":"https:\/\/melbet.plus\/ci\/bonus\/","og_site_name":"Melbet ci","article_modified_time":"2025-03-15T17:13:42+00:00","twitter_card":"summary_large_image","schema":{"@context":"https:\/\/schema.org","@graph":[{"@type":"WebPage","@id":"https:\/\/melbet.plus\/ci\/bonus\/","url":"https:\/\/melbet.plus\/ci\/bonus\/","name":"Melbet Bonus - Bonus de premier d\u00e9p\u00f4t et d'inscription","isPartOf":{"@id":"https:\/\/melbet.plus\/ci\/#website"},"datePublished":"2024-05-18T17:39:43+00:00","dateModified":"2025-03-15T17:13:42+00:00","description":"Melbet C\u00f4te d'Ivoire offre un bonus de bienvenue jusqu'\u00e0 100% \u00e0 tous les nouveaux joueurs qui veulent essayer les services du bookmaker et les jeux de casino \ud83d\uddf8 Toutes les promotions actuelles de Melbet","breadcrumb":{"@id":"https:\/\/melbet.plus\/ci\/bonus\/#breadcrumb"},"inLanguage":"fr-CI","potentialAction":[{"@type":"ReadAction","target":["https:\/\/melbet.plus\/ci\/bonus\/"]}]},{"@type":"BreadcrumbList","@id":"https:\/\/melbet.plus\/ci\/bonus\/#breadcrumb","itemListElement":[{"@type":"ListItem","position":1,"name":"Home","item":"https:\/\/melbet.plus\/ci\/"},{"@type":"ListItem","position":2,"name":"Bonus"}]},{"@type":"WebSite","@id":"https:\/\/melbet.plus\/ci\/#website","url":"https:\/\/melbet.plus\/ci\/","name":"Melbet ci","description":"My WordPress Blog","potentialAction":[{"@type":"SearchAction","target":{"@type":"EntryPoint","urlTemplate":"https:\/\/melbet.plus\/ci\/?s={search_term_string}"},"query-input":{"@type":"PropertyValueSpecification","valueRequired":true,"valueName":"search_term_string"}}],"inLanguage":"fr-CI"}]}},"_links":{"self":[{"href":"https:\/\/melbet.plus\/ci\/wp-json\/wp\/v2\/pages\/152","targetHints":{"allow":["GET"]}}],"collection":[{"href":"https:\/\/melbet.plus\/ci\/wp-json\/wp\/v2\/pages"}],"about":[{"href":"https:\/\/melbet.plus\/ci\/wp-json\/wp\/v2\/types\/page"}],"author":[{"embeddable":true,"href":"https:\/\/melbet.plus\/ci\/wp-json\/wp\/v2\/users\/1"}],"replies":[{"embeddable":true,"href":"https:\/\/melbet.plus\/ci\/wp-json\/wp\/v2\/comments?post=152"}],"version-history":[{"count":54,"href":"https:\/\/melbet.plus\/ci\/wp-json\/wp\/v2\/pages\/152\/revisions"}],"predecessor-version":[{"id":742,"href":"https:\/\/melbet.plus\/ci\/wp-json\/wp\/v2\/pages\/152\/revisions\/742"}],"wp:attachment":[{"href":"https:\/\/melbet.plus\/ci\/wp-json\/wp\/v2\/media?parent=152"}],"curies":[{"name":"wp","href":"https:\/\/api.w.org\/{rel}","templated":true}]}}