{"id":1273,"date":"2026-04-15T15:34:47","date_gmt":"2026-04-15T15:34:47","guid":{"rendered":"https:\/\/melbet.plus\/ci\/?page_id=1273"},"modified":"2026-04-28T14:32:04","modified_gmt":"2026-04-28T14:32:04","slug":"casino-vip-cashback","status":"publish","type":"page","link":"https:\/\/melbet.plus\/ci\/bonus\/casino-vip-cashback\/","title":{"rendered":"Cashback VIP du casino"},"content":{"rendered":"","protected":false},"excerpt":{"rendered":"","protected":false},"author":1,"featured_media":0,"parent":152,"menu_order":0,"comment_status":"closed","ping_status":"closed","template":"","meta":{"inline_featured_image":false,"footnotes":""},"class_list":["post-1273","page","type-page","status-publish","hentry"],"yoast_head":"<!-- This site is optimized with the Yoast SEO plugin v27.5 - https:\/\/yoast.com\/product\/yoast-seo-wordpress\/ -->\n<title>Melbet Casino VIP Cashback \u2014 11% et plus sur vos pertes et gains<\/title>\n<meta name=\"description\" content=\"Cashback VIP au casino Melbet Cote D&#039;Ivoire \u2014 8 niveaux (Cuivre 5 % \u2192 Diamant 11 % \u2192 VIP 0,05\u20130,25 % sur tous les paris) : accumulez des points (100\u2013450 par 700 XOF), passez au niveau sup\u00e9rieur pour b\u00e9n\u00e9ficier d&#039;un cashback plus \u00e9lev\u00e9 sur vos pertes et d&#039;un cashback VIP sur tous vos paris. Versements hebdomadaires, offres exclusives, un gestionnaire personnel \u2014 jouez plus\" \/>\n<meta name=\"robots\" content=\"index, follow, max-snippet:-1, max-image-preview:large, max-video-preview:-1\" \/>\n<meta property=\"og:locale\" content=\"fr_FR\" \/>\n<meta property=\"og:type\" content=\"article\" \/>\n<meta property=\"og:title\" content=\"Melbet Casino VIP Cashback \u2014 11% et plus sur vos pertes et gains\" \/>\n<meta property=\"og:description\" content=\"Cashback VIP au casino Melbet Cote D&#039;Ivoire \u2014 8 niveaux (Cuivre 5 % \u2192 Diamant 11 % \u2192 VIP 0,05\u20130,25 % sur tous les paris) : accumulez des points (100\u2013450 par 700 XOF), passez au niveau sup\u00e9rieur pour b\u00e9n\u00e9ficier d&#039;un cashback plus \u00e9lev\u00e9 sur vos pertes et d&#039;un cashback VIP sur tous vos paris. Versements hebdomadaires, offres exclusives, un gestionnaire personnel \u2014 jouez plus\" \/>\n<meta property=\"og:url\" content=\"https:\/\/melbet.plus\/ci\/bonus\/casino-vip-cashback\/\" \/>\n<meta property=\"og:site_name\" content=\"Melbet ci\" \/>\n<meta property=\"article:modified_time\" content=\"2026-04-28T14:32:04+00:00\" \/>\n<meta name=\"twitter:card\" content=\"summary_large_image\" \/>\n<script type=\"application\/ld+json\" class=\"yoast-schema-graph\">{\"@context\":\"https:\\\/\\\/schema.org\",\"@graph\":[{\"@type\":\"WebPage\",\"@id\":\"https:\\\/\\\/melbet.plus\\\/ci\\\/bonus\\\/casino-vip-cashback\\\/\",\"url\":\"https:\\\/\\\/melbet.plus\\\/ci\\\/bonus\\\/casino-vip-cashback\\\/\",\"name\":\"Melbet Casino VIP Cashback \u2014 11% et plus sur vos pertes et gains\",\"isPartOf\":{\"@id\":\"https:\\\/\\\/melbet.plus\\\/ci\\\/#website\"},\"datePublished\":\"2026-04-15T15:34:47+00:00\",\"dateModified\":\"2026-04-28T14:32:04+00:00\",\"description\":\"Cashback VIP au casino Melbet Cote D'Ivoire \u2014 8 niveaux (Cuivre 5 % \u2192 Diamant 11 % \u2192 VIP 0,05\u20130,25 % sur tous les paris) : accumulez des points (100\u2013450 par 700 XOF), passez au niveau sup\u00e9rieur pour b\u00e9n\u00e9ficier d'un cashback plus \u00e9lev\u00e9 sur vos pertes et d'un cashback VIP sur tous vos paris. Versements hebdomadaires, offres exclusives, un gestionnaire personnel \u2014 jouez plus\",\"breadcrumb\":{\"@id\":\"https:\\\/\\\/melbet.plus\\\/ci\\\/bonus\\\/casino-vip-cashback\\\/#breadcrumb\"},\"inLanguage\":\"fr-CI\",\"potentialAction\":[{\"@type\":\"ReadAction\",\"target\":[\"https:\\\/\\\/melbet.plus\\\/ci\\\/bonus\\\/casino-vip-cashback\\\/\"]}]},{\"@type\":\"BreadcrumbList\",\"@id\":\"https:\\\/\\\/melbet.plus\\\/ci\\\/bonus\\\/casino-vip-cashback\\\/#breadcrumb\",\"itemListElement\":[{\"@type\":\"ListItem\",\"position\":1,\"name\":\"Home\",\"item\":\"https:\\\/\\\/melbet.plus\\\/ci\\\/\"},{\"@type\":\"ListItem\",\"position\":2,\"name\":\"Bonus\",\"item\":\"https:\\\/\\\/melbet.plus\\\/ci\\\/bonus\\\/\"},{\"@type\":\"ListItem\",\"position\":3,\"name\":\"Cashback VIP du casino\"}]},{\"@type\":\"WebSite\",\"@id\":\"https:\\\/\\\/melbet.plus\\\/ci\\\/#website\",\"url\":\"https:\\\/\\\/melbet.plus\\\/ci\\\/\",\"name\":\"Melbet ci\",\"description\":\"My WordPress Blog\",\"potentialAction\":[{\"@type\":\"SearchAction\",\"target\":{\"@type\":\"EntryPoint\",\"urlTemplate\":\"https:\\\/\\\/melbet.plus\\\/ci\\\/?s={search_term_string}\"},\"query-input\":{\"@type\":\"PropertyValueSpecification\",\"valueRequired\":true,\"valueName\":\"search_term_string\"}}],\"inLanguage\":\"fr-CI\"}]}<\/script>\n<!-- \/ Yoast SEO plugin. -->","yoast_head_json":{"title":"Melbet Casino VIP Cashback \u2014 11% et plus sur vos pertes et gains","description":"Cashback VIP au casino Melbet Cote D'Ivoire \u2014 8 niveaux (Cuivre 5 % \u2192 Diamant 11 % \u2192 VIP 0,05\u20130,25 % sur tous les paris) : accumulez des points (100\u2013450 par 700 XOF), passez au niveau sup\u00e9rieur pour b\u00e9n\u00e9ficier d'un cashback plus \u00e9lev\u00e9 sur vos pertes et d'un cashback VIP sur tous vos paris. Versements hebdomadaires, offres exclusives, un gestionnaire personnel \u2014 jouez plus","robots":{"index":"index","follow":"follow","max-snippet":"max-snippet:-1","max-image-preview":"max-image-preview:large","max-video-preview":"max-video-preview:-1"},"og_locale":"fr_FR","og_type":"article","og_title":"Melbet Casino VIP Cashback \u2014 11% et plus sur vos pertes et gains","og_description":"Cashback VIP au casino Melbet Cote D'Ivoire \u2014 8 niveaux (Cuivre 5 % \u2192 Diamant 11 % \u2192 VIP 0,05\u20130,25 % sur tous les paris) : accumulez des points (100\u2013450 par 700 XOF), passez au niveau sup\u00e9rieur pour b\u00e9n\u00e9ficier d'un cashback plus \u00e9lev\u00e9 sur vos pertes et d'un cashback VIP sur tous vos paris. Versements hebdomadaires, offres exclusives, un gestionnaire personnel \u2014 jouez plus","og_url":"https:\/\/melbet.plus\/ci\/bonus\/casino-vip-cashback\/","og_site_name":"Melbet ci","article_modified_time":"2026-04-28T14:32:04+00:00","twitter_card":"summary_large_image","schema":{"@context":"https:\/\/schema.org","@graph":[{"@type":"WebPage","@id":"https:\/\/melbet.plus\/ci\/bonus\/casino-vip-cashback\/","url":"https:\/\/melbet.plus\/ci\/bonus\/casino-vip-cashback\/","name":"Melbet Casino VIP Cashback \u2014 11% et plus sur vos pertes et gains","isPartOf":{"@id":"https:\/\/melbet.plus\/ci\/#website"},"datePublished":"2026-04-15T15:34:47+00:00","dateModified":"2026-04-28T14:32:04+00:00","description":"Cashback VIP au casino Melbet Cote D'Ivoire \u2014 8 niveaux (Cuivre 5 % \u2192 Diamant 11 % \u2192 VIP 0,05\u20130,25 % sur tous les paris) : accumulez des points (100\u2013450 par 700 XOF), passez au niveau sup\u00e9rieur pour b\u00e9n\u00e9ficier d'un cashback plus \u00e9lev\u00e9 sur vos pertes et d'un cashback VIP sur tous vos paris. Versements hebdomadaires, offres exclusives, un gestionnaire personnel \u2014 jouez plus","breadcrumb":{"@id":"https:\/\/melbet.plus\/ci\/bonus\/casino-vip-cashback\/#breadcrumb"},"inLanguage":"fr-CI","potentialAction":[{"@type":"ReadAction","target":["https:\/\/melbet.plus\/ci\/bonus\/casino-vip-cashback\/"]}]},{"@type":"BreadcrumbList","@id":"https:\/\/melbet.plus\/ci\/bonus\/casino-vip-cashback\/#breadcrumb","itemListElement":[{"@type":"ListItem","position":1,"name":"Home","item":"https:\/\/melbet.plus\/ci\/"},{"@type":"ListItem","position":2,"name":"Bonus","item":"https:\/\/melbet.plus\/ci\/bonus\/"},{"@type":"ListItem","position":3,"name":"Cashback VIP du casino"}]},{"@type":"WebSite","@id":"https:\/\/melbet.plus\/ci\/#website","url":"https:\/\/melbet.plus\/ci\/","name":"Melbet ci","description":"My WordPress Blog","potentialAction":[{"@type":"SearchAction","target":{"@type":"EntryPoint","urlTemplate":"https:\/\/melbet.plus\/ci\/?s={search_term_string}"},"query-input":{"@type":"PropertyValueSpecification","valueRequired":true,"valueName":"search_term_string"}}],"inLanguage":"fr-CI"}]}},"_links":{"self":[{"href":"https:\/\/melbet.plus\/ci\/wp-json\/wp\/v2\/pages\/1273","targetHints":{"allow":["GET"]}}],"collection":[{"href":"https:\/\/melbet.plus\/ci\/wp-json\/wp\/v2\/pages"}],"about":[{"href":"https:\/\/melbet.plus\/ci\/wp-json\/wp\/v2\/types\/page"}],"author":[{"embeddable":true,"href":"https:\/\/melbet.plus\/ci\/wp-json\/wp\/v2\/users\/1"}],"replies":[{"embeddable":true,"href":"https:\/\/melbet.plus\/ci\/wp-json\/wp\/v2\/comments?post=1273"}],"version-history":[{"count":5,"href":"https:\/\/melbet.plus\/ci\/wp-json\/wp\/v2\/pages\/1273\/revisions"}],"predecessor-version":[{"id":1379,"href":"https:\/\/melbet.plus\/ci\/wp-json\/wp\/v2\/pages\/1273\/revisions\/1379"}],"up":[{"embeddable":true,"href":"https:\/\/melbet.plus\/ci\/wp-json\/wp\/v2\/pages\/152"}],"wp:attachment":[{"href":"https:\/\/melbet.plus\/ci\/wp-json\/wp\/v2\/media?parent=1273"}],"curies":[{"name":"wp","href":"https:\/\/api.w.org\/{rel}","templated":true}]}}