{"id":1269,"date":"2026-04-15T15:21:24","date_gmt":"2026-04-15T15:21:24","guid":{"rendered":"https:\/\/melbet.plus\/ci\/?page_id=1269"},"modified":"2026-04-28T12:29:25","modified_gmt":"2026-04-28T12:29:25","slug":"100-refund","status":"publish","type":"page","link":"https:\/\/melbet.plus\/ci\/bonus\/100-refund\/","title":{"rendered":"Remboursement \u00e0 100 %"},"content":{"rendered":"","protected":false},"excerpt":{"rendered":"","protected":false},"author":1,"featured_media":0,"parent":152,"menu_order":0,"comment_status":"closed","ping_status":"closed","template":"","meta":{"inline_featured_image":false,"footnotes":""},"class_list":["post-1269","page","type-page","status-publish","hentry"],"yoast_head":"<!-- This site is optimized with the Yoast SEO plugin v27.6 - https:\/\/yoast.com\/product\/yoast-seo-wordpress\/ -->\n<title>100% remboursement combin\u00e9 \u2014 Pariez sur Melbet<\/title>\n<meta name=\"description\" content=\"Remboursement \u00e0 100 % chez Melbet C\u00f4te d&#039;Ivoire \u2013 assurance pour les paris combin\u00e9s comprenant au moins 7 s\u00e9lections (cote de 1,70 ou plus) : si une seule s\u00e9lection est perdante, la totalit\u00e9 de votre mise vous est rembours\u00e9e ! Offre valable pour les paris d&#039;avant-match et en direct sur tous les sports, \u00e0 l&#039;exception des \u00e9v\u00e9nements annul\u00e9s ou rembours\u00e9s. N&#039;h\u00e9sitez pas \u00e0 composer de longs paris combin\u00e9s : un seul \u00e9chec = aucune perte !\" \/>\n<meta name=\"robots\" content=\"index, follow, max-snippet:-1, max-image-preview:large, max-video-preview:-1\" \/>\n<meta property=\"og:locale\" content=\"fr_FR\" \/>\n<meta property=\"og:type\" content=\"article\" \/>\n<meta property=\"og:title\" content=\"100% remboursement combin\u00e9 \u2014 Pariez sur Melbet\" \/>\n<meta property=\"og:description\" content=\"Remboursement \u00e0 100 % chez Melbet C\u00f4te d&#039;Ivoire \u2013 assurance pour les paris combin\u00e9s comprenant au moins 7 s\u00e9lections (cote de 1,70 ou plus) : si une seule s\u00e9lection est perdante, la totalit\u00e9 de votre mise vous est rembours\u00e9e ! Offre valable pour les paris d&#039;avant-match et en direct sur tous les sports, \u00e0 l&#039;exception des \u00e9v\u00e9nements annul\u00e9s ou rembours\u00e9s. N&#039;h\u00e9sitez pas \u00e0 composer de longs paris combin\u00e9s : un seul \u00e9chec = aucune perte !\" \/>\n<meta property=\"og:url\" content=\"https:\/\/melbet.plus\/ci\/bonus\/100-refund\/\" \/>\n<meta property=\"og:site_name\" content=\"Melbet ci\" \/>\n<meta property=\"article:modified_time\" content=\"2026-04-28T12:29:25+00:00\" \/>\n<meta name=\"twitter:card\" content=\"summary_large_image\" \/>\n<script type=\"application\/ld+json\" class=\"yoast-schema-graph\">{\"@context\":\"https:\\\/\\\/schema.org\",\"@graph\":[{\"@type\":\"WebPage\",\"@id\":\"https:\\\/\\\/melbet.plus\\\/ci\\\/bonus\\\/100-refund\\\/\",\"url\":\"https:\\\/\\\/melbet.plus\\\/ci\\\/bonus\\\/100-refund\\\/\",\"name\":\"100% remboursement combin\u00e9 \u2014 Pariez sur Melbet\",\"isPartOf\":{\"@id\":\"https:\\\/\\\/melbet.plus\\\/ci\\\/#website\"},\"datePublished\":\"2026-04-15T15:21:24+00:00\",\"dateModified\":\"2026-04-28T12:29:25+00:00\",\"description\":\"Remboursement \u00e0 100 % chez Melbet C\u00f4te d'Ivoire \u2013 assurance pour les paris combin\u00e9s comprenant au moins 7 s\u00e9lections (cote de 1,70 ou plus) : si une seule s\u00e9lection est perdante, la totalit\u00e9 de votre mise vous est rembours\u00e9e ! Offre valable pour les paris d'avant-match et en direct sur tous les sports, \u00e0 l'exception des \u00e9v\u00e9nements annul\u00e9s ou rembours\u00e9s. N'h\u00e9sitez pas \u00e0 composer de longs paris combin\u00e9s : un seul \u00e9chec = aucune perte !\",\"breadcrumb\":{\"@id\":\"https:\\\/\\\/melbet.plus\\\/ci\\\/bonus\\\/100-refund\\\/#breadcrumb\"},\"inLanguage\":\"fr-CI\",\"potentialAction\":[{\"@type\":\"ReadAction\",\"target\":[\"https:\\\/\\\/melbet.plus\\\/ci\\\/bonus\\\/100-refund\\\/\"]}]},{\"@type\":\"BreadcrumbList\",\"@id\":\"https:\\\/\\\/melbet.plus\\\/ci\\\/bonus\\\/100-refund\\\/#breadcrumb\",\"itemListElement\":[{\"@type\":\"ListItem\",\"position\":1,\"name\":\"Home\",\"item\":\"https:\\\/\\\/melbet.plus\\\/ci\\\/\"},{\"@type\":\"ListItem\",\"position\":2,\"name\":\"Bonus\",\"item\":\"https:\\\/\\\/melbet.plus\\\/ci\\\/bonus\\\/\"},{\"@type\":\"ListItem\",\"position\":3,\"name\":\"Remboursement \u00e0 100 %\"}]},{\"@type\":\"WebSite\",\"@id\":\"https:\\\/\\\/melbet.plus\\\/ci\\\/#website\",\"url\":\"https:\\\/\\\/melbet.plus\\\/ci\\\/\",\"name\":\"Melbet ci\",\"description\":\"My WordPress Blog\",\"potentialAction\":[{\"@type\":\"SearchAction\",\"target\":{\"@type\":\"EntryPoint\",\"urlTemplate\":\"https:\\\/\\\/melbet.plus\\\/ci\\\/?s={search_term_string}\"},\"query-input\":{\"@type\":\"PropertyValueSpecification\",\"valueRequired\":true,\"valueName\":\"search_term_string\"}}],\"inLanguage\":\"fr-CI\"}]}<\/script>\n<!-- \/ Yoast SEO plugin. -->","yoast_head_json":{"title":"100% remboursement combin\u00e9 \u2014 Pariez sur Melbet","description":"Remboursement \u00e0 100 % chez Melbet C\u00f4te d'Ivoire \u2013 assurance pour les paris combin\u00e9s comprenant au moins 7 s\u00e9lections (cote de 1,70 ou plus) : si une seule s\u00e9lection est perdante, la totalit\u00e9 de votre mise vous est rembours\u00e9e ! Offre valable pour les paris d'avant-match et en direct sur tous les sports, \u00e0 l'exception des \u00e9v\u00e9nements annul\u00e9s ou rembours\u00e9s. N'h\u00e9sitez pas \u00e0 composer de longs paris combin\u00e9s : un seul \u00e9chec = aucune perte !","robots":{"index":"index","follow":"follow","max-snippet":"max-snippet:-1","max-image-preview":"max-image-preview:large","max-video-preview":"max-video-preview:-1"},"og_locale":"fr_FR","og_type":"article","og_title":"100% remboursement combin\u00e9 \u2014 Pariez sur Melbet","og_description":"Remboursement \u00e0 100 % chez Melbet C\u00f4te d'Ivoire \u2013 assurance pour les paris combin\u00e9s comprenant au moins 7 s\u00e9lections (cote de 1,70 ou plus) : si une seule s\u00e9lection est perdante, la totalit\u00e9 de votre mise vous est rembours\u00e9e ! Offre valable pour les paris d'avant-match et en direct sur tous les sports, \u00e0 l'exception des \u00e9v\u00e9nements annul\u00e9s ou rembours\u00e9s. N'h\u00e9sitez pas \u00e0 composer de longs paris combin\u00e9s : un seul \u00e9chec = aucune perte !","og_url":"https:\/\/melbet.plus\/ci\/bonus\/100-refund\/","og_site_name":"Melbet ci","article_modified_time":"2026-04-28T12:29:25+00:00","twitter_card":"summary_large_image","schema":{"@context":"https:\/\/schema.org","@graph":[{"@type":"WebPage","@id":"https:\/\/melbet.plus\/ci\/bonus\/100-refund\/","url":"https:\/\/melbet.plus\/ci\/bonus\/100-refund\/","name":"100% remboursement combin\u00e9 \u2014 Pariez sur Melbet","isPartOf":{"@id":"https:\/\/melbet.plus\/ci\/#website"},"datePublished":"2026-04-15T15:21:24+00:00","dateModified":"2026-04-28T12:29:25+00:00","description":"Remboursement \u00e0 100 % chez Melbet C\u00f4te d'Ivoire \u2013 assurance pour les paris combin\u00e9s comprenant au moins 7 s\u00e9lections (cote de 1,70 ou plus) : si une seule s\u00e9lection est perdante, la totalit\u00e9 de votre mise vous est rembours\u00e9e ! Offre valable pour les paris d'avant-match et en direct sur tous les sports, \u00e0 l'exception des \u00e9v\u00e9nements annul\u00e9s ou rembours\u00e9s. N'h\u00e9sitez pas \u00e0 composer de longs paris combin\u00e9s : un seul \u00e9chec = aucune perte !","breadcrumb":{"@id":"https:\/\/melbet.plus\/ci\/bonus\/100-refund\/#breadcrumb"},"inLanguage":"fr-CI","potentialAction":[{"@type":"ReadAction","target":["https:\/\/melbet.plus\/ci\/bonus\/100-refund\/"]}]},{"@type":"BreadcrumbList","@id":"https:\/\/melbet.plus\/ci\/bonus\/100-refund\/#breadcrumb","itemListElement":[{"@type":"ListItem","position":1,"name":"Home","item":"https:\/\/melbet.plus\/ci\/"},{"@type":"ListItem","position":2,"name":"Bonus","item":"https:\/\/melbet.plus\/ci\/bonus\/"},{"@type":"ListItem","position":3,"name":"Remboursement \u00e0 100 %"}]},{"@type":"WebSite","@id":"https:\/\/melbet.plus\/ci\/#website","url":"https:\/\/melbet.plus\/ci\/","name":"Melbet ci","description":"My WordPress Blog","potentialAction":[{"@type":"SearchAction","target":{"@type":"EntryPoint","urlTemplate":"https:\/\/melbet.plus\/ci\/?s={search_term_string}"},"query-input":{"@type":"PropertyValueSpecification","valueRequired":true,"valueName":"search_term_string"}}],"inLanguage":"fr-CI"}]}},"_links":{"self":[{"href":"https:\/\/melbet.plus\/ci\/wp-json\/wp\/v2\/pages\/1269","targetHints":{"allow":["GET"]}}],"collection":[{"href":"https:\/\/melbet.plus\/ci\/wp-json\/wp\/v2\/pages"}],"about":[{"href":"https:\/\/melbet.plus\/ci\/wp-json\/wp\/v2\/types\/page"}],"author":[{"embeddable":true,"href":"https:\/\/melbet.plus\/ci\/wp-json\/wp\/v2\/users\/1"}],"replies":[{"embeddable":true,"href":"https:\/\/melbet.plus\/ci\/wp-json\/wp\/v2\/comments?post=1269"}],"version-history":[{"count":5,"href":"https:\/\/melbet.plus\/ci\/wp-json\/wp\/v2\/pages\/1269\/revisions"}],"predecessor-version":[{"id":1362,"href":"https:\/\/melbet.plus\/ci\/wp-json\/wp\/v2\/pages\/1269\/revisions\/1362"}],"up":[{"embeddable":true,"href":"https:\/\/melbet.plus\/ci\/wp-json\/wp\/v2\/pages\/152"}],"wp:attachment":[{"href":"https:\/\/melbet.plus\/ci\/wp-json\/wp\/v2\/media?parent=1269"}],"curies":[{"name":"wp","href":"https:\/\/api.w.org\/{rel}","templated":true}]}}