{"id":1262,"date":"2026-04-14T17:13:35","date_gmt":"2026-04-14T17:13:35","guid":{"rendered":"https:\/\/melbet.plus\/ci\/?page_id=1262"},"modified":"2026-05-07T17:00:02","modified_gmt":"2026-05-07T17:00:02","slug":"promo-code-store","status":"publish","type":"page","link":"https:\/\/melbet.plus\/ci\/bonus\/promo-code-store\/","title":{"rendered":"Boutique de codes promotionnels"},"content":{"rendered":"","protected":false},"excerpt":{"rendered":"","protected":false},"author":1,"featured_media":0,"parent":152,"menu_order":0,"comment_status":"closed","ping_status":"closed","template":"","meta":{"inline_featured_image":false,"footnotes":""},"class_list":["post-1262","page","type-page","status-publish","hentry"],"yoast_head":"<!-- This site is optimized with the Yoast SEO plugin v27.6 - https:\/\/yoast.com\/product\/yoast-seo-wordpress\/ -->\n<title>Code Promo Melbet C\u00f4te d&#039;Ivoire \u2014 gagnez des paris gratuits!<\/title>\n<meta name=\"description\" content=\"Boutique de codes promotionnels Melbet \u2014 utilisez vos points bonus, disponibles dans les rubriques \u00ab Promotions \u00bb ou \u00ab Mon compte \u00bb, pour obtenir des codes promotionnels valables sur tous les sports et pour tous les montants de mise. Choisissez un code, saisissez vos points, obtenez votre code promotionnel et misez sur la victoire \u2014 jouez r\u00e9guli\u00e8rement, accumulez des points et \u00e9changez-les contre de v\u00e9ritables paris gratuits sans d\u00e9p\u00f4t\" \/>\n<meta name=\"robots\" content=\"index, follow, max-snippet:-1, max-image-preview:large, max-video-preview:-1\" \/>\n<meta property=\"og:locale\" content=\"fr_FR\" \/>\n<meta property=\"og:type\" content=\"article\" \/>\n<meta property=\"og:title\" content=\"Code Promo Melbet C\u00f4te d&#039;Ivoire \u2014 gagnez des paris gratuits!\" \/>\n<meta property=\"og:description\" content=\"Boutique de codes promotionnels Melbet \u2014 utilisez vos points bonus, disponibles dans les rubriques \u00ab Promotions \u00bb ou \u00ab Mon compte \u00bb, pour obtenir des codes promotionnels valables sur tous les sports et pour tous les montants de mise. Choisissez un code, saisissez vos points, obtenez votre code promotionnel et misez sur la victoire \u2014 jouez r\u00e9guli\u00e8rement, accumulez des points et \u00e9changez-les contre de v\u00e9ritables paris gratuits sans d\u00e9p\u00f4t\" \/>\n<meta property=\"og:url\" content=\"https:\/\/melbet.plus\/ci\/bonus\/promo-code-store\/\" \/>\n<meta property=\"og:site_name\" content=\"Melbet ci\" \/>\n<meta property=\"article:modified_time\" content=\"2026-05-07T17:00:02+00:00\" \/>\n<meta name=\"twitter:card\" content=\"summary_large_image\" \/>\n<script type=\"application\/ld+json\" class=\"yoast-schema-graph\">{\"@context\":\"https:\\\/\\\/schema.org\",\"@graph\":[{\"@type\":\"WebPage\",\"@id\":\"https:\\\/\\\/melbet.plus\\\/ci\\\/bonus\\\/promo-code-store\\\/\",\"url\":\"https:\\\/\\\/melbet.plus\\\/ci\\\/bonus\\\/promo-code-store\\\/\",\"name\":\"Code Promo Melbet C\u00f4te d'Ivoire \u2014 gagnez des paris gratuits!\",\"isPartOf\":{\"@id\":\"https:\\\/\\\/melbet.plus\\\/ci\\\/#website\"},\"datePublished\":\"2026-04-14T17:13:35+00:00\",\"dateModified\":\"2026-05-07T17:00:02+00:00\",\"description\":\"Boutique de codes promotionnels Melbet \u2014 utilisez vos points bonus, disponibles dans les rubriques \u00ab Promotions \u00bb ou \u00ab Mon compte \u00bb, pour obtenir des codes promotionnels valables sur tous les sports et pour tous les montants de mise. Choisissez un code, saisissez vos points, obtenez votre code promotionnel et misez sur la victoire \u2014 jouez r\u00e9guli\u00e8rement, accumulez des points et \u00e9changez-les contre de v\u00e9ritables paris gratuits sans d\u00e9p\u00f4t\",\"breadcrumb\":{\"@id\":\"https:\\\/\\\/melbet.plus\\\/ci\\\/bonus\\\/promo-code-store\\\/#breadcrumb\"},\"inLanguage\":\"fr-CI\",\"potentialAction\":[{\"@type\":\"ReadAction\",\"target\":[\"https:\\\/\\\/melbet.plus\\\/ci\\\/bonus\\\/promo-code-store\\\/\"]}]},{\"@type\":\"BreadcrumbList\",\"@id\":\"https:\\\/\\\/melbet.plus\\\/ci\\\/bonus\\\/promo-code-store\\\/#breadcrumb\",\"itemListElement\":[{\"@type\":\"ListItem\",\"position\":1,\"name\":\"Home\",\"item\":\"https:\\\/\\\/melbet.plus\\\/ci\\\/\"},{\"@type\":\"ListItem\",\"position\":2,\"name\":\"Bonus\",\"item\":\"https:\\\/\\\/melbet.plus\\\/ci\\\/bonus\\\/\"},{\"@type\":\"ListItem\",\"position\":3,\"name\":\"Boutique de codes promotionnels\"}]},{\"@type\":\"WebSite\",\"@id\":\"https:\\\/\\\/melbet.plus\\\/ci\\\/#website\",\"url\":\"https:\\\/\\\/melbet.plus\\\/ci\\\/\",\"name\":\"Melbet ci\",\"description\":\"My WordPress Blog\",\"potentialAction\":[{\"@type\":\"SearchAction\",\"target\":{\"@type\":\"EntryPoint\",\"urlTemplate\":\"https:\\\/\\\/melbet.plus\\\/ci\\\/?s={search_term_string}\"},\"query-input\":{\"@type\":\"PropertyValueSpecification\",\"valueRequired\":true,\"valueName\":\"search_term_string\"}}],\"inLanguage\":\"fr-CI\"}]}<\/script>\n<!-- \/ Yoast SEO plugin. -->","yoast_head_json":{"title":"Code Promo Melbet C\u00f4te d'Ivoire \u2014 gagnez des paris gratuits!","description":"Boutique de codes promotionnels Melbet \u2014 utilisez vos points bonus, disponibles dans les rubriques \u00ab Promotions \u00bb ou \u00ab Mon compte \u00bb, pour obtenir des codes promotionnels valables sur tous les sports et pour tous les montants de mise. Choisissez un code, saisissez vos points, obtenez votre code promotionnel et misez sur la victoire \u2014 jouez r\u00e9guli\u00e8rement, accumulez des points et \u00e9changez-les contre de v\u00e9ritables paris gratuits sans d\u00e9p\u00f4t","robots":{"index":"index","follow":"follow","max-snippet":"max-snippet:-1","max-image-preview":"max-image-preview:large","max-video-preview":"max-video-preview:-1"},"og_locale":"fr_FR","og_type":"article","og_title":"Code Promo Melbet C\u00f4te d'Ivoire \u2014 gagnez des paris gratuits!","og_description":"Boutique de codes promotionnels Melbet \u2014 utilisez vos points bonus, disponibles dans les rubriques \u00ab Promotions \u00bb ou \u00ab Mon compte \u00bb, pour obtenir des codes promotionnels valables sur tous les sports et pour tous les montants de mise. Choisissez un code, saisissez vos points, obtenez votre code promotionnel et misez sur la victoire \u2014 jouez r\u00e9guli\u00e8rement, accumulez des points et \u00e9changez-les contre de v\u00e9ritables paris gratuits sans d\u00e9p\u00f4t","og_url":"https:\/\/melbet.plus\/ci\/bonus\/promo-code-store\/","og_site_name":"Melbet ci","article_modified_time":"2026-05-07T17:00:02+00:00","twitter_card":"summary_large_image","schema":{"@context":"https:\/\/schema.org","@graph":[{"@type":"WebPage","@id":"https:\/\/melbet.plus\/ci\/bonus\/promo-code-store\/","url":"https:\/\/melbet.plus\/ci\/bonus\/promo-code-store\/","name":"Code Promo Melbet C\u00f4te d'Ivoire \u2014 gagnez des paris gratuits!","isPartOf":{"@id":"https:\/\/melbet.plus\/ci\/#website"},"datePublished":"2026-04-14T17:13:35+00:00","dateModified":"2026-05-07T17:00:02+00:00","description":"Boutique de codes promotionnels Melbet \u2014 utilisez vos points bonus, disponibles dans les rubriques \u00ab Promotions \u00bb ou \u00ab Mon compte \u00bb, pour obtenir des codes promotionnels valables sur tous les sports et pour tous les montants de mise. Choisissez un code, saisissez vos points, obtenez votre code promotionnel et misez sur la victoire \u2014 jouez r\u00e9guli\u00e8rement, accumulez des points et \u00e9changez-les contre de v\u00e9ritables paris gratuits sans d\u00e9p\u00f4t","breadcrumb":{"@id":"https:\/\/melbet.plus\/ci\/bonus\/promo-code-store\/#breadcrumb"},"inLanguage":"fr-CI","potentialAction":[{"@type":"ReadAction","target":["https:\/\/melbet.plus\/ci\/bonus\/promo-code-store\/"]}]},{"@type":"BreadcrumbList","@id":"https:\/\/melbet.plus\/ci\/bonus\/promo-code-store\/#breadcrumb","itemListElement":[{"@type":"ListItem","position":1,"name":"Home","item":"https:\/\/melbet.plus\/ci\/"},{"@type":"ListItem","position":2,"name":"Bonus","item":"https:\/\/melbet.plus\/ci\/bonus\/"},{"@type":"ListItem","position":3,"name":"Boutique de codes promotionnels"}]},{"@type":"WebSite","@id":"https:\/\/melbet.plus\/ci\/#website","url":"https:\/\/melbet.plus\/ci\/","name":"Melbet ci","description":"My WordPress Blog","potentialAction":[{"@type":"SearchAction","target":{"@type":"EntryPoint","urlTemplate":"https:\/\/melbet.plus\/ci\/?s={search_term_string}"},"query-input":{"@type":"PropertyValueSpecification","valueRequired":true,"valueName":"search_term_string"}}],"inLanguage":"fr-CI"}]}},"_links":{"self":[{"href":"https:\/\/melbet.plus\/ci\/wp-json\/wp\/v2\/pages\/1262","targetHints":{"allow":["GET"]}}],"collection":[{"href":"https:\/\/melbet.plus\/ci\/wp-json\/wp\/v2\/pages"}],"about":[{"href":"https:\/\/melbet.plus\/ci\/wp-json\/wp\/v2\/types\/page"}],"author":[{"embeddable":true,"href":"https:\/\/melbet.plus\/ci\/wp-json\/wp\/v2\/users\/1"}],"replies":[{"embeddable":true,"href":"https:\/\/melbet.plus\/ci\/wp-json\/wp\/v2\/comments?post=1262"}],"version-history":[{"count":5,"href":"https:\/\/melbet.plus\/ci\/wp-json\/wp\/v2\/pages\/1262\/revisions"}],"predecessor-version":[{"id":1455,"href":"https:\/\/melbet.plus\/ci\/wp-json\/wp\/v2\/pages\/1262\/revisions\/1455"}],"up":[{"embeddable":true,"href":"https:\/\/melbet.plus\/ci\/wp-json\/wp\/v2\/pages\/152"}],"wp:attachment":[{"href":"https:\/\/melbet.plus\/ci\/wp-json\/wp\/v2\/media?parent=1262"}],"curies":[{"name":"wp","href":"https:\/\/api.w.org\/{rel}","templated":true}]}}