{"id":1258,"date":"2026-04-14T16:57:55","date_gmt":"2026-04-14T16:57:55","guid":{"rendered":"https:\/\/melbet.plus\/ci\/?page_id=1258"},"modified":"2026-05-07T16:59:20","modified_gmt":"2026-05-07T16:59:20","slug":"bet-celebrate","status":"publish","type":"page","link":"https:\/\/melbet.plus\/ci\/bonus\/bet-celebrate\/","title":{"rendered":"Pariez et faites la f\u00eate"},"content":{"rendered":"","protected":false},"excerpt":{"rendered":"","protected":false},"author":1,"featured_media":0,"parent":152,"menu_order":0,"comment_status":"closed","ping_status":"closed","template":"","meta":{"inline_featured_image":false,"footnotes":""},"class_list":["post-1258","page","type-page","status-publish","hentry"],"yoast_head":"<!-- This site is optimized with the Yoast SEO plugin v27.6 - https:\/\/yoast.com\/product\/yoast-seo-wordpress\/ -->\n<title>Melbet C\u00f4te d\u2019Ivoire Bet &amp; Celebrate \u2014 Paris gratuits d&#039;anniversaire<\/title>\n<meta name=\"description\" content=\"Pariez et f\u00eatez votre anniversaire avec Melbet \u2014 obtenez un code promotionnel pour un pari gratuit le jour de votre anniversaire ! Conditions g\u00e9n\u00e9rales : le compte doit avoir au moins 30 jours, au moins 20 paris doivent avoir \u00e9t\u00e9 plac\u00e9s, le profil doit \u00eatre complet, le num\u00e9ro de t\u00e9l\u00e9phone et l&#039;adresse e-mail doivent \u00eatre v\u00e9rifi\u00e9s, et vous devez avoir donn\u00e9 votre accord pour recevoir des bonus. Il vous suffit de vous connecter le jour de votre anniversaire pour r\u00e9clamer votre cadeau et mettre toutes les chances de votre c\u00f4t\u00e9 !\" \/>\n<meta name=\"robots\" content=\"index, follow, max-snippet:-1, max-image-preview:large, max-video-preview:-1\" \/>\n<meta property=\"og:locale\" content=\"fr_FR\" \/>\n<meta property=\"og:type\" content=\"article\" \/>\n<meta property=\"og:title\" content=\"Melbet C\u00f4te d\u2019Ivoire Bet &amp; Celebrate \u2014 Paris gratuits d&#039;anniversaire\" \/>\n<meta property=\"og:description\" content=\"Pariez et f\u00eatez votre anniversaire avec Melbet \u2014 obtenez un code promotionnel pour un pari gratuit le jour de votre anniversaire ! Conditions g\u00e9n\u00e9rales : le compte doit avoir au moins 30 jours, au moins 20 paris doivent avoir \u00e9t\u00e9 plac\u00e9s, le profil doit \u00eatre complet, le num\u00e9ro de t\u00e9l\u00e9phone et l&#039;adresse e-mail doivent \u00eatre v\u00e9rifi\u00e9s, et vous devez avoir donn\u00e9 votre accord pour recevoir des bonus. Il vous suffit de vous connecter le jour de votre anniversaire pour r\u00e9clamer votre cadeau et mettre toutes les chances de votre c\u00f4t\u00e9 !\" \/>\n<meta property=\"og:url\" content=\"https:\/\/melbet.plus\/ci\/bonus\/bet-celebrate\/\" \/>\n<meta property=\"og:site_name\" content=\"Melbet ci\" \/>\n<meta property=\"article:modified_time\" content=\"2026-05-07T16:59:20+00:00\" \/>\n<meta name=\"twitter:card\" content=\"summary_large_image\" \/>\n<script type=\"application\/ld+json\" class=\"yoast-schema-graph\">{\"@context\":\"https:\\\/\\\/schema.org\",\"@graph\":[{\"@type\":\"WebPage\",\"@id\":\"https:\\\/\\\/melbet.plus\\\/ci\\\/bonus\\\/bet-celebrate\\\/\",\"url\":\"https:\\\/\\\/melbet.plus\\\/ci\\\/bonus\\\/bet-celebrate\\\/\",\"name\":\"Melbet C\u00f4te d\u2019Ivoire Bet & Celebrate \u2014 Paris gratuits d'anniversaire\",\"isPartOf\":{\"@id\":\"https:\\\/\\\/melbet.plus\\\/ci\\\/#website\"},\"datePublished\":\"2026-04-14T16:57:55+00:00\",\"dateModified\":\"2026-05-07T16:59:20+00:00\",\"description\":\"Pariez et f\u00eatez votre anniversaire avec Melbet \u2014 obtenez un code promotionnel pour un pari gratuit le jour de votre anniversaire ! Conditions g\u00e9n\u00e9rales : le compte doit avoir au moins 30 jours, au moins 20 paris doivent avoir \u00e9t\u00e9 plac\u00e9s, le profil doit \u00eatre complet, le num\u00e9ro de t\u00e9l\u00e9phone et l'adresse e-mail doivent \u00eatre v\u00e9rifi\u00e9s, et vous devez avoir donn\u00e9 votre accord pour recevoir des bonus. Il vous suffit de vous connecter le jour de votre anniversaire pour r\u00e9clamer votre cadeau et mettre toutes les chances de votre c\u00f4t\u00e9 !\",\"breadcrumb\":{\"@id\":\"https:\\\/\\\/melbet.plus\\\/ci\\\/bonus\\\/bet-celebrate\\\/#breadcrumb\"},\"inLanguage\":\"fr-CI\",\"potentialAction\":[{\"@type\":\"ReadAction\",\"target\":[\"https:\\\/\\\/melbet.plus\\\/ci\\\/bonus\\\/bet-celebrate\\\/\"]}]},{\"@type\":\"BreadcrumbList\",\"@id\":\"https:\\\/\\\/melbet.plus\\\/ci\\\/bonus\\\/bet-celebrate\\\/#breadcrumb\",\"itemListElement\":[{\"@type\":\"ListItem\",\"position\":1,\"name\":\"Home\",\"item\":\"https:\\\/\\\/melbet.plus\\\/ci\\\/\"},{\"@type\":\"ListItem\",\"position\":2,\"name\":\"Bonus\",\"item\":\"https:\\\/\\\/melbet.plus\\\/ci\\\/bonus\\\/\"},{\"@type\":\"ListItem\",\"position\":3,\"name\":\"Pariez et faites la f\u00eate\"}]},{\"@type\":\"WebSite\",\"@id\":\"https:\\\/\\\/melbet.plus\\\/ci\\\/#website\",\"url\":\"https:\\\/\\\/melbet.plus\\\/ci\\\/\",\"name\":\"Melbet ci\",\"description\":\"My WordPress Blog\",\"potentialAction\":[{\"@type\":\"SearchAction\",\"target\":{\"@type\":\"EntryPoint\",\"urlTemplate\":\"https:\\\/\\\/melbet.plus\\\/ci\\\/?s={search_term_string}\"},\"query-input\":{\"@type\":\"PropertyValueSpecification\",\"valueRequired\":true,\"valueName\":\"search_term_string\"}}],\"inLanguage\":\"fr-CI\"}]}<\/script>\n<!-- \/ Yoast SEO plugin. -->","yoast_head_json":{"title":"Melbet C\u00f4te d\u2019Ivoire Bet & Celebrate \u2014 Paris gratuits d'anniversaire","description":"Pariez et f\u00eatez votre anniversaire avec Melbet \u2014 obtenez un code promotionnel pour un pari gratuit le jour de votre anniversaire ! Conditions g\u00e9n\u00e9rales : le compte doit avoir au moins 30 jours, au moins 20 paris doivent avoir \u00e9t\u00e9 plac\u00e9s, le profil doit \u00eatre complet, le num\u00e9ro de t\u00e9l\u00e9phone et l'adresse e-mail doivent \u00eatre v\u00e9rifi\u00e9s, et vous devez avoir donn\u00e9 votre accord pour recevoir des bonus. Il vous suffit de vous connecter le jour de votre anniversaire pour r\u00e9clamer votre cadeau et mettre toutes les chances de votre c\u00f4t\u00e9 !","robots":{"index":"index","follow":"follow","max-snippet":"max-snippet:-1","max-image-preview":"max-image-preview:large","max-video-preview":"max-video-preview:-1"},"og_locale":"fr_FR","og_type":"article","og_title":"Melbet C\u00f4te d\u2019Ivoire Bet & Celebrate \u2014 Paris gratuits d'anniversaire","og_description":"Pariez et f\u00eatez votre anniversaire avec Melbet \u2014 obtenez un code promotionnel pour un pari gratuit le jour de votre anniversaire ! Conditions g\u00e9n\u00e9rales : le compte doit avoir au moins 30 jours, au moins 20 paris doivent avoir \u00e9t\u00e9 plac\u00e9s, le profil doit \u00eatre complet, le num\u00e9ro de t\u00e9l\u00e9phone et l'adresse e-mail doivent \u00eatre v\u00e9rifi\u00e9s, et vous devez avoir donn\u00e9 votre accord pour recevoir des bonus. Il vous suffit de vous connecter le jour de votre anniversaire pour r\u00e9clamer votre cadeau et mettre toutes les chances de votre c\u00f4t\u00e9 !","og_url":"https:\/\/melbet.plus\/ci\/bonus\/bet-celebrate\/","og_site_name":"Melbet ci","article_modified_time":"2026-05-07T16:59:20+00:00","twitter_card":"summary_large_image","schema":{"@context":"https:\/\/schema.org","@graph":[{"@type":"WebPage","@id":"https:\/\/melbet.plus\/ci\/bonus\/bet-celebrate\/","url":"https:\/\/melbet.plus\/ci\/bonus\/bet-celebrate\/","name":"Melbet C\u00f4te d\u2019Ivoire Bet & Celebrate \u2014 Paris gratuits d'anniversaire","isPartOf":{"@id":"https:\/\/melbet.plus\/ci\/#website"},"datePublished":"2026-04-14T16:57:55+00:00","dateModified":"2026-05-07T16:59:20+00:00","description":"Pariez et f\u00eatez votre anniversaire avec Melbet \u2014 obtenez un code promotionnel pour un pari gratuit le jour de votre anniversaire ! Conditions g\u00e9n\u00e9rales : le compte doit avoir au moins 30 jours, au moins 20 paris doivent avoir \u00e9t\u00e9 plac\u00e9s, le profil doit \u00eatre complet, le num\u00e9ro de t\u00e9l\u00e9phone et l'adresse e-mail doivent \u00eatre v\u00e9rifi\u00e9s, et vous devez avoir donn\u00e9 votre accord pour recevoir des bonus. Il vous suffit de vous connecter le jour de votre anniversaire pour r\u00e9clamer votre cadeau et mettre toutes les chances de votre c\u00f4t\u00e9 !","breadcrumb":{"@id":"https:\/\/melbet.plus\/ci\/bonus\/bet-celebrate\/#breadcrumb"},"inLanguage":"fr-CI","potentialAction":[{"@type":"ReadAction","target":["https:\/\/melbet.plus\/ci\/bonus\/bet-celebrate\/"]}]},{"@type":"BreadcrumbList","@id":"https:\/\/melbet.plus\/ci\/bonus\/bet-celebrate\/#breadcrumb","itemListElement":[{"@type":"ListItem","position":1,"name":"Home","item":"https:\/\/melbet.plus\/ci\/"},{"@type":"ListItem","position":2,"name":"Bonus","item":"https:\/\/melbet.plus\/ci\/bonus\/"},{"@type":"ListItem","position":3,"name":"Pariez et faites la f\u00eate"}]},{"@type":"WebSite","@id":"https:\/\/melbet.plus\/ci\/#website","url":"https:\/\/melbet.plus\/ci\/","name":"Melbet ci","description":"My WordPress Blog","potentialAction":[{"@type":"SearchAction","target":{"@type":"EntryPoint","urlTemplate":"https:\/\/melbet.plus\/ci\/?s={search_term_string}"},"query-input":{"@type":"PropertyValueSpecification","valueRequired":true,"valueName":"search_term_string"}}],"inLanguage":"fr-CI"}]}},"_links":{"self":[{"href":"https:\/\/melbet.plus\/ci\/wp-json\/wp\/v2\/pages\/1258","targetHints":{"allow":["GET"]}}],"collection":[{"href":"https:\/\/melbet.plus\/ci\/wp-json\/wp\/v2\/pages"}],"about":[{"href":"https:\/\/melbet.plus\/ci\/wp-json\/wp\/v2\/types\/page"}],"author":[{"embeddable":true,"href":"https:\/\/melbet.plus\/ci\/wp-json\/wp\/v2\/users\/1"}],"replies":[{"embeddable":true,"href":"https:\/\/melbet.plus\/ci\/wp-json\/wp\/v2\/comments?post=1258"}],"version-history":[{"count":5,"href":"https:\/\/melbet.plus\/ci\/wp-json\/wp\/v2\/pages\/1258\/revisions"}],"predecessor-version":[{"id":1454,"href":"https:\/\/melbet.plus\/ci\/wp-json\/wp\/v2\/pages\/1258\/revisions\/1454"}],"up":[{"embeddable":true,"href":"https:\/\/melbet.plus\/ci\/wp-json\/wp\/v2\/pages\/152"}],"wp:attachment":[{"href":"https:\/\/melbet.plus\/ci\/wp-json\/wp\/v2\/media?parent=1258"}],"curies":[{"name":"wp","href":"https:\/\/api.w.org\/{rel}","templated":true}]}}