{"id":1254,"date":"2026-04-14T16:44:33","date_gmt":"2026-04-14T16:44:33","guid":{"rendered":"https:\/\/melbet.plus\/ci\/?page_id=1254"},"modified":"2026-04-29T05:28:25","modified_gmt":"2026-04-29T05:28:25","slug":"ice-cashback","status":"publish","type":"page","link":"https:\/\/melbet.plus\/ci\/bonus\/ice-cashback\/","title":{"rendered":"Remise en argent sur la glace"},"content":{"rendered":"","protected":false},"excerpt":{"rendered":"","protected":false},"author":1,"featured_media":0,"parent":152,"menu_order":0,"comment_status":"closed","ping_status":"closed","template":"","meta":{"inline_featured_image":false,"footnotes":""},"class_list":["post-1254","page","type-page","status-publish","hentry"],"yoast_head":"<!-- This site is optimized with the Yoast SEO plugin v27.6 - https:\/\/yoast.com\/product\/yoast-seo-wordpress\/ -->\n<title>Cashback Melbet Ice \u2014 Paris gratuits hebdomadaires sur la NHL<\/title>\n<meta name=\"description\" content=\"Melbet Cote D&#039;Ivoire Ice Cashback \u2014 placez des paris de 2 000 XOF ou plus sur des matchs de la NHL pendant la saison 2025\u20132026 et recevez un pari gratuit chaque semaine: 5% pour 3\u20135 paris, 7% pour 6\u201310, et 10% pour 11 ou plus. Inscrivez-vous, cliquez sur \u00abParticiper\u00bb et r\u00e9cup\u00e9rez une partie de votre mise sous forme de paris gratuits sur votre hockey pr\u00e9f\u00e9r\u00e9!\" \/>\n<meta name=\"robots\" content=\"index, follow, max-snippet:-1, max-image-preview:large, max-video-preview:-1\" \/>\n<meta property=\"og:locale\" content=\"fr_FR\" \/>\n<meta property=\"og:type\" content=\"article\" \/>\n<meta property=\"og:title\" content=\"Cashback Melbet Ice \u2014 Paris gratuits hebdomadaires sur la NHL\" \/>\n<meta property=\"og:description\" content=\"Melbet Cote D&#039;Ivoire Ice Cashback \u2014 placez des paris de 2 000 XOF ou plus sur des matchs de la NHL pendant la saison 2025\u20132026 et recevez un pari gratuit chaque semaine: 5% pour 3\u20135 paris, 7% pour 6\u201310, et 10% pour 11 ou plus. Inscrivez-vous, cliquez sur \u00abParticiper\u00bb et r\u00e9cup\u00e9rez une partie de votre mise sous forme de paris gratuits sur votre hockey pr\u00e9f\u00e9r\u00e9!\" \/>\n<meta property=\"og:url\" content=\"https:\/\/melbet.plus\/ci\/bonus\/ice-cashback\/\" \/>\n<meta property=\"og:site_name\" content=\"Melbet ci\" \/>\n<meta property=\"article:modified_time\" content=\"2026-04-29T05:28:25+00:00\" \/>\n<meta name=\"twitter:card\" content=\"summary_large_image\" \/>\n<script type=\"application\/ld+json\" class=\"yoast-schema-graph\">{\"@context\":\"https:\\\/\\\/schema.org\",\"@graph\":[{\"@type\":\"WebPage\",\"@id\":\"https:\\\/\\\/melbet.plus\\\/ci\\\/bonus\\\/ice-cashback\\\/\",\"url\":\"https:\\\/\\\/melbet.plus\\\/ci\\\/bonus\\\/ice-cashback\\\/\",\"name\":\"Cashback Melbet Ice \u2014 Paris gratuits hebdomadaires sur la NHL\",\"isPartOf\":{\"@id\":\"https:\\\/\\\/melbet.plus\\\/ci\\\/#website\"},\"datePublished\":\"2026-04-14T16:44:33+00:00\",\"dateModified\":\"2026-04-29T05:28:25+00:00\",\"description\":\"Melbet Cote D'Ivoire Ice Cashback \u2014 placez des paris de 2 000 XOF ou plus sur des matchs de la NHL pendant la saison 2025\u20132026 et recevez un pari gratuit chaque semaine: 5% pour 3\u20135 paris, 7% pour 6\u201310, et 10% pour 11 ou plus. Inscrivez-vous, cliquez sur \u00abParticiper\u00bb et r\u00e9cup\u00e9rez une partie de votre mise sous forme de paris gratuits sur votre hockey pr\u00e9f\u00e9r\u00e9!\",\"breadcrumb\":{\"@id\":\"https:\\\/\\\/melbet.plus\\\/ci\\\/bonus\\\/ice-cashback\\\/#breadcrumb\"},\"inLanguage\":\"fr-CI\",\"potentialAction\":[{\"@type\":\"ReadAction\",\"target\":[\"https:\\\/\\\/melbet.plus\\\/ci\\\/bonus\\\/ice-cashback\\\/\"]}]},{\"@type\":\"BreadcrumbList\",\"@id\":\"https:\\\/\\\/melbet.plus\\\/ci\\\/bonus\\\/ice-cashback\\\/#breadcrumb\",\"itemListElement\":[{\"@type\":\"ListItem\",\"position\":1,\"name\":\"Home\",\"item\":\"https:\\\/\\\/melbet.plus\\\/ci\\\/\"},{\"@type\":\"ListItem\",\"position\":2,\"name\":\"Bonus\",\"item\":\"https:\\\/\\\/melbet.plus\\\/ci\\\/bonus\\\/\"},{\"@type\":\"ListItem\",\"position\":3,\"name\":\"Remise en argent sur la glace\"}]},{\"@type\":\"WebSite\",\"@id\":\"https:\\\/\\\/melbet.plus\\\/ci\\\/#website\",\"url\":\"https:\\\/\\\/melbet.plus\\\/ci\\\/\",\"name\":\"Melbet ci\",\"description\":\"My WordPress Blog\",\"potentialAction\":[{\"@type\":\"SearchAction\",\"target\":{\"@type\":\"EntryPoint\",\"urlTemplate\":\"https:\\\/\\\/melbet.plus\\\/ci\\\/?s={search_term_string}\"},\"query-input\":{\"@type\":\"PropertyValueSpecification\",\"valueRequired\":true,\"valueName\":\"search_term_string\"}}],\"inLanguage\":\"fr-CI\"}]}<\/script>\n<!-- \/ Yoast SEO plugin. -->","yoast_head_json":{"title":"Cashback Melbet Ice \u2014 Paris gratuits hebdomadaires sur la NHL","description":"Melbet Cote D'Ivoire Ice Cashback \u2014 placez des paris de 2 000 XOF ou plus sur des matchs de la NHL pendant la saison 2025\u20132026 et recevez un pari gratuit chaque semaine: 5% pour 3\u20135 paris, 7% pour 6\u201310, et 10% pour 11 ou plus. Inscrivez-vous, cliquez sur \u00abParticiper\u00bb et r\u00e9cup\u00e9rez une partie de votre mise sous forme de paris gratuits sur votre hockey pr\u00e9f\u00e9r\u00e9!","robots":{"index":"index","follow":"follow","max-snippet":"max-snippet:-1","max-image-preview":"max-image-preview:large","max-video-preview":"max-video-preview:-1"},"og_locale":"fr_FR","og_type":"article","og_title":"Cashback Melbet Ice \u2014 Paris gratuits hebdomadaires sur la NHL","og_description":"Melbet Cote D'Ivoire Ice Cashback \u2014 placez des paris de 2 000 XOF ou plus sur des matchs de la NHL pendant la saison 2025\u20132026 et recevez un pari gratuit chaque semaine: 5% pour 3\u20135 paris, 7% pour 6\u201310, et 10% pour 11 ou plus. Inscrivez-vous, cliquez sur \u00abParticiper\u00bb et r\u00e9cup\u00e9rez une partie de votre mise sous forme de paris gratuits sur votre hockey pr\u00e9f\u00e9r\u00e9!","og_url":"https:\/\/melbet.plus\/ci\/bonus\/ice-cashback\/","og_site_name":"Melbet ci","article_modified_time":"2026-04-29T05:28:25+00:00","twitter_card":"summary_large_image","schema":{"@context":"https:\/\/schema.org","@graph":[{"@type":"WebPage","@id":"https:\/\/melbet.plus\/ci\/bonus\/ice-cashback\/","url":"https:\/\/melbet.plus\/ci\/bonus\/ice-cashback\/","name":"Cashback Melbet Ice \u2014 Paris gratuits hebdomadaires sur la NHL","isPartOf":{"@id":"https:\/\/melbet.plus\/ci\/#website"},"datePublished":"2026-04-14T16:44:33+00:00","dateModified":"2026-04-29T05:28:25+00:00","description":"Melbet Cote D'Ivoire Ice Cashback \u2014 placez des paris de 2 000 XOF ou plus sur des matchs de la NHL pendant la saison 2025\u20132026 et recevez un pari gratuit chaque semaine: 5% pour 3\u20135 paris, 7% pour 6\u201310, et 10% pour 11 ou plus. Inscrivez-vous, cliquez sur \u00abParticiper\u00bb et r\u00e9cup\u00e9rez une partie de votre mise sous forme de paris gratuits sur votre hockey pr\u00e9f\u00e9r\u00e9!","breadcrumb":{"@id":"https:\/\/melbet.plus\/ci\/bonus\/ice-cashback\/#breadcrumb"},"inLanguage":"fr-CI","potentialAction":[{"@type":"ReadAction","target":["https:\/\/melbet.plus\/ci\/bonus\/ice-cashback\/"]}]},{"@type":"BreadcrumbList","@id":"https:\/\/melbet.plus\/ci\/bonus\/ice-cashback\/#breadcrumb","itemListElement":[{"@type":"ListItem","position":1,"name":"Home","item":"https:\/\/melbet.plus\/ci\/"},{"@type":"ListItem","position":2,"name":"Bonus","item":"https:\/\/melbet.plus\/ci\/bonus\/"},{"@type":"ListItem","position":3,"name":"Remise en argent sur la glace"}]},{"@type":"WebSite","@id":"https:\/\/melbet.plus\/ci\/#website","url":"https:\/\/melbet.plus\/ci\/","name":"Melbet ci","description":"My WordPress Blog","potentialAction":[{"@type":"SearchAction","target":{"@type":"EntryPoint","urlTemplate":"https:\/\/melbet.plus\/ci\/?s={search_term_string}"},"query-input":{"@type":"PropertyValueSpecification","valueRequired":true,"valueName":"search_term_string"}}],"inLanguage":"fr-CI"}]}},"_links":{"self":[{"href":"https:\/\/melbet.plus\/ci\/wp-json\/wp\/v2\/pages\/1254","targetHints":{"allow":["GET"]}}],"collection":[{"href":"https:\/\/melbet.plus\/ci\/wp-json\/wp\/v2\/pages"}],"about":[{"href":"https:\/\/melbet.plus\/ci\/wp-json\/wp\/v2\/types\/page"}],"author":[{"embeddable":true,"href":"https:\/\/melbet.plus\/ci\/wp-json\/wp\/v2\/users\/1"}],"replies":[{"embeddable":true,"href":"https:\/\/melbet.plus\/ci\/wp-json\/wp\/v2\/comments?post=1254"}],"version-history":[{"count":4,"href":"https:\/\/melbet.plus\/ci\/wp-json\/wp\/v2\/pages\/1254\/revisions"}],"predecessor-version":[{"id":1395,"href":"https:\/\/melbet.plus\/ci\/wp-json\/wp\/v2\/pages\/1254\/revisions\/1395"}],"up":[{"embeddable":true,"href":"https:\/\/melbet.plus\/ci\/wp-json\/wp\/v2\/pages\/152"}],"wp:attachment":[{"href":"https:\/\/melbet.plus\/ci\/wp-json\/wp\/v2\/media?parent=1254"}],"curies":[{"name":"wp","href":"https:\/\/api.w.org\/{rel}","templated":true}]}}