{"id":1239,"date":"2026-04-14T13:01:32","date_gmt":"2026-04-14T13:01:32","guid":{"rendered":"https:\/\/melbet.plus\/ci\/?page_id=1239"},"modified":"2026-04-28T16:13:52","modified_gmt":"2026-04-28T16:13:52","slug":"cyber-circuit","status":"publish","type":"page","link":"https:\/\/melbet.plus\/ci\/bonus\/cyber-circuit\/","title":{"rendered":"Cyber Circuit"},"content":{"rendered":"","protected":false},"excerpt":{"rendered":"","protected":false},"author":1,"featured_media":0,"parent":152,"menu_order":0,"comment_status":"closed","ping_status":"closed","template":"","meta":{"inline_featured_image":false,"footnotes":""},"class_list":["post-1239","page","type-page","status-publish","hentry"],"yoast_head":"<!-- This site is optimized with the Yoast SEO plugin v27.5 - https:\/\/yoast.com\/product\/yoast-seo-wordpress\/ -->\n<title>Cyber Circuit Melbet Cote D&#039;Ivoire \u2014 Gadgets et paris gratuits sur CS2<\/title>\n<meta name=\"description\" content=\"Cyber Circuit de Melbet \u2014 gagnez des tickets en pla\u00e7ant des paris de 1 100 XOF ou plus (cote de 1.5+) sur les meilleurs tournois CS2: 1 ticket pour 1 100 XOF, jusqu&#039;\u00e0 170 tickets pour 55 000 XOF ou plus. Gagnez un MacBook Pro M4 Max, un iPhone 17 Pro Max, une PS5 Pro, une Xbox Series X, des p\u00e9riph\u00e9riques de jeu Logitech + des paris gratuits jusqu&#039;\u00e0 65 600 XOF et des points bonus \u2014 tirages au sort apr\u00e8s chaque \u00e9tape!\" \/>\n<meta name=\"robots\" content=\"index, follow, max-snippet:-1, max-image-preview:large, max-video-preview:-1\" \/>\n<meta property=\"og:locale\" content=\"fr_FR\" \/>\n<meta property=\"og:type\" content=\"article\" \/>\n<meta property=\"og:title\" content=\"Cyber Circuit Melbet Cote D&#039;Ivoire \u2014 Gadgets et paris gratuits sur CS2\" \/>\n<meta property=\"og:description\" content=\"Cyber Circuit de Melbet \u2014 gagnez des tickets en pla\u00e7ant des paris de 1 100 XOF ou plus (cote de 1.5+) sur les meilleurs tournois CS2: 1 ticket pour 1 100 XOF, jusqu&#039;\u00e0 170 tickets pour 55 000 XOF ou plus. Gagnez un MacBook Pro M4 Max, un iPhone 17 Pro Max, une PS5 Pro, une Xbox Series X, des p\u00e9riph\u00e9riques de jeu Logitech + des paris gratuits jusqu&#039;\u00e0 65 600 XOF et des points bonus \u2014 tirages au sort apr\u00e8s chaque \u00e9tape!\" \/>\n<meta property=\"og:url\" content=\"https:\/\/melbet.plus\/ci\/bonus\/cyber-circuit\/\" \/>\n<meta property=\"og:site_name\" content=\"Melbet ci\" \/>\n<meta property=\"article:modified_time\" content=\"2026-04-28T16:13:52+00:00\" \/>\n<meta name=\"twitter:card\" content=\"summary_large_image\" \/>\n<script type=\"application\/ld+json\" class=\"yoast-schema-graph\">{\"@context\":\"https:\\\/\\\/schema.org\",\"@graph\":[{\"@type\":\"WebPage\",\"@id\":\"https:\\\/\\\/melbet.plus\\\/ci\\\/bonus\\\/cyber-circuit\\\/\",\"url\":\"https:\\\/\\\/melbet.plus\\\/ci\\\/bonus\\\/cyber-circuit\\\/\",\"name\":\"Cyber Circuit Melbet Cote D'Ivoire \u2014 Gadgets et paris gratuits sur CS2\",\"isPartOf\":{\"@id\":\"https:\\\/\\\/melbet.plus\\\/ci\\\/#website\"},\"datePublished\":\"2026-04-14T13:01:32+00:00\",\"dateModified\":\"2026-04-28T16:13:52+00:00\",\"description\":\"Cyber Circuit de Melbet \u2014 gagnez des tickets en pla\u00e7ant des paris de 1 100 XOF ou plus (cote de 1.5+) sur les meilleurs tournois CS2: 1 ticket pour 1 100 XOF, jusqu'\u00e0 170 tickets pour 55 000 XOF ou plus. Gagnez un MacBook Pro M4 Max, un iPhone 17 Pro Max, une PS5 Pro, une Xbox Series X, des p\u00e9riph\u00e9riques de jeu Logitech + des paris gratuits jusqu'\u00e0 65 600 XOF et des points bonus \u2014 tirages au sort apr\u00e8s chaque \u00e9tape!\",\"breadcrumb\":{\"@id\":\"https:\\\/\\\/melbet.plus\\\/ci\\\/bonus\\\/cyber-circuit\\\/#breadcrumb\"},\"inLanguage\":\"fr-CI\",\"potentialAction\":[{\"@type\":\"ReadAction\",\"target\":[\"https:\\\/\\\/melbet.plus\\\/ci\\\/bonus\\\/cyber-circuit\\\/\"]}]},{\"@type\":\"BreadcrumbList\",\"@id\":\"https:\\\/\\\/melbet.plus\\\/ci\\\/bonus\\\/cyber-circuit\\\/#breadcrumb\",\"itemListElement\":[{\"@type\":\"ListItem\",\"position\":1,\"name\":\"Home\",\"item\":\"https:\\\/\\\/melbet.plus\\\/ci\\\/\"},{\"@type\":\"ListItem\",\"position\":2,\"name\":\"Bonus\",\"item\":\"https:\\\/\\\/melbet.plus\\\/ci\\\/bonus\\\/\"},{\"@type\":\"ListItem\",\"position\":3,\"name\":\"Cyber Circuit\"}]},{\"@type\":\"WebSite\",\"@id\":\"https:\\\/\\\/melbet.plus\\\/ci\\\/#website\",\"url\":\"https:\\\/\\\/melbet.plus\\\/ci\\\/\",\"name\":\"Melbet ci\",\"description\":\"My WordPress Blog\",\"potentialAction\":[{\"@type\":\"SearchAction\",\"target\":{\"@type\":\"EntryPoint\",\"urlTemplate\":\"https:\\\/\\\/melbet.plus\\\/ci\\\/?s={search_term_string}\"},\"query-input\":{\"@type\":\"PropertyValueSpecification\",\"valueRequired\":true,\"valueName\":\"search_term_string\"}}],\"inLanguage\":\"fr-CI\"}]}<\/script>\n<!-- \/ Yoast SEO plugin. -->","yoast_head_json":{"title":"Cyber Circuit Melbet Cote D'Ivoire \u2014 Gadgets et paris gratuits sur CS2","description":"Cyber Circuit de Melbet \u2014 gagnez des tickets en pla\u00e7ant des paris de 1 100 XOF ou plus (cote de 1.5+) sur les meilleurs tournois CS2: 1 ticket pour 1 100 XOF, jusqu'\u00e0 170 tickets pour 55 000 XOF ou plus. Gagnez un MacBook Pro M4 Max, un iPhone 17 Pro Max, une PS5 Pro, une Xbox Series X, des p\u00e9riph\u00e9riques de jeu Logitech + des paris gratuits jusqu'\u00e0 65 600 XOF et des points bonus \u2014 tirages au sort apr\u00e8s chaque \u00e9tape!","robots":{"index":"index","follow":"follow","max-snippet":"max-snippet:-1","max-image-preview":"max-image-preview:large","max-video-preview":"max-video-preview:-1"},"og_locale":"fr_FR","og_type":"article","og_title":"Cyber Circuit Melbet Cote D'Ivoire \u2014 Gadgets et paris gratuits sur CS2","og_description":"Cyber Circuit de Melbet \u2014 gagnez des tickets en pla\u00e7ant des paris de 1 100 XOF ou plus (cote de 1.5+) sur les meilleurs tournois CS2: 1 ticket pour 1 100 XOF, jusqu'\u00e0 170 tickets pour 55 000 XOF ou plus. Gagnez un MacBook Pro M4 Max, un iPhone 17 Pro Max, une PS5 Pro, une Xbox Series X, des p\u00e9riph\u00e9riques de jeu Logitech + des paris gratuits jusqu'\u00e0 65 600 XOF et des points bonus \u2014 tirages au sort apr\u00e8s chaque \u00e9tape!","og_url":"https:\/\/melbet.plus\/ci\/bonus\/cyber-circuit\/","og_site_name":"Melbet ci","article_modified_time":"2026-04-28T16:13:52+00:00","twitter_card":"summary_large_image","schema":{"@context":"https:\/\/schema.org","@graph":[{"@type":"WebPage","@id":"https:\/\/melbet.plus\/ci\/bonus\/cyber-circuit\/","url":"https:\/\/melbet.plus\/ci\/bonus\/cyber-circuit\/","name":"Cyber Circuit Melbet Cote D'Ivoire \u2014 Gadgets et paris gratuits sur CS2","isPartOf":{"@id":"https:\/\/melbet.plus\/ci\/#website"},"datePublished":"2026-04-14T13:01:32+00:00","dateModified":"2026-04-28T16:13:52+00:00","description":"Cyber Circuit de Melbet \u2014 gagnez des tickets en pla\u00e7ant des paris de 1 100 XOF ou plus (cote de 1.5+) sur les meilleurs tournois CS2: 1 ticket pour 1 100 XOF, jusqu'\u00e0 170 tickets pour 55 000 XOF ou plus. Gagnez un MacBook Pro M4 Max, un iPhone 17 Pro Max, une PS5 Pro, une Xbox Series X, des p\u00e9riph\u00e9riques de jeu Logitech + des paris gratuits jusqu'\u00e0 65 600 XOF et des points bonus \u2014 tirages au sort apr\u00e8s chaque \u00e9tape!","breadcrumb":{"@id":"https:\/\/melbet.plus\/ci\/bonus\/cyber-circuit\/#breadcrumb"},"inLanguage":"fr-CI","potentialAction":[{"@type":"ReadAction","target":["https:\/\/melbet.plus\/ci\/bonus\/cyber-circuit\/"]}]},{"@type":"BreadcrumbList","@id":"https:\/\/melbet.plus\/ci\/bonus\/cyber-circuit\/#breadcrumb","itemListElement":[{"@type":"ListItem","position":1,"name":"Home","item":"https:\/\/melbet.plus\/ci\/"},{"@type":"ListItem","position":2,"name":"Bonus","item":"https:\/\/melbet.plus\/ci\/bonus\/"},{"@type":"ListItem","position":3,"name":"Cyber Circuit"}]},{"@type":"WebSite","@id":"https:\/\/melbet.plus\/ci\/#website","url":"https:\/\/melbet.plus\/ci\/","name":"Melbet ci","description":"My WordPress Blog","potentialAction":[{"@type":"SearchAction","target":{"@type":"EntryPoint","urlTemplate":"https:\/\/melbet.plus\/ci\/?s={search_term_string}"},"query-input":{"@type":"PropertyValueSpecification","valueRequired":true,"valueName":"search_term_string"}}],"inLanguage":"fr-CI"}]}},"_links":{"self":[{"href":"https:\/\/melbet.plus\/ci\/wp-json\/wp\/v2\/pages\/1239","targetHints":{"allow":["GET"]}}],"collection":[{"href":"https:\/\/melbet.plus\/ci\/wp-json\/wp\/v2\/pages"}],"about":[{"href":"https:\/\/melbet.plus\/ci\/wp-json\/wp\/v2\/types\/page"}],"author":[{"embeddable":true,"href":"https:\/\/melbet.plus\/ci\/wp-json\/wp\/v2\/users\/1"}],"replies":[{"embeddable":true,"href":"https:\/\/melbet.plus\/ci\/wp-json\/wp\/v2\/comments?post=1239"}],"version-history":[{"count":5,"href":"https:\/\/melbet.plus\/ci\/wp-json\/wp\/v2\/pages\/1239\/revisions"}],"predecessor-version":[{"id":1389,"href":"https:\/\/melbet.plus\/ci\/wp-json\/wp\/v2\/pages\/1239\/revisions\/1389"}],"up":[{"embeddable":true,"href":"https:\/\/melbet.plus\/ci\/wp-json\/wp\/v2\/pages\/152"}],"wp:attachment":[{"href":"https:\/\/melbet.plus\/ci\/wp-json\/wp\/v2\/media?parent=1239"}],"curies":[{"name":"wp","href":"https:\/\/api.w.org\/{rel}","templated":true}]}}