{"id":1216,"date":"2026-04-13T16:11:32","date_gmt":"2026-04-13T16:11:32","guid":{"rendered":"https:\/\/melbet.plus\/ci\/?page_id=1216"},"modified":"2026-04-28T13:21:17","modified_gmt":"2026-04-28T13:21:17","slug":"blast-slam-season","status":"publish","type":"page","link":"https:\/\/melbet.plus\/ci\/bonus\/blast-slam-season\/","title":{"rendered":"Saison BLAST Slam"},"content":{"rendered":"","protected":false},"excerpt":{"rendered":"","protected":false},"author":1,"featured_media":0,"parent":152,"menu_order":0,"comment_status":"closed","ping_status":"closed","template":"","meta":{"inline_featured_image":false,"footnotes":""},"class_list":["post-1216","page","type-page","status-publish","hentry"],"yoast_head":"<!-- This site is optimized with the Yoast SEO plugin v27.5 - https:\/\/yoast.com\/product\/yoast-seo-wordpress\/ -->\n<title>Melbet BLAST Slam \u27a4 Jusqu&#039;\u00e0 20% de cashback sur Dota 2<\/title>\n<meta name=\"description\" content=\"Profitez du BLAST Slam 2026 sur Melbet Cote D&#039;Ivoire \u27a4 recevez jusqu&#039;\u00e0 20% de cashback sur vos paris Dota 2 d\u00e8s 2 000 XOF et gagnez jusqu&#039;\u00e0 28 200 XOF de bonus \u00e0 chaque \u00e9tape.\" \/>\n<meta name=\"robots\" content=\"index, follow, max-snippet:-1, max-image-preview:large, max-video-preview:-1\" \/>\n<meta property=\"og:locale\" content=\"fr_FR\" \/>\n<meta property=\"og:type\" content=\"article\" \/>\n<meta property=\"og:title\" content=\"Melbet BLAST Slam \u27a4 Jusqu&#039;\u00e0 20% de cashback sur Dota 2\" \/>\n<meta property=\"og:description\" content=\"Profitez du BLAST Slam 2026 sur Melbet Cote D&#039;Ivoire \u27a4 recevez jusqu&#039;\u00e0 20% de cashback sur vos paris Dota 2 d\u00e8s 2 000 XOF et gagnez jusqu&#039;\u00e0 28 200 XOF de bonus \u00e0 chaque \u00e9tape.\" \/>\n<meta property=\"og:url\" content=\"https:\/\/melbet.plus\/ci\/bonus\/blast-slam-season\/\" \/>\n<meta property=\"og:site_name\" content=\"Melbet ci\" \/>\n<meta property=\"article:modified_time\" content=\"2026-04-28T13:21:17+00:00\" \/>\n<meta name=\"twitter:card\" content=\"summary_large_image\" \/>\n<script type=\"application\/ld+json\" class=\"yoast-schema-graph\">{\"@context\":\"https:\\\/\\\/schema.org\",\"@graph\":[{\"@type\":\"WebPage\",\"@id\":\"https:\\\/\\\/melbet.plus\\\/ci\\\/bonus\\\/blast-slam-season\\\/\",\"url\":\"https:\\\/\\\/melbet.plus\\\/ci\\\/bonus\\\/blast-slam-season\\\/\",\"name\":\"Melbet BLAST Slam \u27a4 Jusqu'\u00e0 20% de cashback sur Dota 2\",\"isPartOf\":{\"@id\":\"https:\\\/\\\/melbet.plus\\\/ci\\\/#website\"},\"datePublished\":\"2026-04-13T16:11:32+00:00\",\"dateModified\":\"2026-04-28T13:21:17+00:00\",\"description\":\"Profitez du BLAST Slam 2026 sur Melbet Cote D'Ivoire \u27a4 recevez jusqu'\u00e0 20% de cashback sur vos paris Dota 2 d\u00e8s 2 000 XOF et gagnez jusqu'\u00e0 28 200 XOF de bonus \u00e0 chaque \u00e9tape.\",\"breadcrumb\":{\"@id\":\"https:\\\/\\\/melbet.plus\\\/ci\\\/bonus\\\/blast-slam-season\\\/#breadcrumb\"},\"inLanguage\":\"fr-CI\",\"potentialAction\":[{\"@type\":\"ReadAction\",\"target\":[\"https:\\\/\\\/melbet.plus\\\/ci\\\/bonus\\\/blast-slam-season\\\/\"]}]},{\"@type\":\"BreadcrumbList\",\"@id\":\"https:\\\/\\\/melbet.plus\\\/ci\\\/bonus\\\/blast-slam-season\\\/#breadcrumb\",\"itemListElement\":[{\"@type\":\"ListItem\",\"position\":1,\"name\":\"Home\",\"item\":\"https:\\\/\\\/melbet.plus\\\/ci\\\/\"},{\"@type\":\"ListItem\",\"position\":2,\"name\":\"Bonus\",\"item\":\"https:\\\/\\\/melbet.plus\\\/ci\\\/bonus\\\/\"},{\"@type\":\"ListItem\",\"position\":3,\"name\":\"Saison BLAST Slam\"}]},{\"@type\":\"WebSite\",\"@id\":\"https:\\\/\\\/melbet.plus\\\/ci\\\/#website\",\"url\":\"https:\\\/\\\/melbet.plus\\\/ci\\\/\",\"name\":\"Melbet ci\",\"description\":\"My WordPress Blog\",\"potentialAction\":[{\"@type\":\"SearchAction\",\"target\":{\"@type\":\"EntryPoint\",\"urlTemplate\":\"https:\\\/\\\/melbet.plus\\\/ci\\\/?s={search_term_string}\"},\"query-input\":{\"@type\":\"PropertyValueSpecification\",\"valueRequired\":true,\"valueName\":\"search_term_string\"}}],\"inLanguage\":\"fr-CI\"}]}<\/script>\n<!-- \/ Yoast SEO plugin. -->","yoast_head_json":{"title":"Melbet BLAST Slam \u27a4 Jusqu'\u00e0 20% de cashback sur Dota 2","description":"Profitez du BLAST Slam 2026 sur Melbet Cote D'Ivoire \u27a4 recevez jusqu'\u00e0 20% de cashback sur vos paris Dota 2 d\u00e8s 2 000 XOF et gagnez jusqu'\u00e0 28 200 XOF de bonus \u00e0 chaque \u00e9tape.","robots":{"index":"index","follow":"follow","max-snippet":"max-snippet:-1","max-image-preview":"max-image-preview:large","max-video-preview":"max-video-preview:-1"},"og_locale":"fr_FR","og_type":"article","og_title":"Melbet BLAST Slam \u27a4 Jusqu'\u00e0 20% de cashback sur Dota 2","og_description":"Profitez du BLAST Slam 2026 sur Melbet Cote D'Ivoire \u27a4 recevez jusqu'\u00e0 20% de cashback sur vos paris Dota 2 d\u00e8s 2 000 XOF et gagnez jusqu'\u00e0 28 200 XOF de bonus \u00e0 chaque \u00e9tape.","og_url":"https:\/\/melbet.plus\/ci\/bonus\/blast-slam-season\/","og_site_name":"Melbet ci","article_modified_time":"2026-04-28T13:21:17+00:00","twitter_card":"summary_large_image","schema":{"@context":"https:\/\/schema.org","@graph":[{"@type":"WebPage","@id":"https:\/\/melbet.plus\/ci\/bonus\/blast-slam-season\/","url":"https:\/\/melbet.plus\/ci\/bonus\/blast-slam-season\/","name":"Melbet BLAST Slam \u27a4 Jusqu'\u00e0 20% de cashback sur Dota 2","isPartOf":{"@id":"https:\/\/melbet.plus\/ci\/#website"},"datePublished":"2026-04-13T16:11:32+00:00","dateModified":"2026-04-28T13:21:17+00:00","description":"Profitez du BLAST Slam 2026 sur Melbet Cote D'Ivoire \u27a4 recevez jusqu'\u00e0 20% de cashback sur vos paris Dota 2 d\u00e8s 2 000 XOF et gagnez jusqu'\u00e0 28 200 XOF de bonus \u00e0 chaque \u00e9tape.","breadcrumb":{"@id":"https:\/\/melbet.plus\/ci\/bonus\/blast-slam-season\/#breadcrumb"},"inLanguage":"fr-CI","potentialAction":[{"@type":"ReadAction","target":["https:\/\/melbet.plus\/ci\/bonus\/blast-slam-season\/"]}]},{"@type":"BreadcrumbList","@id":"https:\/\/melbet.plus\/ci\/bonus\/blast-slam-season\/#breadcrumb","itemListElement":[{"@type":"ListItem","position":1,"name":"Home","item":"https:\/\/melbet.plus\/ci\/"},{"@type":"ListItem","position":2,"name":"Bonus","item":"https:\/\/melbet.plus\/ci\/bonus\/"},{"@type":"ListItem","position":3,"name":"Saison BLAST Slam"}]},{"@type":"WebSite","@id":"https:\/\/melbet.plus\/ci\/#website","url":"https:\/\/melbet.plus\/ci\/","name":"Melbet ci","description":"My WordPress Blog","potentialAction":[{"@type":"SearchAction","target":{"@type":"EntryPoint","urlTemplate":"https:\/\/melbet.plus\/ci\/?s={search_term_string}"},"query-input":{"@type":"PropertyValueSpecification","valueRequired":true,"valueName":"search_term_string"}}],"inLanguage":"fr-CI"}]}},"_links":{"self":[{"href":"https:\/\/melbet.plus\/ci\/wp-json\/wp\/v2\/pages\/1216","targetHints":{"allow":["GET"]}}],"collection":[{"href":"https:\/\/melbet.plus\/ci\/wp-json\/wp\/v2\/pages"}],"about":[{"href":"https:\/\/melbet.plus\/ci\/wp-json\/wp\/v2\/types\/page"}],"author":[{"embeddable":true,"href":"https:\/\/melbet.plus\/ci\/wp-json\/wp\/v2\/users\/1"}],"replies":[{"embeddable":true,"href":"https:\/\/melbet.plus\/ci\/wp-json\/wp\/v2\/comments?post=1216"}],"version-history":[{"count":5,"href":"https:\/\/melbet.plus\/ci\/wp-json\/wp\/v2\/pages\/1216\/revisions"}],"predecessor-version":[{"id":1374,"href":"https:\/\/melbet.plus\/ci\/wp-json\/wp\/v2\/pages\/1216\/revisions\/1374"}],"up":[{"embeddable":true,"href":"https:\/\/melbet.plus\/ci\/wp-json\/wp\/v2\/pages\/152"}],"wp:attachment":[{"href":"https:\/\/melbet.plus\/ci\/wp-json\/wp\/v2\/media?parent=1216"}],"curies":[{"name":"wp","href":"https:\/\/api.w.org\/{rel}","templated":true}]}}