{"id":998,"date":"2026-03-17T06:11:58","date_gmt":"2026-03-17T06:11:58","guid":{"rendered":"https:\/\/melbet.plus\/br\/?page_id=998"},"modified":"2026-04-30T11:09:13","modified_gmt":"2026-04-30T11:09:13","slug":"football","status":"publish","type":"page","link":"https:\/\/melbet.plus\/br\/football\/","title":{"rendered":"Football"},"content":{"rendered":"","protected":false},"excerpt":{"rendered":"","protected":false},"author":1,"featured_media":0,"parent":0,"menu_order":0,"comment_status":"closed","ping_status":"closed","template":"","meta":{"inline_featured_image":false,"footnotes":""},"class_list":["post-998","page","type-page","status-publish","hentry"],"yoast_head":"<!-- This site is optimized with the Yoast SEO plugin v27.5 - https:\/\/yoast.com\/product\/yoast-seo-wordpress\/ -->\n<title>Apostas em futebol na Melbet Brasil \u2013 gols, totais e emo\u00e7\u00e3o<\/title>\n<meta name=\"description\" content=\"Futebol na Melbet \u2013 aumente a emo\u00e7\u00e3o com suas apostas. Uma ampla variedade de mercados sobre gols, escanteios e totais. \u00d3timas cota\u00e7\u00f5es e b\u00f4nus para os f\u00e3s!\" \/>\n<meta name=\"robots\" content=\"index, follow, max-snippet:-1, max-image-preview:large, max-video-preview:-1\" \/>\n<meta property=\"og:locale\" content=\"pt_BR\" \/>\n<meta property=\"og:type\" content=\"article\" \/>\n<meta property=\"og:title\" content=\"Apostas em futebol na Melbet Brasil \u2013 gols, totais e emo\u00e7\u00e3o\" \/>\n<meta property=\"og:description\" content=\"Futebol na Melbet \u2013 aumente a emo\u00e7\u00e3o com suas apostas. Uma ampla variedade de mercados sobre gols, escanteios e totais. \u00d3timas cota\u00e7\u00f5es e b\u00f4nus para os f\u00e3s!\" \/>\n<meta property=\"og:url\" content=\"https:\/\/melbet.plus\/br\/football\/\" \/>\n<meta property=\"og:site_name\" content=\"Melbet br\" \/>\n<meta property=\"article:modified_time\" content=\"2026-04-30T11:09:13+00:00\" \/>\n<meta name=\"twitter:card\" content=\"summary_large_image\" \/>\n<script type=\"application\/ld+json\" class=\"yoast-schema-graph\">{\"@context\":\"https:\\\/\\\/schema.org\",\"@graph\":[{\"@type\":\"WebPage\",\"@id\":\"https:\\\/\\\/melbet.plus\\\/br\\\/football\\\/\",\"url\":\"https:\\\/\\\/melbet.plus\\\/br\\\/football\\\/\",\"name\":\"Apostas em futebol na Melbet Brasil \u2013 gols, totais e emo\u00e7\u00e3o\",\"isPartOf\":{\"@id\":\"https:\\\/\\\/melbet.plus\\\/br\\\/#website\"},\"datePublished\":\"2026-03-17T06:11:58+00:00\",\"dateModified\":\"2026-04-30T11:09:13+00:00\",\"description\":\"Futebol na Melbet \u2013 aumente a emo\u00e7\u00e3o com suas apostas. Uma ampla variedade de mercados sobre gols, escanteios e totais. \u00d3timas cota\u00e7\u00f5es e b\u00f4nus para os f\u00e3s!\",\"breadcrumb\":{\"@id\":\"https:\\\/\\\/melbet.plus\\\/br\\\/football\\\/#breadcrumb\"},\"inLanguage\":\"pt-BR\",\"potentialAction\":[{\"@type\":\"ReadAction\",\"target\":[\"https:\\\/\\\/melbet.plus\\\/br\\\/football\\\/\"]}]},{\"@type\":\"BreadcrumbList\",\"@id\":\"https:\\\/\\\/melbet.plus\\\/br\\\/football\\\/#breadcrumb\",\"itemListElement\":[{\"@type\":\"ListItem\",\"position\":1,\"name\":\"Home\",\"item\":\"https:\\\/\\\/melbet.plus\\\/br\\\/\"},{\"@type\":\"ListItem\",\"position\":2,\"name\":\"Football\"}]},{\"@type\":\"WebSite\",\"@id\":\"https:\\\/\\\/melbet.plus\\\/br\\\/#website\",\"url\":\"https:\\\/\\\/melbet.plus\\\/br\\\/\",\"name\":\"Melbet br\",\"description\":\"My WordPress Blog\",\"potentialAction\":[{\"@type\":\"SearchAction\",\"target\":{\"@type\":\"EntryPoint\",\"urlTemplate\":\"https:\\\/\\\/melbet.plus\\\/br\\\/?s={search_term_string}\"},\"query-input\":{\"@type\":\"PropertyValueSpecification\",\"valueRequired\":true,\"valueName\":\"search_term_string\"}}],\"inLanguage\":\"pt-BR\"}]}<\/script>\n<!-- \/ Yoast SEO plugin. -->","yoast_head_json":{"title":"Apostas em futebol na Melbet Brasil \u2013 gols, totais e emo\u00e7\u00e3o","description":"Futebol na Melbet \u2013 aumente a emo\u00e7\u00e3o com suas apostas. Uma ampla variedade de mercados sobre gols, escanteios e totais. \u00d3timas cota\u00e7\u00f5es e b\u00f4nus para os f\u00e3s!","robots":{"index":"index","follow":"follow","max-snippet":"max-snippet:-1","max-image-preview":"max-image-preview:large","max-video-preview":"max-video-preview:-1"},"og_locale":"pt_BR","og_type":"article","og_title":"Apostas em futebol na Melbet Brasil \u2013 gols, totais e emo\u00e7\u00e3o","og_description":"Futebol na Melbet \u2013 aumente a emo\u00e7\u00e3o com suas apostas. Uma ampla variedade de mercados sobre gols, escanteios e totais. \u00d3timas cota\u00e7\u00f5es e b\u00f4nus para os f\u00e3s!","og_url":"https:\/\/melbet.plus\/br\/football\/","og_site_name":"Melbet br","article_modified_time":"2026-04-30T11:09:13+00:00","twitter_card":"summary_large_image","schema":{"@context":"https:\/\/schema.org","@graph":[{"@type":"WebPage","@id":"https:\/\/melbet.plus\/br\/football\/","url":"https:\/\/melbet.plus\/br\/football\/","name":"Apostas em futebol na Melbet Brasil \u2013 gols, totais e emo\u00e7\u00e3o","isPartOf":{"@id":"https:\/\/melbet.plus\/br\/#website"},"datePublished":"2026-03-17T06:11:58+00:00","dateModified":"2026-04-30T11:09:13+00:00","description":"Futebol na Melbet \u2013 aumente a emo\u00e7\u00e3o com suas apostas. Uma ampla variedade de mercados sobre gols, escanteios e totais. \u00d3timas cota\u00e7\u00f5es e b\u00f4nus para os f\u00e3s!","breadcrumb":{"@id":"https:\/\/melbet.plus\/br\/football\/#breadcrumb"},"inLanguage":"pt-BR","potentialAction":[{"@type":"ReadAction","target":["https:\/\/melbet.plus\/br\/football\/"]}]},{"@type":"BreadcrumbList","@id":"https:\/\/melbet.plus\/br\/football\/#breadcrumb","itemListElement":[{"@type":"ListItem","position":1,"name":"Home","item":"https:\/\/melbet.plus\/br\/"},{"@type":"ListItem","position":2,"name":"Football"}]},{"@type":"WebSite","@id":"https:\/\/melbet.plus\/br\/#website","url":"https:\/\/melbet.plus\/br\/","name":"Melbet br","description":"My WordPress Blog","potentialAction":[{"@type":"SearchAction","target":{"@type":"EntryPoint","urlTemplate":"https:\/\/melbet.plus\/br\/?s={search_term_string}"},"query-input":{"@type":"PropertyValueSpecification","valueRequired":true,"valueName":"search_term_string"}}],"inLanguage":"pt-BR"}]}},"_links":{"self":[{"href":"https:\/\/melbet.plus\/br\/wp-json\/wp\/v2\/pages\/998","targetHints":{"allow":["GET"]}}],"collection":[{"href":"https:\/\/melbet.plus\/br\/wp-json\/wp\/v2\/pages"}],"about":[{"href":"https:\/\/melbet.plus\/br\/wp-json\/wp\/v2\/types\/page"}],"author":[{"embeddable":true,"href":"https:\/\/melbet.plus\/br\/wp-json\/wp\/v2\/users\/1"}],"replies":[{"embeddable":true,"href":"https:\/\/melbet.plus\/br\/wp-json\/wp\/v2\/comments?post=998"}],"version-history":[{"count":5,"href":"https:\/\/melbet.plus\/br\/wp-json\/wp\/v2\/pages\/998\/revisions"}],"predecessor-version":[{"id":1402,"href":"https:\/\/melbet.plus\/br\/wp-json\/wp\/v2\/pages\/998\/revisions\/1402"}],"wp:attachment":[{"href":"https:\/\/melbet.plus\/br\/wp-json\/wp\/v2\/media?parent=998"}],"curies":[{"name":"wp","href":"https:\/\/api.w.org\/{rel}","templated":true}]}}