{"id":727,"date":"2025-04-25T06:27:44","date_gmt":"2025-04-25T06:27:44","guid":{"rendered":"https:\/\/melbet.plus\/br\/?page_id=727"},"modified":"2026-04-30T10:30:43","modified_gmt":"2026-04-30T10:30:43","slug":"welcome-bonus","status":"publish","type":"page","link":"https:\/\/melbet.plus\/br\/bonus\/welcome-bonus\/","title":{"rendered":"B\u00f4nus de boas-vindas"},"content":{"rendered":"","protected":false},"excerpt":{"rendered":"","protected":false},"author":1,"featured_media":0,"parent":152,"menu_order":0,"comment_status":"closed","ping_status":"closed","template":"","meta":{"inline_featured_image":false,"footnotes":""},"class_list":["post-727","page","type-page","status-publish","hentry"],"yoast_head":"<!-- This site is optimized with the Yoast SEO plugin v27.5 - https:\/\/yoast.com\/product\/yoast-seo-wordpress\/ -->\n<title>B\u00f4nus Melbet at\u00e9 700 BRL \u2014 Dobre seu Dep\u00f3sito ao se Cadastrar<\/title>\n<meta name=\"description\" content=\"Receba seus 700 BRL na Melbet Brasil - basta depositar 10 BRL ap\u00f3s o cadastro e n\u00f3s dobraremos seu dep\u00f3sito! N\u00e3o perca a chance de aumentar sua aposta e come\u00e7ar a jogar com o b\u00f4nus m\u00e1ximo. B\u00f4nus que realmente funciona - pronto para lucrar?\" \/>\n<meta name=\"robots\" content=\"index, follow, max-snippet:-1, max-image-preview:large, max-video-preview:-1\" \/>\n<meta property=\"og:locale\" content=\"pt_BR\" \/>\n<meta property=\"og:type\" content=\"article\" \/>\n<meta property=\"og:title\" content=\"B\u00f4nus Melbet at\u00e9 700 BRL \u2014 Dobre seu Dep\u00f3sito ao se Cadastrar\" \/>\n<meta property=\"og:description\" content=\"Receba seus 700 BRL na Melbet Brasil - basta depositar 10 BRL ap\u00f3s o cadastro e n\u00f3s dobraremos seu dep\u00f3sito! N\u00e3o perca a chance de aumentar sua aposta e come\u00e7ar a jogar com o b\u00f4nus m\u00e1ximo. B\u00f4nus que realmente funciona - pronto para lucrar?\" \/>\n<meta property=\"og:url\" content=\"https:\/\/melbet.plus\/br\/bonus\/welcome-bonus\/\" \/>\n<meta property=\"og:site_name\" content=\"Melbet br\" \/>\n<meta property=\"article:modified_time\" content=\"2026-04-30T10:30:43+00:00\" \/>\n<meta name=\"twitter:card\" content=\"summary_large_image\" \/>\n<script type=\"application\/ld+json\" class=\"yoast-schema-graph\">{\"@context\":\"https:\\\/\\\/schema.org\",\"@graph\":[{\"@type\":\"WebPage\",\"@id\":\"https:\\\/\\\/melbet.plus\\\/br\\\/bonus\\\/welcome-bonus\\\/\",\"url\":\"https:\\\/\\\/melbet.plus\\\/br\\\/bonus\\\/welcome-bonus\\\/\",\"name\":\"B\u00f4nus Melbet at\u00e9 700 BRL \u2014 Dobre seu Dep\u00f3sito ao se Cadastrar\",\"isPartOf\":{\"@id\":\"https:\\\/\\\/melbet.plus\\\/br\\\/#website\"},\"datePublished\":\"2025-04-25T06:27:44+00:00\",\"dateModified\":\"2026-04-30T10:30:43+00:00\",\"description\":\"Receba seus 700 BRL na Melbet Brasil - basta depositar 10 BRL ap\u00f3s o cadastro e n\u00f3s dobraremos seu dep\u00f3sito! N\u00e3o perca a chance de aumentar sua aposta e come\u00e7ar a jogar com o b\u00f4nus m\u00e1ximo. B\u00f4nus que realmente funciona - pronto para lucrar?\",\"breadcrumb\":{\"@id\":\"https:\\\/\\\/melbet.plus\\\/br\\\/bonus\\\/welcome-bonus\\\/#breadcrumb\"},\"inLanguage\":\"pt-BR\",\"potentialAction\":[{\"@type\":\"ReadAction\",\"target\":[\"https:\\\/\\\/melbet.plus\\\/br\\\/bonus\\\/welcome-bonus\\\/\"]}]},{\"@type\":\"BreadcrumbList\",\"@id\":\"https:\\\/\\\/melbet.plus\\\/br\\\/bonus\\\/welcome-bonus\\\/#breadcrumb\",\"itemListElement\":[{\"@type\":\"ListItem\",\"position\":1,\"name\":\"Home\",\"item\":\"https:\\\/\\\/melbet.plus\\\/br\\\/\"},{\"@type\":\"ListItem\",\"position\":2,\"name\":\"B\u00f4nus\",\"item\":\"https:\\\/\\\/melbet.plus\\\/br\\\/bonus\\\/\"},{\"@type\":\"ListItem\",\"position\":3,\"name\":\"B\u00f4nus de boas-vindas\"}]},{\"@type\":\"WebSite\",\"@id\":\"https:\\\/\\\/melbet.plus\\\/br\\\/#website\",\"url\":\"https:\\\/\\\/melbet.plus\\\/br\\\/\",\"name\":\"Melbet br\",\"description\":\"My WordPress Blog\",\"potentialAction\":[{\"@type\":\"SearchAction\",\"target\":{\"@type\":\"EntryPoint\",\"urlTemplate\":\"https:\\\/\\\/melbet.plus\\\/br\\\/?s={search_term_string}\"},\"query-input\":{\"@type\":\"PropertyValueSpecification\",\"valueRequired\":true,\"valueName\":\"search_term_string\"}}],\"inLanguage\":\"pt-BR\"}]}<\/script>\n<!-- \/ Yoast SEO plugin. -->","yoast_head_json":{"title":"B\u00f4nus Melbet at\u00e9 700 BRL \u2014 Dobre seu Dep\u00f3sito ao se Cadastrar","description":"Receba seus 700 BRL na Melbet Brasil - basta depositar 10 BRL ap\u00f3s o cadastro e n\u00f3s dobraremos seu dep\u00f3sito! N\u00e3o perca a chance de aumentar sua aposta e come\u00e7ar a jogar com o b\u00f4nus m\u00e1ximo. B\u00f4nus que realmente funciona - pronto para lucrar?","robots":{"index":"index","follow":"follow","max-snippet":"max-snippet:-1","max-image-preview":"max-image-preview:large","max-video-preview":"max-video-preview:-1"},"og_locale":"pt_BR","og_type":"article","og_title":"B\u00f4nus Melbet at\u00e9 700 BRL \u2014 Dobre seu Dep\u00f3sito ao se Cadastrar","og_description":"Receba seus 700 BRL na Melbet Brasil - basta depositar 10 BRL ap\u00f3s o cadastro e n\u00f3s dobraremos seu dep\u00f3sito! N\u00e3o perca a chance de aumentar sua aposta e come\u00e7ar a jogar com o b\u00f4nus m\u00e1ximo. B\u00f4nus que realmente funciona - pronto para lucrar?","og_url":"https:\/\/melbet.plus\/br\/bonus\/welcome-bonus\/","og_site_name":"Melbet br","article_modified_time":"2026-04-30T10:30:43+00:00","twitter_card":"summary_large_image","schema":{"@context":"https:\/\/schema.org","@graph":[{"@type":"WebPage","@id":"https:\/\/melbet.plus\/br\/bonus\/welcome-bonus\/","url":"https:\/\/melbet.plus\/br\/bonus\/welcome-bonus\/","name":"B\u00f4nus Melbet at\u00e9 700 BRL \u2014 Dobre seu Dep\u00f3sito ao se Cadastrar","isPartOf":{"@id":"https:\/\/melbet.plus\/br\/#website"},"datePublished":"2025-04-25T06:27:44+00:00","dateModified":"2026-04-30T10:30:43+00:00","description":"Receba seus 700 BRL na Melbet Brasil - basta depositar 10 BRL ap\u00f3s o cadastro e n\u00f3s dobraremos seu dep\u00f3sito! N\u00e3o perca a chance de aumentar sua aposta e come\u00e7ar a jogar com o b\u00f4nus m\u00e1ximo. B\u00f4nus que realmente funciona - pronto para lucrar?","breadcrumb":{"@id":"https:\/\/melbet.plus\/br\/bonus\/welcome-bonus\/#breadcrumb"},"inLanguage":"pt-BR","potentialAction":[{"@type":"ReadAction","target":["https:\/\/melbet.plus\/br\/bonus\/welcome-bonus\/"]}]},{"@type":"BreadcrumbList","@id":"https:\/\/melbet.plus\/br\/bonus\/welcome-bonus\/#breadcrumb","itemListElement":[{"@type":"ListItem","position":1,"name":"Home","item":"https:\/\/melbet.plus\/br\/"},{"@type":"ListItem","position":2,"name":"B\u00f4nus","item":"https:\/\/melbet.plus\/br\/bonus\/"},{"@type":"ListItem","position":3,"name":"B\u00f4nus de boas-vindas"}]},{"@type":"WebSite","@id":"https:\/\/melbet.plus\/br\/#website","url":"https:\/\/melbet.plus\/br\/","name":"Melbet br","description":"My WordPress Blog","potentialAction":[{"@type":"SearchAction","target":{"@type":"EntryPoint","urlTemplate":"https:\/\/melbet.plus\/br\/?s={search_term_string}"},"query-input":{"@type":"PropertyValueSpecification","valueRequired":true,"valueName":"search_term_string"}}],"inLanguage":"pt-BR"}]}},"_links":{"self":[{"href":"https:\/\/melbet.plus\/br\/wp-json\/wp\/v2\/pages\/727","targetHints":{"allow":["GET"]}}],"collection":[{"href":"https:\/\/melbet.plus\/br\/wp-json\/wp\/v2\/pages"}],"about":[{"href":"https:\/\/melbet.plus\/br\/wp-json\/wp\/v2\/types\/page"}],"author":[{"embeddable":true,"href":"https:\/\/melbet.plus\/br\/wp-json\/wp\/v2\/users\/1"}],"replies":[{"embeddable":true,"href":"https:\/\/melbet.plus\/br\/wp-json\/wp\/v2\/comments?post=727"}],"version-history":[{"count":5,"href":"https:\/\/melbet.plus\/br\/wp-json\/wp\/v2\/pages\/727\/revisions"}],"predecessor-version":[{"id":1392,"href":"https:\/\/melbet.plus\/br\/wp-json\/wp\/v2\/pages\/727\/revisions\/1392"}],"up":[{"embeddable":true,"href":"https:\/\/melbet.plus\/br\/wp-json\/wp\/v2\/pages\/152"}],"wp:attachment":[{"href":"https:\/\/melbet.plus\/br\/wp-json\/wp\/v2\/media?parent=727"}],"curies":[{"name":"wp","href":"https:\/\/api.w.org\/{rel}","templated":true}]}}