{"id":711,"date":"2024-11-24T06:01:28","date_gmt":"2024-11-24T06:01:28","guid":{"rendered":"https:\/\/melbet.plus\/br\/?page_id=469"},"modified":"2025-02-02T17:28:10","modified_gmt":"2025-02-02T17:28:10","slug":"apk","status":"publish","type":"page","link":"https:\/\/melbet.plus\/br\/apk\/","title":{"rendered":"Apk"},"content":{"rendered":"","protected":false},"excerpt":{"rendered":"","protected":false},"author":1,"featured_media":0,"parent":0,"menu_order":0,"comment_status":"closed","ping_status":"closed","template":"","meta":{"inline_featured_image":false,"footnotes":""},"class_list":["post-711","page","type-page","status-publish","hentry"],"yoast_head":"<!-- This site is optimized with the Yoast SEO plugin v27.3 - https:\/\/yoast.com\/product\/yoast-seo-wordpress\/ -->\n<title>Melbet Brazil Apk baixar para Android | \u00daltima vers\u00e3o APK<\/title>\n<meta name=\"description\" content=\"O Melbet Apk oferece apostas esportivas e jogos de cassino. Baixe o Melbet Apk oficial gratuitamente. Instru\u00e7\u00f5es passo a passo e descri\u00e7\u00e3o do apk. Instale o Melbet apk para ter acesso r\u00e1pido ao site do Melbet\" \/>\n<meta name=\"robots\" content=\"index, follow, max-snippet:-1, max-image-preview:large, max-video-preview:-1\" \/>\n<meta property=\"og:locale\" content=\"pt_BR\" \/>\n<meta property=\"og:type\" content=\"article\" \/>\n<meta property=\"og:title\" content=\"Melbet Brazil Apk baixar para Android | \u00daltima vers\u00e3o APK\" \/>\n<meta property=\"og:description\" content=\"O Melbet Apk oferece apostas esportivas e jogos de cassino. Baixe o Melbet Apk oficial gratuitamente. Instru\u00e7\u00f5es passo a passo e descri\u00e7\u00e3o do apk. Instale o Melbet apk para ter acesso r\u00e1pido ao site do Melbet\" \/>\n<meta property=\"og:url\" content=\"https:\/\/melbet.plus\/br\/apk\/\" \/>\n<meta property=\"og:site_name\" content=\"Melbet br\" \/>\n<meta property=\"article:modified_time\" content=\"2025-02-02T17:28:10+00:00\" \/>\n<meta name=\"twitter:card\" content=\"summary_large_image\" \/>\n<script type=\"application\/ld+json\" class=\"yoast-schema-graph\">{\"@context\":\"https:\\\/\\\/schema.org\",\"@graph\":[{\"@type\":\"WebPage\",\"@id\":\"https:\\\/\\\/melbet.plus\\\/br\\\/apk\\\/\",\"url\":\"https:\\\/\\\/melbet.plus\\\/br\\\/apk\\\/\",\"name\":\"Melbet Brazil Apk baixar para Android | \u00daltima vers\u00e3o APK\",\"isPartOf\":{\"@id\":\"https:\\\/\\\/melbet.plus\\\/br\\\/#website\"},\"datePublished\":\"2024-11-24T06:01:28+00:00\",\"dateModified\":\"2025-02-02T17:28:10+00:00\",\"description\":\"O Melbet Apk oferece apostas esportivas e jogos de cassino. Baixe o Melbet Apk oficial gratuitamente. Instru\u00e7\u00f5es passo a passo e descri\u00e7\u00e3o do apk. Instale o Melbet apk para ter acesso r\u00e1pido ao site do Melbet\",\"breadcrumb\":{\"@id\":\"https:\\\/\\\/melbet.plus\\\/br\\\/apk\\\/#breadcrumb\"},\"inLanguage\":\"pt-BR\",\"potentialAction\":[{\"@type\":\"ReadAction\",\"target\":[\"https:\\\/\\\/melbet.plus\\\/br\\\/apk\\\/\"]}]},{\"@type\":\"BreadcrumbList\",\"@id\":\"https:\\\/\\\/melbet.plus\\\/br\\\/apk\\\/#breadcrumb\",\"itemListElement\":[{\"@type\":\"ListItem\",\"position\":1,\"name\":\"Home\",\"item\":\"https:\\\/\\\/melbet.plus\\\/br\\\/\"},{\"@type\":\"ListItem\",\"position\":2,\"name\":\"Apk\"}]},{\"@type\":\"WebSite\",\"@id\":\"https:\\\/\\\/melbet.plus\\\/br\\\/#website\",\"url\":\"https:\\\/\\\/melbet.plus\\\/br\\\/\",\"name\":\"Melbet br\",\"description\":\"My WordPress Blog\",\"potentialAction\":[{\"@type\":\"SearchAction\",\"target\":{\"@type\":\"EntryPoint\",\"urlTemplate\":\"https:\\\/\\\/melbet.plus\\\/br\\\/?s={search_term_string}\"},\"query-input\":{\"@type\":\"PropertyValueSpecification\",\"valueRequired\":true,\"valueName\":\"search_term_string\"}}],\"inLanguage\":\"pt-BR\"}]}<\/script>\n<!-- \/ Yoast SEO plugin. -->","yoast_head_json":{"title":"Melbet Brazil Apk baixar para Android | \u00daltima vers\u00e3o APK","description":"O Melbet Apk oferece apostas esportivas e jogos de cassino. Baixe o Melbet Apk oficial gratuitamente. Instru\u00e7\u00f5es passo a passo e descri\u00e7\u00e3o do apk. Instale o Melbet apk para ter acesso r\u00e1pido ao site do Melbet","robots":{"index":"index","follow":"follow","max-snippet":"max-snippet:-1","max-image-preview":"max-image-preview:large","max-video-preview":"max-video-preview:-1"},"og_locale":"pt_BR","og_type":"article","og_title":"Melbet Brazil Apk baixar para Android | \u00daltima vers\u00e3o APK","og_description":"O Melbet Apk oferece apostas esportivas e jogos de cassino. Baixe o Melbet Apk oficial gratuitamente. Instru\u00e7\u00f5es passo a passo e descri\u00e7\u00e3o do apk. Instale o Melbet apk para ter acesso r\u00e1pido ao site do Melbet","og_url":"https:\/\/melbet.plus\/br\/apk\/","og_site_name":"Melbet br","article_modified_time":"2025-02-02T17:28:10+00:00","twitter_card":"summary_large_image","schema":{"@context":"https:\/\/schema.org","@graph":[{"@type":"WebPage","@id":"https:\/\/melbet.plus\/br\/apk\/","url":"https:\/\/melbet.plus\/br\/apk\/","name":"Melbet Brazil Apk baixar para Android | \u00daltima vers\u00e3o APK","isPartOf":{"@id":"https:\/\/melbet.plus\/br\/#website"},"datePublished":"2024-11-24T06:01:28+00:00","dateModified":"2025-02-02T17:28:10+00:00","description":"O Melbet Apk oferece apostas esportivas e jogos de cassino. Baixe o Melbet Apk oficial gratuitamente. Instru\u00e7\u00f5es passo a passo e descri\u00e7\u00e3o do apk. Instale o Melbet apk para ter acesso r\u00e1pido ao site do Melbet","breadcrumb":{"@id":"https:\/\/melbet.plus\/br\/apk\/#breadcrumb"},"inLanguage":"pt-BR","potentialAction":[{"@type":"ReadAction","target":["https:\/\/melbet.plus\/br\/apk\/"]}]},{"@type":"BreadcrumbList","@id":"https:\/\/melbet.plus\/br\/apk\/#breadcrumb","itemListElement":[{"@type":"ListItem","position":1,"name":"Home","item":"https:\/\/melbet.plus\/br\/"},{"@type":"ListItem","position":2,"name":"Apk"}]},{"@type":"WebSite","@id":"https:\/\/melbet.plus\/br\/#website","url":"https:\/\/melbet.plus\/br\/","name":"Melbet br","description":"My WordPress Blog","potentialAction":[{"@type":"SearchAction","target":{"@type":"EntryPoint","urlTemplate":"https:\/\/melbet.plus\/br\/?s={search_term_string}"},"query-input":{"@type":"PropertyValueSpecification","valueRequired":true,"valueName":"search_term_string"}}],"inLanguage":"pt-BR"}]}},"_links":{"self":[{"href":"https:\/\/melbet.plus\/br\/wp-json\/wp\/v2\/pages\/711","targetHints":{"allow":["GET"]}}],"collection":[{"href":"https:\/\/melbet.plus\/br\/wp-json\/wp\/v2\/pages"}],"about":[{"href":"https:\/\/melbet.plus\/br\/wp-json\/wp\/v2\/types\/page"}],"author":[{"embeddable":true,"href":"https:\/\/melbet.plus\/br\/wp-json\/wp\/v2\/users\/1"}],"replies":[{"embeddable":true,"href":"https:\/\/melbet.plus\/br\/wp-json\/wp\/v2\/comments?post=711"}],"version-history":[{"count":3,"href":"https:\/\/melbet.plus\/br\/wp-json\/wp\/v2\/pages\/711\/revisions"}],"predecessor-version":[{"id":737,"href":"https:\/\/melbet.plus\/br\/wp-json\/wp\/v2\/pages\/711\/revisions\/737"}],"wp:attachment":[{"href":"https:\/\/melbet.plus\/br\/wp-json\/wp\/v2\/media?parent=711"}],"curies":[{"name":"wp","href":"https:\/\/api.w.org\/{rel}","templated":true}]}}