{"id":1282,"date":"2026-04-15T16:26:36","date_gmt":"2026-04-15T16:26:36","guid":{"rendered":"https:\/\/melbet.plus\/br\/?page_id=1282"},"modified":"2026-04-30T07:38:24","modified_gmt":"2026-04-30T07:38:24","slug":"accumulator-of-the-day","status":"publish","type":"page","link":"https:\/\/melbet.plus\/br\/bonus\/accumulator-of-the-day\/","title":{"rendered":"Aposta Cumulativa do Dia"},"content":{"rendered":"","protected":false},"excerpt":{"rendered":"","protected":false},"author":1,"featured_media":0,"parent":152,"menu_order":0,"comment_status":"closed","ping_status":"closed","template":"","meta":{"inline_featured_image":false,"footnotes":""},"class_list":["post-1282","page","type-page","status-publish","hentry"],"yoast_head":"<!-- This site is optimized with the Yoast SEO plugin v27.6 - https:\/\/yoast.com\/product\/yoast-seo-wordpress\/ -->\n<title>Acumulador do Dia MelBet Brasil \u2014 B\u00f4nus de +10% nas Odds<\/title>\n<meta name=\"description\" content=\"Escolha a Aposta Combinada do Dia na MelBet e ganhe +10% nas cota\u00e7\u00f5es! Apostas combinadas pr\u00e9-selecionadas para os principais eventos. Fa\u00e7a sua aposta e aumente seus ganhos.\" \/>\n<meta name=\"robots\" content=\"index, follow, max-snippet:-1, max-image-preview:large, max-video-preview:-1\" \/>\n<meta property=\"og:locale\" content=\"pt_BR\" \/>\n<meta property=\"og:type\" content=\"article\" \/>\n<meta property=\"og:title\" content=\"Acumulador do Dia MelBet Brasil \u2014 B\u00f4nus de +10% nas Odds\" \/>\n<meta property=\"og:description\" content=\"Escolha a Aposta Combinada do Dia na MelBet e ganhe +10% nas cota\u00e7\u00f5es! Apostas combinadas pr\u00e9-selecionadas para os principais eventos. Fa\u00e7a sua aposta e aumente seus ganhos.\" \/>\n<meta property=\"og:url\" content=\"https:\/\/melbet.plus\/br\/bonus\/accumulator-of-the-day\/\" \/>\n<meta property=\"og:site_name\" content=\"Melbet br\" \/>\n<meta property=\"article:modified_time\" content=\"2026-04-30T07:38:24+00:00\" \/>\n<meta name=\"twitter:card\" content=\"summary_large_image\" \/>\n<script type=\"application\/ld+json\" class=\"yoast-schema-graph\">{\"@context\":\"https:\\\/\\\/schema.org\",\"@graph\":[{\"@type\":\"WebPage\",\"@id\":\"https:\\\/\\\/melbet.plus\\\/br\\\/bonus\\\/accumulator-of-the-day\\\/\",\"url\":\"https:\\\/\\\/melbet.plus\\\/br\\\/bonus\\\/accumulator-of-the-day\\\/\",\"name\":\"Acumulador do Dia MelBet Brasil \u2014 B\u00f4nus de +10% nas Odds\",\"isPartOf\":{\"@id\":\"https:\\\/\\\/melbet.plus\\\/br\\\/#website\"},\"datePublished\":\"2026-04-15T16:26:36+00:00\",\"dateModified\":\"2026-04-30T07:38:24+00:00\",\"description\":\"Escolha a Aposta Combinada do Dia na MelBet e ganhe +10% nas cota\u00e7\u00f5es! Apostas combinadas pr\u00e9-selecionadas para os principais eventos. Fa\u00e7a sua aposta e aumente seus ganhos.\",\"breadcrumb\":{\"@id\":\"https:\\\/\\\/melbet.plus\\\/br\\\/bonus\\\/accumulator-of-the-day\\\/#breadcrumb\"},\"inLanguage\":\"pt-BR\",\"potentialAction\":[{\"@type\":\"ReadAction\",\"target\":[\"https:\\\/\\\/melbet.plus\\\/br\\\/bonus\\\/accumulator-of-the-day\\\/\"]}]},{\"@type\":\"BreadcrumbList\",\"@id\":\"https:\\\/\\\/melbet.plus\\\/br\\\/bonus\\\/accumulator-of-the-day\\\/#breadcrumb\",\"itemListElement\":[{\"@type\":\"ListItem\",\"position\":1,\"name\":\"Home\",\"item\":\"https:\\\/\\\/melbet.plus\\\/br\\\/\"},{\"@type\":\"ListItem\",\"position\":2,\"name\":\"B\u00f4nus\",\"item\":\"https:\\\/\\\/melbet.plus\\\/br\\\/bonus\\\/\"},{\"@type\":\"ListItem\",\"position\":3,\"name\":\"Aposta Cumulativa do Dia\"}]},{\"@type\":\"WebSite\",\"@id\":\"https:\\\/\\\/melbet.plus\\\/br\\\/#website\",\"url\":\"https:\\\/\\\/melbet.plus\\\/br\\\/\",\"name\":\"Melbet br\",\"description\":\"My WordPress Blog\",\"potentialAction\":[{\"@type\":\"SearchAction\",\"target\":{\"@type\":\"EntryPoint\",\"urlTemplate\":\"https:\\\/\\\/melbet.plus\\\/br\\\/?s={search_term_string}\"},\"query-input\":{\"@type\":\"PropertyValueSpecification\",\"valueRequired\":true,\"valueName\":\"search_term_string\"}}],\"inLanguage\":\"pt-BR\"}]}<\/script>\n<!-- \/ Yoast SEO plugin. -->","yoast_head_json":{"title":"Acumulador do Dia MelBet Brasil \u2014 B\u00f4nus de +10% nas Odds","description":"Escolha a Aposta Combinada do Dia na MelBet e ganhe +10% nas cota\u00e7\u00f5es! Apostas combinadas pr\u00e9-selecionadas para os principais eventos. Fa\u00e7a sua aposta e aumente seus ganhos.","robots":{"index":"index","follow":"follow","max-snippet":"max-snippet:-1","max-image-preview":"max-image-preview:large","max-video-preview":"max-video-preview:-1"},"og_locale":"pt_BR","og_type":"article","og_title":"Acumulador do Dia MelBet Brasil \u2014 B\u00f4nus de +10% nas Odds","og_description":"Escolha a Aposta Combinada do Dia na MelBet e ganhe +10% nas cota\u00e7\u00f5es! Apostas combinadas pr\u00e9-selecionadas para os principais eventos. Fa\u00e7a sua aposta e aumente seus ganhos.","og_url":"https:\/\/melbet.plus\/br\/bonus\/accumulator-of-the-day\/","og_site_name":"Melbet br","article_modified_time":"2026-04-30T07:38:24+00:00","twitter_card":"summary_large_image","schema":{"@context":"https:\/\/schema.org","@graph":[{"@type":"WebPage","@id":"https:\/\/melbet.plus\/br\/bonus\/accumulator-of-the-day\/","url":"https:\/\/melbet.plus\/br\/bonus\/accumulator-of-the-day\/","name":"Acumulador do Dia MelBet Brasil \u2014 B\u00f4nus de +10% nas Odds","isPartOf":{"@id":"https:\/\/melbet.plus\/br\/#website"},"datePublished":"2026-04-15T16:26:36+00:00","dateModified":"2026-04-30T07:38:24+00:00","description":"Escolha a Aposta Combinada do Dia na MelBet e ganhe +10% nas cota\u00e7\u00f5es! Apostas combinadas pr\u00e9-selecionadas para os principais eventos. Fa\u00e7a sua aposta e aumente seus ganhos.","breadcrumb":{"@id":"https:\/\/melbet.plus\/br\/bonus\/accumulator-of-the-day\/#breadcrumb"},"inLanguage":"pt-BR","potentialAction":[{"@type":"ReadAction","target":["https:\/\/melbet.plus\/br\/bonus\/accumulator-of-the-day\/"]}]},{"@type":"BreadcrumbList","@id":"https:\/\/melbet.plus\/br\/bonus\/accumulator-of-the-day\/#breadcrumb","itemListElement":[{"@type":"ListItem","position":1,"name":"Home","item":"https:\/\/melbet.plus\/br\/"},{"@type":"ListItem","position":2,"name":"B\u00f4nus","item":"https:\/\/melbet.plus\/br\/bonus\/"},{"@type":"ListItem","position":3,"name":"Aposta Cumulativa do Dia"}]},{"@type":"WebSite","@id":"https:\/\/melbet.plus\/br\/#website","url":"https:\/\/melbet.plus\/br\/","name":"Melbet br","description":"My WordPress Blog","potentialAction":[{"@type":"SearchAction","target":{"@type":"EntryPoint","urlTemplate":"https:\/\/melbet.plus\/br\/?s={search_term_string}"},"query-input":{"@type":"PropertyValueSpecification","valueRequired":true,"valueName":"search_term_string"}}],"inLanguage":"pt-BR"}]}},"_links":{"self":[{"href":"https:\/\/melbet.plus\/br\/wp-json\/wp\/v2\/pages\/1282","targetHints":{"allow":["GET"]}}],"collection":[{"href":"https:\/\/melbet.plus\/br\/wp-json\/wp\/v2\/pages"}],"about":[{"href":"https:\/\/melbet.plus\/br\/wp-json\/wp\/v2\/types\/page"}],"author":[{"embeddable":true,"href":"https:\/\/melbet.plus\/br\/wp-json\/wp\/v2\/users\/1"}],"replies":[{"embeddable":true,"href":"https:\/\/melbet.plus\/br\/wp-json\/wp\/v2\/comments?post=1282"}],"version-history":[{"count":4,"href":"https:\/\/melbet.plus\/br\/wp-json\/wp\/v2\/pages\/1282\/revisions"}],"predecessor-version":[{"id":1359,"href":"https:\/\/melbet.plus\/br\/wp-json\/wp\/v2\/pages\/1282\/revisions\/1359"}],"up":[{"embeddable":true,"href":"https:\/\/melbet.plus\/br\/wp-json\/wp\/v2\/pages\/152"}],"wp:attachment":[{"href":"https:\/\/melbet.plus\/br\/wp-json\/wp\/v2\/media?parent=1282"}],"curies":[{"name":"wp","href":"https:\/\/api.w.org\/{rel}","templated":true}]}}