{"id":1258,"date":"2026-04-14T16:57:55","date_gmt":"2026-04-14T16:57:55","guid":{"rendered":"https:\/\/melbet.plus\/br\/?page_id=1258"},"modified":"2026-04-30T07:49:50","modified_gmt":"2026-04-30T07:49:50","slug":"bet-celebrate","status":"publish","type":"page","link":"https:\/\/melbet.plus\/br\/bonus\/bet-celebrate\/","title":{"rendered":"Aposte e comemore"},"content":{"rendered":"","protected":false},"excerpt":{"rendered":"","protected":false},"author":1,"featured_media":0,"parent":152,"menu_order":0,"comment_status":"closed","ping_status":"closed","template":"","meta":{"inline_featured_image":false,"footnotes":""},"class_list":["post-1258","page","type-page","status-publish","hentry"],"yoast_head":"<!-- This site is optimized with the Yoast SEO plugin v27.6 - https:\/\/yoast.com\/product\/yoast-seo-wordpress\/ -->\n<title>Melbet Brasil: Aposte e Comemore \u2014 Aposta Gr\u00e1tis de Anivers\u00e1rio<\/title>\n<meta name=\"description\" content=\"Aposte e comemore com a Melbet \u2014 ganhe um c\u00f3digo promocional para uma aposta gr\u00e1tis no seu anivers\u00e1rio! Termos e condi\u00e7\u00f5es: a conta deve ter pelo menos 30 dias, ter sido feitas mais de 20 apostas, o perfil deve estar completo, o n\u00famero de telefone\/e-mail deve estar verificado e \u00e9 necess\u00e1rio consentir em receber b\u00f4nus. Basta fazer login no dia do seu anivers\u00e1rio \u2014 e resgatar seu presente para ajud\u00e1-lo a ganhar!\" \/>\n<meta name=\"robots\" content=\"index, follow, max-snippet:-1, max-image-preview:large, max-video-preview:-1\" \/>\n<meta property=\"og:locale\" content=\"pt_BR\" \/>\n<meta property=\"og:type\" content=\"article\" \/>\n<meta property=\"og:title\" content=\"Melbet Brasil: Aposte e Comemore \u2014 Aposta Gr\u00e1tis de Anivers\u00e1rio\" \/>\n<meta property=\"og:description\" content=\"Aposte e comemore com a Melbet \u2014 ganhe um c\u00f3digo promocional para uma aposta gr\u00e1tis no seu anivers\u00e1rio! Termos e condi\u00e7\u00f5es: a conta deve ter pelo menos 30 dias, ter sido feitas mais de 20 apostas, o perfil deve estar completo, o n\u00famero de telefone\/e-mail deve estar verificado e \u00e9 necess\u00e1rio consentir em receber b\u00f4nus. Basta fazer login no dia do seu anivers\u00e1rio \u2014 e resgatar seu presente para ajud\u00e1-lo a ganhar!\" \/>\n<meta property=\"og:url\" content=\"https:\/\/melbet.plus\/br\/bonus\/bet-celebrate\/\" \/>\n<meta property=\"og:site_name\" content=\"Melbet br\" \/>\n<meta property=\"article:modified_time\" content=\"2026-04-30T07:49:50+00:00\" \/>\n<meta name=\"twitter:card\" content=\"summary_large_image\" \/>\n<script type=\"application\/ld+json\" class=\"yoast-schema-graph\">{\"@context\":\"https:\\\/\\\/schema.org\",\"@graph\":[{\"@type\":\"WebPage\",\"@id\":\"https:\\\/\\\/melbet.plus\\\/br\\\/bonus\\\/bet-celebrate\\\/\",\"url\":\"https:\\\/\\\/melbet.plus\\\/br\\\/bonus\\\/bet-celebrate\\\/\",\"name\":\"Melbet Brasil: Aposte e Comemore \u2014 Aposta Gr\u00e1tis de Anivers\u00e1rio\",\"isPartOf\":{\"@id\":\"https:\\\/\\\/melbet.plus\\\/br\\\/#website\"},\"datePublished\":\"2026-04-14T16:57:55+00:00\",\"dateModified\":\"2026-04-30T07:49:50+00:00\",\"description\":\"Aposte e comemore com a Melbet \u2014 ganhe um c\u00f3digo promocional para uma aposta gr\u00e1tis no seu anivers\u00e1rio! Termos e condi\u00e7\u00f5es: a conta deve ter pelo menos 30 dias, ter sido feitas mais de 20 apostas, o perfil deve estar completo, o n\u00famero de telefone\\\/e-mail deve estar verificado e \u00e9 necess\u00e1rio consentir em receber b\u00f4nus. Basta fazer login no dia do seu anivers\u00e1rio \u2014 e resgatar seu presente para ajud\u00e1-lo a ganhar!\",\"breadcrumb\":{\"@id\":\"https:\\\/\\\/melbet.plus\\\/br\\\/bonus\\\/bet-celebrate\\\/#breadcrumb\"},\"inLanguage\":\"pt-BR\",\"potentialAction\":[{\"@type\":\"ReadAction\",\"target\":[\"https:\\\/\\\/melbet.plus\\\/br\\\/bonus\\\/bet-celebrate\\\/\"]}]},{\"@type\":\"BreadcrumbList\",\"@id\":\"https:\\\/\\\/melbet.plus\\\/br\\\/bonus\\\/bet-celebrate\\\/#breadcrumb\",\"itemListElement\":[{\"@type\":\"ListItem\",\"position\":1,\"name\":\"Home\",\"item\":\"https:\\\/\\\/melbet.plus\\\/br\\\/\"},{\"@type\":\"ListItem\",\"position\":2,\"name\":\"B\u00f4nus\",\"item\":\"https:\\\/\\\/melbet.plus\\\/br\\\/bonus\\\/\"},{\"@type\":\"ListItem\",\"position\":3,\"name\":\"Aposte e comemore\"}]},{\"@type\":\"WebSite\",\"@id\":\"https:\\\/\\\/melbet.plus\\\/br\\\/#website\",\"url\":\"https:\\\/\\\/melbet.plus\\\/br\\\/\",\"name\":\"Melbet br\",\"description\":\"My WordPress Blog\",\"potentialAction\":[{\"@type\":\"SearchAction\",\"target\":{\"@type\":\"EntryPoint\",\"urlTemplate\":\"https:\\\/\\\/melbet.plus\\\/br\\\/?s={search_term_string}\"},\"query-input\":{\"@type\":\"PropertyValueSpecification\",\"valueRequired\":true,\"valueName\":\"search_term_string\"}}],\"inLanguage\":\"pt-BR\"}]}<\/script>\n<!-- \/ Yoast SEO plugin. -->","yoast_head_json":{"title":"Melbet Brasil: Aposte e Comemore \u2014 Aposta Gr\u00e1tis de Anivers\u00e1rio","description":"Aposte e comemore com a Melbet \u2014 ganhe um c\u00f3digo promocional para uma aposta gr\u00e1tis no seu anivers\u00e1rio! Termos e condi\u00e7\u00f5es: a conta deve ter pelo menos 30 dias, ter sido feitas mais de 20 apostas, o perfil deve estar completo, o n\u00famero de telefone\/e-mail deve estar verificado e \u00e9 necess\u00e1rio consentir em receber b\u00f4nus. Basta fazer login no dia do seu anivers\u00e1rio \u2014 e resgatar seu presente para ajud\u00e1-lo a ganhar!","robots":{"index":"index","follow":"follow","max-snippet":"max-snippet:-1","max-image-preview":"max-image-preview:large","max-video-preview":"max-video-preview:-1"},"og_locale":"pt_BR","og_type":"article","og_title":"Melbet Brasil: Aposte e Comemore \u2014 Aposta Gr\u00e1tis de Anivers\u00e1rio","og_description":"Aposte e comemore com a Melbet \u2014 ganhe um c\u00f3digo promocional para uma aposta gr\u00e1tis no seu anivers\u00e1rio! Termos e condi\u00e7\u00f5es: a conta deve ter pelo menos 30 dias, ter sido feitas mais de 20 apostas, o perfil deve estar completo, o n\u00famero de telefone\/e-mail deve estar verificado e \u00e9 necess\u00e1rio consentir em receber b\u00f4nus. Basta fazer login no dia do seu anivers\u00e1rio \u2014 e resgatar seu presente para ajud\u00e1-lo a ganhar!","og_url":"https:\/\/melbet.plus\/br\/bonus\/bet-celebrate\/","og_site_name":"Melbet br","article_modified_time":"2026-04-30T07:49:50+00:00","twitter_card":"summary_large_image","schema":{"@context":"https:\/\/schema.org","@graph":[{"@type":"WebPage","@id":"https:\/\/melbet.plus\/br\/bonus\/bet-celebrate\/","url":"https:\/\/melbet.plus\/br\/bonus\/bet-celebrate\/","name":"Melbet Brasil: Aposte e Comemore \u2014 Aposta Gr\u00e1tis de Anivers\u00e1rio","isPartOf":{"@id":"https:\/\/melbet.plus\/br\/#website"},"datePublished":"2026-04-14T16:57:55+00:00","dateModified":"2026-04-30T07:49:50+00:00","description":"Aposte e comemore com a Melbet \u2014 ganhe um c\u00f3digo promocional para uma aposta gr\u00e1tis no seu anivers\u00e1rio! Termos e condi\u00e7\u00f5es: a conta deve ter pelo menos 30 dias, ter sido feitas mais de 20 apostas, o perfil deve estar completo, o n\u00famero de telefone\/e-mail deve estar verificado e \u00e9 necess\u00e1rio consentir em receber b\u00f4nus. Basta fazer login no dia do seu anivers\u00e1rio \u2014 e resgatar seu presente para ajud\u00e1-lo a ganhar!","breadcrumb":{"@id":"https:\/\/melbet.plus\/br\/bonus\/bet-celebrate\/#breadcrumb"},"inLanguage":"pt-BR","potentialAction":[{"@type":"ReadAction","target":["https:\/\/melbet.plus\/br\/bonus\/bet-celebrate\/"]}]},{"@type":"BreadcrumbList","@id":"https:\/\/melbet.plus\/br\/bonus\/bet-celebrate\/#breadcrumb","itemListElement":[{"@type":"ListItem","position":1,"name":"Home","item":"https:\/\/melbet.plus\/br\/"},{"@type":"ListItem","position":2,"name":"B\u00f4nus","item":"https:\/\/melbet.plus\/br\/bonus\/"},{"@type":"ListItem","position":3,"name":"Aposte e comemore"}]},{"@type":"WebSite","@id":"https:\/\/melbet.plus\/br\/#website","url":"https:\/\/melbet.plus\/br\/","name":"Melbet br","description":"My WordPress Blog","potentialAction":[{"@type":"SearchAction","target":{"@type":"EntryPoint","urlTemplate":"https:\/\/melbet.plus\/br\/?s={search_term_string}"},"query-input":{"@type":"PropertyValueSpecification","valueRequired":true,"valueName":"search_term_string"}}],"inLanguage":"pt-BR"}]}},"_links":{"self":[{"href":"https:\/\/melbet.plus\/br\/wp-json\/wp\/v2\/pages\/1258","targetHints":{"allow":["GET"]}}],"collection":[{"href":"https:\/\/melbet.plus\/br\/wp-json\/wp\/v2\/pages"}],"about":[{"href":"https:\/\/melbet.plus\/br\/wp-json\/wp\/v2\/types\/page"}],"author":[{"embeddable":true,"href":"https:\/\/melbet.plus\/br\/wp-json\/wp\/v2\/users\/1"}],"replies":[{"embeddable":true,"href":"https:\/\/melbet.plus\/br\/wp-json\/wp\/v2\/comments?post=1258"}],"version-history":[{"count":4,"href":"https:\/\/melbet.plus\/br\/wp-json\/wp\/v2\/pages\/1258\/revisions"}],"predecessor-version":[{"id":1363,"href":"https:\/\/melbet.plus\/br\/wp-json\/wp\/v2\/pages\/1258\/revisions\/1363"}],"up":[{"embeddable":true,"href":"https:\/\/melbet.plus\/br\/wp-json\/wp\/v2\/pages\/152"}],"wp:attachment":[{"href":"https:\/\/melbet.plus\/br\/wp-json\/wp\/v2\/media?parent=1258"}],"curies":[{"name":"wp","href":"https:\/\/api.w.org\/{rel}","templated":true}]}}