{"id":1249,"date":"2026-04-14T14:57:28","date_gmt":"2026-04-14T14:57:28","guid":{"rendered":"https:\/\/melbet.plus\/br\/?page_id=1249"},"modified":"2026-05-07T17:41:40","modified_gmt":"2026-05-07T17:41:40","slug":"accumulator-booster","status":"publish","type":"page","link":"https:\/\/melbet.plus\/br\/bonus\/accumulator-booster\/","title":{"rendered":"Amplificador de bateria"},"content":{"rendered":"","protected":false},"excerpt":{"rendered":"","protected":false},"author":1,"featured_media":0,"parent":152,"menu_order":0,"comment_status":"closed","ping_status":"closed","template":"","meta":{"inline_featured_image":false,"footnotes":""},"class_list":["post-1249","page","type-page","status-publish","hentry"],"yoast_head":"<!-- This site is optimized with the Yoast SEO plugin v27.6 - https:\/\/yoast.com\/product\/yoast-seo-wordpress\/ -->\n<title>Melbet Amplificador de bateria \u2014 +30% nas Odds de Express<\/title>\n<meta name=\"description\" content=\"Melbet Brasil Amplificador de bateria \u2014 aumento autom\u00e1tico de odds para acumuladores com 4 ou mais sele\u00e7\u00f5es (odds de 1.2 ou superior): +1% para 4 sele\u00e7\u00f5es, at\u00e9 +30% para 30 ou mais. Exemplo: 4 eventos em 1.2\/2.0\/1.3\/1.5 * 1.01 = um pagamento de 500 BRL em uma aposta de 100 BRL. Crie seus acumuladores e ganhe mais sem requisitos de aposta!\" \/>\n<meta name=\"robots\" content=\"index, follow, max-snippet:-1, max-image-preview:large, max-video-preview:-1\" \/>\n<meta property=\"og:locale\" content=\"pt_BR\" \/>\n<meta property=\"og:type\" content=\"article\" \/>\n<meta property=\"og:title\" content=\"Melbet Amplificador de bateria \u2014 +30% nas Odds de Express\" \/>\n<meta property=\"og:description\" content=\"Melbet Brasil Amplificador de bateria \u2014 aumento autom\u00e1tico de odds para acumuladores com 4 ou mais sele\u00e7\u00f5es (odds de 1.2 ou superior): +1% para 4 sele\u00e7\u00f5es, at\u00e9 +30% para 30 ou mais. Exemplo: 4 eventos em 1.2\/2.0\/1.3\/1.5 * 1.01 = um pagamento de 500 BRL em uma aposta de 100 BRL. Crie seus acumuladores e ganhe mais sem requisitos de aposta!\" \/>\n<meta property=\"og:url\" content=\"https:\/\/melbet.plus\/br\/bonus\/accumulator-booster\/\" \/>\n<meta property=\"og:site_name\" content=\"Melbet br\" \/>\n<meta property=\"article:modified_time\" content=\"2026-05-07T17:41:40+00:00\" \/>\n<meta name=\"twitter:card\" content=\"summary_large_image\" \/>\n<script type=\"application\/ld+json\" class=\"yoast-schema-graph\">{\"@context\":\"https:\\\/\\\/schema.org\",\"@graph\":[{\"@type\":\"WebPage\",\"@id\":\"https:\\\/\\\/melbet.plus\\\/br\\\/bonus\\\/accumulator-booster\\\/\",\"url\":\"https:\\\/\\\/melbet.plus\\\/br\\\/bonus\\\/accumulator-booster\\\/\",\"name\":\"Melbet Amplificador de bateria \u2014 +30% nas Odds de Express\",\"isPartOf\":{\"@id\":\"https:\\\/\\\/melbet.plus\\\/br\\\/#website\"},\"datePublished\":\"2026-04-14T14:57:28+00:00\",\"dateModified\":\"2026-05-07T17:41:40+00:00\",\"description\":\"Melbet Brasil Amplificador de bateria \u2014 aumento autom\u00e1tico de odds para acumuladores com 4 ou mais sele\u00e7\u00f5es (odds de 1.2 ou superior): +1% para 4 sele\u00e7\u00f5es, at\u00e9 +30% para 30 ou mais. Exemplo: 4 eventos em 1.2\\\/2.0\\\/1.3\\\/1.5 * 1.01 = um pagamento de 500 BRL em uma aposta de 100 BRL. Crie seus acumuladores e ganhe mais sem requisitos de aposta!\",\"breadcrumb\":{\"@id\":\"https:\\\/\\\/melbet.plus\\\/br\\\/bonus\\\/accumulator-booster\\\/#breadcrumb\"},\"inLanguage\":\"pt-BR\",\"potentialAction\":[{\"@type\":\"ReadAction\",\"target\":[\"https:\\\/\\\/melbet.plus\\\/br\\\/bonus\\\/accumulator-booster\\\/\"]}]},{\"@type\":\"BreadcrumbList\",\"@id\":\"https:\\\/\\\/melbet.plus\\\/br\\\/bonus\\\/accumulator-booster\\\/#breadcrumb\",\"itemListElement\":[{\"@type\":\"ListItem\",\"position\":1,\"name\":\"Home\",\"item\":\"https:\\\/\\\/melbet.plus\\\/br\\\/\"},{\"@type\":\"ListItem\",\"position\":2,\"name\":\"B\u00f4nus\",\"item\":\"https:\\\/\\\/melbet.plus\\\/br\\\/bonus\\\/\"},{\"@type\":\"ListItem\",\"position\":3,\"name\":\"Amplificador de bateria\"}]},{\"@type\":\"WebSite\",\"@id\":\"https:\\\/\\\/melbet.plus\\\/br\\\/#website\",\"url\":\"https:\\\/\\\/melbet.plus\\\/br\\\/\",\"name\":\"Melbet br\",\"description\":\"My WordPress Blog\",\"potentialAction\":[{\"@type\":\"SearchAction\",\"target\":{\"@type\":\"EntryPoint\",\"urlTemplate\":\"https:\\\/\\\/melbet.plus\\\/br\\\/?s={search_term_string}\"},\"query-input\":{\"@type\":\"PropertyValueSpecification\",\"valueRequired\":true,\"valueName\":\"search_term_string\"}}],\"inLanguage\":\"pt-BR\"}]}<\/script>\n<!-- \/ Yoast SEO plugin. -->","yoast_head_json":{"title":"Melbet Amplificador de bateria \u2014 +30% nas Odds de Express","description":"Melbet Brasil Amplificador de bateria \u2014 aumento autom\u00e1tico de odds para acumuladores com 4 ou mais sele\u00e7\u00f5es (odds de 1.2 ou superior): +1% para 4 sele\u00e7\u00f5es, at\u00e9 +30% para 30 ou mais. Exemplo: 4 eventos em 1.2\/2.0\/1.3\/1.5 * 1.01 = um pagamento de 500 BRL em uma aposta de 100 BRL. Crie seus acumuladores e ganhe mais sem requisitos de aposta!","robots":{"index":"index","follow":"follow","max-snippet":"max-snippet:-1","max-image-preview":"max-image-preview:large","max-video-preview":"max-video-preview:-1"},"og_locale":"pt_BR","og_type":"article","og_title":"Melbet Amplificador de bateria \u2014 +30% nas Odds de Express","og_description":"Melbet Brasil Amplificador de bateria \u2014 aumento autom\u00e1tico de odds para acumuladores com 4 ou mais sele\u00e7\u00f5es (odds de 1.2 ou superior): +1% para 4 sele\u00e7\u00f5es, at\u00e9 +30% para 30 ou mais. Exemplo: 4 eventos em 1.2\/2.0\/1.3\/1.5 * 1.01 = um pagamento de 500 BRL em uma aposta de 100 BRL. Crie seus acumuladores e ganhe mais sem requisitos de aposta!","og_url":"https:\/\/melbet.plus\/br\/bonus\/accumulator-booster\/","og_site_name":"Melbet br","article_modified_time":"2026-05-07T17:41:40+00:00","twitter_card":"summary_large_image","schema":{"@context":"https:\/\/schema.org","@graph":[{"@type":"WebPage","@id":"https:\/\/melbet.plus\/br\/bonus\/accumulator-booster\/","url":"https:\/\/melbet.plus\/br\/bonus\/accumulator-booster\/","name":"Melbet Amplificador de bateria \u2014 +30% nas Odds de Express","isPartOf":{"@id":"https:\/\/melbet.plus\/br\/#website"},"datePublished":"2026-04-14T14:57:28+00:00","dateModified":"2026-05-07T17:41:40+00:00","description":"Melbet Brasil Amplificador de bateria \u2014 aumento autom\u00e1tico de odds para acumuladores com 4 ou mais sele\u00e7\u00f5es (odds de 1.2 ou superior): +1% para 4 sele\u00e7\u00f5es, at\u00e9 +30% para 30 ou mais. Exemplo: 4 eventos em 1.2\/2.0\/1.3\/1.5 * 1.01 = um pagamento de 500 BRL em uma aposta de 100 BRL. Crie seus acumuladores e ganhe mais sem requisitos de aposta!","breadcrumb":{"@id":"https:\/\/melbet.plus\/br\/bonus\/accumulator-booster\/#breadcrumb"},"inLanguage":"pt-BR","potentialAction":[{"@type":"ReadAction","target":["https:\/\/melbet.plus\/br\/bonus\/accumulator-booster\/"]}]},{"@type":"BreadcrumbList","@id":"https:\/\/melbet.plus\/br\/bonus\/accumulator-booster\/#breadcrumb","itemListElement":[{"@type":"ListItem","position":1,"name":"Home","item":"https:\/\/melbet.plus\/br\/"},{"@type":"ListItem","position":2,"name":"B\u00f4nus","item":"https:\/\/melbet.plus\/br\/bonus\/"},{"@type":"ListItem","position":3,"name":"Amplificador de bateria"}]},{"@type":"WebSite","@id":"https:\/\/melbet.plus\/br\/#website","url":"https:\/\/melbet.plus\/br\/","name":"Melbet br","description":"My WordPress Blog","potentialAction":[{"@type":"SearchAction","target":{"@type":"EntryPoint","urlTemplate":"https:\/\/melbet.plus\/br\/?s={search_term_string}"},"query-input":{"@type":"PropertyValueSpecification","valueRequired":true,"valueName":"search_term_string"}}],"inLanguage":"pt-BR"}]}},"_links":{"self":[{"href":"https:\/\/melbet.plus\/br\/wp-json\/wp\/v2\/pages\/1249","targetHints":{"allow":["GET"]}}],"collection":[{"href":"https:\/\/melbet.plus\/br\/wp-json\/wp\/v2\/pages"}],"about":[{"href":"https:\/\/melbet.plus\/br\/wp-json\/wp\/v2\/types\/page"}],"author":[{"embeddable":true,"href":"https:\/\/melbet.plus\/br\/wp-json\/wp\/v2\/users\/1"}],"replies":[{"embeddable":true,"href":"https:\/\/melbet.plus\/br\/wp-json\/wp\/v2\/comments?post=1249"}],"version-history":[{"count":5,"href":"https:\/\/melbet.plus\/br\/wp-json\/wp\/v2\/pages\/1249\/revisions"}],"predecessor-version":[{"id":1357,"href":"https:\/\/melbet.plus\/br\/wp-json\/wp\/v2\/pages\/1249\/revisions\/1357"}],"up":[{"embeddable":true,"href":"https:\/\/melbet.plus\/br\/wp-json\/wp\/v2\/pages\/152"}],"wp:attachment":[{"href":"https:\/\/melbet.plus\/br\/wp-json\/wp\/v2\/media?parent=1249"}],"curies":[{"name":"wp","href":"https:\/\/api.w.org\/{rel}","templated":true}]}}