{"id":1210,"date":"2026-04-13T14:59:01","date_gmt":"2026-04-13T14:59:01","guid":{"rendered":"https:\/\/melbet.plus\/br\/?page_id=1210"},"modified":"2026-05-07T17:33:33","modified_gmt":"2026-05-07T17:33:33","slug":"game-of-champions","status":"publish","type":"page","link":"https:\/\/melbet.plus\/br\/bonus\/game-of-champions\/","title":{"rendered":"Game of Champions"},"content":{"rendered":"","protected":false},"excerpt":{"rendered":"","protected":false},"author":1,"featured_media":0,"parent":152,"menu_order":0,"comment_status":"closed","ping_status":"closed","template":"","meta":{"inline_featured_image":false,"footnotes":""},"class_list":["post-1210","page","type-page","status-publish","hentry"],"yoast_head":"<!-- This site is optimized with the Yoast SEO plugin v27.6 - https:\/\/yoast.com\/product\/yoast-seo-wordpress\/ -->\n<title>Melbet Jogo dos Campe\u00f5es \u2014 Apostas Gr\u00e1tis e Pr\u00eamios na Champions League<\/title>\n<meta name=\"description\" content=\"Jogo dos Campe\u00f5es por Melbet \u2014 complete desafios para os jogos da Champions League: aposte a partir de 20 BRL, receba apostas gr\u00e1tis garantidas e 10 bilhetes do campeonato por desafio. Complete ambos os desafios e participe do grande sorteio final!\" \/>\n<meta name=\"robots\" content=\"index, follow, max-snippet:-1, max-image-preview:large, max-video-preview:-1\" \/>\n<meta property=\"og:locale\" content=\"pt_BR\" \/>\n<meta property=\"og:type\" content=\"article\" \/>\n<meta property=\"og:title\" content=\"Melbet Jogo dos Campe\u00f5es \u2014 Apostas Gr\u00e1tis e Pr\u00eamios na Champions League\" \/>\n<meta property=\"og:description\" content=\"Jogo dos Campe\u00f5es por Melbet \u2014 complete desafios para os jogos da Champions League: aposte a partir de 20 BRL, receba apostas gr\u00e1tis garantidas e 10 bilhetes do campeonato por desafio. Complete ambos os desafios e participe do grande sorteio final!\" \/>\n<meta property=\"og:url\" content=\"https:\/\/melbet.plus\/br\/bonus\/game-of-champions\/\" \/>\n<meta property=\"og:site_name\" content=\"Melbet br\" \/>\n<meta property=\"article:modified_time\" content=\"2026-05-07T17:33:33+00:00\" \/>\n<meta name=\"twitter:card\" content=\"summary_large_image\" \/>\n<script type=\"application\/ld+json\" class=\"yoast-schema-graph\">{\"@context\":\"https:\\\/\\\/schema.org\",\"@graph\":[{\"@type\":\"WebPage\",\"@id\":\"https:\\\/\\\/melbet.plus\\\/br\\\/bonus\\\/game-of-champions\\\/\",\"url\":\"https:\\\/\\\/melbet.plus\\\/br\\\/bonus\\\/game-of-champions\\\/\",\"name\":\"Melbet Jogo dos Campe\u00f5es \u2014 Apostas Gr\u00e1tis e Pr\u00eamios na Champions League\",\"isPartOf\":{\"@id\":\"https:\\\/\\\/melbet.plus\\\/br\\\/#website\"},\"datePublished\":\"2026-04-13T14:59:01+00:00\",\"dateModified\":\"2026-05-07T17:33:33+00:00\",\"description\":\"Jogo dos Campe\u00f5es por Melbet \u2014 complete desafios para os jogos da Champions League: aposte a partir de 20 BRL, receba apostas gr\u00e1tis garantidas e 10 bilhetes do campeonato por desafio. Complete ambos os desafios e participe do grande sorteio final!\",\"breadcrumb\":{\"@id\":\"https:\\\/\\\/melbet.plus\\\/br\\\/bonus\\\/game-of-champions\\\/#breadcrumb\"},\"inLanguage\":\"pt-BR\",\"potentialAction\":[{\"@type\":\"ReadAction\",\"target\":[\"https:\\\/\\\/melbet.plus\\\/br\\\/bonus\\\/game-of-champions\\\/\"]}]},{\"@type\":\"BreadcrumbList\",\"@id\":\"https:\\\/\\\/melbet.plus\\\/br\\\/bonus\\\/game-of-champions\\\/#breadcrumb\",\"itemListElement\":[{\"@type\":\"ListItem\",\"position\":1,\"name\":\"Home\",\"item\":\"https:\\\/\\\/melbet.plus\\\/br\\\/\"},{\"@type\":\"ListItem\",\"position\":2,\"name\":\"B\u00f4nus\",\"item\":\"https:\\\/\\\/melbet.plus\\\/br\\\/bonus\\\/\"},{\"@type\":\"ListItem\",\"position\":3,\"name\":\"Game of Champions\"}]},{\"@type\":\"WebSite\",\"@id\":\"https:\\\/\\\/melbet.plus\\\/br\\\/#website\",\"url\":\"https:\\\/\\\/melbet.plus\\\/br\\\/\",\"name\":\"Melbet br\",\"description\":\"My WordPress Blog\",\"potentialAction\":[{\"@type\":\"SearchAction\",\"target\":{\"@type\":\"EntryPoint\",\"urlTemplate\":\"https:\\\/\\\/melbet.plus\\\/br\\\/?s={search_term_string}\"},\"query-input\":{\"@type\":\"PropertyValueSpecification\",\"valueRequired\":true,\"valueName\":\"search_term_string\"}}],\"inLanguage\":\"pt-BR\"}]}<\/script>\n<!-- \/ Yoast SEO plugin. -->","yoast_head_json":{"title":"Melbet Jogo dos Campe\u00f5es \u2014 Apostas Gr\u00e1tis e Pr\u00eamios na Champions League","description":"Jogo dos Campe\u00f5es por Melbet \u2014 complete desafios para os jogos da Champions League: aposte a partir de 20 BRL, receba apostas gr\u00e1tis garantidas e 10 bilhetes do campeonato por desafio. Complete ambos os desafios e participe do grande sorteio final!","robots":{"index":"index","follow":"follow","max-snippet":"max-snippet:-1","max-image-preview":"max-image-preview:large","max-video-preview":"max-video-preview:-1"},"og_locale":"pt_BR","og_type":"article","og_title":"Melbet Jogo dos Campe\u00f5es \u2014 Apostas Gr\u00e1tis e Pr\u00eamios na Champions League","og_description":"Jogo dos Campe\u00f5es por Melbet \u2014 complete desafios para os jogos da Champions League: aposte a partir de 20 BRL, receba apostas gr\u00e1tis garantidas e 10 bilhetes do campeonato por desafio. Complete ambos os desafios e participe do grande sorteio final!","og_url":"https:\/\/melbet.plus\/br\/bonus\/game-of-champions\/","og_site_name":"Melbet br","article_modified_time":"2026-05-07T17:33:33+00:00","twitter_card":"summary_large_image","schema":{"@context":"https:\/\/schema.org","@graph":[{"@type":"WebPage","@id":"https:\/\/melbet.plus\/br\/bonus\/game-of-champions\/","url":"https:\/\/melbet.plus\/br\/bonus\/game-of-champions\/","name":"Melbet Jogo dos Campe\u00f5es \u2014 Apostas Gr\u00e1tis e Pr\u00eamios na Champions League","isPartOf":{"@id":"https:\/\/melbet.plus\/br\/#website"},"datePublished":"2026-04-13T14:59:01+00:00","dateModified":"2026-05-07T17:33:33+00:00","description":"Jogo dos Campe\u00f5es por Melbet \u2014 complete desafios para os jogos da Champions League: aposte a partir de 20 BRL, receba apostas gr\u00e1tis garantidas e 10 bilhetes do campeonato por desafio. Complete ambos os desafios e participe do grande sorteio final!","breadcrumb":{"@id":"https:\/\/melbet.plus\/br\/bonus\/game-of-champions\/#breadcrumb"},"inLanguage":"pt-BR","potentialAction":[{"@type":"ReadAction","target":["https:\/\/melbet.plus\/br\/bonus\/game-of-champions\/"]}]},{"@type":"BreadcrumbList","@id":"https:\/\/melbet.plus\/br\/bonus\/game-of-champions\/#breadcrumb","itemListElement":[{"@type":"ListItem","position":1,"name":"Home","item":"https:\/\/melbet.plus\/br\/"},{"@type":"ListItem","position":2,"name":"B\u00f4nus","item":"https:\/\/melbet.plus\/br\/bonus\/"},{"@type":"ListItem","position":3,"name":"Game of Champions"}]},{"@type":"WebSite","@id":"https:\/\/melbet.plus\/br\/#website","url":"https:\/\/melbet.plus\/br\/","name":"Melbet br","description":"My WordPress Blog","potentialAction":[{"@type":"SearchAction","target":{"@type":"EntryPoint","urlTemplate":"https:\/\/melbet.plus\/br\/?s={search_term_string}"},"query-input":{"@type":"PropertyValueSpecification","valueRequired":true,"valueName":"search_term_string"}}],"inLanguage":"pt-BR"}]}},"_links":{"self":[{"href":"https:\/\/melbet.plus\/br\/wp-json\/wp\/v2\/pages\/1210","targetHints":{"allow":["GET"]}}],"collection":[{"href":"https:\/\/melbet.plus\/br\/wp-json\/wp\/v2\/pages"}],"about":[{"href":"https:\/\/melbet.plus\/br\/wp-json\/wp\/v2\/types\/page"}],"author":[{"embeddable":true,"href":"https:\/\/melbet.plus\/br\/wp-json\/wp\/v2\/users\/1"}],"replies":[{"embeddable":true,"href":"https:\/\/melbet.plus\/br\/wp-json\/wp\/v2\/comments?post=1210"}],"version-history":[{"count":5,"href":"https:\/\/melbet.plus\/br\/wp-json\/wp\/v2\/pages\/1210\/revisions"}],"predecessor-version":[{"id":1378,"href":"https:\/\/melbet.plus\/br\/wp-json\/wp\/v2\/pages\/1210\/revisions\/1378"}],"up":[{"embeddable":true,"href":"https:\/\/melbet.plus\/br\/wp-json\/wp\/v2\/pages\/152"}],"wp:attachment":[{"href":"https:\/\/melbet.plus\/br\/wp-json\/wp\/v2\/media?parent=1210"}],"curies":[{"name":"wp","href":"https:\/\/api.w.org\/{rel}","templated":true}]}}