{"id":1080,"date":"2026-03-23T07:49:52","date_gmt":"2026-03-23T07:49:52","guid":{"rendered":"https:\/\/melbet.plus\/br\/?page_id=1080"},"modified":"2026-04-30T14:14:39","modified_gmt":"2026-04-30T14:14:39","slug":"the-dog-house","status":"publish","type":"page","link":"https:\/\/melbet.plus\/br\/the-dog-house\/","title":{"rendered":"The Dog House"},"content":{"rendered":"","protected":false},"excerpt":{"rendered":"","protected":false},"author":1,"featured_media":0,"parent":0,"menu_order":0,"comment_status":"closed","ping_status":"closed","template":"","meta":{"inline_featured_image":false,"footnotes":""},"class_list":["post-1080","page","type-page","status-publish","hentry"],"yoast_head":"<!-- This site is optimized with the Yoast SEO plugin v27.5 - https:\/\/yoast.com\/product\/yoast-seo-wordpress\/ -->\n<title>The Dog House Megaways na Melbet Brasil \u2014 117 mil linhas<\/title>\n<meta name=\"description\" content=\"The Dog House Megaways na Melbet \u2014 uma revolu\u00e7\u00e3o com 117.649 maneiras de ganhar, wilds fixos e rodadas gr\u00e1tis. Ganhe com qualquer combina\u00e7\u00e3o \u2014 sem linhas de pagamento fixas \u2014 jogue online!\" \/>\n<meta name=\"robots\" content=\"index, follow, max-snippet:-1, max-image-preview:large, max-video-preview:-1\" \/>\n<meta property=\"og:locale\" content=\"pt_BR\" \/>\n<meta property=\"og:type\" content=\"article\" \/>\n<meta property=\"og:title\" content=\"The Dog House Megaways na Melbet Brasil \u2014 117 mil linhas\" \/>\n<meta property=\"og:description\" content=\"The Dog House Megaways na Melbet \u2014 uma revolu\u00e7\u00e3o com 117.649 maneiras de ganhar, wilds fixos e rodadas gr\u00e1tis. Ganhe com qualquer combina\u00e7\u00e3o \u2014 sem linhas de pagamento fixas \u2014 jogue online!\" \/>\n<meta property=\"og:url\" content=\"https:\/\/melbet.plus\/br\/the-dog-house\/\" \/>\n<meta property=\"og:site_name\" content=\"Melbet br\" \/>\n<meta property=\"article:modified_time\" content=\"2026-04-30T14:14:39+00:00\" \/>\n<meta name=\"twitter:card\" content=\"summary_large_image\" \/>\n<script type=\"application\/ld+json\" class=\"yoast-schema-graph\">{\"@context\":\"https:\\\/\\\/schema.org\",\"@graph\":[{\"@type\":\"WebPage\",\"@id\":\"https:\\\/\\\/melbet.plus\\\/br\\\/the-dog-house\\\/\",\"url\":\"https:\\\/\\\/melbet.plus\\\/br\\\/the-dog-house\\\/\",\"name\":\"The Dog House Megaways na Melbet Brasil \u2014 117 mil linhas\",\"isPartOf\":{\"@id\":\"https:\\\/\\\/melbet.plus\\\/br\\\/#website\"},\"datePublished\":\"2026-03-23T07:49:52+00:00\",\"dateModified\":\"2026-04-30T14:14:39+00:00\",\"description\":\"The Dog House Megaways na Melbet \u2014 uma revolu\u00e7\u00e3o com 117.649 maneiras de ganhar, wilds fixos e rodadas gr\u00e1tis. Ganhe com qualquer combina\u00e7\u00e3o \u2014 sem linhas de pagamento fixas \u2014 jogue online!\",\"breadcrumb\":{\"@id\":\"https:\\\/\\\/melbet.plus\\\/br\\\/the-dog-house\\\/#breadcrumb\"},\"inLanguage\":\"pt-BR\",\"potentialAction\":[{\"@type\":\"ReadAction\",\"target\":[\"https:\\\/\\\/melbet.plus\\\/br\\\/the-dog-house\\\/\"]}]},{\"@type\":\"BreadcrumbList\",\"@id\":\"https:\\\/\\\/melbet.plus\\\/br\\\/the-dog-house\\\/#breadcrumb\",\"itemListElement\":[{\"@type\":\"ListItem\",\"position\":1,\"name\":\"Home\",\"item\":\"https:\\\/\\\/melbet.plus\\\/br\\\/\"},{\"@type\":\"ListItem\",\"position\":2,\"name\":\"The Dog House\"}]},{\"@type\":\"WebSite\",\"@id\":\"https:\\\/\\\/melbet.plus\\\/br\\\/#website\",\"url\":\"https:\\\/\\\/melbet.plus\\\/br\\\/\",\"name\":\"Melbet br\",\"description\":\"My WordPress Blog\",\"potentialAction\":[{\"@type\":\"SearchAction\",\"target\":{\"@type\":\"EntryPoint\",\"urlTemplate\":\"https:\\\/\\\/melbet.plus\\\/br\\\/?s={search_term_string}\"},\"query-input\":{\"@type\":\"PropertyValueSpecification\",\"valueRequired\":true,\"valueName\":\"search_term_string\"}}],\"inLanguage\":\"pt-BR\"}]}<\/script>\n<!-- \/ Yoast SEO plugin. -->","yoast_head_json":{"title":"The Dog House Megaways na Melbet Brasil \u2014 117 mil linhas","description":"The Dog House Megaways na Melbet \u2014 uma revolu\u00e7\u00e3o com 117.649 maneiras de ganhar, wilds fixos e rodadas gr\u00e1tis. Ganhe com qualquer combina\u00e7\u00e3o \u2014 sem linhas de pagamento fixas \u2014 jogue online!","robots":{"index":"index","follow":"follow","max-snippet":"max-snippet:-1","max-image-preview":"max-image-preview:large","max-video-preview":"max-video-preview:-1"},"og_locale":"pt_BR","og_type":"article","og_title":"The Dog House Megaways na Melbet Brasil \u2014 117 mil linhas","og_description":"The Dog House Megaways na Melbet \u2014 uma revolu\u00e7\u00e3o com 117.649 maneiras de ganhar, wilds fixos e rodadas gr\u00e1tis. Ganhe com qualquer combina\u00e7\u00e3o \u2014 sem linhas de pagamento fixas \u2014 jogue online!","og_url":"https:\/\/melbet.plus\/br\/the-dog-house\/","og_site_name":"Melbet br","article_modified_time":"2026-04-30T14:14:39+00:00","twitter_card":"summary_large_image","schema":{"@context":"https:\/\/schema.org","@graph":[{"@type":"WebPage","@id":"https:\/\/melbet.plus\/br\/the-dog-house\/","url":"https:\/\/melbet.plus\/br\/the-dog-house\/","name":"The Dog House Megaways na Melbet Brasil \u2014 117 mil linhas","isPartOf":{"@id":"https:\/\/melbet.plus\/br\/#website"},"datePublished":"2026-03-23T07:49:52+00:00","dateModified":"2026-04-30T14:14:39+00:00","description":"The Dog House Megaways na Melbet \u2014 uma revolu\u00e7\u00e3o com 117.649 maneiras de ganhar, wilds fixos e rodadas gr\u00e1tis. Ganhe com qualquer combina\u00e7\u00e3o \u2014 sem linhas de pagamento fixas \u2014 jogue online!","breadcrumb":{"@id":"https:\/\/melbet.plus\/br\/the-dog-house\/#breadcrumb"},"inLanguage":"pt-BR","potentialAction":[{"@type":"ReadAction","target":["https:\/\/melbet.plus\/br\/the-dog-house\/"]}]},{"@type":"BreadcrumbList","@id":"https:\/\/melbet.plus\/br\/the-dog-house\/#breadcrumb","itemListElement":[{"@type":"ListItem","position":1,"name":"Home","item":"https:\/\/melbet.plus\/br\/"},{"@type":"ListItem","position":2,"name":"The Dog House"}]},{"@type":"WebSite","@id":"https:\/\/melbet.plus\/br\/#website","url":"https:\/\/melbet.plus\/br\/","name":"Melbet br","description":"My WordPress Blog","potentialAction":[{"@type":"SearchAction","target":{"@type":"EntryPoint","urlTemplate":"https:\/\/melbet.plus\/br\/?s={search_term_string}"},"query-input":{"@type":"PropertyValueSpecification","valueRequired":true,"valueName":"search_term_string"}}],"inLanguage":"pt-BR"}]}},"_links":{"self":[{"href":"https:\/\/melbet.plus\/br\/wp-json\/wp\/v2\/pages\/1080","targetHints":{"allow":["GET"]}}],"collection":[{"href":"https:\/\/melbet.plus\/br\/wp-json\/wp\/v2\/pages"}],"about":[{"href":"https:\/\/melbet.plus\/br\/wp-json\/wp\/v2\/types\/page"}],"author":[{"embeddable":true,"href":"https:\/\/melbet.plus\/br\/wp-json\/wp\/v2\/users\/1"}],"replies":[{"embeddable":true,"href":"https:\/\/melbet.plus\/br\/wp-json\/wp\/v2\/comments?post=1080"}],"version-history":[{"count":4,"href":"https:\/\/melbet.plus\/br\/wp-json\/wp\/v2\/pages\/1080\/revisions"}],"predecessor-version":[{"id":1434,"href":"https:\/\/melbet.plus\/br\/wp-json\/wp\/v2\/pages\/1080\/revisions\/1434"}],"wp:attachment":[{"href":"https:\/\/melbet.plus\/br\/wp-json\/wp\/v2\/media?parent=1080"}],"curies":[{"name":"wp","href":"https:\/\/api.w.org\/{rel}","templated":true}]}}