{"id":1012,"date":"2026-03-17T06:43:03","date_gmt":"2026-03-17T06:43:03","guid":{"rendered":"https:\/\/melbet.plus\/br\/?page_id=1012"},"modified":"2026-04-30T14:07:24","modified_gmt":"2026-04-30T14:07:24","slug":"tennis","status":"publish","type":"page","link":"https:\/\/melbet.plus\/br\/tennis\/","title":{"rendered":"T\u00eanis"},"content":{"rendered":"","protected":false},"excerpt":{"rendered":"","protected":false},"author":1,"featured_media":0,"parent":0,"menu_order":0,"comment_status":"closed","ping_status":"closed","template":"","meta":{"inline_featured_image":false,"footnotes":""},"class_list":["post-1012","page","type-page","status-publish","hentry"],"yoast_head":"<!-- This site is optimized with the Yoast SEO plugin v27.5 - https:\/\/yoast.com\/product\/yoast-seo-wordpress\/ -->\n<title>Apostas em t\u00eanis na Melbet Brasil \u2014 jogos, sets e favoritos<\/title>\n<meta name=\"description\" content=\"T\u00eanis na Melbet \u2013 aposte em partidas de alto n\u00edvel da ATP\/WTA. Jogos, sets e tie-breaks repletos de emo\u00e7\u00e3o. \u00d3timas cota\u00e7\u00f5es para os apostadores de sorte!\" \/>\n<meta name=\"robots\" content=\"index, follow, max-snippet:-1, max-image-preview:large, max-video-preview:-1\" \/>\n<meta property=\"og:locale\" content=\"pt_BR\" \/>\n<meta property=\"og:type\" content=\"article\" \/>\n<meta property=\"og:title\" content=\"Apostas em t\u00eanis na Melbet Brasil \u2014 jogos, sets e favoritos\" \/>\n<meta property=\"og:description\" content=\"T\u00eanis na Melbet \u2013 aposte em partidas de alto n\u00edvel da ATP\/WTA. Jogos, sets e tie-breaks repletos de emo\u00e7\u00e3o. \u00d3timas cota\u00e7\u00f5es para os apostadores de sorte!\" \/>\n<meta property=\"og:url\" content=\"https:\/\/melbet.plus\/br\/tennis\/\" \/>\n<meta property=\"og:site_name\" content=\"Melbet br\" \/>\n<meta property=\"article:modified_time\" content=\"2026-04-30T14:07:24+00:00\" \/>\n<meta name=\"twitter:card\" content=\"summary_large_image\" \/>\n<script type=\"application\/ld+json\" class=\"yoast-schema-graph\">{\"@context\":\"https:\\\/\\\/schema.org\",\"@graph\":[{\"@type\":\"WebPage\",\"@id\":\"https:\\\/\\\/melbet.plus\\\/br\\\/tennis\\\/\",\"url\":\"https:\\\/\\\/melbet.plus\\\/br\\\/tennis\\\/\",\"name\":\"Apostas em t\u00eanis na Melbet Brasil \u2014 jogos, sets e favoritos\",\"isPartOf\":{\"@id\":\"https:\\\/\\\/melbet.plus\\\/br\\\/#website\"},\"datePublished\":\"2026-03-17T06:43:03+00:00\",\"dateModified\":\"2026-04-30T14:07:24+00:00\",\"description\":\"T\u00eanis na Melbet \u2013 aposte em partidas de alto n\u00edvel da ATP\\\/WTA. Jogos, sets e tie-breaks repletos de emo\u00e7\u00e3o. \u00d3timas cota\u00e7\u00f5es para os apostadores de sorte!\",\"breadcrumb\":{\"@id\":\"https:\\\/\\\/melbet.plus\\\/br\\\/tennis\\\/#breadcrumb\"},\"inLanguage\":\"pt-BR\",\"potentialAction\":[{\"@type\":\"ReadAction\",\"target\":[\"https:\\\/\\\/melbet.plus\\\/br\\\/tennis\\\/\"]}]},{\"@type\":\"BreadcrumbList\",\"@id\":\"https:\\\/\\\/melbet.plus\\\/br\\\/tennis\\\/#breadcrumb\",\"itemListElement\":[{\"@type\":\"ListItem\",\"position\":1,\"name\":\"Home\",\"item\":\"https:\\\/\\\/melbet.plus\\\/br\\\/\"},{\"@type\":\"ListItem\",\"position\":2,\"name\":\"T\u00eanis\"}]},{\"@type\":\"WebSite\",\"@id\":\"https:\\\/\\\/melbet.plus\\\/br\\\/#website\",\"url\":\"https:\\\/\\\/melbet.plus\\\/br\\\/\",\"name\":\"Melbet br\",\"description\":\"My WordPress Blog\",\"potentialAction\":[{\"@type\":\"SearchAction\",\"target\":{\"@type\":\"EntryPoint\",\"urlTemplate\":\"https:\\\/\\\/melbet.plus\\\/br\\\/?s={search_term_string}\"},\"query-input\":{\"@type\":\"PropertyValueSpecification\",\"valueRequired\":true,\"valueName\":\"search_term_string\"}}],\"inLanguage\":\"pt-BR\"}]}<\/script>\n<!-- \/ Yoast SEO plugin. -->","yoast_head_json":{"title":"Apostas em t\u00eanis na Melbet Brasil \u2014 jogos, sets e favoritos","description":"T\u00eanis na Melbet \u2013 aposte em partidas de alto n\u00edvel da ATP\/WTA. Jogos, sets e tie-breaks repletos de emo\u00e7\u00e3o. \u00d3timas cota\u00e7\u00f5es para os apostadores de sorte!","robots":{"index":"index","follow":"follow","max-snippet":"max-snippet:-1","max-image-preview":"max-image-preview:large","max-video-preview":"max-video-preview:-1"},"og_locale":"pt_BR","og_type":"article","og_title":"Apostas em t\u00eanis na Melbet Brasil \u2014 jogos, sets e favoritos","og_description":"T\u00eanis na Melbet \u2013 aposte em partidas de alto n\u00edvel da ATP\/WTA. Jogos, sets e tie-breaks repletos de emo\u00e7\u00e3o. \u00d3timas cota\u00e7\u00f5es para os apostadores de sorte!","og_url":"https:\/\/melbet.plus\/br\/tennis\/","og_site_name":"Melbet br","article_modified_time":"2026-04-30T14:07:24+00:00","twitter_card":"summary_large_image","schema":{"@context":"https:\/\/schema.org","@graph":[{"@type":"WebPage","@id":"https:\/\/melbet.plus\/br\/tennis\/","url":"https:\/\/melbet.plus\/br\/tennis\/","name":"Apostas em t\u00eanis na Melbet Brasil \u2014 jogos, sets e favoritos","isPartOf":{"@id":"https:\/\/melbet.plus\/br\/#website"},"datePublished":"2026-03-17T06:43:03+00:00","dateModified":"2026-04-30T14:07:24+00:00","description":"T\u00eanis na Melbet \u2013 aposte em partidas de alto n\u00edvel da ATP\/WTA. Jogos, sets e tie-breaks repletos de emo\u00e7\u00e3o. \u00d3timas cota\u00e7\u00f5es para os apostadores de sorte!","breadcrumb":{"@id":"https:\/\/melbet.plus\/br\/tennis\/#breadcrumb"},"inLanguage":"pt-BR","potentialAction":[{"@type":"ReadAction","target":["https:\/\/melbet.plus\/br\/tennis\/"]}]},{"@type":"BreadcrumbList","@id":"https:\/\/melbet.plus\/br\/tennis\/#breadcrumb","itemListElement":[{"@type":"ListItem","position":1,"name":"Home","item":"https:\/\/melbet.plus\/br\/"},{"@type":"ListItem","position":2,"name":"T\u00eanis"}]},{"@type":"WebSite","@id":"https:\/\/melbet.plus\/br\/#website","url":"https:\/\/melbet.plus\/br\/","name":"Melbet br","description":"My WordPress Blog","potentialAction":[{"@type":"SearchAction","target":{"@type":"EntryPoint","urlTemplate":"https:\/\/melbet.plus\/br\/?s={search_term_string}"},"query-input":{"@type":"PropertyValueSpecification","valueRequired":true,"valueName":"search_term_string"}}],"inLanguage":"pt-BR"}]}},"_links":{"self":[{"href":"https:\/\/melbet.plus\/br\/wp-json\/wp\/v2\/pages\/1012","targetHints":{"allow":["GET"]}}],"collection":[{"href":"https:\/\/melbet.plus\/br\/wp-json\/wp\/v2\/pages"}],"about":[{"href":"https:\/\/melbet.plus\/br\/wp-json\/wp\/v2\/types\/page"}],"author":[{"embeddable":true,"href":"https:\/\/melbet.plus\/br\/wp-json\/wp\/v2\/users\/1"}],"replies":[{"embeddable":true,"href":"https:\/\/melbet.plus\/br\/wp-json\/wp\/v2\/comments?post=1012"}],"version-history":[{"count":5,"href":"https:\/\/melbet.plus\/br\/wp-json\/wp\/v2\/pages\/1012\/revisions"}],"predecessor-version":[{"id":1433,"href":"https:\/\/melbet.plus\/br\/wp-json\/wp\/v2\/pages\/1012\/revisions\/1433"}],"wp:attachment":[{"href":"https:\/\/melbet.plus\/br\/wp-json\/wp\/v2\/media?parent=1012"}],"curies":[{"name":"wp","href":"https:\/\/api.w.org\/{rel}","templated":true}]}}