{"id":579,"date":"2024-09-23T13:41:56","date_gmt":"2024-09-23T13:41:56","guid":{"rendered":"https:\/\/melbet.plus\/bj\/?page_id=579"},"modified":"2024-12-13T05:06:28","modified_gmt":"2024-12-13T05:06:28","slug":"login","status":"publish","type":"page","link":"https:\/\/melbet.plus\/bj\/login\/","title":{"rendered":"Connexion"},"content":{"rendered":"","protected":false},"excerpt":{"rendered":"","protected":false},"author":1,"featured_media":0,"parent":0,"menu_order":0,"comment_status":"closed","ping_status":"closed","template":"","meta":{"inline_featured_image":false,"footnotes":""},"class_list":["post-579","page","type-page","status-publish","hentry"],"yoast_head":"<!-- This site is optimized with the Yoast SEO plugin v27.5 - https:\/\/yoast.com\/product\/yoast-seo-wordpress\/ -->\n<title>MelBet B\u00e9nin Connexion | Site officiel de paris<\/title>\n<meta name=\"description\" content=\"Connectez-vous \u00e0 votre compte MelBet en ligne. Utilisez votre t\u00e9l\u00e9phone ou votre email pour vous connecter. Comment se connecter \u00e0 votre compte personnel MelBet. Visitez la page de connexion de MelBet et commencez \u00e0 parier maintenant !\" \/>\n<meta name=\"robots\" content=\"index, follow, max-snippet:-1, max-image-preview:large, max-video-preview:-1\" \/>\n<meta property=\"og:locale\" content=\"fr_FR\" \/>\n<meta property=\"og:type\" content=\"article\" \/>\n<meta property=\"og:title\" content=\"MelBet B\u00e9nin Connexion | Site officiel de paris\" \/>\n<meta property=\"og:description\" content=\"Connectez-vous \u00e0 votre compte MelBet en ligne. Utilisez votre t\u00e9l\u00e9phone ou votre email pour vous connecter. Comment se connecter \u00e0 votre compte personnel MelBet. Visitez la page de connexion de MelBet et commencez \u00e0 parier maintenant !\" \/>\n<meta property=\"og:url\" content=\"https:\/\/melbet.plus\/bj\/login\/\" \/>\n<meta property=\"og:site_name\" content=\"Melbet bj\" \/>\n<meta property=\"article:modified_time\" content=\"2024-12-13T05:06:28+00:00\" \/>\n<meta name=\"twitter:card\" content=\"summary_large_image\" \/>\n<script type=\"application\/ld+json\" class=\"yoast-schema-graph\">{\"@context\":\"https:\\\/\\\/schema.org\",\"@graph\":[{\"@type\":\"WebPage\",\"@id\":\"https:\\\/\\\/melbet.plus\\\/bj\\\/login\\\/\",\"url\":\"https:\\\/\\\/melbet.plus\\\/bj\\\/login\\\/\",\"name\":\"MelBet B\u00e9nin Connexion | Site officiel de paris\",\"isPartOf\":{\"@id\":\"https:\\\/\\\/melbet.plus\\\/bj\\\/#website\"},\"datePublished\":\"2024-09-23T13:41:56+00:00\",\"dateModified\":\"2024-12-13T05:06:28+00:00\",\"description\":\"Connectez-vous \u00e0 votre compte MelBet en ligne. Utilisez votre t\u00e9l\u00e9phone ou votre email pour vous connecter. Comment se connecter \u00e0 votre compte personnel MelBet. Visitez la page de connexion de MelBet et commencez \u00e0 parier maintenant !\",\"breadcrumb\":{\"@id\":\"https:\\\/\\\/melbet.plus\\\/bj\\\/login\\\/#breadcrumb\"},\"inLanguage\":\"fr-BJ\",\"potentialAction\":[{\"@type\":\"ReadAction\",\"target\":[\"https:\\\/\\\/melbet.plus\\\/bj\\\/login\\\/\"]}]},{\"@type\":\"BreadcrumbList\",\"@id\":\"https:\\\/\\\/melbet.plus\\\/bj\\\/login\\\/#breadcrumb\",\"itemListElement\":[{\"@type\":\"ListItem\",\"position\":1,\"name\":\"Home\",\"item\":\"https:\\\/\\\/melbet.plus\\\/bj\\\/\"},{\"@type\":\"ListItem\",\"position\":2,\"name\":\"Connexion\"}]},{\"@type\":\"WebSite\",\"@id\":\"https:\\\/\\\/melbet.plus\\\/bj\\\/#website\",\"url\":\"https:\\\/\\\/melbet.plus\\\/bj\\\/\",\"name\":\"Melbet bj\",\"description\":\"My WordPress Blog\",\"potentialAction\":[{\"@type\":\"SearchAction\",\"target\":{\"@type\":\"EntryPoint\",\"urlTemplate\":\"https:\\\/\\\/melbet.plus\\\/bj\\\/?s={search_term_string}\"},\"query-input\":{\"@type\":\"PropertyValueSpecification\",\"valueRequired\":true,\"valueName\":\"search_term_string\"}}],\"inLanguage\":\"fr-BJ\"}]}<\/script>\n<!-- \/ Yoast SEO plugin. -->","yoast_head_json":{"title":"MelBet B\u00e9nin Connexion | Site officiel de paris","description":"Connectez-vous \u00e0 votre compte MelBet en ligne. Utilisez votre t\u00e9l\u00e9phone ou votre email pour vous connecter. Comment se connecter \u00e0 votre compte personnel MelBet. Visitez la page de connexion de MelBet et commencez \u00e0 parier maintenant !","robots":{"index":"index","follow":"follow","max-snippet":"max-snippet:-1","max-image-preview":"max-image-preview:large","max-video-preview":"max-video-preview:-1"},"og_locale":"fr_FR","og_type":"article","og_title":"MelBet B\u00e9nin Connexion | Site officiel de paris","og_description":"Connectez-vous \u00e0 votre compte MelBet en ligne. Utilisez votre t\u00e9l\u00e9phone ou votre email pour vous connecter. Comment se connecter \u00e0 votre compte personnel MelBet. Visitez la page de connexion de MelBet et commencez \u00e0 parier maintenant !","og_url":"https:\/\/melbet.plus\/bj\/login\/","og_site_name":"Melbet bj","article_modified_time":"2024-12-13T05:06:28+00:00","twitter_card":"summary_large_image","schema":{"@context":"https:\/\/schema.org","@graph":[{"@type":"WebPage","@id":"https:\/\/melbet.plus\/bj\/login\/","url":"https:\/\/melbet.plus\/bj\/login\/","name":"MelBet B\u00e9nin Connexion | Site officiel de paris","isPartOf":{"@id":"https:\/\/melbet.plus\/bj\/#website"},"datePublished":"2024-09-23T13:41:56+00:00","dateModified":"2024-12-13T05:06:28+00:00","description":"Connectez-vous \u00e0 votre compte MelBet en ligne. Utilisez votre t\u00e9l\u00e9phone ou votre email pour vous connecter. Comment se connecter \u00e0 votre compte personnel MelBet. Visitez la page de connexion de MelBet et commencez \u00e0 parier maintenant !","breadcrumb":{"@id":"https:\/\/melbet.plus\/bj\/login\/#breadcrumb"},"inLanguage":"fr-BJ","potentialAction":[{"@type":"ReadAction","target":["https:\/\/melbet.plus\/bj\/login\/"]}]},{"@type":"BreadcrumbList","@id":"https:\/\/melbet.plus\/bj\/login\/#breadcrumb","itemListElement":[{"@type":"ListItem","position":1,"name":"Home","item":"https:\/\/melbet.plus\/bj\/"},{"@type":"ListItem","position":2,"name":"Connexion"}]},{"@type":"WebSite","@id":"https:\/\/melbet.plus\/bj\/#website","url":"https:\/\/melbet.plus\/bj\/","name":"Melbet bj","description":"My WordPress Blog","potentialAction":[{"@type":"SearchAction","target":{"@type":"EntryPoint","urlTemplate":"https:\/\/melbet.plus\/bj\/?s={search_term_string}"},"query-input":{"@type":"PropertyValueSpecification","valueRequired":true,"valueName":"search_term_string"}}],"inLanguage":"fr-BJ"}]}},"_links":{"self":[{"href":"https:\/\/melbet.plus\/bj\/wp-json\/wp\/v2\/pages\/579","targetHints":{"allow":["GET"]}}],"collection":[{"href":"https:\/\/melbet.plus\/bj\/wp-json\/wp\/v2\/pages"}],"about":[{"href":"https:\/\/melbet.plus\/bj\/wp-json\/wp\/v2\/types\/page"}],"author":[{"embeddable":true,"href":"https:\/\/melbet.plus\/bj\/wp-json\/wp\/v2\/users\/1"}],"replies":[{"embeddable":true,"href":"https:\/\/melbet.plus\/bj\/wp-json\/wp\/v2\/comments?post=579"}],"version-history":[{"count":20,"href":"https:\/\/melbet.plus\/bj\/wp-json\/wp\/v2\/pages\/579\/revisions"}],"predecessor-version":[{"id":758,"href":"https:\/\/melbet.plus\/bj\/wp-json\/wp\/v2\/pages\/579\/revisions\/758"}],"wp:attachment":[{"href":"https:\/\/melbet.plus\/bj\/wp-json\/wp\/v2\/media?parent=579"}],"curies":[{"name":"wp","href":"https:\/\/api.w.org\/{rel}","templated":true}]}}