{"id":271,"date":"2024-08-11T15:04:21","date_gmt":"2024-08-11T15:04:21","guid":{"rendered":"https:\/\/melbet.plus\/bj\/?page_id=271"},"modified":"2025-01-27T05:30:58","modified_gmt":"2025-01-27T05:30:58","slug":"app","status":"publish","type":"page","link":"https:\/\/melbet.plus\/bj\/app\/","title":{"rendered":"Application"},"content":{"rendered":"","protected":false},"excerpt":{"rendered":"","protected":false},"author":1,"featured_media":0,"parent":0,"menu_order":0,"comment_status":"closed","ping_status":"closed","template":"","meta":{"inline_featured_image":false,"footnotes":""},"class_list":["post-271","page","type-page","status-publish","hentry"],"yoast_head":"<!-- This site is optimized with the Yoast SEO plugin v27.6 - https:\/\/yoast.com\/product\/yoast-seo-wordpress\/ -->\n<title>T\u00e9l\u00e9chargement de l&#039;application Melbet B\u00e9nin pour Android et iOS<\/title>\n<meta name=\"description\" content=\"T\u00e9l\u00e9charger l&#039;application officielle Melbet \ud83d\udcf1 pour Android et iOS (iPhone et iPad) gratuitement en 2025 \u2705 Derni\u00e8re version de l&#039;application Melbet \u26a1 Obtenir 100% de bonus de bienvenue pour le premier d\u00e9p\u00f4t.\" \/>\n<meta name=\"robots\" content=\"index, follow, max-snippet:-1, max-image-preview:large, max-video-preview:-1\" \/>\n<meta property=\"og:locale\" content=\"fr_FR\" \/>\n<meta property=\"og:type\" content=\"article\" \/>\n<meta property=\"og:title\" content=\"T\u00e9l\u00e9chargement de l&#039;application Melbet B\u00e9nin pour Android et iOS\" \/>\n<meta property=\"og:description\" content=\"T\u00e9l\u00e9charger l&#039;application officielle Melbet \ud83d\udcf1 pour Android et iOS (iPhone et iPad) gratuitement en 2025 \u2705 Derni\u00e8re version de l&#039;application Melbet \u26a1 Obtenir 100% de bonus de bienvenue pour le premier d\u00e9p\u00f4t.\" \/>\n<meta property=\"og:url\" content=\"https:\/\/melbet.plus\/bj\/app\/\" \/>\n<meta property=\"og:site_name\" content=\"Melbet bj\" \/>\n<meta property=\"article:modified_time\" content=\"2025-01-27T05:30:58+00:00\" \/>\n<meta name=\"twitter:card\" content=\"summary_large_image\" \/>\n<script type=\"application\/ld+json\" class=\"yoast-schema-graph\">{\"@context\":\"https:\\\/\\\/schema.org\",\"@graph\":[{\"@type\":\"WebPage\",\"@id\":\"https:\\\/\\\/melbet.plus\\\/bj\\\/app\\\/\",\"url\":\"https:\\\/\\\/melbet.plus\\\/bj\\\/app\\\/\",\"name\":\"T\u00e9l\u00e9chargement de l'application Melbet B\u00e9nin pour Android et iOS\",\"isPartOf\":{\"@id\":\"https:\\\/\\\/melbet.plus\\\/bj\\\/#website\"},\"datePublished\":\"2024-08-11T15:04:21+00:00\",\"dateModified\":\"2025-01-27T05:30:58+00:00\",\"description\":\"T\u00e9l\u00e9charger l'application officielle Melbet \ud83d\udcf1 pour Android et iOS (iPhone et iPad) gratuitement en 2025 \u2705 Derni\u00e8re version de l'application Melbet \u26a1 Obtenir 100% de bonus de bienvenue pour le premier d\u00e9p\u00f4t.\",\"breadcrumb\":{\"@id\":\"https:\\\/\\\/melbet.plus\\\/bj\\\/app\\\/#breadcrumb\"},\"inLanguage\":\"fr-BJ\",\"potentialAction\":[{\"@type\":\"ReadAction\",\"target\":[\"https:\\\/\\\/melbet.plus\\\/bj\\\/app\\\/\"]}]},{\"@type\":\"BreadcrumbList\",\"@id\":\"https:\\\/\\\/melbet.plus\\\/bj\\\/app\\\/#breadcrumb\",\"itemListElement\":[{\"@type\":\"ListItem\",\"position\":1,\"name\":\"Home\",\"item\":\"https:\\\/\\\/melbet.plus\\\/bj\\\/\"},{\"@type\":\"ListItem\",\"position\":2,\"name\":\"Application\"}]},{\"@type\":\"WebSite\",\"@id\":\"https:\\\/\\\/melbet.plus\\\/bj\\\/#website\",\"url\":\"https:\\\/\\\/melbet.plus\\\/bj\\\/\",\"name\":\"Melbet bj\",\"description\":\"My WordPress Blog\",\"potentialAction\":[{\"@type\":\"SearchAction\",\"target\":{\"@type\":\"EntryPoint\",\"urlTemplate\":\"https:\\\/\\\/melbet.plus\\\/bj\\\/?s={search_term_string}\"},\"query-input\":{\"@type\":\"PropertyValueSpecification\",\"valueRequired\":true,\"valueName\":\"search_term_string\"}}],\"inLanguage\":\"fr-BJ\"}]}<\/script>\n<!-- \/ Yoast SEO plugin. -->","yoast_head_json":{"title":"T\u00e9l\u00e9chargement de l'application Melbet B\u00e9nin pour Android et iOS","description":"T\u00e9l\u00e9charger l'application officielle Melbet \ud83d\udcf1 pour Android et iOS (iPhone et iPad) gratuitement en 2025 \u2705 Derni\u00e8re version de l'application Melbet \u26a1 Obtenir 100% de bonus de bienvenue pour le premier d\u00e9p\u00f4t.","robots":{"index":"index","follow":"follow","max-snippet":"max-snippet:-1","max-image-preview":"max-image-preview:large","max-video-preview":"max-video-preview:-1"},"og_locale":"fr_FR","og_type":"article","og_title":"T\u00e9l\u00e9chargement de l'application Melbet B\u00e9nin pour Android et iOS","og_description":"T\u00e9l\u00e9charger l'application officielle Melbet \ud83d\udcf1 pour Android et iOS (iPhone et iPad) gratuitement en 2025 \u2705 Derni\u00e8re version de l'application Melbet \u26a1 Obtenir 100% de bonus de bienvenue pour le premier d\u00e9p\u00f4t.","og_url":"https:\/\/melbet.plus\/bj\/app\/","og_site_name":"Melbet bj","article_modified_time":"2025-01-27T05:30:58+00:00","twitter_card":"summary_large_image","schema":{"@context":"https:\/\/schema.org","@graph":[{"@type":"WebPage","@id":"https:\/\/melbet.plus\/bj\/app\/","url":"https:\/\/melbet.plus\/bj\/app\/","name":"T\u00e9l\u00e9chargement de l'application Melbet B\u00e9nin pour Android et iOS","isPartOf":{"@id":"https:\/\/melbet.plus\/bj\/#website"},"datePublished":"2024-08-11T15:04:21+00:00","dateModified":"2025-01-27T05:30:58+00:00","description":"T\u00e9l\u00e9charger l'application officielle Melbet \ud83d\udcf1 pour Android et iOS (iPhone et iPad) gratuitement en 2025 \u2705 Derni\u00e8re version de l'application Melbet \u26a1 Obtenir 100% de bonus de bienvenue pour le premier d\u00e9p\u00f4t.","breadcrumb":{"@id":"https:\/\/melbet.plus\/bj\/app\/#breadcrumb"},"inLanguage":"fr-BJ","potentialAction":[{"@type":"ReadAction","target":["https:\/\/melbet.plus\/bj\/app\/"]}]},{"@type":"BreadcrumbList","@id":"https:\/\/melbet.plus\/bj\/app\/#breadcrumb","itemListElement":[{"@type":"ListItem","position":1,"name":"Home","item":"https:\/\/melbet.plus\/bj\/"},{"@type":"ListItem","position":2,"name":"Application"}]},{"@type":"WebSite","@id":"https:\/\/melbet.plus\/bj\/#website","url":"https:\/\/melbet.plus\/bj\/","name":"Melbet bj","description":"My WordPress Blog","potentialAction":[{"@type":"SearchAction","target":{"@type":"EntryPoint","urlTemplate":"https:\/\/melbet.plus\/bj\/?s={search_term_string}"},"query-input":{"@type":"PropertyValueSpecification","valueRequired":true,"valueName":"search_term_string"}}],"inLanguage":"fr-BJ"}]}},"_links":{"self":[{"href":"https:\/\/melbet.plus\/bj\/wp-json\/wp\/v2\/pages\/271","targetHints":{"allow":["GET"]}}],"collection":[{"href":"https:\/\/melbet.plus\/bj\/wp-json\/wp\/v2\/pages"}],"about":[{"href":"https:\/\/melbet.plus\/bj\/wp-json\/wp\/v2\/types\/page"}],"author":[{"embeddable":true,"href":"https:\/\/melbet.plus\/bj\/wp-json\/wp\/v2\/users\/1"}],"replies":[{"embeddable":true,"href":"https:\/\/melbet.plus\/bj\/wp-json\/wp\/v2\/comments?post=271"}],"version-history":[{"count":52,"href":"https:\/\/melbet.plus\/bj\/wp-json\/wp\/v2\/pages\/271\/revisions"}],"predecessor-version":[{"id":756,"href":"https:\/\/melbet.plus\/bj\/wp-json\/wp\/v2\/pages\/271\/revisions\/756"}],"wp:attachment":[{"href":"https:\/\/melbet.plus\/bj\/wp-json\/wp\/v2\/media?parent=271"}],"curies":[{"name":"wp","href":"https:\/\/api.w.org\/{rel}","templated":true}]}}