{"id":998,"date":"2026-03-17T06:11:58","date_gmt":"2026-03-17T06:11:58","guid":{"rendered":"https:\/\/melbet.plus\/az\/?page_id=998"},"modified":"2026-04-22T09:32:56","modified_gmt":"2026-04-22T09:32:56","slug":"football","status":"publish","type":"page","link":"https:\/\/melbet.plus\/az\/football\/","title":{"rendered":"Futbol"},"content":{"rendered":"","protected":false},"excerpt":{"rendered":"","protected":false},"author":1,"featured_media":0,"parent":0,"menu_order":0,"comment_status":"closed","ping_status":"closed","template":"","meta":{"inline_featured_image":false,"footnotes":""},"class_list":["post-998","page","type-page","status-publish","hentry"],"yoast_head":"<!-- This site is optimized with the Yoast SEO plugin v27.4 - https:\/\/yoast.com\/product\/yoast-seo-wordpress\/ -->\n<title>Melbet-d\u0259 futbol m\u0259rcl\u0259ri \u2013 qollar, toplamlar v\u0259 h\u0259y\u0259can<\/title>\n<meta name=\"description\" content=\"Melbet-d\u0259 futbol \u2013 m\u0259rcl\u0259rinizl\u0259 h\u0259y\u0259can\u0131 art\u0131r\u0131n. Qollar, k\u00fcnc z\u0259rb\u0259l\u0259ri v\u0259 toplamlar \u00fczr\u0259 geni\u015f \u00e7e\u015fidd\u0259 marketl\u0259r. Azarke\u015fl\u0259r \u00fc\u00e7\u00fcn \u0259la \u0259msallar v\u0259 bonuslar!\" \/>\n<meta name=\"robots\" content=\"index, follow, max-snippet:-1, max-image-preview:large, max-video-preview:-1\" \/>\n<meta property=\"og:locale\" content=\"az_AZ\" \/>\n<meta property=\"og:type\" content=\"article\" \/>\n<meta property=\"og:title\" content=\"Melbet-d\u0259 futbol m\u0259rcl\u0259ri \u2013 qollar, toplamlar v\u0259 h\u0259y\u0259can\" \/>\n<meta property=\"og:description\" content=\"Melbet-d\u0259 futbol \u2013 m\u0259rcl\u0259rinizl\u0259 h\u0259y\u0259can\u0131 art\u0131r\u0131n. Qollar, k\u00fcnc z\u0259rb\u0259l\u0259ri v\u0259 toplamlar \u00fczr\u0259 geni\u015f \u00e7e\u015fidd\u0259 marketl\u0259r. Azarke\u015fl\u0259r \u00fc\u00e7\u00fcn \u0259la \u0259msallar v\u0259 bonuslar!\" \/>\n<meta property=\"og:url\" content=\"https:\/\/melbet.plus\/az\/football\/\" \/>\n<meta property=\"og:site_name\" content=\"Melbet az\" \/>\n<meta property=\"article:modified_time\" content=\"2026-04-22T09:32:56+00:00\" \/>\n<meta name=\"twitter:card\" content=\"summary_large_image\" \/>\n<script type=\"application\/ld+json\" class=\"yoast-schema-graph\">{\"@context\":\"https:\\\/\\\/schema.org\",\"@graph\":[{\"@type\":\"WebPage\",\"@id\":\"https:\\\/\\\/melbet.plus\\\/az\\\/football\\\/\",\"url\":\"https:\\\/\\\/melbet.plus\\\/az\\\/football\\\/\",\"name\":\"Melbet-d\u0259 futbol m\u0259rcl\u0259ri \u2013 qollar, toplamlar v\u0259 h\u0259y\u0259can\",\"isPartOf\":{\"@id\":\"https:\\\/\\\/melbet.plus\\\/az\\\/#website\"},\"datePublished\":\"2026-03-17T06:11:58+00:00\",\"dateModified\":\"2026-04-22T09:32:56+00:00\",\"description\":\"Melbet-d\u0259 futbol \u2013 m\u0259rcl\u0259rinizl\u0259 h\u0259y\u0259can\u0131 art\u0131r\u0131n. Qollar, k\u00fcnc z\u0259rb\u0259l\u0259ri v\u0259 toplamlar \u00fczr\u0259 geni\u015f \u00e7e\u015fidd\u0259 marketl\u0259r. Azarke\u015fl\u0259r \u00fc\u00e7\u00fcn \u0259la \u0259msallar v\u0259 bonuslar!\",\"breadcrumb\":{\"@id\":\"https:\\\/\\\/melbet.plus\\\/az\\\/football\\\/#breadcrumb\"},\"inLanguage\":\"az\",\"potentialAction\":[{\"@type\":\"ReadAction\",\"target\":[\"https:\\\/\\\/melbet.plus\\\/az\\\/football\\\/\"]}]},{\"@type\":\"BreadcrumbList\",\"@id\":\"https:\\\/\\\/melbet.plus\\\/az\\\/football\\\/#breadcrumb\",\"itemListElement\":[{\"@type\":\"ListItem\",\"position\":1,\"name\":\"Home\",\"item\":\"https:\\\/\\\/melbet.plus\\\/az\\\/\"},{\"@type\":\"ListItem\",\"position\":2,\"name\":\"Futbol\"}]},{\"@type\":\"WebSite\",\"@id\":\"https:\\\/\\\/melbet.plus\\\/az\\\/#website\",\"url\":\"https:\\\/\\\/melbet.plus\\\/az\\\/\",\"name\":\"Melbet az\",\"description\":\"My WordPress Blog\",\"potentialAction\":[{\"@type\":\"SearchAction\",\"target\":{\"@type\":\"EntryPoint\",\"urlTemplate\":\"https:\\\/\\\/melbet.plus\\\/az\\\/?s={search_term_string}\"},\"query-input\":{\"@type\":\"PropertyValueSpecification\",\"valueRequired\":true,\"valueName\":\"search_term_string\"}}],\"inLanguage\":\"az\"}]}<\/script>\n<!-- \/ Yoast SEO plugin. -->","yoast_head_json":{"title":"Melbet-d\u0259 futbol m\u0259rcl\u0259ri \u2013 qollar, toplamlar v\u0259 h\u0259y\u0259can","description":"Melbet-d\u0259 futbol \u2013 m\u0259rcl\u0259rinizl\u0259 h\u0259y\u0259can\u0131 art\u0131r\u0131n. Qollar, k\u00fcnc z\u0259rb\u0259l\u0259ri v\u0259 toplamlar \u00fczr\u0259 geni\u015f \u00e7e\u015fidd\u0259 marketl\u0259r. Azarke\u015fl\u0259r \u00fc\u00e7\u00fcn \u0259la \u0259msallar v\u0259 bonuslar!","robots":{"index":"index","follow":"follow","max-snippet":"max-snippet:-1","max-image-preview":"max-image-preview:large","max-video-preview":"max-video-preview:-1"},"og_locale":"az_AZ","og_type":"article","og_title":"Melbet-d\u0259 futbol m\u0259rcl\u0259ri \u2013 qollar, toplamlar v\u0259 h\u0259y\u0259can","og_description":"Melbet-d\u0259 futbol \u2013 m\u0259rcl\u0259rinizl\u0259 h\u0259y\u0259can\u0131 art\u0131r\u0131n. Qollar, k\u00fcnc z\u0259rb\u0259l\u0259ri v\u0259 toplamlar \u00fczr\u0259 geni\u015f \u00e7e\u015fidd\u0259 marketl\u0259r. Azarke\u015fl\u0259r \u00fc\u00e7\u00fcn \u0259la \u0259msallar v\u0259 bonuslar!","og_url":"https:\/\/melbet.plus\/az\/football\/","og_site_name":"Melbet az","article_modified_time":"2026-04-22T09:32:56+00:00","twitter_card":"summary_large_image","schema":{"@context":"https:\/\/schema.org","@graph":[{"@type":"WebPage","@id":"https:\/\/melbet.plus\/az\/football\/","url":"https:\/\/melbet.plus\/az\/football\/","name":"Melbet-d\u0259 futbol m\u0259rcl\u0259ri \u2013 qollar, toplamlar v\u0259 h\u0259y\u0259can","isPartOf":{"@id":"https:\/\/melbet.plus\/az\/#website"},"datePublished":"2026-03-17T06:11:58+00:00","dateModified":"2026-04-22T09:32:56+00:00","description":"Melbet-d\u0259 futbol \u2013 m\u0259rcl\u0259rinizl\u0259 h\u0259y\u0259can\u0131 art\u0131r\u0131n. Qollar, k\u00fcnc z\u0259rb\u0259l\u0259ri v\u0259 toplamlar \u00fczr\u0259 geni\u015f \u00e7e\u015fidd\u0259 marketl\u0259r. Azarke\u015fl\u0259r \u00fc\u00e7\u00fcn \u0259la \u0259msallar v\u0259 bonuslar!","breadcrumb":{"@id":"https:\/\/melbet.plus\/az\/football\/#breadcrumb"},"inLanguage":"az","potentialAction":[{"@type":"ReadAction","target":["https:\/\/melbet.plus\/az\/football\/"]}]},{"@type":"BreadcrumbList","@id":"https:\/\/melbet.plus\/az\/football\/#breadcrumb","itemListElement":[{"@type":"ListItem","position":1,"name":"Home","item":"https:\/\/melbet.plus\/az\/"},{"@type":"ListItem","position":2,"name":"Futbol"}]},{"@type":"WebSite","@id":"https:\/\/melbet.plus\/az\/#website","url":"https:\/\/melbet.plus\/az\/","name":"Melbet az","description":"My WordPress Blog","potentialAction":[{"@type":"SearchAction","target":{"@type":"EntryPoint","urlTemplate":"https:\/\/melbet.plus\/az\/?s={search_term_string}"},"query-input":{"@type":"PropertyValueSpecification","valueRequired":true,"valueName":"search_term_string"}}],"inLanguage":"az"}]}},"_links":{"self":[{"href":"https:\/\/melbet.plus\/az\/wp-json\/wp\/v2\/pages\/998","targetHints":{"allow":["GET"]}}],"collection":[{"href":"https:\/\/melbet.plus\/az\/wp-json\/wp\/v2\/pages"}],"about":[{"href":"https:\/\/melbet.plus\/az\/wp-json\/wp\/v2\/types\/page"}],"author":[{"embeddable":true,"href":"https:\/\/melbet.plus\/az\/wp-json\/wp\/v2\/users\/1"}],"replies":[{"embeddable":true,"href":"https:\/\/melbet.plus\/az\/wp-json\/wp\/v2\/comments?post=998"}],"version-history":[{"count":5,"href":"https:\/\/melbet.plus\/az\/wp-json\/wp\/v2\/pages\/998\/revisions"}],"predecessor-version":[{"id":1391,"href":"https:\/\/melbet.plus\/az\/wp-json\/wp\/v2\/pages\/998\/revisions\/1391"}],"wp:attachment":[{"href":"https:\/\/melbet.plus\/az\/wp-json\/wp\/v2\/media?parent=998"}],"curies":[{"name":"wp","href":"https:\/\/api.w.org\/{rel}","templated":true}]}}