{"id":826,"date":"2025-06-04T14:47:16","date_gmt":"2025-06-04T14:47:16","guid":{"rendered":"https:\/\/melbet.plus\/az\/?page_id=826"},"modified":"2026-04-22T07:54:21","modified_gmt":"2026-04-22T07:54:21","slug":"safe-bet","status":"publish","type":"page","link":"https:\/\/melbet.plus\/az\/bonus\/safe-bet\/","title":{"rendered":"T\u0259hl\u00fck\u0259siz m\u0259rc"},"content":{"rendered":"","protected":false},"excerpt":{"rendered":"","protected":false},"author":1,"featured_media":0,"parent":152,"menu_order":0,"comment_status":"closed","ping_status":"closed","template":"","meta":{"inline_featured_image":false,"footnotes":""},"class_list":["post-826","page","type-page","status-publish","hentry"],"yoast_head":"<!-- This site is optimized with the Yoast SEO plugin v27.4 - https:\/\/yoast.com\/product\/yoast-seo-wordpress\/ -->\n<title>Melbet qorunan m\u0259rc \u1409 Uduzma hal\u0131nda pulsuz m\u0259rcl\u0259r \u0259ld\u0259 edin<\/title>\n<meta name=\"description\" content=\"S\u0131\u011fortas\u0131z risk g\u00f6t\u00fcrm\u0259yin! Melbet qorunan m\u0259rci, uduzsan\u0131z bel\u0259 pulsuz m\u0259rc etm\u0259k \u015fans\u0131n\u0131zd\u0131r. \u018fn yax\u015f\u0131 mat\u00e7lara m\u0259rc edin v\u0259 s\u0259xav\u0259tli m\u00fckafatlara haz\u0131r olun! Biz\u0259 qo\u015fulun v\u0259 inamla oynay\u0131n!\" \/>\n<meta name=\"robots\" content=\"index, follow, max-snippet:-1, max-image-preview:large, max-video-preview:-1\" \/>\n<meta property=\"og:locale\" content=\"az_AZ\" \/>\n<meta property=\"og:type\" content=\"article\" \/>\n<meta property=\"og:title\" content=\"Melbet qorunan m\u0259rc \u1409 Uduzma hal\u0131nda pulsuz m\u0259rcl\u0259r \u0259ld\u0259 edin\" \/>\n<meta property=\"og:description\" content=\"S\u0131\u011fortas\u0131z risk g\u00f6t\u00fcrm\u0259yin! Melbet qorunan m\u0259rci, uduzsan\u0131z bel\u0259 pulsuz m\u0259rc etm\u0259k \u015fans\u0131n\u0131zd\u0131r. \u018fn yax\u015f\u0131 mat\u00e7lara m\u0259rc edin v\u0259 s\u0259xav\u0259tli m\u00fckafatlara haz\u0131r olun! Biz\u0259 qo\u015fulun v\u0259 inamla oynay\u0131n!\" \/>\n<meta property=\"og:url\" content=\"https:\/\/melbet.plus\/az\/bonus\/safe-bet\/\" \/>\n<meta property=\"og:site_name\" content=\"Melbet az\" \/>\n<meta property=\"article:modified_time\" content=\"2026-04-22T07:54:21+00:00\" \/>\n<meta name=\"twitter:card\" content=\"summary_large_image\" \/>\n<script type=\"application\/ld+json\" class=\"yoast-schema-graph\">{\"@context\":\"https:\\\/\\\/schema.org\",\"@graph\":[{\"@type\":\"WebPage\",\"@id\":\"https:\\\/\\\/melbet.plus\\\/az\\\/bonus\\\/safe-bet\\\/\",\"url\":\"https:\\\/\\\/melbet.plus\\\/az\\\/bonus\\\/safe-bet\\\/\",\"name\":\"Melbet qorunan m\u0259rc \u1409 Uduzma hal\u0131nda pulsuz m\u0259rcl\u0259r \u0259ld\u0259 edin\",\"isPartOf\":{\"@id\":\"https:\\\/\\\/melbet.plus\\\/az\\\/#website\"},\"datePublished\":\"2025-06-04T14:47:16+00:00\",\"dateModified\":\"2026-04-22T07:54:21+00:00\",\"description\":\"S\u0131\u011fortas\u0131z risk g\u00f6t\u00fcrm\u0259yin! Melbet qorunan m\u0259rci, uduzsan\u0131z bel\u0259 pulsuz m\u0259rc etm\u0259k \u015fans\u0131n\u0131zd\u0131r. \u018fn yax\u015f\u0131 mat\u00e7lara m\u0259rc edin v\u0259 s\u0259xav\u0259tli m\u00fckafatlara haz\u0131r olun! Biz\u0259 qo\u015fulun v\u0259 inamla oynay\u0131n!\",\"breadcrumb\":{\"@id\":\"https:\\\/\\\/melbet.plus\\\/az\\\/bonus\\\/safe-bet\\\/#breadcrumb\"},\"inLanguage\":\"az\",\"potentialAction\":[{\"@type\":\"ReadAction\",\"target\":[\"https:\\\/\\\/melbet.plus\\\/az\\\/bonus\\\/safe-bet\\\/\"]}]},{\"@type\":\"BreadcrumbList\",\"@id\":\"https:\\\/\\\/melbet.plus\\\/az\\\/bonus\\\/safe-bet\\\/#breadcrumb\",\"itemListElement\":[{\"@type\":\"ListItem\",\"position\":1,\"name\":\"Home\",\"item\":\"https:\\\/\\\/melbet.plus\\\/az\\\/\"},{\"@type\":\"ListItem\",\"position\":2,\"name\":\"Bonuslar\",\"item\":\"https:\\\/\\\/melbet.plus\\\/az\\\/bonus\\\/\"},{\"@type\":\"ListItem\",\"position\":3,\"name\":\"T\u0259hl\u00fck\u0259siz m\u0259rc\"}]},{\"@type\":\"WebSite\",\"@id\":\"https:\\\/\\\/melbet.plus\\\/az\\\/#website\",\"url\":\"https:\\\/\\\/melbet.plus\\\/az\\\/\",\"name\":\"Melbet az\",\"description\":\"My WordPress Blog\",\"potentialAction\":[{\"@type\":\"SearchAction\",\"target\":{\"@type\":\"EntryPoint\",\"urlTemplate\":\"https:\\\/\\\/melbet.plus\\\/az\\\/?s={search_term_string}\"},\"query-input\":{\"@type\":\"PropertyValueSpecification\",\"valueRequired\":true,\"valueName\":\"search_term_string\"}}],\"inLanguage\":\"az\"}]}<\/script>\n<!-- \/ Yoast SEO plugin. -->","yoast_head_json":{"title":"Melbet qorunan m\u0259rc \u1409 Uduzma hal\u0131nda pulsuz m\u0259rcl\u0259r \u0259ld\u0259 edin","description":"S\u0131\u011fortas\u0131z risk g\u00f6t\u00fcrm\u0259yin! Melbet qorunan m\u0259rci, uduzsan\u0131z bel\u0259 pulsuz m\u0259rc etm\u0259k \u015fans\u0131n\u0131zd\u0131r. \u018fn yax\u015f\u0131 mat\u00e7lara m\u0259rc edin v\u0259 s\u0259xav\u0259tli m\u00fckafatlara haz\u0131r olun! Biz\u0259 qo\u015fulun v\u0259 inamla oynay\u0131n!","robots":{"index":"index","follow":"follow","max-snippet":"max-snippet:-1","max-image-preview":"max-image-preview:large","max-video-preview":"max-video-preview:-1"},"og_locale":"az_AZ","og_type":"article","og_title":"Melbet qorunan m\u0259rc \u1409 Uduzma hal\u0131nda pulsuz m\u0259rcl\u0259r \u0259ld\u0259 edin","og_description":"S\u0131\u011fortas\u0131z risk g\u00f6t\u00fcrm\u0259yin! Melbet qorunan m\u0259rci, uduzsan\u0131z bel\u0259 pulsuz m\u0259rc etm\u0259k \u015fans\u0131n\u0131zd\u0131r. \u018fn yax\u015f\u0131 mat\u00e7lara m\u0259rc edin v\u0259 s\u0259xav\u0259tli m\u00fckafatlara haz\u0131r olun! Biz\u0259 qo\u015fulun v\u0259 inamla oynay\u0131n!","og_url":"https:\/\/melbet.plus\/az\/bonus\/safe-bet\/","og_site_name":"Melbet az","article_modified_time":"2026-04-22T07:54:21+00:00","twitter_card":"summary_large_image","schema":{"@context":"https:\/\/schema.org","@graph":[{"@type":"WebPage","@id":"https:\/\/melbet.plus\/az\/bonus\/safe-bet\/","url":"https:\/\/melbet.plus\/az\/bonus\/safe-bet\/","name":"Melbet qorunan m\u0259rc \u1409 Uduzma hal\u0131nda pulsuz m\u0259rcl\u0259r \u0259ld\u0259 edin","isPartOf":{"@id":"https:\/\/melbet.plus\/az\/#website"},"datePublished":"2025-06-04T14:47:16+00:00","dateModified":"2026-04-22T07:54:21+00:00","description":"S\u0131\u011fortas\u0131z risk g\u00f6t\u00fcrm\u0259yin! Melbet qorunan m\u0259rci, uduzsan\u0131z bel\u0259 pulsuz m\u0259rc etm\u0259k \u015fans\u0131n\u0131zd\u0131r. \u018fn yax\u015f\u0131 mat\u00e7lara m\u0259rc edin v\u0259 s\u0259xav\u0259tli m\u00fckafatlara haz\u0131r olun! Biz\u0259 qo\u015fulun v\u0259 inamla oynay\u0131n!","breadcrumb":{"@id":"https:\/\/melbet.plus\/az\/bonus\/safe-bet\/#breadcrumb"},"inLanguage":"az","potentialAction":[{"@type":"ReadAction","target":["https:\/\/melbet.plus\/az\/bonus\/safe-bet\/"]}]},{"@type":"BreadcrumbList","@id":"https:\/\/melbet.plus\/az\/bonus\/safe-bet\/#breadcrumb","itemListElement":[{"@type":"ListItem","position":1,"name":"Home","item":"https:\/\/melbet.plus\/az\/"},{"@type":"ListItem","position":2,"name":"Bonuslar","item":"https:\/\/melbet.plus\/az\/bonus\/"},{"@type":"ListItem","position":3,"name":"T\u0259hl\u00fck\u0259siz m\u0259rc"}]},{"@type":"WebSite","@id":"https:\/\/melbet.plus\/az\/#website","url":"https:\/\/melbet.plus\/az\/","name":"Melbet az","description":"My WordPress Blog","potentialAction":[{"@type":"SearchAction","target":{"@type":"EntryPoint","urlTemplate":"https:\/\/melbet.plus\/az\/?s={search_term_string}"},"query-input":{"@type":"PropertyValueSpecification","valueRequired":true,"valueName":"search_term_string"}}],"inLanguage":"az"}]}},"_links":{"self":[{"href":"https:\/\/melbet.plus\/az\/wp-json\/wp\/v2\/pages\/826","targetHints":{"allow":["GET"]}}],"collection":[{"href":"https:\/\/melbet.plus\/az\/wp-json\/wp\/v2\/pages"}],"about":[{"href":"https:\/\/melbet.plus\/az\/wp-json\/wp\/v2\/types\/page"}],"author":[{"embeddable":true,"href":"https:\/\/melbet.plus\/az\/wp-json\/wp\/v2\/users\/1"}],"replies":[{"embeddable":true,"href":"https:\/\/melbet.plus\/az\/wp-json\/wp\/v2\/comments?post=826"}],"version-history":[{"count":5,"href":"https:\/\/melbet.plus\/az\/wp-json\/wp\/v2\/pages\/826\/revisions"}],"predecessor-version":[{"id":1380,"href":"https:\/\/melbet.plus\/az\/wp-json\/wp\/v2\/pages\/826\/revisions\/1380"}],"up":[{"embeddable":true,"href":"https:\/\/melbet.plus\/az\/wp-json\/wp\/v2\/pages\/152"}],"wp:attachment":[{"href":"https:\/\/melbet.plus\/az\/wp-json\/wp\/v2\/media?parent=826"}],"curies":[{"name":"wp","href":"https:\/\/api.w.org\/{rel}","templated":true}]}}