{"id":751,"date":"2025-04-25T07:51:03","date_gmt":"2025-04-25T07:51:03","guid":{"rendered":"https:\/\/melbet.plus\/az\/?page_id=751"},"modified":"2026-04-21T16:21:06","modified_gmt":"2026-04-21T16:21:06","slug":"deposit-series","status":"publish","type":"page","link":"https:\/\/melbet.plus\/az\/bonus\/deposit-series\/","title":{"rendered":"Depozit seriyas\u0131"},"content":{"rendered":"","protected":false},"excerpt":{"rendered":"","protected":false},"author":1,"featured_media":0,"parent":152,"menu_order":0,"comment_status":"closed","ping_status":"closed","template":"","meta":{"inline_featured_image":false,"footnotes":""},"class_list":["post-751","page","type-page","status-publish","hentry"],"yoast_head":"<!-- This site is optimized with the Yoast SEO plugin v27.4 - https:\/\/yoast.com\/product\/yoast-seo-wordpress\/ -->\n<title>Melbet Depozit Seriyas\u0131: 2-ci, 3-c\u00fc v\u0259 4-c\u00fc depozitl\u0259r \u00fc\u00e7\u00fcn 150 AZN<\/title>\n<meta name=\"description\" content=\"Melbet-d\u0259 8 AZN-d\u0259n ba\u015flayaraq depozit edin v\u0259 ikinci, \u00fc\u00e7\u00fcnc\u00fc v\u0259 d\u00f6rd\u00fcnc\u00fc depozitl\u0259rinizd\u0259 150 \u200b\u200bAZN-\u0259 q\u0259d\u0259r bonus qazan\u0131n! Avtomatik hesablama, real faiz v\u0259 maksimum \u00fcst\u00fcnl\u00fckl\u0259r - m\u0259nf\u0259\u0259tiniz\u0259 m\u0259rc edin v\u0259 \u015fans\u0131 qa\u00e7\u0131rmay\u0131n!\" \/>\n<meta name=\"robots\" content=\"index, follow, max-snippet:-1, max-image-preview:large, max-video-preview:-1\" \/>\n<meta property=\"og:locale\" content=\"az_AZ\" \/>\n<meta property=\"og:type\" content=\"article\" \/>\n<meta property=\"og:title\" content=\"Melbet Depozit Seriyas\u0131: 2-ci, 3-c\u00fc v\u0259 4-c\u00fc depozitl\u0259r \u00fc\u00e7\u00fcn 150 AZN\" \/>\n<meta property=\"og:description\" content=\"Melbet-d\u0259 8 AZN-d\u0259n ba\u015flayaraq depozit edin v\u0259 ikinci, \u00fc\u00e7\u00fcnc\u00fc v\u0259 d\u00f6rd\u00fcnc\u00fc depozitl\u0259rinizd\u0259 150 \u200b\u200bAZN-\u0259 q\u0259d\u0259r bonus qazan\u0131n! Avtomatik hesablama, real faiz v\u0259 maksimum \u00fcst\u00fcnl\u00fckl\u0259r - m\u0259nf\u0259\u0259tiniz\u0259 m\u0259rc edin v\u0259 \u015fans\u0131 qa\u00e7\u0131rmay\u0131n!\" \/>\n<meta property=\"og:url\" content=\"https:\/\/melbet.plus\/az\/bonus\/deposit-series\/\" \/>\n<meta property=\"og:site_name\" content=\"Melbet az\" \/>\n<meta property=\"article:modified_time\" content=\"2026-04-21T16:21:06+00:00\" \/>\n<meta name=\"twitter:card\" content=\"summary_large_image\" \/>\n<script type=\"application\/ld+json\" class=\"yoast-schema-graph\">{\"@context\":\"https:\\\/\\\/schema.org\",\"@graph\":[{\"@type\":\"WebPage\",\"@id\":\"https:\\\/\\\/melbet.plus\\\/az\\\/bonus\\\/deposit-series\\\/\",\"url\":\"https:\\\/\\\/melbet.plus\\\/az\\\/bonus\\\/deposit-series\\\/\",\"name\":\"Melbet Depozit Seriyas\u0131: 2-ci, 3-c\u00fc v\u0259 4-c\u00fc depozitl\u0259r \u00fc\u00e7\u00fcn 150 AZN\",\"isPartOf\":{\"@id\":\"https:\\\/\\\/melbet.plus\\\/az\\\/#website\"},\"datePublished\":\"2025-04-25T07:51:03+00:00\",\"dateModified\":\"2026-04-21T16:21:06+00:00\",\"description\":\"Melbet-d\u0259 8 AZN-d\u0259n ba\u015flayaraq depozit edin v\u0259 ikinci, \u00fc\u00e7\u00fcnc\u00fc v\u0259 d\u00f6rd\u00fcnc\u00fc depozitl\u0259rinizd\u0259 150 \u200b\u200bAZN-\u0259 q\u0259d\u0259r bonus qazan\u0131n! Avtomatik hesablama, real faiz v\u0259 maksimum \u00fcst\u00fcnl\u00fckl\u0259r - m\u0259nf\u0259\u0259tiniz\u0259 m\u0259rc edin v\u0259 \u015fans\u0131 qa\u00e7\u0131rmay\u0131n!\",\"breadcrumb\":{\"@id\":\"https:\\\/\\\/melbet.plus\\\/az\\\/bonus\\\/deposit-series\\\/#breadcrumb\"},\"inLanguage\":\"az\",\"potentialAction\":[{\"@type\":\"ReadAction\",\"target\":[\"https:\\\/\\\/melbet.plus\\\/az\\\/bonus\\\/deposit-series\\\/\"]}]},{\"@type\":\"BreadcrumbList\",\"@id\":\"https:\\\/\\\/melbet.plus\\\/az\\\/bonus\\\/deposit-series\\\/#breadcrumb\",\"itemListElement\":[{\"@type\":\"ListItem\",\"position\":1,\"name\":\"Home\",\"item\":\"https:\\\/\\\/melbet.plus\\\/az\\\/\"},{\"@type\":\"ListItem\",\"position\":2,\"name\":\"Bonuslar\",\"item\":\"https:\\\/\\\/melbet.plus\\\/az\\\/bonus\\\/\"},{\"@type\":\"ListItem\",\"position\":3,\"name\":\"Depozit seriyas\u0131\"}]},{\"@type\":\"WebSite\",\"@id\":\"https:\\\/\\\/melbet.plus\\\/az\\\/#website\",\"url\":\"https:\\\/\\\/melbet.plus\\\/az\\\/\",\"name\":\"Melbet az\",\"description\":\"My WordPress Blog\",\"potentialAction\":[{\"@type\":\"SearchAction\",\"target\":{\"@type\":\"EntryPoint\",\"urlTemplate\":\"https:\\\/\\\/melbet.plus\\\/az\\\/?s={search_term_string}\"},\"query-input\":{\"@type\":\"PropertyValueSpecification\",\"valueRequired\":true,\"valueName\":\"search_term_string\"}}],\"inLanguage\":\"az\"}]}<\/script>\n<!-- \/ Yoast SEO plugin. -->","yoast_head_json":{"title":"Melbet Depozit Seriyas\u0131: 2-ci, 3-c\u00fc v\u0259 4-c\u00fc depozitl\u0259r \u00fc\u00e7\u00fcn 150 AZN","description":"Melbet-d\u0259 8 AZN-d\u0259n ba\u015flayaraq depozit edin v\u0259 ikinci, \u00fc\u00e7\u00fcnc\u00fc v\u0259 d\u00f6rd\u00fcnc\u00fc depozitl\u0259rinizd\u0259 150 \u200b\u200bAZN-\u0259 q\u0259d\u0259r bonus qazan\u0131n! Avtomatik hesablama, real faiz v\u0259 maksimum \u00fcst\u00fcnl\u00fckl\u0259r - m\u0259nf\u0259\u0259tiniz\u0259 m\u0259rc edin v\u0259 \u015fans\u0131 qa\u00e7\u0131rmay\u0131n!","robots":{"index":"index","follow":"follow","max-snippet":"max-snippet:-1","max-image-preview":"max-image-preview:large","max-video-preview":"max-video-preview:-1"},"og_locale":"az_AZ","og_type":"article","og_title":"Melbet Depozit Seriyas\u0131: 2-ci, 3-c\u00fc v\u0259 4-c\u00fc depozitl\u0259r \u00fc\u00e7\u00fcn 150 AZN","og_description":"Melbet-d\u0259 8 AZN-d\u0259n ba\u015flayaraq depozit edin v\u0259 ikinci, \u00fc\u00e7\u00fcnc\u00fc v\u0259 d\u00f6rd\u00fcnc\u00fc depozitl\u0259rinizd\u0259 150 \u200b\u200bAZN-\u0259 q\u0259d\u0259r bonus qazan\u0131n! Avtomatik hesablama, real faiz v\u0259 maksimum \u00fcst\u00fcnl\u00fckl\u0259r - m\u0259nf\u0259\u0259tiniz\u0259 m\u0259rc edin v\u0259 \u015fans\u0131 qa\u00e7\u0131rmay\u0131n!","og_url":"https:\/\/melbet.plus\/az\/bonus\/deposit-series\/","og_site_name":"Melbet az","article_modified_time":"2026-04-21T16:21:06+00:00","twitter_card":"summary_large_image","schema":{"@context":"https:\/\/schema.org","@graph":[{"@type":"WebPage","@id":"https:\/\/melbet.plus\/az\/bonus\/deposit-series\/","url":"https:\/\/melbet.plus\/az\/bonus\/deposit-series\/","name":"Melbet Depozit Seriyas\u0131: 2-ci, 3-c\u00fc v\u0259 4-c\u00fc depozitl\u0259r \u00fc\u00e7\u00fcn 150 AZN","isPartOf":{"@id":"https:\/\/melbet.plus\/az\/#website"},"datePublished":"2025-04-25T07:51:03+00:00","dateModified":"2026-04-21T16:21:06+00:00","description":"Melbet-d\u0259 8 AZN-d\u0259n ba\u015flayaraq depozit edin v\u0259 ikinci, \u00fc\u00e7\u00fcnc\u00fc v\u0259 d\u00f6rd\u00fcnc\u00fc depozitl\u0259rinizd\u0259 150 \u200b\u200bAZN-\u0259 q\u0259d\u0259r bonus qazan\u0131n! Avtomatik hesablama, real faiz v\u0259 maksimum \u00fcst\u00fcnl\u00fckl\u0259r - m\u0259nf\u0259\u0259tiniz\u0259 m\u0259rc edin v\u0259 \u015fans\u0131 qa\u00e7\u0131rmay\u0131n!","breadcrumb":{"@id":"https:\/\/melbet.plus\/az\/bonus\/deposit-series\/#breadcrumb"},"inLanguage":"az","potentialAction":[{"@type":"ReadAction","target":["https:\/\/melbet.plus\/az\/bonus\/deposit-series\/"]}]},{"@type":"BreadcrumbList","@id":"https:\/\/melbet.plus\/az\/bonus\/deposit-series\/#breadcrumb","itemListElement":[{"@type":"ListItem","position":1,"name":"Home","item":"https:\/\/melbet.plus\/az\/"},{"@type":"ListItem","position":2,"name":"Bonuslar","item":"https:\/\/melbet.plus\/az\/bonus\/"},{"@type":"ListItem","position":3,"name":"Depozit seriyas\u0131"}]},{"@type":"WebSite","@id":"https:\/\/melbet.plus\/az\/#website","url":"https:\/\/melbet.plus\/az\/","name":"Melbet az","description":"My WordPress Blog","potentialAction":[{"@type":"SearchAction","target":{"@type":"EntryPoint","urlTemplate":"https:\/\/melbet.plus\/az\/?s={search_term_string}"},"query-input":{"@type":"PropertyValueSpecification","valueRequired":true,"valueName":"search_term_string"}}],"inLanguage":"az"}]}},"_links":{"self":[{"href":"https:\/\/melbet.plus\/az\/wp-json\/wp\/v2\/pages\/751","targetHints":{"allow":["GET"]}}],"collection":[{"href":"https:\/\/melbet.plus\/az\/wp-json\/wp\/v2\/pages"}],"about":[{"href":"https:\/\/melbet.plus\/az\/wp-json\/wp\/v2\/types\/page"}],"author":[{"embeddable":true,"href":"https:\/\/melbet.plus\/az\/wp-json\/wp\/v2\/users\/1"}],"replies":[{"embeddable":true,"href":"https:\/\/melbet.plus\/az\/wp-json\/wp\/v2\/comments?post=751"}],"version-history":[{"count":5,"href":"https:\/\/melbet.plus\/az\/wp-json\/wp\/v2\/pages\/751\/revisions"}],"predecessor-version":[{"id":1369,"href":"https:\/\/melbet.plus\/az\/wp-json\/wp\/v2\/pages\/751\/revisions\/1369"}],"up":[{"embeddable":true,"href":"https:\/\/melbet.plus\/az\/wp-json\/wp\/v2\/pages\/152"}],"wp:attachment":[{"href":"https:\/\/melbet.plus\/az\/wp-json\/wp\/v2\/media?parent=751"}],"curies":[{"name":"wp","href":"https:\/\/api.w.org\/{rel}","templated":true}]}}