{"id":746,"date":"2025-04-25T07:31:56","date_gmt":"2025-04-25T07:31:56","guid":{"rendered":"https:\/\/melbet.plus\/az\/?page_id=746"},"modified":"2026-04-21T16:05:08","modified_gmt":"2026-04-21T16:05:08","slug":"casino-welcome-package","status":"publish","type":"page","link":"https:\/\/melbet.plus\/az\/bonus\/casino-welcome-package\/","title":{"rendered":"Kazino Xo\u015f G\u0259lmisiniz Paketi"},"content":{"rendered":"","protected":false},"excerpt":{"rendered":"","protected":false},"author":1,"featured_media":0,"parent":152,"menu_order":0,"comment_status":"closed","ping_status":"closed","template":"","meta":{"inline_featured_image":false,"footnotes":""},"class_list":["post-746","page","type-page","status-publish","hentry"],"yoast_head":"<!-- This site is optimized with the Yoast SEO plugin v27.4 - https:\/\/yoast.com\/product\/yoast-seo-wordpress\/ -->\n<title>Melbet Kazino Xo\u015f G\u0259lmisiniz Paketi: 3.500 AZN+ 290 FS<\/title>\n<meta name=\"description\" content=\"Cekpotu vurma\u011fa haz\u0131rs\u0131n\u0131z? Melbet Kazinosunda ilk be\u015f depozitinizl\u0259 3500 AZN-\u0259 q\u0259d\u0259r v\u0259 290 pulsuz f\u0131rlanma qazan\u0131n! Qeydiyyatdan ke\u00e7in, pul yat\u0131r\u0131n v\u0259 maksimum bonuslar v\u0259 pulsuz f\u0131rlanmalar \u0259ld\u0259 edin - m\u0259nf\u0259\u0259tl\u0259 oynay\u0131n v\u0259 h\u0259r m\u0259rcd\u0259n maksimum bal qazan\u0131n!\" \/>\n<meta name=\"robots\" content=\"index, follow, max-snippet:-1, max-image-preview:large, max-video-preview:-1\" \/>\n<meta property=\"og:locale\" content=\"az_AZ\" \/>\n<meta property=\"og:type\" content=\"article\" \/>\n<meta property=\"og:title\" content=\"Melbet Kazino Xo\u015f G\u0259lmisiniz Paketi: 3.500 AZN+ 290 FS\" \/>\n<meta property=\"og:description\" content=\"Cekpotu vurma\u011fa haz\u0131rs\u0131n\u0131z? Melbet Kazinosunda ilk be\u015f depozitinizl\u0259 3500 AZN-\u0259 q\u0259d\u0259r v\u0259 290 pulsuz f\u0131rlanma qazan\u0131n! Qeydiyyatdan ke\u00e7in, pul yat\u0131r\u0131n v\u0259 maksimum bonuslar v\u0259 pulsuz f\u0131rlanmalar \u0259ld\u0259 edin - m\u0259nf\u0259\u0259tl\u0259 oynay\u0131n v\u0259 h\u0259r m\u0259rcd\u0259n maksimum bal qazan\u0131n!\" \/>\n<meta property=\"og:url\" content=\"https:\/\/melbet.plus\/az\/bonus\/casino-welcome-package\/\" \/>\n<meta property=\"og:site_name\" content=\"Melbet az\" \/>\n<meta property=\"article:modified_time\" content=\"2026-04-21T16:05:08+00:00\" \/>\n<meta name=\"twitter:card\" content=\"summary_large_image\" \/>\n<script type=\"application\/ld+json\" class=\"yoast-schema-graph\">{\"@context\":\"https:\\\/\\\/schema.org\",\"@graph\":[{\"@type\":\"WebPage\",\"@id\":\"https:\\\/\\\/melbet.plus\\\/az\\\/bonus\\\/casino-welcome-package\\\/\",\"url\":\"https:\\\/\\\/melbet.plus\\\/az\\\/bonus\\\/casino-welcome-package\\\/\",\"name\":\"Melbet Kazino Xo\u015f G\u0259lmisiniz Paketi: 3.500 AZN+ 290 FS\",\"isPartOf\":{\"@id\":\"https:\\\/\\\/melbet.plus\\\/az\\\/#website\"},\"datePublished\":\"2025-04-25T07:31:56+00:00\",\"dateModified\":\"2026-04-21T16:05:08+00:00\",\"description\":\"Cekpotu vurma\u011fa haz\u0131rs\u0131n\u0131z? Melbet Kazinosunda ilk be\u015f depozitinizl\u0259 3500 AZN-\u0259 q\u0259d\u0259r v\u0259 290 pulsuz f\u0131rlanma qazan\u0131n! Qeydiyyatdan ke\u00e7in, pul yat\u0131r\u0131n v\u0259 maksimum bonuslar v\u0259 pulsuz f\u0131rlanmalar \u0259ld\u0259 edin - m\u0259nf\u0259\u0259tl\u0259 oynay\u0131n v\u0259 h\u0259r m\u0259rcd\u0259n maksimum bal qazan\u0131n!\",\"breadcrumb\":{\"@id\":\"https:\\\/\\\/melbet.plus\\\/az\\\/bonus\\\/casino-welcome-package\\\/#breadcrumb\"},\"inLanguage\":\"az\",\"potentialAction\":[{\"@type\":\"ReadAction\",\"target\":[\"https:\\\/\\\/melbet.plus\\\/az\\\/bonus\\\/casino-welcome-package\\\/\"]}]},{\"@type\":\"BreadcrumbList\",\"@id\":\"https:\\\/\\\/melbet.plus\\\/az\\\/bonus\\\/casino-welcome-package\\\/#breadcrumb\",\"itemListElement\":[{\"@type\":\"ListItem\",\"position\":1,\"name\":\"Home\",\"item\":\"https:\\\/\\\/melbet.plus\\\/az\\\/\"},{\"@type\":\"ListItem\",\"position\":2,\"name\":\"Bonuslar\",\"item\":\"https:\\\/\\\/melbet.plus\\\/az\\\/bonus\\\/\"},{\"@type\":\"ListItem\",\"position\":3,\"name\":\"Kazino Xo\u015f G\u0259lmisiniz Paketi\"}]},{\"@type\":\"WebSite\",\"@id\":\"https:\\\/\\\/melbet.plus\\\/az\\\/#website\",\"url\":\"https:\\\/\\\/melbet.plus\\\/az\\\/\",\"name\":\"Melbet az\",\"description\":\"My WordPress Blog\",\"potentialAction\":[{\"@type\":\"SearchAction\",\"target\":{\"@type\":\"EntryPoint\",\"urlTemplate\":\"https:\\\/\\\/melbet.plus\\\/az\\\/?s={search_term_string}\"},\"query-input\":{\"@type\":\"PropertyValueSpecification\",\"valueRequired\":true,\"valueName\":\"search_term_string\"}}],\"inLanguage\":\"az\"}]}<\/script>\n<!-- \/ Yoast SEO plugin. -->","yoast_head_json":{"title":"Melbet Kazino Xo\u015f G\u0259lmisiniz Paketi: 3.500 AZN+ 290 FS","description":"Cekpotu vurma\u011fa haz\u0131rs\u0131n\u0131z? Melbet Kazinosunda ilk be\u015f depozitinizl\u0259 3500 AZN-\u0259 q\u0259d\u0259r v\u0259 290 pulsuz f\u0131rlanma qazan\u0131n! Qeydiyyatdan ke\u00e7in, pul yat\u0131r\u0131n v\u0259 maksimum bonuslar v\u0259 pulsuz f\u0131rlanmalar \u0259ld\u0259 edin - m\u0259nf\u0259\u0259tl\u0259 oynay\u0131n v\u0259 h\u0259r m\u0259rcd\u0259n maksimum bal qazan\u0131n!","robots":{"index":"index","follow":"follow","max-snippet":"max-snippet:-1","max-image-preview":"max-image-preview:large","max-video-preview":"max-video-preview:-1"},"og_locale":"az_AZ","og_type":"article","og_title":"Melbet Kazino Xo\u015f G\u0259lmisiniz Paketi: 3.500 AZN+ 290 FS","og_description":"Cekpotu vurma\u011fa haz\u0131rs\u0131n\u0131z? Melbet Kazinosunda ilk be\u015f depozitinizl\u0259 3500 AZN-\u0259 q\u0259d\u0259r v\u0259 290 pulsuz f\u0131rlanma qazan\u0131n! Qeydiyyatdan ke\u00e7in, pul yat\u0131r\u0131n v\u0259 maksimum bonuslar v\u0259 pulsuz f\u0131rlanmalar \u0259ld\u0259 edin - m\u0259nf\u0259\u0259tl\u0259 oynay\u0131n v\u0259 h\u0259r m\u0259rcd\u0259n maksimum bal qazan\u0131n!","og_url":"https:\/\/melbet.plus\/az\/bonus\/casino-welcome-package\/","og_site_name":"Melbet az","article_modified_time":"2026-04-21T16:05:08+00:00","twitter_card":"summary_large_image","schema":{"@context":"https:\/\/schema.org","@graph":[{"@type":"WebPage","@id":"https:\/\/melbet.plus\/az\/bonus\/casino-welcome-package\/","url":"https:\/\/melbet.plus\/az\/bonus\/casino-welcome-package\/","name":"Melbet Kazino Xo\u015f G\u0259lmisiniz Paketi: 3.500 AZN+ 290 FS","isPartOf":{"@id":"https:\/\/melbet.plus\/az\/#website"},"datePublished":"2025-04-25T07:31:56+00:00","dateModified":"2026-04-21T16:05:08+00:00","description":"Cekpotu vurma\u011fa haz\u0131rs\u0131n\u0131z? Melbet Kazinosunda ilk be\u015f depozitinizl\u0259 3500 AZN-\u0259 q\u0259d\u0259r v\u0259 290 pulsuz f\u0131rlanma qazan\u0131n! Qeydiyyatdan ke\u00e7in, pul yat\u0131r\u0131n v\u0259 maksimum bonuslar v\u0259 pulsuz f\u0131rlanmalar \u0259ld\u0259 edin - m\u0259nf\u0259\u0259tl\u0259 oynay\u0131n v\u0259 h\u0259r m\u0259rcd\u0259n maksimum bal qazan\u0131n!","breadcrumb":{"@id":"https:\/\/melbet.plus\/az\/bonus\/casino-welcome-package\/#breadcrumb"},"inLanguage":"az","potentialAction":[{"@type":"ReadAction","target":["https:\/\/melbet.plus\/az\/bonus\/casino-welcome-package\/"]}]},{"@type":"BreadcrumbList","@id":"https:\/\/melbet.plus\/az\/bonus\/casino-welcome-package\/#breadcrumb","itemListElement":[{"@type":"ListItem","position":1,"name":"Home","item":"https:\/\/melbet.plus\/az\/"},{"@type":"ListItem","position":2,"name":"Bonuslar","item":"https:\/\/melbet.plus\/az\/bonus\/"},{"@type":"ListItem","position":3,"name":"Kazino Xo\u015f G\u0259lmisiniz Paketi"}]},{"@type":"WebSite","@id":"https:\/\/melbet.plus\/az\/#website","url":"https:\/\/melbet.plus\/az\/","name":"Melbet az","description":"My WordPress Blog","potentialAction":[{"@type":"SearchAction","target":{"@type":"EntryPoint","urlTemplate":"https:\/\/melbet.plus\/az\/?s={search_term_string}"},"query-input":{"@type":"PropertyValueSpecification","valueRequired":true,"valueName":"search_term_string"}}],"inLanguage":"az"}]}},"_links":{"self":[{"href":"https:\/\/melbet.plus\/az\/wp-json\/wp\/v2\/pages\/746","targetHints":{"allow":["GET"]}}],"collection":[{"href":"https:\/\/melbet.plus\/az\/wp-json\/wp\/v2\/pages"}],"about":[{"href":"https:\/\/melbet.plus\/az\/wp-json\/wp\/v2\/types\/page"}],"author":[{"embeddable":true,"href":"https:\/\/melbet.plus\/az\/wp-json\/wp\/v2\/users\/1"}],"replies":[{"embeddable":true,"href":"https:\/\/melbet.plus\/az\/wp-json\/wp\/v2\/comments?post=746"}],"version-history":[{"count":5,"href":"https:\/\/melbet.plus\/az\/wp-json\/wp\/v2\/pages\/746\/revisions"}],"predecessor-version":[{"id":1363,"href":"https:\/\/melbet.plus\/az\/wp-json\/wp\/v2\/pages\/746\/revisions\/1363"}],"up":[{"embeddable":true,"href":"https:\/\/melbet.plus\/az\/wp-json\/wp\/v2\/pages\/152"}],"wp:attachment":[{"href":"https:\/\/melbet.plus\/az\/wp-json\/wp\/v2\/media?parent=746"}],"curies":[{"name":"wp","href":"https:\/\/api.w.org\/{rel}","templated":true}]}}