{"id":740,"date":"2025-04-25T07:11:44","date_gmt":"2025-04-25T07:11:44","guid":{"rendered":"https:\/\/melbet.plus\/az\/?page_id=740"},"modified":"2026-04-21T15:28:17","modified_gmt":"2026-04-21T15:28:17","slug":"cashback","status":"publish","type":"page","link":"https:\/\/melbet.plus\/az\/bonus\/cashback\/","title":{"rendered":"Ke\u015fbek"},"content":{"rendered":"","protected":false},"excerpt":{"rendered":"","protected":false},"author":1,"featured_media":0,"parent":152,"menu_order":0,"comment_status":"closed","ping_status":"closed","template":"","meta":{"inline_featured_image":false,"footnotes":""},"class_list":["post-740","page","type-page","status-publish","hentry"],"yoast_head":"<!-- This site is optimized with the Yoast SEO plugin v27.4 - https:\/\/yoast.com\/product\/yoast-seo-wordpress\/ -->\n<title>Melbet mobil t\u0259tbiqind\u0259 10% ke\u015fbek: \u018flveri\u015fli t\u0259klifi nec\u0259 \u0259ld\u0259 etm\u0259k olar<\/title>\n<meta name=\"description\" content=\"M\u0259rcl\u0259rinizin 10%-ni geri almaq ist\u0259yirsiniz? Melbet mobil t\u0259tbiqind\u0259n istifad\u0259 edin v\u0259 h\u0259ft\u0259lik ke\u015fbek qazan\u0131n! Hesab\u0131n\u0131za daxil olun, aksiyan\u0131 aktivl\u0259\u015fdirin v\u0259 d\u00fczg\u00fcn \u0259msallarla 2 AZN-d\u0259n ba\u015flayaraq m\u0259rc edin - m\u0259nf\u0259\u0259t birba\u015fa hesab\u0131n\u0131za qaytar\u0131l\u0131r.\" \/>\n<meta name=\"robots\" content=\"index, follow, max-snippet:-1, max-image-preview:large, max-video-preview:-1\" \/>\n<meta property=\"og:locale\" content=\"az_AZ\" \/>\n<meta property=\"og:type\" content=\"article\" \/>\n<meta property=\"og:title\" content=\"Melbet mobil t\u0259tbiqind\u0259 10% ke\u015fbek: \u018flveri\u015fli t\u0259klifi nec\u0259 \u0259ld\u0259 etm\u0259k olar\" \/>\n<meta property=\"og:description\" content=\"M\u0259rcl\u0259rinizin 10%-ni geri almaq ist\u0259yirsiniz? Melbet mobil t\u0259tbiqind\u0259n istifad\u0259 edin v\u0259 h\u0259ft\u0259lik ke\u015fbek qazan\u0131n! Hesab\u0131n\u0131za daxil olun, aksiyan\u0131 aktivl\u0259\u015fdirin v\u0259 d\u00fczg\u00fcn \u0259msallarla 2 AZN-d\u0259n ba\u015flayaraq m\u0259rc edin - m\u0259nf\u0259\u0259t birba\u015fa hesab\u0131n\u0131za qaytar\u0131l\u0131r.\" \/>\n<meta property=\"og:url\" content=\"https:\/\/melbet.plus\/az\/bonus\/cashback\/\" \/>\n<meta property=\"og:site_name\" content=\"Melbet az\" \/>\n<meta property=\"article:modified_time\" content=\"2026-04-21T15:28:17+00:00\" \/>\n<meta name=\"twitter:card\" content=\"summary_large_image\" \/>\n<script type=\"application\/ld+json\" class=\"yoast-schema-graph\">{\"@context\":\"https:\\\/\\\/schema.org\",\"@graph\":[{\"@type\":\"WebPage\",\"@id\":\"https:\\\/\\\/melbet.plus\\\/az\\\/bonus\\\/cashback\\\/\",\"url\":\"https:\\\/\\\/melbet.plus\\\/az\\\/bonus\\\/cashback\\\/\",\"name\":\"Melbet mobil t\u0259tbiqind\u0259 10% ke\u015fbek: \u018flveri\u015fli t\u0259klifi nec\u0259 \u0259ld\u0259 etm\u0259k olar\",\"isPartOf\":{\"@id\":\"https:\\\/\\\/melbet.plus\\\/az\\\/#website\"},\"datePublished\":\"2025-04-25T07:11:44+00:00\",\"dateModified\":\"2026-04-21T15:28:17+00:00\",\"description\":\"M\u0259rcl\u0259rinizin 10%-ni geri almaq ist\u0259yirsiniz? Melbet mobil t\u0259tbiqind\u0259n istifad\u0259 edin v\u0259 h\u0259ft\u0259lik ke\u015fbek qazan\u0131n! Hesab\u0131n\u0131za daxil olun, aksiyan\u0131 aktivl\u0259\u015fdirin v\u0259 d\u00fczg\u00fcn \u0259msallarla 2 AZN-d\u0259n ba\u015flayaraq m\u0259rc edin - m\u0259nf\u0259\u0259t birba\u015fa hesab\u0131n\u0131za qaytar\u0131l\u0131r.\",\"breadcrumb\":{\"@id\":\"https:\\\/\\\/melbet.plus\\\/az\\\/bonus\\\/cashback\\\/#breadcrumb\"},\"inLanguage\":\"az\",\"potentialAction\":[{\"@type\":\"ReadAction\",\"target\":[\"https:\\\/\\\/melbet.plus\\\/az\\\/bonus\\\/cashback\\\/\"]}]},{\"@type\":\"BreadcrumbList\",\"@id\":\"https:\\\/\\\/melbet.plus\\\/az\\\/bonus\\\/cashback\\\/#breadcrumb\",\"itemListElement\":[{\"@type\":\"ListItem\",\"position\":1,\"name\":\"Home\",\"item\":\"https:\\\/\\\/melbet.plus\\\/az\\\/\"},{\"@type\":\"ListItem\",\"position\":2,\"name\":\"Bonuslar\",\"item\":\"https:\\\/\\\/melbet.plus\\\/az\\\/bonus\\\/\"},{\"@type\":\"ListItem\",\"position\":3,\"name\":\"Ke\u015fbek\"}]},{\"@type\":\"WebSite\",\"@id\":\"https:\\\/\\\/melbet.plus\\\/az\\\/#website\",\"url\":\"https:\\\/\\\/melbet.plus\\\/az\\\/\",\"name\":\"Melbet az\",\"description\":\"My WordPress Blog\",\"potentialAction\":[{\"@type\":\"SearchAction\",\"target\":{\"@type\":\"EntryPoint\",\"urlTemplate\":\"https:\\\/\\\/melbet.plus\\\/az\\\/?s={search_term_string}\"},\"query-input\":{\"@type\":\"PropertyValueSpecification\",\"valueRequired\":true,\"valueName\":\"search_term_string\"}}],\"inLanguage\":\"az\"}]}<\/script>\n<!-- \/ Yoast SEO plugin. -->","yoast_head_json":{"title":"Melbet mobil t\u0259tbiqind\u0259 10% ke\u015fbek: \u018flveri\u015fli t\u0259klifi nec\u0259 \u0259ld\u0259 etm\u0259k olar","description":"M\u0259rcl\u0259rinizin 10%-ni geri almaq ist\u0259yirsiniz? Melbet mobil t\u0259tbiqind\u0259n istifad\u0259 edin v\u0259 h\u0259ft\u0259lik ke\u015fbek qazan\u0131n! Hesab\u0131n\u0131za daxil olun, aksiyan\u0131 aktivl\u0259\u015fdirin v\u0259 d\u00fczg\u00fcn \u0259msallarla 2 AZN-d\u0259n ba\u015flayaraq m\u0259rc edin - m\u0259nf\u0259\u0259t birba\u015fa hesab\u0131n\u0131za qaytar\u0131l\u0131r.","robots":{"index":"index","follow":"follow","max-snippet":"max-snippet:-1","max-image-preview":"max-image-preview:large","max-video-preview":"max-video-preview:-1"},"og_locale":"az_AZ","og_type":"article","og_title":"Melbet mobil t\u0259tbiqind\u0259 10% ke\u015fbek: \u018flveri\u015fli t\u0259klifi nec\u0259 \u0259ld\u0259 etm\u0259k olar","og_description":"M\u0259rcl\u0259rinizin 10%-ni geri almaq ist\u0259yirsiniz? Melbet mobil t\u0259tbiqind\u0259n istifad\u0259 edin v\u0259 h\u0259ft\u0259lik ke\u015fbek qazan\u0131n! Hesab\u0131n\u0131za daxil olun, aksiyan\u0131 aktivl\u0259\u015fdirin v\u0259 d\u00fczg\u00fcn \u0259msallarla 2 AZN-d\u0259n ba\u015flayaraq m\u0259rc edin - m\u0259nf\u0259\u0259t birba\u015fa hesab\u0131n\u0131za qaytar\u0131l\u0131r.","og_url":"https:\/\/melbet.plus\/az\/bonus\/cashback\/","og_site_name":"Melbet az","article_modified_time":"2026-04-21T15:28:17+00:00","twitter_card":"summary_large_image","schema":{"@context":"https:\/\/schema.org","@graph":[{"@type":"WebPage","@id":"https:\/\/melbet.plus\/az\/bonus\/cashback\/","url":"https:\/\/melbet.plus\/az\/bonus\/cashback\/","name":"Melbet mobil t\u0259tbiqind\u0259 10% ke\u015fbek: \u018flveri\u015fli t\u0259klifi nec\u0259 \u0259ld\u0259 etm\u0259k olar","isPartOf":{"@id":"https:\/\/melbet.plus\/az\/#website"},"datePublished":"2025-04-25T07:11:44+00:00","dateModified":"2026-04-21T15:28:17+00:00","description":"M\u0259rcl\u0259rinizin 10%-ni geri almaq ist\u0259yirsiniz? Melbet mobil t\u0259tbiqind\u0259n istifad\u0259 edin v\u0259 h\u0259ft\u0259lik ke\u015fbek qazan\u0131n! Hesab\u0131n\u0131za daxil olun, aksiyan\u0131 aktivl\u0259\u015fdirin v\u0259 d\u00fczg\u00fcn \u0259msallarla 2 AZN-d\u0259n ba\u015flayaraq m\u0259rc edin - m\u0259nf\u0259\u0259t birba\u015fa hesab\u0131n\u0131za qaytar\u0131l\u0131r.","breadcrumb":{"@id":"https:\/\/melbet.plus\/az\/bonus\/cashback\/#breadcrumb"},"inLanguage":"az","potentialAction":[{"@type":"ReadAction","target":["https:\/\/melbet.plus\/az\/bonus\/cashback\/"]}]},{"@type":"BreadcrumbList","@id":"https:\/\/melbet.plus\/az\/bonus\/cashback\/#breadcrumb","itemListElement":[{"@type":"ListItem","position":1,"name":"Home","item":"https:\/\/melbet.plus\/az\/"},{"@type":"ListItem","position":2,"name":"Bonuslar","item":"https:\/\/melbet.plus\/az\/bonus\/"},{"@type":"ListItem","position":3,"name":"Ke\u015fbek"}]},{"@type":"WebSite","@id":"https:\/\/melbet.plus\/az\/#website","url":"https:\/\/melbet.plus\/az\/","name":"Melbet az","description":"My WordPress Blog","potentialAction":[{"@type":"SearchAction","target":{"@type":"EntryPoint","urlTemplate":"https:\/\/melbet.plus\/az\/?s={search_term_string}"},"query-input":{"@type":"PropertyValueSpecification","valueRequired":true,"valueName":"search_term_string"}}],"inLanguage":"az"}]}},"_links":{"self":[{"href":"https:\/\/melbet.plus\/az\/wp-json\/wp\/v2\/pages\/740","targetHints":{"allow":["GET"]}}],"collection":[{"href":"https:\/\/melbet.plus\/az\/wp-json\/wp\/v2\/pages"}],"about":[{"href":"https:\/\/melbet.plus\/az\/wp-json\/wp\/v2\/types\/page"}],"author":[{"embeddable":true,"href":"https:\/\/melbet.plus\/az\/wp-json\/wp\/v2\/users\/1"}],"replies":[{"embeddable":true,"href":"https:\/\/melbet.plus\/az\/wp-json\/wp\/v2\/comments?post=740"}],"version-history":[{"count":5,"href":"https:\/\/melbet.plus\/az\/wp-json\/wp\/v2\/pages\/740\/revisions"}],"predecessor-version":[{"id":1359,"href":"https:\/\/melbet.plus\/az\/wp-json\/wp\/v2\/pages\/740\/revisions\/1359"}],"up":[{"embeddable":true,"href":"https:\/\/melbet.plus\/az\/wp-json\/wp\/v2\/pages\/152"}],"wp:attachment":[{"href":"https:\/\/melbet.plus\/az\/wp-json\/wp\/v2\/media?parent=740"}],"curies":[{"name":"wp","href":"https:\/\/api.w.org\/{rel}","templated":true}]}}